{"id":127468,"date":"2021-11-08T14:33:28","date_gmt":"2021-11-08T14:33:29","guid":{"rendered":"https:\/\/www.erresse-shop.it\/?post_type=product&#038;p=127468"},"modified":"2026-01-15T08:51:05","modified_gmt":"2026-01-15T08:51:05","slug":"venini-monofiori-vase-braun-mit-rotem-faden-h24-5","status":"publish","type":"product","link":"https:\/\/www.erresse-shop.it\/de\/shop\/einrichtung-haus\/vasen\/venini-monofiori-vase-braun-mit-rotem-faden-h24-5\/","title":{"rendered":"VENINI Monofiori Vase Braun mit Rotem Faden H24.5"},"content":{"rendered":"<p>Das mundgeblasene Glas wird in traditioneller Balloton-Technik mit einer Metallform f\u00fcr einen kreuzf\u00f6rmigen Relief-Effekt handgefertigt.<\/p>\n<p><strong>Venini Monofiori<\/strong>-Vasen werden in der traditionellen <strong>Balloton<\/strong>-Technik hergestellt. Diese Technik erzielt einen einzigartigen optischen Effekt. Dabei wird eine Metallform mit kleinen, quadratischen Pyramidenspitzen verwendet, die beim Blasen dem Objekt einen kreuzf\u00f6rmigen Relief-Effekt verleihen. Anschlie\u00dfend wird die Vase mit einer Balloton-bedruckten Decke \u00fcberzogen, wodurch der Bullicante- oder Blasen-Effekt entsteht. Dieser besteht aus unz\u00e4hligen Luftbl\u00e4schen, die zwischen den beiden Glasschichten eingeschlossen sind. Balloton Monofiori-Vasen werden in verschiedenen transparenten Farben geblasen, die j\u00e4hrlich wechseln. Jedes Gef\u00e4\u00df ist mit einem roten oder gr\u00fcnen Faden versehen, der im hei\u00dfen Zustand auf den oberen Teil der Vase aufgebracht wird. Sie werden in vier verschiedenen Gr\u00f6\u00dfen hergestellt.<\/p>\n<p>Venini kreiert au\u00dferdem limitierte und nummerierte Farbeditionen.<\/p>\n<p>Wenn Sie sich f\u00fcr VENINI entscheiden \u2013 ob f\u00fcr sich selbst oder als Geschenk \u2013, zeigen Sie, dass Sie in eine Welt eintauchen, in der Kostbarkeit untrennbar mit der Marke verbunden ist.<\/p>\n<p>Die Exklusivit\u00e4t der Kreationen, die raffinierten Details, die kunstvolle Verarbeitung der Materialien und die Liebe zum Detail vermitteln eine Form von Luxus, die die reinste Sch\u00f6nheit der Glaskunst verk\u00f6rpert.<\/p>\n<p>\u201eDie Tradition wandelte sich 1970 und 2016 erneut. Das Wesen bleibt bestehen: Es wirkt weich, ist aber Glas. Die optische T\u00e4uschung von VENINIs Monofiori liegt bereits im Namen: Balloton, das einzigartige Verfahren, das einen gesteppten Effekt auf der Oberfl\u00e4che erzeugt. Das Schmuckst\u00fcck wird in Handarbeit in eine charakteristische Metallform geblasen und am d\u00fcnnen Hals mit einem farbigen Faden verziert, der im hei\u00dfen Zustand aufgetragen wird und dessen Farbe variiert.\u201c<\/p>\n","protected":false},"excerpt":{"rendered":"<p>Das mundgeblasene Glas wird in traditioneller Balloton-Technik mit einer Metallform f\u00fcr einen kreuzf\u00f6rmigen Relief-Effekt handgefertigt. Venini Monofiori-Vasen werden in der<\/p>\n","protected":false},"featured_media":127453,"template":"","meta":{"_acf_changed":false,"inline_featured_image":false},"product_cat":[6817,14421],"product_tag":[17266,14411,14425,24681,11718,17366,14591,11847],"acf":[],"yoast_head":"<!-- This site is optimized with the Yoast SEO Premium plugin v18.6 (Yoast SEO v19.13) - https:\/\/yoast.com\/wordpress\/plugins\/seo\/ -->\n<title>VENINI Monofiori Vase Braun mit Rotem Faden H24.5<\/title>\n<meta name=\"description\" content=\"Entdecken Sie VENINI Monofiori Vase Braun mit Rotem Faden H24.5 bei ErresseShop. Qualit\u00e4t, Stil und Funktionalit\u00e4t \u2013 jetzt online bestellen!\" \/>\n<meta name=\"robots\" content=\"index, follow, max-snippet:-1, max-image-preview:large, max-video-preview:-1\" \/>\n<link rel=\"canonical\" href=\"https:\/\/www.erresse-shop.it\/de\/shop\/einrichtung-haus\/vasen\/venini-monofiori-vase-braun-mit-rotem-faden-h24-5\/\" \/>\n<meta property=\"og:locale\" content=\"de_DE\" \/>\n<meta property=\"og:type\" content=\"article\" \/>\n<meta property=\"og:title\" content=\"VENINI Monofiori Vase Braun mit Rotem Faden H24.5\" \/>\n<meta property=\"og:description\" content=\"Entdecken Sie VENINI Monofiori Vase Braun mit Rotem Faden H24.5 bei ErresseShop. Qualit\u00e4t, Stil und Funktionalit\u00e4t \u2013 jetzt online bestellen!\" \/>\n<meta property=\"og:url\" content=\"https:\/\/www.erresse-shop.it\/de\/shop\/einrichtung-haus\/vasen\/venini-monofiori-vase-braun-mit-rotem-faden-h24-5\/\" \/>\n<meta property=\"og:site_name\" content=\"Erresse Shop\" \/>\n<meta property=\"article:modified_time\" content=\"2026-01-15T08:51:05+00:00\" \/>\n<meta property=\"og:image\" content=\"https:\/\/www.erresse-shop.it\/wp-content\/uploads\/2021\/11\/VENINI-Monofiore-Rosso-con-Filo-Marrone.jpg\" \/>\n\t<meta property=\"og:image:width\" content=\"1000\" \/>\n\t<meta property=\"og:image:height\" content=\"1000\" \/>\n\t<meta property=\"og:image:type\" content=\"image\/jpeg\" \/>\n<meta name=\"twitter:card\" content=\"summary_large_image\" \/>\n<script type=\"application\/ld+json\" class=\"yoast-schema-graph\">{\"@context\":\"https:\/\/schema.org\",\"@graph\":[{\"@type\":\"WebPage\",\"@id\":\"https:\/\/www.erresse-shop.it\/de\/shop\/einrichtung-haus\/vasen\/venini-monofiori-vase-braun-mit-rotem-faden-h24-5\/\",\"url\":\"https:\/\/www.erresse-shop.it\/de\/shop\/einrichtung-haus\/vasen\/venini-monofiori-vase-braun-mit-rotem-faden-h24-5\/\",\"name\":\"VENINI Monofiori Vase Braun mit Rotem Faden H24.5\",\"isPartOf\":{\"@id\":\"https:\/\/www.erresse-shop.it\/de\/#website\"},\"datePublished\":\"2021-11-08T14:33:29+00:00\",\"dateModified\":\"2026-01-15T08:51:05+00:00\",\"description\":\"Entdecken Sie VENINI Monofiori Vase Braun mit Rotem Faden H24.5 bei ErresseShop. Qualit\u00e4t, Stil und Funktionalit\u00e4t \u2013 jetzt online bestellen!\",\"breadcrumb\":{\"@id\":\"https:\/\/www.erresse-shop.it\/de\/shop\/einrichtung-haus\/vasen\/venini-monofiori-vase-braun-mit-rotem-faden-h24-5\/#breadcrumb\"},\"inLanguage\":\"de-DE\",\"potentialAction\":[{\"@type\":\"ReadAction\",\"target\":[\"https:\/\/www.erresse-shop.it\/de\/shop\/einrichtung-haus\/vasen\/venini-monofiori-vase-braun-mit-rotem-faden-h24-5\/\"]}]},{\"@type\":\"BreadcrumbList\",\"@id\":\"https:\/\/www.erresse-shop.it\/de\/shop\/einrichtung-haus\/vasen\/venini-monofiori-vase-braun-mit-rotem-faden-h24-5\/#breadcrumb\",\"itemListElement\":[{\"@type\":\"ListItem\",\"position\":1,\"name\":\"Home\",\"item\":\"https:\/\/www.erresse-shop.it\/de\/\"},{\"@type\":\"ListItem\",\"position\":2,\"name\":\"Shop\",\"item\":\"https:\/\/www.erresse-shop.it\/de\/shop\/\"},{\"@type\":\"ListItem\",\"position\":3,\"name\":\"VENINI Monofiori Vase Braun mit Rotem Faden H24.5\"}]},{\"@type\":\"WebSite\",\"@id\":\"https:\/\/www.erresse-shop.it\/de\/#website\",\"url\":\"https:\/\/www.erresse-shop.it\/de\/\",\"name\":\"Erresse Shop\",\"description\":\"Articoli di qualit\u00e0 per la casa\",\"potentialAction\":[{\"@type\":\"SearchAction\",\"target\":{\"@type\":\"EntryPoint\",\"urlTemplate\":\"https:\/\/www.erresse-shop.it\/de\/?s={search_term_string}\"},\"query-input\":\"required name=search_term_string\"}],\"inLanguage\":\"de-DE\"}]}<\/script>\n<!-- \/ Yoast SEO Premium plugin. -->","yoast_head_json":{"title":"VENINI Monofiori Vase Braun mit Rotem Faden H24.5","description":"Entdecken Sie VENINI Monofiori Vase Braun mit Rotem Faden H24.5 bei ErresseShop. Qualit\u00e4t, Stil und Funktionalit\u00e4t \u2013 jetzt online bestellen!","robots":{"index":"index","follow":"follow","max-snippet":"max-snippet:-1","max-image-preview":"max-image-preview:large","max-video-preview":"max-video-preview:-1"},"canonical":"https:\/\/www.erresse-shop.it\/de\/shop\/einrichtung-haus\/vasen\/venini-monofiori-vase-braun-mit-rotem-faden-h24-5\/","og_locale":"de_DE","og_type":"article","og_title":"VENINI Monofiori Vase Braun mit Rotem Faden H24.5","og_description":"Entdecken Sie VENINI Monofiori Vase Braun mit Rotem Faden H24.5 bei ErresseShop. Qualit\u00e4t, Stil und Funktionalit\u00e4t \u2013 jetzt online bestellen!","og_url":"https:\/\/www.erresse-shop.it\/de\/shop\/einrichtung-haus\/vasen\/venini-monofiori-vase-braun-mit-rotem-faden-h24-5\/","og_site_name":"Erresse Shop","article_modified_time":"2026-01-15T08:51:05+00:00","og_image":[{"width":1000,"height":1000,"url":"https:\/\/www.erresse-shop.it\/wp-content\/uploads\/2021\/11\/VENINI-Monofiore-Rosso-con-Filo-Marrone.jpg","type":"image\/jpeg"}],"twitter_card":"summary_large_image","schema":{"@context":"https:\/\/schema.org","@graph":[{"@type":"WebPage","@id":"https:\/\/www.erresse-shop.it\/de\/shop\/einrichtung-haus\/vasen\/venini-monofiori-vase-braun-mit-rotem-faden-h24-5\/","url":"https:\/\/www.erresse-shop.it\/de\/shop\/einrichtung-haus\/vasen\/venini-monofiori-vase-braun-mit-rotem-faden-h24-5\/","name":"VENINI Monofiori Vase Braun mit Rotem Faden H24.5","isPartOf":{"@id":"https:\/\/www.erresse-shop.it\/de\/#website"},"datePublished":"2021-11-08T14:33:29+00:00","dateModified":"2026-01-15T08:51:05+00:00","description":"Entdecken Sie VENINI Monofiori Vase Braun mit Rotem Faden H24.5 bei ErresseShop. Qualit\u00e4t, Stil und Funktionalit\u00e4t \u2013 jetzt online bestellen!","breadcrumb":{"@id":"https:\/\/www.erresse-shop.it\/de\/shop\/einrichtung-haus\/vasen\/venini-monofiori-vase-braun-mit-rotem-faden-h24-5\/#breadcrumb"},"inLanguage":"de-DE","potentialAction":[{"@type":"ReadAction","target":["https:\/\/www.erresse-shop.it\/de\/shop\/einrichtung-haus\/vasen\/venini-monofiori-vase-braun-mit-rotem-faden-h24-5\/"]}]},{"@type":"BreadcrumbList","@id":"https:\/\/www.erresse-shop.it\/de\/shop\/einrichtung-haus\/vasen\/venini-monofiori-vase-braun-mit-rotem-faden-h24-5\/#breadcrumb","itemListElement":[{"@type":"ListItem","position":1,"name":"Home","item":"https:\/\/www.erresse-shop.it\/de\/"},{"@type":"ListItem","position":2,"name":"Shop","item":"https:\/\/www.erresse-shop.it\/de\/shop\/"},{"@type":"ListItem","position":3,"name":"VENINI Monofiori Vase Braun mit Rotem Faden H24.5"}]},{"@type":"WebSite","@id":"https:\/\/www.erresse-shop.it\/de\/#website","url":"https:\/\/www.erresse-shop.it\/de\/","name":"Erresse Shop","description":"Articoli di qualit\u00e0 per la casa","potentialAction":[{"@type":"SearchAction","target":{"@type":"EntryPoint","urlTemplate":"https:\/\/www.erresse-shop.it\/de\/?s={search_term_string}"},"query-input":"required name=search_term_string"}],"inLanguage":"de-DE"}]}},"df_price":369,"df_sale_price":369,"df_regular_price":535,"df_image_link":"https:\/\/www.erresse-shop.it\/wp-content\/uploads\/2021\/11\/VENINI-Monofiore-Rosso-con-Filo-Marrone-300x300.jpg","_links":{"self":[{"href":"https:\/\/www.erresse-shop.it\/de\/wp-json\/wp\/v2\/product\/127468"}],"collection":[{"href":"https:\/\/www.erresse-shop.it\/de\/wp-json\/wp\/v2\/product"}],"about":[{"href":"https:\/\/www.erresse-shop.it\/de\/wp-json\/wp\/v2\/types\/product"}],"wp:featuredmedia":[{"embeddable":true,"href":"https:\/\/www.erresse-shop.it\/de\/wp-json\/wp\/v2\/media\/127453"}],"wp:attachment":[{"href":"https:\/\/www.erresse-shop.it\/de\/wp-json\/wp\/v2\/media?parent=127468"}],"wp:term":[{"taxonomy":"product_cat","embeddable":true,"href":"https:\/\/www.erresse-shop.it\/de\/wp-json\/wp\/v2\/product_cat?post=127468"},{"taxonomy":"product_tag","embeddable":true,"href":"https:\/\/www.erresse-shop.it\/de\/wp-json\/wp\/v2\/product_tag?post=127468"}],"curies":[{"name":"wp","href":"https:\/\/api.w.org\/{rel}","templated":true}]}}