{"id":127381,"date":"2021-11-08T10:37:36","date_gmt":"2021-11-08T10:37:38","guid":{"rendered":"https:\/\/www.erresse-shop.it\/?post_type=product&#038;p=127381"},"modified":"2025-01-16T08:01:41","modified_gmt":"2025-01-16T08:01:41","slug":"berkel-elektro-allesschneider-red-line-250-rot","status":"publish","type":"product","link":"https:\/\/www.erresse-shop.it\/de\/shop\/kleine-elektrogeraete\/aufschnittmaschinen\/berkel-elektro-allesschneider-red-line-250-rot\/","title":{"rendered":"BERKEL Elektro-Allesschneider Red Line 250 Rot"},"content":{"rendered":"<p><strong>Video:<\/strong> <a href=\"https:\/\/www.youtube.com\/watch?time_continue=5&amp;v=5qQWViCkaUQ&amp;feature=emb_logo\">Red Line 250<\/a><\/p>\n<p><strong>TRADITION TRIFFT AUF INNOVATION<\/strong><br \/>\nDie elektrische Aufschnittmaschine mit der Professionalit\u00e4t und Qualit\u00e4t von Berkel, heute mit innovativem Design. Kompakte Abmessungen, Bedienerfreundlichkeit und fortschrittliche, technische L\u00f6sungen garantieren ein perfektes Schneidergebnis \u2013 jeden Tag.<\/p>\n<p><strong>MERKMALE<\/strong><\/p>\n<ul>\n<li>Minimale Dicke der letzten Scheibe zur Minimierung des Abfallprodukts<\/li>\n<li>Klingen\u00f6ffnungsknopf mit 14 progressiven Millimetereinstellungen f\u00fcr perfekte Einstellung<\/li>\n<li>Schr\u00e4gebene, die die Schwerkraft f\u00fcr einen pr\u00e4ziseren und m\u00fcheloseren Schnitt verwendet<\/li>\n<li>Chromstahlklinge mit professionellem Profil: reduziert Abfall und sorgt f\u00fcr gleichm\u00e4\u00dfige Scheiben<\/li>\n<li>Professioneller 0,25 PS-Motor (0,42 PS in Version 300) f\u00fcr hervorragende Schnittleistung<\/li>\n<li>Stahlfender zur Erleichterung der Abl\u00f6sung der Scheibe<\/li>\n<li>Geh\u00e4usestruktur aus spezieller Aluminiumlegierung und gummierte F\u00fc\u00dfe f\u00fcr maximale Stabilit\u00e4t w\u00e4hrend des Einsatzes<\/li>\n<li>Vollst\u00e4ndig versiegelter IP65-Druckknopf<\/li>\n<li>Integrierte steile mit separatem Bewegungssch\u00e4rfesystem f\u00fcr maximale Pr\u00e4zision<\/li>\n<\/ul>\n<p><strong>REINIGUNG &amp; HYGIENE<\/strong><\/p>\n<ul>\n<li>Fall in einem einzigen Guss hergestellt, wodurch keine Zwischenr\u00e4ume entstehen<\/li>\n<li>Klingenschutz aus Aluminium in Lebensmittelqualit\u00e4t mit schneller<\/li>\n<li>Entfernung zur einfachen Reinigung der Klinge<\/li>\n<li>Professionelle Platte mit Schnellwechselsystem zur schnellen Reinigung des Maschinenk\u00f6rpers<\/li>\n<li>Sehr gro\u00dfe Reinigungsr\u00e4ume<\/li>\n<\/ul>\n<p><strong>SICHERHEIT<\/strong><\/p>\n<ul>\n<li>Professionelles Drucktastenfeld mit gut sichtbaren hellen LED-EIN \/ AUS-Schaltern<\/li>\n<li>Klingenschutzring aus Aluminium in Lebensmittelqualit\u00e4t f\u00fcr mehr Sicherheitsgarantie<\/li>\n<li>Ergonomische Bedienelemente in einer einfachen Position, um den Aufwand f\u00fcr den Bediener zu minimieren<\/li>\n<li>Totalverschluss des Segels f\u00fcr maximale Sicherheit bei Reinigungsarbeiten und Vorhandensein des CE-Blocks, um zu verhindern, dass es sich \u00f6ffnet, sobald die Platte entfernt wird<\/li>\n<li>Produktschieber aus Aluminium mit Stahlspitzen und ineinandergreifendem Parksystem, um ein versehentliches L\u00f6sen zu verhindern<\/li>\n<li>Automatische Abschaltung der Maschine bei Stromausfall<\/li>\n<\/ul>\n<p>&nbsp;<\/p>\n<p><strong>TECHNISCHE MERKAMALE<br \/>\nGewicht:<\/strong> 22 kg<br \/>\n<strong>H\u00f6he:<\/strong> 42 cm<br \/>\n<strong>Tiefe:<\/strong> 51,5 cm<br \/>\n<strong>Breite:<\/strong> 50,5 cm<br \/>\n<strong>Klingendurchmesser:<\/strong> 25 cm<br \/>\n<strong>Stecker:<\/strong> Kabel mit EU-Stecker geliefert<br \/>\n<strong>Elektrische Daten:<\/strong> 230 V 50 Hz<br \/>\n<strong>Motorleistung:<\/strong> 0,19 kW<br \/>\n<strong>Schnittbreite:<\/strong> 0 &#8211; 14 mm<br \/>\n<strong>Schneidleistung (rund):<\/strong> 178 mm<br \/>\n<strong>Schneidleistung (eckig):<\/strong> 185X175 mm<br \/>\n<strong>Einzelheiten:<\/strong> 20\u00b0 geneigte Klinge<br \/>\n<strong>Abnehmbare Teile:<\/strong> Messerschutzscheibe, Schneidgutplatte, Restehalter deflector<br \/>\n<strong>Schleifapparat:<\/strong> Schleifapparat integriert in ein Zwei-Bewegungssystem<br \/>\n<strong>Messer-Abnehmer:<\/strong> Breite Reinigungsr\u00e4ume: nicht erforderlich<\/p>\n","protected":false},"excerpt":{"rendered":"<p>Video: Red Line 250 TRADITION TRIFFT AUF INNOVATION Die elektrische Aufschnittmaschine mit der Professionalit\u00e4t und Qualit\u00e4t von Berkel, heute mit<\/p>\n","protected":false},"featured_media":162078,"template":"","meta":{"_acf_changed":false,"inline_featured_image":false},"product_cat":[6703,17346],"product_tag":[17354,23911,17290,11718,19129,17355],"acf":[],"yoast_head":"<!-- This site is optimized with the Yoast SEO Premium plugin v18.6 (Yoast SEO v19.13) - https:\/\/yoast.com\/wordpress\/plugins\/seo\/ -->\n<title>BERKEL Elektro-Allesschneider Red Line 250 Rot<\/title>\n<meta name=\"description\" content=\"Entdecken Sie BERKEL Elektro-Allesschneider Red Line 250 Rot bei ErresseShop. Qualit\u00e4t, Stil und Funktionalit\u00e4t \u2013 jetzt online bestellen!\" \/>\n<meta name=\"robots\" content=\"index, follow, max-snippet:-1, max-image-preview:large, max-video-preview:-1\" \/>\n<link rel=\"canonical\" href=\"https:\/\/www.erresse-shop.it\/de\/shop\/kleine-elektrogeraete\/aufschnittmaschinen\/berkel-elektro-allesschneider-red-line-250-rot\/\" \/>\n<meta property=\"og:locale\" content=\"de_DE\" \/>\n<meta property=\"og:type\" content=\"article\" \/>\n<meta property=\"og:title\" content=\"BERKEL Elektro-Allesschneider Red Line 250 Rot\" \/>\n<meta property=\"og:description\" content=\"Entdecken Sie BERKEL Elektro-Allesschneider Red Line 250 Rot bei ErresseShop. Qualit\u00e4t, Stil und Funktionalit\u00e4t \u2013 jetzt online bestellen!\" \/>\n<meta property=\"og:url\" content=\"https:\/\/www.erresse-shop.it\/de\/shop\/kleine-elektrogeraete\/aufschnittmaschinen\/berkel-elektro-allesschneider-red-line-250-rot\/\" \/>\n<meta property=\"og:site_name\" content=\"Erresse Shop\" \/>\n<meta property=\"article:modified_time\" content=\"2025-01-16T08:01:41+00:00\" \/>\n<meta property=\"og:image\" content=\"https:\/\/www.erresse-shop.it\/wp-content\/uploads\/2021\/11\/BERKEL-Affettatrice-Domestica-Red-Line-250-Rosso-1.jpg\" \/>\n\t<meta property=\"og:image:width\" content=\"800\" \/>\n\t<meta property=\"og:image:height\" content=\"800\" \/>\n\t<meta property=\"og:image:type\" content=\"image\/jpeg\" \/>\n<meta name=\"twitter:card\" content=\"summary_large_image\" \/>\n<script type=\"application\/ld+json\" class=\"yoast-schema-graph\">{\"@context\":\"https:\/\/schema.org\",\"@graph\":[{\"@type\":\"WebPage\",\"@id\":\"https:\/\/www.erresse-shop.it\/de\/shop\/kleine-elektrogeraete\/aufschnittmaschinen\/berkel-elektro-allesschneider-red-line-250-rot\/\",\"url\":\"https:\/\/www.erresse-shop.it\/de\/shop\/kleine-elektrogeraete\/aufschnittmaschinen\/berkel-elektro-allesschneider-red-line-250-rot\/\",\"name\":\"BERKEL Elektro-Allesschneider Red Line 250 Rot\",\"isPartOf\":{\"@id\":\"https:\/\/www.erresse-shop.it\/de\/#website\"},\"datePublished\":\"2021-11-08T10:37:38+00:00\",\"dateModified\":\"2025-01-16T08:01:41+00:00\",\"description\":\"Entdecken Sie BERKEL Elektro-Allesschneider Red Line 250 Rot bei ErresseShop. Qualit\u00e4t, Stil und Funktionalit\u00e4t \u2013 jetzt online bestellen!\",\"breadcrumb\":{\"@id\":\"https:\/\/www.erresse-shop.it\/de\/shop\/kleine-elektrogeraete\/aufschnittmaschinen\/berkel-elektro-allesschneider-red-line-250-rot\/#breadcrumb\"},\"inLanguage\":\"de-DE\",\"potentialAction\":[{\"@type\":\"ReadAction\",\"target\":[\"https:\/\/www.erresse-shop.it\/de\/shop\/kleine-elektrogeraete\/aufschnittmaschinen\/berkel-elektro-allesschneider-red-line-250-rot\/\"]}]},{\"@type\":\"BreadcrumbList\",\"@id\":\"https:\/\/www.erresse-shop.it\/de\/shop\/kleine-elektrogeraete\/aufschnittmaschinen\/berkel-elektro-allesschneider-red-line-250-rot\/#breadcrumb\",\"itemListElement\":[{\"@type\":\"ListItem\",\"position\":1,\"name\":\"Home\",\"item\":\"https:\/\/www.erresse-shop.it\/de\/\"},{\"@type\":\"ListItem\",\"position\":2,\"name\":\"Shop\",\"item\":\"https:\/\/www.erresse-shop.it\/de\/shop\/\"},{\"@type\":\"ListItem\",\"position\":3,\"name\":\"BERKEL Elektro-Allesschneider Red Line 250 Rot\"}]},{\"@type\":\"WebSite\",\"@id\":\"https:\/\/www.erresse-shop.it\/de\/#website\",\"url\":\"https:\/\/www.erresse-shop.it\/de\/\",\"name\":\"Erresse Shop\",\"description\":\"Articoli di qualit\u00e0 per la casa\",\"potentialAction\":[{\"@type\":\"SearchAction\",\"target\":{\"@type\":\"EntryPoint\",\"urlTemplate\":\"https:\/\/www.erresse-shop.it\/de\/?s={search_term_string}\"},\"query-input\":\"required name=search_term_string\"}],\"inLanguage\":\"de-DE\"}]}<\/script>\n<!-- \/ Yoast SEO Premium plugin. -->","yoast_head_json":{"title":"BERKEL Elektro-Allesschneider Red Line 250 Rot","description":"Entdecken Sie BERKEL Elektro-Allesschneider Red Line 250 Rot bei ErresseShop. Qualit\u00e4t, Stil und Funktionalit\u00e4t \u2013 jetzt online bestellen!","robots":{"index":"index","follow":"follow","max-snippet":"max-snippet:-1","max-image-preview":"max-image-preview:large","max-video-preview":"max-video-preview:-1"},"canonical":"https:\/\/www.erresse-shop.it\/de\/shop\/kleine-elektrogeraete\/aufschnittmaschinen\/berkel-elektro-allesschneider-red-line-250-rot\/","og_locale":"de_DE","og_type":"article","og_title":"BERKEL Elektro-Allesschneider Red Line 250 Rot","og_description":"Entdecken Sie BERKEL Elektro-Allesschneider Red Line 250 Rot bei ErresseShop. Qualit\u00e4t, Stil und Funktionalit\u00e4t \u2013 jetzt online bestellen!","og_url":"https:\/\/www.erresse-shop.it\/de\/shop\/kleine-elektrogeraete\/aufschnittmaschinen\/berkel-elektro-allesschneider-red-line-250-rot\/","og_site_name":"Erresse Shop","article_modified_time":"2025-01-16T08:01:41+00:00","og_image":[{"width":800,"height":800,"url":"https:\/\/www.erresse-shop.it\/wp-content\/uploads\/2021\/11\/BERKEL-Affettatrice-Domestica-Red-Line-250-Rosso-1.jpg","type":"image\/jpeg"}],"twitter_card":"summary_large_image","schema":{"@context":"https:\/\/schema.org","@graph":[{"@type":"WebPage","@id":"https:\/\/www.erresse-shop.it\/de\/shop\/kleine-elektrogeraete\/aufschnittmaschinen\/berkel-elektro-allesschneider-red-line-250-rot\/","url":"https:\/\/www.erresse-shop.it\/de\/shop\/kleine-elektrogeraete\/aufschnittmaschinen\/berkel-elektro-allesschneider-red-line-250-rot\/","name":"BERKEL Elektro-Allesschneider Red Line 250 Rot","isPartOf":{"@id":"https:\/\/www.erresse-shop.it\/de\/#website"},"datePublished":"2021-11-08T10:37:38+00:00","dateModified":"2025-01-16T08:01:41+00:00","description":"Entdecken Sie BERKEL Elektro-Allesschneider Red Line 250 Rot bei ErresseShop. Qualit\u00e4t, Stil und Funktionalit\u00e4t \u2013 jetzt online bestellen!","breadcrumb":{"@id":"https:\/\/www.erresse-shop.it\/de\/shop\/kleine-elektrogeraete\/aufschnittmaschinen\/berkel-elektro-allesschneider-red-line-250-rot\/#breadcrumb"},"inLanguage":"de-DE","potentialAction":[{"@type":"ReadAction","target":["https:\/\/www.erresse-shop.it\/de\/shop\/kleine-elektrogeraete\/aufschnittmaschinen\/berkel-elektro-allesschneider-red-line-250-rot\/"]}]},{"@type":"BreadcrumbList","@id":"https:\/\/www.erresse-shop.it\/de\/shop\/kleine-elektrogeraete\/aufschnittmaschinen\/berkel-elektro-allesschneider-red-line-250-rot\/#breadcrumb","itemListElement":[{"@type":"ListItem","position":1,"name":"Home","item":"https:\/\/www.erresse-shop.it\/de\/"},{"@type":"ListItem","position":2,"name":"Shop","item":"https:\/\/www.erresse-shop.it\/de\/shop\/"},{"@type":"ListItem","position":3,"name":"BERKEL Elektro-Allesschneider Red Line 250 Rot"}]},{"@type":"WebSite","@id":"https:\/\/www.erresse-shop.it\/de\/#website","url":"https:\/\/www.erresse-shop.it\/de\/","name":"Erresse Shop","description":"Articoli di qualit\u00e0 per la casa","potentialAction":[{"@type":"SearchAction","target":{"@type":"EntryPoint","urlTemplate":"https:\/\/www.erresse-shop.it\/de\/?s={search_term_string}"},"query-input":"required name=search_term_string"}],"inLanguage":"de-DE"}]}},"df_price":549.5,"df_sale_price":549.5,"df_regular_price":1099,"df_image_link":"https:\/\/www.erresse-shop.it\/wp-content\/uploads\/2021\/11\/BERKEL-Affettatrice-Domestica-Red-Line-250-Rosso-1-300x300.jpg","_links":{"self":[{"href":"https:\/\/www.erresse-shop.it\/de\/wp-json\/wp\/v2\/product\/127381"}],"collection":[{"href":"https:\/\/www.erresse-shop.it\/de\/wp-json\/wp\/v2\/product"}],"about":[{"href":"https:\/\/www.erresse-shop.it\/de\/wp-json\/wp\/v2\/types\/product"}],"wp:featuredmedia":[{"embeddable":true,"href":"https:\/\/www.erresse-shop.it\/de\/wp-json\/wp\/v2\/media\/162078"}],"wp:attachment":[{"href":"https:\/\/www.erresse-shop.it\/de\/wp-json\/wp\/v2\/media?parent=127381"}],"wp:term":[{"taxonomy":"product_cat","embeddable":true,"href":"https:\/\/www.erresse-shop.it\/de\/wp-json\/wp\/v2\/product_cat?post=127381"},{"taxonomy":"product_tag","embeddable":true,"href":"https:\/\/www.erresse-shop.it\/de\/wp-json\/wp\/v2\/product_tag?post=127381"}],"curies":[{"name":"wp","href":"https:\/\/api.w.org\/{rel}","templated":true}]}}