{"id":127288,"date":"2021-11-08T08:10:56","date_gmt":"2021-11-08T08:10:59","guid":{"rendered":"https:\/\/www.erresse-shop.it\/?post_type=product&#038;p=127288"},"modified":"2025-01-16T08:01:37","modified_gmt":"2025-01-16T08:01:37","slug":"berkel-gebogenes-gemusemesser-elegance-7-cm-rot","status":"publish","type":"product","link":"https:\/\/www.erresse-shop.it\/de\/shop\/kuche\/messer\/berkel-gebogenes-gemusemesser-elegance-7-cm-rot\/","title":{"rendered":"BERKEL Gebogenes Gem\u00fcsemesser Elegance 7 cm Rot"},"content":{"rendered":"<p><strong>DAS MESSER ZUM SCH\u00c4LEN VON OBST UND GEM\u00dcSE<\/strong><br \/>\nKurzes und handliches Messer. Mit seiner gebogenen Klinge ist er ideal zum Sch\u00e4len und Entkernen von rundem Obst und Gem\u00fcse wie Kartoffeln und \u00c4pfeln.<\/p>\n<ul>\n<li>Klinge aus hochwertigem Chrom-Molybd\u00e4n-Vanadium-Stahl 1.4116-X50 Cr Mo V15<\/li>\n<li>Galvanisierte Klinge aus 3 mm dickem Blech<\/li>\n<li>Der Griff ist aus Acetylharz geformt, was dem Griff ein gl\u00e4nzendes Aussehen verleiht<\/li>\n<li>Stahlzwinge, um eine maximale Haftung zwischen Klinge und Griff und eine perfekte Balance des Messers w\u00e4hrend des Gebrauchs zu gew\u00e4hrleisten<\/li>\n<li>Berkel-Logo auf der Klinge eingraviert<\/li>\n<li>Goldenes Logo auf dem Griff mit erkennbarem Berkel-Design<\/li>\n<\/ul>\n<p><strong>MERKMALE<\/strong><br \/>\n<strong>Gewicht:<\/strong> 39 gr<br \/>\n<strong>Klingengr\u00f6\u00dfe:<\/strong> 7 cm<br \/>\n<strong>Gesamtl\u00e4nge:<\/strong> 18cm<br \/>\n<strong>Klingenmaterial:<\/strong> Geschmiedet aus rostfreiem Stahl 1.4116-X50 Cr Mo V15; H\u00e4rte nach T.T: 59 HRC; Catra-Zertifikat: Sehr gut<br \/>\n<strong>Griff:<\/strong> Acetalharz<br \/>\n<strong>Verwendung und Pflege:<\/strong> Wir empfehlen dringend, das Produkt von Hand in warmem Wasser zu waschen, um seine Integrit\u00e4t und Haltbarkeit zu gew\u00e4hrleisten. In jedem Fall empfehlen wir, das Messer nach jedem Waschen zu trocknen. Verwenden Sie keine scheuernden Stoffe oder Schw\u00e4mme.<\/p>\n","protected":false},"excerpt":{"rendered":"<p>DAS MESSER ZUM SCH\u00c4LEN VON OBST UND GEM\u00dcSE Kurzes und handliches Messer. Mit seiner gebogenen Klinge ist er ideal zum<\/p>\n","protected":false},"featured_media":127297,"template":"","meta":{"_acf_changed":false,"inline_featured_image":false},"product_cat":[6742,6706,14454],"product_tag":[11529,17290,11718,11473,21822],"acf":[],"yoast_head":"<!-- This site is optimized with the Yoast SEO Premium plugin v18.6 (Yoast SEO v19.13) - https:\/\/yoast.com\/wordpress\/plugins\/seo\/ -->\n<title>BERKEL Gebogenes Gem\u00fcsemesser Elegance 7 cm Rot<\/title>\n<meta name=\"description\" content=\"Entdecken Sie BERKEL Gebogenes Gem\u00fcsemesser Elegance 7 cm Rot bei ErresseShop. Qualit\u00e4t, Stil und Funktionalit\u00e4t \u2013 jetzt online bestellen!\" \/>\n<meta name=\"robots\" content=\"index, follow, max-snippet:-1, max-image-preview:large, max-video-preview:-1\" \/>\n<link rel=\"canonical\" href=\"https:\/\/www.erresse-shop.it\/de\/shop\/kuche\/messer\/berkel-gebogenes-gemusemesser-elegance-7-cm-rot\/\" \/>\n<meta property=\"og:locale\" content=\"de_DE\" \/>\n<meta property=\"og:type\" content=\"article\" \/>\n<meta property=\"og:title\" content=\"BERKEL Gebogenes Gem\u00fcsemesser Elegance 7 cm Rot\" \/>\n<meta property=\"og:description\" content=\"Entdecken Sie BERKEL Gebogenes Gem\u00fcsemesser Elegance 7 cm Rot bei ErresseShop. Qualit\u00e4t, Stil und Funktionalit\u00e4t \u2013 jetzt online bestellen!\" \/>\n<meta property=\"og:url\" content=\"https:\/\/www.erresse-shop.it\/de\/shop\/kuche\/messer\/berkel-gebogenes-gemusemesser-elegance-7-cm-rot\/\" \/>\n<meta property=\"og:site_name\" content=\"Erresse Shop\" \/>\n<meta property=\"article:modified_time\" content=\"2025-01-16T08:01:37+00:00\" \/>\n<meta property=\"og:image\" content=\"https:\/\/www.erresse-shop.it\/wp-content\/uploads\/2021\/11\/BERKEL-Coltello-Spelucchino-Curvo-7-cm-Rosso.jpg\" \/>\n\t<meta property=\"og:image:width\" content=\"1000\" \/>\n\t<meta property=\"og:image:height\" content=\"1000\" \/>\n\t<meta property=\"og:image:type\" content=\"image\/jpeg\" \/>\n<meta name=\"twitter:card\" content=\"summary_large_image\" \/>\n<script type=\"application\/ld+json\" class=\"yoast-schema-graph\">{\"@context\":\"https:\/\/schema.org\",\"@graph\":[{\"@type\":\"WebPage\",\"@id\":\"https:\/\/www.erresse-shop.it\/de\/shop\/kuche\/messer\/berkel-gebogenes-gemusemesser-elegance-7-cm-rot\/\",\"url\":\"https:\/\/www.erresse-shop.it\/de\/shop\/kuche\/messer\/berkel-gebogenes-gemusemesser-elegance-7-cm-rot\/\",\"name\":\"BERKEL Gebogenes Gem\u00fcsemesser Elegance 7 cm Rot\",\"isPartOf\":{\"@id\":\"https:\/\/www.erresse-shop.it\/de\/#website\"},\"datePublished\":\"2021-11-08T08:10:59+00:00\",\"dateModified\":\"2025-01-16T08:01:37+00:00\",\"description\":\"Entdecken Sie BERKEL Gebogenes Gem\u00fcsemesser Elegance 7 cm Rot bei ErresseShop. Qualit\u00e4t, Stil und Funktionalit\u00e4t \u2013 jetzt online bestellen!\",\"breadcrumb\":{\"@id\":\"https:\/\/www.erresse-shop.it\/de\/shop\/kuche\/messer\/berkel-gebogenes-gemusemesser-elegance-7-cm-rot\/#breadcrumb\"},\"inLanguage\":\"de-DE\",\"potentialAction\":[{\"@type\":\"ReadAction\",\"target\":[\"https:\/\/www.erresse-shop.it\/de\/shop\/kuche\/messer\/berkel-gebogenes-gemusemesser-elegance-7-cm-rot\/\"]}]},{\"@type\":\"BreadcrumbList\",\"@id\":\"https:\/\/www.erresse-shop.it\/de\/shop\/kuche\/messer\/berkel-gebogenes-gemusemesser-elegance-7-cm-rot\/#breadcrumb\",\"itemListElement\":[{\"@type\":\"ListItem\",\"position\":1,\"name\":\"Home\",\"item\":\"https:\/\/www.erresse-shop.it\/de\/\"},{\"@type\":\"ListItem\",\"position\":2,\"name\":\"Shop\",\"item\":\"https:\/\/www.erresse-shop.it\/de\/shop\/\"},{\"@type\":\"ListItem\",\"position\":3,\"name\":\"BERKEL Gebogenes Gem\u00fcsemesser Elegance 7 cm Rot\"}]},{\"@type\":\"WebSite\",\"@id\":\"https:\/\/www.erresse-shop.it\/de\/#website\",\"url\":\"https:\/\/www.erresse-shop.it\/de\/\",\"name\":\"Erresse Shop\",\"description\":\"Articoli di qualit\u00e0 per la casa\",\"potentialAction\":[{\"@type\":\"SearchAction\",\"target\":{\"@type\":\"EntryPoint\",\"urlTemplate\":\"https:\/\/www.erresse-shop.it\/de\/?s={search_term_string}\"},\"query-input\":\"required name=search_term_string\"}],\"inLanguage\":\"de-DE\"}]}<\/script>\n<!-- \/ Yoast SEO Premium plugin. -->","yoast_head_json":{"title":"BERKEL Gebogenes Gem\u00fcsemesser Elegance 7 cm Rot","description":"Entdecken Sie BERKEL Gebogenes Gem\u00fcsemesser Elegance 7 cm Rot bei ErresseShop. Qualit\u00e4t, Stil und Funktionalit\u00e4t \u2013 jetzt online bestellen!","robots":{"index":"index","follow":"follow","max-snippet":"max-snippet:-1","max-image-preview":"max-image-preview:large","max-video-preview":"max-video-preview:-1"},"canonical":"https:\/\/www.erresse-shop.it\/de\/shop\/kuche\/messer\/berkel-gebogenes-gemusemesser-elegance-7-cm-rot\/","og_locale":"de_DE","og_type":"article","og_title":"BERKEL Gebogenes Gem\u00fcsemesser Elegance 7 cm Rot","og_description":"Entdecken Sie BERKEL Gebogenes Gem\u00fcsemesser Elegance 7 cm Rot bei ErresseShop. Qualit\u00e4t, Stil und Funktionalit\u00e4t \u2013 jetzt online bestellen!","og_url":"https:\/\/www.erresse-shop.it\/de\/shop\/kuche\/messer\/berkel-gebogenes-gemusemesser-elegance-7-cm-rot\/","og_site_name":"Erresse Shop","article_modified_time":"2025-01-16T08:01:37+00:00","og_image":[{"width":1000,"height":1000,"url":"https:\/\/www.erresse-shop.it\/wp-content\/uploads\/2021\/11\/BERKEL-Coltello-Spelucchino-Curvo-7-cm-Rosso.jpg","type":"image\/jpeg"}],"twitter_card":"summary_large_image","schema":{"@context":"https:\/\/schema.org","@graph":[{"@type":"WebPage","@id":"https:\/\/www.erresse-shop.it\/de\/shop\/kuche\/messer\/berkel-gebogenes-gemusemesser-elegance-7-cm-rot\/","url":"https:\/\/www.erresse-shop.it\/de\/shop\/kuche\/messer\/berkel-gebogenes-gemusemesser-elegance-7-cm-rot\/","name":"BERKEL Gebogenes Gem\u00fcsemesser Elegance 7 cm Rot","isPartOf":{"@id":"https:\/\/www.erresse-shop.it\/de\/#website"},"datePublished":"2021-11-08T08:10:59+00:00","dateModified":"2025-01-16T08:01:37+00:00","description":"Entdecken Sie BERKEL Gebogenes Gem\u00fcsemesser Elegance 7 cm Rot bei ErresseShop. Qualit\u00e4t, Stil und Funktionalit\u00e4t \u2013 jetzt online bestellen!","breadcrumb":{"@id":"https:\/\/www.erresse-shop.it\/de\/shop\/kuche\/messer\/berkel-gebogenes-gemusemesser-elegance-7-cm-rot\/#breadcrumb"},"inLanguage":"de-DE","potentialAction":[{"@type":"ReadAction","target":["https:\/\/www.erresse-shop.it\/de\/shop\/kuche\/messer\/berkel-gebogenes-gemusemesser-elegance-7-cm-rot\/"]}]},{"@type":"BreadcrumbList","@id":"https:\/\/www.erresse-shop.it\/de\/shop\/kuche\/messer\/berkel-gebogenes-gemusemesser-elegance-7-cm-rot\/#breadcrumb","itemListElement":[{"@type":"ListItem","position":1,"name":"Home","item":"https:\/\/www.erresse-shop.it\/de\/"},{"@type":"ListItem","position":2,"name":"Shop","item":"https:\/\/www.erresse-shop.it\/de\/shop\/"},{"@type":"ListItem","position":3,"name":"BERKEL Gebogenes Gem\u00fcsemesser Elegance 7 cm Rot"}]},{"@type":"WebSite","@id":"https:\/\/www.erresse-shop.it\/de\/#website","url":"https:\/\/www.erresse-shop.it\/de\/","name":"Erresse Shop","description":"Articoli di qualit\u00e0 per la casa","potentialAction":[{"@type":"SearchAction","target":{"@type":"EntryPoint","urlTemplate":"https:\/\/www.erresse-shop.it\/de\/?s={search_term_string}"},"query-input":"required name=search_term_string"}],"inLanguage":"de-DE"}]}},"df_price":27,"df_sale_price":27,"df_regular_price":54,"df_image_link":"https:\/\/www.erresse-shop.it\/wp-content\/uploads\/2021\/11\/BERKEL-Coltello-Spelucchino-Curvo-7-cm-Rosso-300x300.jpg","_links":{"self":[{"href":"https:\/\/www.erresse-shop.it\/de\/wp-json\/wp\/v2\/product\/127288"}],"collection":[{"href":"https:\/\/www.erresse-shop.it\/de\/wp-json\/wp\/v2\/product"}],"about":[{"href":"https:\/\/www.erresse-shop.it\/de\/wp-json\/wp\/v2\/types\/product"}],"wp:featuredmedia":[{"embeddable":true,"href":"https:\/\/www.erresse-shop.it\/de\/wp-json\/wp\/v2\/media\/127297"}],"wp:attachment":[{"href":"https:\/\/www.erresse-shop.it\/de\/wp-json\/wp\/v2\/media?parent=127288"}],"wp:term":[{"taxonomy":"product_cat","embeddable":true,"href":"https:\/\/www.erresse-shop.it\/de\/wp-json\/wp\/v2\/product_cat?post=127288"},{"taxonomy":"product_tag","embeddable":true,"href":"https:\/\/www.erresse-shop.it\/de\/wp-json\/wp\/v2\/product_tag?post=127288"}],"curies":[{"name":"wp","href":"https:\/\/api.w.org\/{rel}","templated":true}]}}