{"id":127027,"date":"2021-11-05T11:13:25","date_gmt":"2021-11-05T11:13:27","guid":{"rendered":"https:\/\/www.erresse-shop.it\/?post_type=product&#038;p=127027"},"modified":"2025-01-22T06:40:20","modified_gmt":"2025-01-22T06:40:20","slug":"wmf-set-4-stuck-function-4","status":"publish","type":"product","link":"https:\/\/www.erresse-shop.it\/de\/shop\/toepfe-pfannen\/toepfe-und-kochtoepfen\/wmf-set-4-stuck-function-4\/","title":{"rendered":"WMF Function 4 Set 5 St\u00fcck"},"content":{"rendered":"<p>F\u00fcr au\u00dfergew\u00f6hnliche Gerichte voller Geschmack sorgt das Kochgeschirr-Set <strong>Function<\/strong> <strong>4<\/strong> von <strong>WMF<\/strong>. Leckere Br\u00fchen, Suppen und Eint\u00f6pfe, aber auch Kartoffeln und gr\u00f6\u00dferes Gem\u00fcse wie Blumenkohl haben darin Platz zum Kochen, Garen und Blanchieren. Dieses au\u00dfergew\u00f6hnliche Kochgeschirr-Set aus Edelstahl umfasst einen Stieltopf und Schmort\u00f6pfe in drei verschiedenen Gr\u00f6\u00dfen, ideal f\u00fcr jede Gelegenheit, vom kleinen Abendessen bis hin zu festlichen Anl\u00e4ssen. Das besondere Design inklusive Ausgie\u00dfer bietet zusammen mit dem vielseitigen Mehrzweckdeckel &#8211; mit verschiedenen Positionen f\u00fcr Rezepte mit wenig Wasser, zum Abgie\u00dfen oder Abtropfen von Nudeln und Reis &#8211; das ideale Format und eine gro\u00dfe Vielfalt an Familiengerichten, darunter Braten, langsam gekochte Pasta Bolognese und vieles mehr. Unser Premium-Kochgeschirr zeichnet sich durch seine au\u00dfergew\u00f6hnliche Langlebigkeit aus. Es ist aus hochwertigem Cromargan\u00ae-Edelstahl 18\/10 gefertigt und garantiert vollen Geschmack und eine elegante \u00c4sthetik, die immer wieder beeindruckt.<\/p>\n<ul>\n<li><strong>Multifunktionales Design f\u00fcr bequemes Kochen<\/strong><br \/>\n1 Deckel, 4 Positionen f\u00fcr 4 Funktionen: geschlossen zum Kochen mit wenig Wasser, offen zum vollst\u00e4ndigen Abgie\u00dfen von Fl\u00fcssigkeiten, gro\u00dfes Loch zum Abtropfen von Nudeln und kleines Loch zum Abtropfen von Reis.<\/li>\n<li><strong>Griffe mit reduzierter W\u00e4rme\u00fcbertragung<\/strong><br \/>\nDas hohle Design reduziert die W\u00e4rme\u00fcbertragung von der Pfanne auf den Griff, so dass sich dieser k\u00fchler anf\u00fchlt.** **Nicht f\u00fcr die Verwendung im Backofen geeignet<\/li>\n<li><strong>Interne Messskala<\/strong><br \/>\nEine innenliegende Skala erleichtert das Abmessen von Fl\u00fcssigkeiten und sorgt f\u00fcr Genauigkeit.<\/li>\n<li><strong>Sch\u00fcttrand<\/strong><br \/>\nDer breite Sch\u00fcttrand sorgt f\u00fcr einfaches und tropffreies Ausgie\u00dfen, f\u00fcr m\u00fcheloses Servieren und stets makelloses Kochen<\/li>\n<li><strong>TransThern\u00ae Universal-Boden<\/strong><br \/>\nDer TransTherm\u00ae-Universalboden spart Energie beim Kochen dank optimaler W\u00e4rmeverteilung und -erhaltung.<br \/>\nKompatibel mit allen Herdarten, einschlie\u00dflich Induktion.<\/li>\n<li><strong>Cromargan\u00ae<\/strong><br \/>\nHergestellt aus robustem und elegantem Cromargan\u00ae Edelstahl 18\/10, f\u00fcr ein besonders langlebiges, hygienisches und sp\u00fclmaschinenfestes Produkt.<\/li>\n<li><strong>\u00c4u\u00dferst langlebig<br \/>\n<\/strong>Die extrastarke Qualit\u00e4t, das dicke Material und die robuste, sorgf\u00e4ltige Verarbeitung sorgen daf\u00fcr, dass die Form \u00fcber lange Zeit erhalten bleibt.<\/li>\n<\/ul>\n<p>Das Set besteht aus:<\/p>\n<ul>\n<li>Kochtopf \u2300 20 cm<\/li>\n<li>Topf \u2300 16\/20\/24 cm<\/li>\n<li>Kasserolle \u2300 16 cm<\/li>\n<\/ul>\n","protected":false},"excerpt":{"rendered":"<p>F\u00fcr au\u00dfergew\u00f6hnliche Gerichte voller Geschmack sorgt das Kochgeschirr-Set Function 4 von WMF. Leckere Br\u00fchen, Suppen und Eint\u00f6pfe, aber auch Kartoffeln<\/p>\n","protected":false},"featured_media":281784,"template":"","meta":{"_acf_changed":false,"inline_featured_image":false},"product_cat":[6709,14776],"product_tag":[19359,23911,11387,13188,25022,11607],"acf":[],"yoast_head":"<!-- This site is optimized with the Yoast SEO Premium plugin v18.6 (Yoast SEO v19.13) - https:\/\/yoast.com\/wordpress\/plugins\/seo\/ -->\n<title>WMF Function 4 Set 5 St\u00fcck<\/title>\n<meta name=\"description\" content=\"Entdecken Sie WMF Function 4 Set 5 St\u00fcck bei ErresseShop. Qualit\u00e4t, Stil und Funktionalit\u00e4t \u2013 jetzt online bestellen!\" \/>\n<meta name=\"robots\" content=\"index, follow, max-snippet:-1, max-image-preview:large, max-video-preview:-1\" \/>\n<link rel=\"canonical\" href=\"https:\/\/www.erresse-shop.it\/de\/shop\/toepfe-pfannen\/toepfe-und-kochtoepfen\/wmf-set-4-stuck-function-4\/\" \/>\n<meta property=\"og:locale\" content=\"de_DE\" \/>\n<meta property=\"og:type\" content=\"article\" \/>\n<meta property=\"og:title\" content=\"WMF Function 4 Set 5 St\u00fcck\" \/>\n<meta property=\"og:description\" content=\"Entdecken Sie WMF Function 4 Set 5 St\u00fcck bei ErresseShop. Qualit\u00e4t, Stil und Funktionalit\u00e4t \u2013 jetzt online bestellen!\" \/>\n<meta property=\"og:url\" content=\"https:\/\/www.erresse-shop.it\/de\/shop\/toepfe-pfannen\/toepfe-und-kochtoepfen\/wmf-set-4-stuck-function-4\/\" \/>\n<meta property=\"og:site_name\" content=\"Erresse Shop\" \/>\n<meta property=\"article:modified_time\" content=\"2025-01-22T06:40:20+00:00\" \/>\n<meta property=\"og:image\" content=\"https:\/\/www.erresse-shop.it\/wp-content\/uploads\/2021\/11\/WMF-Function-4-Set-5-pezzi.jpg\" \/>\n\t<meta property=\"og:image:width\" content=\"800\" \/>\n\t<meta property=\"og:image:height\" content=\"800\" \/>\n\t<meta property=\"og:image:type\" content=\"image\/jpeg\" \/>\n<meta name=\"twitter:card\" content=\"summary_large_image\" \/>\n<script type=\"application\/ld+json\" class=\"yoast-schema-graph\">{\"@context\":\"https:\/\/schema.org\",\"@graph\":[{\"@type\":\"WebPage\",\"@id\":\"https:\/\/www.erresse-shop.it\/de\/shop\/toepfe-pfannen\/toepfe-und-kochtoepfen\/wmf-set-4-stuck-function-4\/\",\"url\":\"https:\/\/www.erresse-shop.it\/de\/shop\/toepfe-pfannen\/toepfe-und-kochtoepfen\/wmf-set-4-stuck-function-4\/\",\"name\":\"WMF Function 4 Set 5 St\u00fcck\",\"isPartOf\":{\"@id\":\"https:\/\/www.erresse-shop.it\/de\/#website\"},\"datePublished\":\"2021-11-05T11:13:27+00:00\",\"dateModified\":\"2025-01-22T06:40:20+00:00\",\"description\":\"Entdecken Sie WMF Function 4 Set 5 St\u00fcck bei ErresseShop. Qualit\u00e4t, Stil und Funktionalit\u00e4t \u2013 jetzt online bestellen!\",\"breadcrumb\":{\"@id\":\"https:\/\/www.erresse-shop.it\/de\/shop\/toepfe-pfannen\/toepfe-und-kochtoepfen\/wmf-set-4-stuck-function-4\/#breadcrumb\"},\"inLanguage\":\"de-DE\",\"potentialAction\":[{\"@type\":\"ReadAction\",\"target\":[\"https:\/\/www.erresse-shop.it\/de\/shop\/toepfe-pfannen\/toepfe-und-kochtoepfen\/wmf-set-4-stuck-function-4\/\"]}]},{\"@type\":\"BreadcrumbList\",\"@id\":\"https:\/\/www.erresse-shop.it\/de\/shop\/toepfe-pfannen\/toepfe-und-kochtoepfen\/wmf-set-4-stuck-function-4\/#breadcrumb\",\"itemListElement\":[{\"@type\":\"ListItem\",\"position\":1,\"name\":\"Home\",\"item\":\"https:\/\/www.erresse-shop.it\/de\/\"},{\"@type\":\"ListItem\",\"position\":2,\"name\":\"Shop\",\"item\":\"https:\/\/www.erresse-shop.it\/de\/shop\/\"},{\"@type\":\"ListItem\",\"position\":3,\"name\":\"WMF Function 4 Set 5 St\u00fcck\"}]},{\"@type\":\"WebSite\",\"@id\":\"https:\/\/www.erresse-shop.it\/de\/#website\",\"url\":\"https:\/\/www.erresse-shop.it\/de\/\",\"name\":\"Erresse Shop\",\"description\":\"Articoli di qualit\u00e0 per la casa\",\"potentialAction\":[{\"@type\":\"SearchAction\",\"target\":{\"@type\":\"EntryPoint\",\"urlTemplate\":\"https:\/\/www.erresse-shop.it\/de\/?s={search_term_string}\"},\"query-input\":\"required name=search_term_string\"}],\"inLanguage\":\"de-DE\"}]}<\/script>\n<!-- \/ Yoast SEO Premium plugin. -->","yoast_head_json":{"title":"WMF Function 4 Set 5 St\u00fcck","description":"Entdecken Sie WMF Function 4 Set 5 St\u00fcck bei ErresseShop. Qualit\u00e4t, Stil und Funktionalit\u00e4t \u2013 jetzt online bestellen!","robots":{"index":"index","follow":"follow","max-snippet":"max-snippet:-1","max-image-preview":"max-image-preview:large","max-video-preview":"max-video-preview:-1"},"canonical":"https:\/\/www.erresse-shop.it\/de\/shop\/toepfe-pfannen\/toepfe-und-kochtoepfen\/wmf-set-4-stuck-function-4\/","og_locale":"de_DE","og_type":"article","og_title":"WMF Function 4 Set 5 St\u00fcck","og_description":"Entdecken Sie WMF Function 4 Set 5 St\u00fcck bei ErresseShop. Qualit\u00e4t, Stil und Funktionalit\u00e4t \u2013 jetzt online bestellen!","og_url":"https:\/\/www.erresse-shop.it\/de\/shop\/toepfe-pfannen\/toepfe-und-kochtoepfen\/wmf-set-4-stuck-function-4\/","og_site_name":"Erresse Shop","article_modified_time":"2025-01-22T06:40:20+00:00","og_image":[{"width":800,"height":800,"url":"https:\/\/www.erresse-shop.it\/wp-content\/uploads\/2021\/11\/WMF-Function-4-Set-5-pezzi.jpg","type":"image\/jpeg"}],"twitter_card":"summary_large_image","schema":{"@context":"https:\/\/schema.org","@graph":[{"@type":"WebPage","@id":"https:\/\/www.erresse-shop.it\/de\/shop\/toepfe-pfannen\/toepfe-und-kochtoepfen\/wmf-set-4-stuck-function-4\/","url":"https:\/\/www.erresse-shop.it\/de\/shop\/toepfe-pfannen\/toepfe-und-kochtoepfen\/wmf-set-4-stuck-function-4\/","name":"WMF Function 4 Set 5 St\u00fcck","isPartOf":{"@id":"https:\/\/www.erresse-shop.it\/de\/#website"},"datePublished":"2021-11-05T11:13:27+00:00","dateModified":"2025-01-22T06:40:20+00:00","description":"Entdecken Sie WMF Function 4 Set 5 St\u00fcck bei ErresseShop. Qualit\u00e4t, Stil und Funktionalit\u00e4t \u2013 jetzt online bestellen!","breadcrumb":{"@id":"https:\/\/www.erresse-shop.it\/de\/shop\/toepfe-pfannen\/toepfe-und-kochtoepfen\/wmf-set-4-stuck-function-4\/#breadcrumb"},"inLanguage":"de-DE","potentialAction":[{"@type":"ReadAction","target":["https:\/\/www.erresse-shop.it\/de\/shop\/toepfe-pfannen\/toepfe-und-kochtoepfen\/wmf-set-4-stuck-function-4\/"]}]},{"@type":"BreadcrumbList","@id":"https:\/\/www.erresse-shop.it\/de\/shop\/toepfe-pfannen\/toepfe-und-kochtoepfen\/wmf-set-4-stuck-function-4\/#breadcrumb","itemListElement":[{"@type":"ListItem","position":1,"name":"Home","item":"https:\/\/www.erresse-shop.it\/de\/"},{"@type":"ListItem","position":2,"name":"Shop","item":"https:\/\/www.erresse-shop.it\/de\/shop\/"},{"@type":"ListItem","position":3,"name":"WMF Function 4 Set 5 St\u00fcck"}]},{"@type":"WebSite","@id":"https:\/\/www.erresse-shop.it\/de\/#website","url":"https:\/\/www.erresse-shop.it\/de\/","name":"Erresse Shop","description":"Articoli di qualit\u00e0 per la casa","potentialAction":[{"@type":"SearchAction","target":{"@type":"EntryPoint","urlTemplate":"https:\/\/www.erresse-shop.it\/de\/?s={search_term_string}"},"query-input":"required name=search_term_string"}],"inLanguage":"de-DE"}]}},"df_price":365.4,"df_sale_price":365.4,"df_regular_price":580,"df_image_link":"https:\/\/www.erresse-shop.it\/wp-content\/uploads\/2021\/11\/WMF-Function-4-Set-5-pezzi-300x300.jpg","_links":{"self":[{"href":"https:\/\/www.erresse-shop.it\/de\/wp-json\/wp\/v2\/product\/127027"}],"collection":[{"href":"https:\/\/www.erresse-shop.it\/de\/wp-json\/wp\/v2\/product"}],"about":[{"href":"https:\/\/www.erresse-shop.it\/de\/wp-json\/wp\/v2\/types\/product"}],"wp:featuredmedia":[{"embeddable":true,"href":"https:\/\/www.erresse-shop.it\/de\/wp-json\/wp\/v2\/media\/281784"}],"wp:attachment":[{"href":"https:\/\/www.erresse-shop.it\/de\/wp-json\/wp\/v2\/media?parent=127027"}],"wp:term":[{"taxonomy":"product_cat","embeddable":true,"href":"https:\/\/www.erresse-shop.it\/de\/wp-json\/wp\/v2\/product_cat?post=127027"},{"taxonomy":"product_tag","embeddable":true,"href":"https:\/\/www.erresse-shop.it\/de\/wp-json\/wp\/v2\/product_tag?post=127027"}],"curies":[{"name":"wp","href":"https:\/\/api.w.org\/{rel}","templated":true}]}}