{"id":126861,"date":"2021-11-05T07:14:12","date_gmt":"2021-11-05T07:14:13","guid":{"rendered":"https:\/\/www.erresse-shop.it\/?post_type=product&#038;p=126861"},"modified":"2024-04-13T09:14:02","modified_gmt":"2024-04-13T09:14:02","slug":"sambonet-kikka-kochgeschirr-set-7-stuck","status":"publish","type":"product","link":"https:\/\/www.erresse-shop.it\/de\/shop\/toepfe-pfannen\/topfsets\/sambonet-kikka-kochgeschirr-set-7-stuck\/","title":{"rendered":"SAMBONET Kikka Kochgeschirr-Set 7 St\u00fcck"},"content":{"rendered":"<p>Flie\u00dfende Linien, einfach und gleichzeitig unkonventionell. Die T\u00f6pfe und Pfannen von Kikka bringen den Charme der Tradition und des heimischen Herdes zur\u00fcck in die K\u00fcchen eines jeden Hauses.<\/p>\n<p><strong>Das Set enth\u00e4lt:<\/strong><\/p>\n<ul>\n<li>2-stieliger hoher Topf 20 cm<\/li>\n<li>Hoher Kochtopf, 1 Griff cm 16<\/li>\n<li>Tiefe Kasserolle 2 Griffe cm 20<\/li>\n<li>Niedriger Kochtopf 2 Griffe cm 24<\/li>\n<li>Deckel cm 16<\/li>\n<li>Deckel cm 20<\/li>\n<li>Deckel cm 24<\/li>\n<\/ul>\n<p><strong>VOR JEDEM GEBRAUCH<\/strong><br \/>\nWaschen Sie das Utensil gr\u00fcndlich mit hei\u00dfem Seifenwasser, sp\u00fclen Sie es ab und trocknen Sie es.<\/p>\n<p><strong>VORSICHTSMASSNAHMEN<\/strong><br \/>\nLassen Sie niemals leere Pfannen auf W\u00e4rmequellen stehen. Achten Sie darauf, dass die Flamme nicht von unten \u00fcberl\u00e4uft. Sobald der Inhalt kocht, die Gas- oder Stromzufuhr reduzieren: Der Boden h\u00e4lt die Temperatur im Topf.<br \/>\nVorsicht mit Salz: F\u00fcgen Sie kein Salz hinzu, wenn es kalt ist, da Salzkristalle eine elektrolytische und chemische Reaktion verursachen, die den Stahl korrodieren kann. Es ist besser zu warten, bis das Wasser kocht.<\/p>\n<p><strong>REINIGUNG<\/strong><br \/>\nVerwenden Sie keine chlorhaltigen Reinigungsmittel, z. B. Bleichmittel (Natriumhypochlorit), da diese den Edelstahl angreifen k\u00f6nnen. Vermeiden Sie starke Ersch\u00fctterungen und Temperaturschwankungen. K\u00fchlen Sie nicht abrupt ab. Nicht f\u00fcr die Lagerung von Lebensmitteln verwenden, die Zitronen-, Essig- oder Milchs\u00e4ure enthalten. Verwenden Sie nur Produkte, die speziell f\u00fcr rostfreien Stahl entwickelt wurden, um durch \u00dcberhitzung verursachte schillernde Flecken zu entfernen. Um wei\u00dfliche Kalkflecken zu entfernen, Wasser mit Essig aufkochen, abk\u00fchlen lassen und normal waschen.<\/p>\n","protected":false},"excerpt":{"rendered":"<p>Flie\u00dfende Linien, einfach und gleichzeitig unkonventionell. Die T\u00f6pfe und Pfannen von Kikka bringen den Charme der Tradition und des heimischen<\/p>\n","protected":false},"featured_media":126876,"template":"","meta":{"_acf_changed":false,"inline_featured_image":false},"product_cat":[6709,14781],"product_tag":[25088,23911,23691,11387,11605,12500,25022,12205],"acf":[],"yoast_head":"<!-- This site is optimized with the Yoast SEO Premium plugin v18.6 (Yoast SEO v19.13) - https:\/\/yoast.com\/wordpress\/plugins\/seo\/ -->\n<title>SAMBONET Kikka Kochgeschirr-Set 7 St\u00fcck - Erresse Shop<\/title>\n<meta name=\"description\" content=\"Flie\u00dfende Linien, einfach und gleichzeitig unkonventionell. Die T\u00f6pfe und Pfannen von Kikka bringen den Charme der Tradition und des heimischen Herdes\" \/>\n<meta name=\"robots\" content=\"index, follow, max-snippet:-1, max-image-preview:large, max-video-preview:-1\" \/>\n<link rel=\"canonical\" href=\"https:\/\/www.erresse-shop.it\/de\/shop\/toepfe-pfannen\/topfsets\/sambonet-kikka-kochgeschirr-set-7-stuck\/\" \/>\n<meta property=\"og:locale\" content=\"de_DE\" \/>\n<meta property=\"og:type\" content=\"article\" \/>\n<meta property=\"og:title\" content=\"SAMBONET Kikka Kochgeschirr-Set 7 St\u00fcck\" \/>\n<meta property=\"og:description\" content=\"Flie\u00dfende Linien, einfach und gleichzeitig unkonventionell. Die T\u00f6pfe und Pfannen von Kikka bringen den Charme der Tradition und des heimischen Herdes\" \/>\n<meta property=\"og:url\" content=\"https:\/\/www.erresse-shop.it\/de\/shop\/toepfe-pfannen\/topfsets\/sambonet-kikka-kochgeschirr-set-7-stuck\/\" \/>\n<meta property=\"og:site_name\" content=\"Erresse Shop\" \/>\n<meta property=\"article:modified_time\" content=\"2024-04-13T09:14:02+00:00\" \/>\n<meta property=\"og:image\" content=\"https:\/\/www.erresse-shop.it\/wp-content\/uploads\/2021\/11\/SAMBONET-Batteria-Pentole-7-Pezzi.jpg\" \/>\n\t<meta property=\"og:image:width\" content=\"1000\" \/>\n\t<meta property=\"og:image:height\" content=\"1000\" \/>\n\t<meta property=\"og:image:type\" content=\"image\/jpeg\" \/>\n<meta name=\"twitter:card\" content=\"summary_large_image\" \/>\n<script type=\"application\/ld+json\" class=\"yoast-schema-graph\">{\"@context\":\"https:\/\/schema.org\",\"@graph\":[{\"@type\":\"WebPage\",\"@id\":\"https:\/\/www.erresse-shop.it\/de\/shop\/toepfe-pfannen\/topfsets\/sambonet-kikka-kochgeschirr-set-7-stuck\/\",\"url\":\"https:\/\/www.erresse-shop.it\/de\/shop\/toepfe-pfannen\/topfsets\/sambonet-kikka-kochgeschirr-set-7-stuck\/\",\"name\":\"SAMBONET Kikka Kochgeschirr-Set 7 St\u00fcck - Erresse Shop\",\"isPartOf\":{\"@id\":\"https:\/\/www.erresse-shop.it\/de\/#website\"},\"datePublished\":\"2021-11-05T07:14:13+00:00\",\"dateModified\":\"2024-04-13T09:14:02+00:00\",\"description\":\"Flie\u00dfende Linien, einfach und gleichzeitig unkonventionell. Die T\u00f6pfe und Pfannen von Kikka bringen den Charme der Tradition und des heimischen Herdes\",\"breadcrumb\":{\"@id\":\"https:\/\/www.erresse-shop.it\/de\/shop\/toepfe-pfannen\/topfsets\/sambonet-kikka-kochgeschirr-set-7-stuck\/#breadcrumb\"},\"inLanguage\":\"de-DE\",\"potentialAction\":[{\"@type\":\"ReadAction\",\"target\":[\"https:\/\/www.erresse-shop.it\/de\/shop\/toepfe-pfannen\/topfsets\/sambonet-kikka-kochgeschirr-set-7-stuck\/\"]}]},{\"@type\":\"BreadcrumbList\",\"@id\":\"https:\/\/www.erresse-shop.it\/de\/shop\/toepfe-pfannen\/topfsets\/sambonet-kikka-kochgeschirr-set-7-stuck\/#breadcrumb\",\"itemListElement\":[{\"@type\":\"ListItem\",\"position\":1,\"name\":\"Home\",\"item\":\"https:\/\/www.erresse-shop.it\/de\/\"},{\"@type\":\"ListItem\",\"position\":2,\"name\":\"Shop\",\"item\":\"https:\/\/www.erresse-shop.it\/de\/shop\/\"},{\"@type\":\"ListItem\",\"position\":3,\"name\":\"SAMBONET Kikka Kochgeschirr-Set 7 St\u00fcck\"}]},{\"@type\":\"WebSite\",\"@id\":\"https:\/\/www.erresse-shop.it\/de\/#website\",\"url\":\"https:\/\/www.erresse-shop.it\/de\/\",\"name\":\"Erresse Shop\",\"description\":\"Articoli di qualit\u00e0 per la casa\",\"potentialAction\":[{\"@type\":\"SearchAction\",\"target\":{\"@type\":\"EntryPoint\",\"urlTemplate\":\"https:\/\/www.erresse-shop.it\/de\/?s={search_term_string}\"},\"query-input\":\"required name=search_term_string\"}],\"inLanguage\":\"de-DE\"}]}<\/script>\n<!-- \/ Yoast SEO Premium plugin. -->","yoast_head_json":{"title":"SAMBONET Kikka Kochgeschirr-Set 7 St\u00fcck - Erresse Shop","description":"Flie\u00dfende Linien, einfach und gleichzeitig unkonventionell. Die T\u00f6pfe und Pfannen von Kikka bringen den Charme der Tradition und des heimischen Herdes","robots":{"index":"index","follow":"follow","max-snippet":"max-snippet:-1","max-image-preview":"max-image-preview:large","max-video-preview":"max-video-preview:-1"},"canonical":"https:\/\/www.erresse-shop.it\/de\/shop\/toepfe-pfannen\/topfsets\/sambonet-kikka-kochgeschirr-set-7-stuck\/","og_locale":"de_DE","og_type":"article","og_title":"SAMBONET Kikka Kochgeschirr-Set 7 St\u00fcck","og_description":"Flie\u00dfende Linien, einfach und gleichzeitig unkonventionell. Die T\u00f6pfe und Pfannen von Kikka bringen den Charme der Tradition und des heimischen Herdes","og_url":"https:\/\/www.erresse-shop.it\/de\/shop\/toepfe-pfannen\/topfsets\/sambonet-kikka-kochgeschirr-set-7-stuck\/","og_site_name":"Erresse Shop","article_modified_time":"2024-04-13T09:14:02+00:00","og_image":[{"width":1000,"height":1000,"url":"https:\/\/www.erresse-shop.it\/wp-content\/uploads\/2021\/11\/SAMBONET-Batteria-Pentole-7-Pezzi.jpg","type":"image\/jpeg"}],"twitter_card":"summary_large_image","schema":{"@context":"https:\/\/schema.org","@graph":[{"@type":"WebPage","@id":"https:\/\/www.erresse-shop.it\/de\/shop\/toepfe-pfannen\/topfsets\/sambonet-kikka-kochgeschirr-set-7-stuck\/","url":"https:\/\/www.erresse-shop.it\/de\/shop\/toepfe-pfannen\/topfsets\/sambonet-kikka-kochgeschirr-set-7-stuck\/","name":"SAMBONET Kikka Kochgeschirr-Set 7 St\u00fcck - Erresse Shop","isPartOf":{"@id":"https:\/\/www.erresse-shop.it\/de\/#website"},"datePublished":"2021-11-05T07:14:13+00:00","dateModified":"2024-04-13T09:14:02+00:00","description":"Flie\u00dfende Linien, einfach und gleichzeitig unkonventionell. Die T\u00f6pfe und Pfannen von Kikka bringen den Charme der Tradition und des heimischen Herdes","breadcrumb":{"@id":"https:\/\/www.erresse-shop.it\/de\/shop\/toepfe-pfannen\/topfsets\/sambonet-kikka-kochgeschirr-set-7-stuck\/#breadcrumb"},"inLanguage":"de-DE","potentialAction":[{"@type":"ReadAction","target":["https:\/\/www.erresse-shop.it\/de\/shop\/toepfe-pfannen\/topfsets\/sambonet-kikka-kochgeschirr-set-7-stuck\/"]}]},{"@type":"BreadcrumbList","@id":"https:\/\/www.erresse-shop.it\/de\/shop\/toepfe-pfannen\/topfsets\/sambonet-kikka-kochgeschirr-set-7-stuck\/#breadcrumb","itemListElement":[{"@type":"ListItem","position":1,"name":"Home","item":"https:\/\/www.erresse-shop.it\/de\/"},{"@type":"ListItem","position":2,"name":"Shop","item":"https:\/\/www.erresse-shop.it\/de\/shop\/"},{"@type":"ListItem","position":3,"name":"SAMBONET Kikka Kochgeschirr-Set 7 St\u00fcck"}]},{"@type":"WebSite","@id":"https:\/\/www.erresse-shop.it\/de\/#website","url":"https:\/\/www.erresse-shop.it\/de\/","name":"Erresse Shop","description":"Articoli di qualit\u00e0 per la casa","potentialAction":[{"@type":"SearchAction","target":{"@type":"EntryPoint","urlTemplate":"https:\/\/www.erresse-shop.it\/de\/?s={search_term_string}"},"query-input":"required name=search_term_string"}],"inLanguage":"de-DE"}]}},"df_price":310.365,"df_sale_price":310.365,"df_regular_price":564.3,"df_image_link":"https:\/\/www.erresse-shop.it\/wp-content\/uploads\/2021\/11\/SAMBONET-Batteria-Pentole-7-Pezzi-300x300.jpg","_links":{"self":[{"href":"https:\/\/www.erresse-shop.it\/de\/wp-json\/wp\/v2\/product\/126861"}],"collection":[{"href":"https:\/\/www.erresse-shop.it\/de\/wp-json\/wp\/v2\/product"}],"about":[{"href":"https:\/\/www.erresse-shop.it\/de\/wp-json\/wp\/v2\/types\/product"}],"wp:featuredmedia":[{"embeddable":true,"href":"https:\/\/www.erresse-shop.it\/de\/wp-json\/wp\/v2\/media\/126876"}],"wp:attachment":[{"href":"https:\/\/www.erresse-shop.it\/de\/wp-json\/wp\/v2\/media?parent=126861"}],"wp:term":[{"taxonomy":"product_cat","embeddable":true,"href":"https:\/\/www.erresse-shop.it\/de\/wp-json\/wp\/v2\/product_cat?post=126861"},{"taxonomy":"product_tag","embeddable":true,"href":"https:\/\/www.erresse-shop.it\/de\/wp-json\/wp\/v2\/product_tag?post=126861"}],"curies":[{"name":"wp","href":"https:\/\/api.w.org\/{rel}","templated":true}]}}