{"id":126457,"date":"2021-11-02T14:26:56","date_gmt":"2021-11-02T14:26:57","guid":{"rendered":"https:\/\/www.erresse-shop.it\/?post_type=product&#038;p=126457"},"modified":"2025-01-16T07:30:05","modified_gmt":"2025-01-16T07:30:05","slug":"sambonet-arthur-krupp-set-18-teller-neve","status":"publish","type":"product","link":"https:\/\/www.erresse-shop.it\/de\/shop\/tisch\/teller-geschirr\/sambonet-arthur-krupp-set-18-teller-neve\/","title":{"rendered":"SAMBONET ARTHUR KRUPP Set 18 Teller Neve"},"content":{"rendered":"<ul>\n<li>6 Essteller 25cm, 6 Suppenteller 22cm, 6 Dessertteller 21,5cm.<\/li>\n<li>Raffiniertes Knochenporzellan, das dem Tisch Eleganz verleiht und die kulinarischen Zubereitungen aufwertet.<\/li>\n<li>Die Professionalit\u00e4t von Arthur Krupp und die Raffinesse von feinem Knochenporzellan, vereint in einer frischen und offenen Kollektion. Neve (Schnee) verdankt seine elegante Reinheit der Einfachheit und Weichheit seiner Linien, die die breiten Schichten von Tellern und Tassen und die Rundheit des sortierten Kaffeegeschirrs ausgleichen. Die Qualit\u00e4t, die Transparenz und die Dicke der Artikel tragen dazu bei, die kulinarischen Zubereitungen anspruchsvoller K\u00f6che aufzuwerten und Buffets durch ihre Eleganz und Zweckm\u00e4\u00dfigkeit hervorzuheben.<\/li>\n<\/ul>\n","protected":false},"excerpt":{"rendered":"<p>6 Essteller 25cm, 6 Suppenteller 22cm, 6 Dessertteller 21,5cm. Raffiniertes Knochenporzellan, das dem Tisch Eleganz verleiht und die kulinarischen Zubereitungen<\/p>\n","protected":false},"featured_media":126466,"template":"","meta":{"_acf_changed":false,"inline_featured_image":false},"product_cat":[6793,6787],"product_tag":[17243,23691,24604,14262,25022,11827,21822],"acf":[],"yoast_head":"<!-- This site is optimized with the Yoast SEO Premium plugin v18.6 (Yoast SEO v19.13) - https:\/\/yoast.com\/wordpress\/plugins\/seo\/ -->\n<title>SAMBONET ARTHUR KRUPP Set 18 Teller Neve<\/title>\n<meta name=\"description\" content=\"Entdecken Sie SAMBONET ARTHUR KRUPP Set 18 Teller Neve bei ErresseShop. Qualit\u00e4t, Stil und Funktionalit\u00e4t \u2013 jetzt online bestellen!\" \/>\n<meta name=\"robots\" content=\"index, follow, max-snippet:-1, max-image-preview:large, max-video-preview:-1\" \/>\n<link rel=\"canonical\" href=\"https:\/\/www.erresse-shop.it\/de\/shop\/tisch\/teller-geschirr\/sambonet-arthur-krupp-set-18-teller-neve\/\" \/>\n<meta property=\"og:locale\" content=\"de_DE\" \/>\n<meta property=\"og:type\" content=\"article\" \/>\n<meta property=\"og:title\" content=\"SAMBONET ARTHUR KRUPP Set 18 Teller Neve\" \/>\n<meta property=\"og:description\" content=\"Entdecken Sie SAMBONET ARTHUR KRUPP Set 18 Teller Neve bei ErresseShop. Qualit\u00e4t, Stil und Funktionalit\u00e4t \u2013 jetzt online bestellen!\" \/>\n<meta property=\"og:url\" content=\"https:\/\/www.erresse-shop.it\/de\/shop\/tisch\/teller-geschirr\/sambonet-arthur-krupp-set-18-teller-neve\/\" \/>\n<meta property=\"og:site_name\" content=\"Erresse Shop\" \/>\n<meta property=\"article:modified_time\" content=\"2025-01-16T07:30:05+00:00\" \/>\n<meta property=\"og:image\" content=\"https:\/\/www.erresse-shop.it\/wp-content\/uploads\/2021\/11\/SAMBONET-ARTHUR-KRUPP-Set-18-Pezzi-Neve-2.jpg\" \/>\n\t<meta property=\"og:image:width\" content=\"1000\" \/>\n\t<meta property=\"og:image:height\" content=\"1000\" \/>\n\t<meta property=\"og:image:type\" content=\"image\/jpeg\" \/>\n<meta name=\"twitter:card\" content=\"summary_large_image\" \/>\n<script type=\"application\/ld+json\" class=\"yoast-schema-graph\">{\"@context\":\"https:\/\/schema.org\",\"@graph\":[{\"@type\":\"WebPage\",\"@id\":\"https:\/\/www.erresse-shop.it\/de\/shop\/tisch\/teller-geschirr\/sambonet-arthur-krupp-set-18-teller-neve\/\",\"url\":\"https:\/\/www.erresse-shop.it\/de\/shop\/tisch\/teller-geschirr\/sambonet-arthur-krupp-set-18-teller-neve\/\",\"name\":\"SAMBONET ARTHUR KRUPP Set 18 Teller Neve\",\"isPartOf\":{\"@id\":\"https:\/\/www.erresse-shop.it\/de\/#website\"},\"datePublished\":\"2021-11-02T14:26:57+00:00\",\"dateModified\":\"2025-01-16T07:30:05+00:00\",\"description\":\"Entdecken Sie SAMBONET ARTHUR KRUPP Set 18 Teller Neve bei ErresseShop. Qualit\u00e4t, Stil und Funktionalit\u00e4t \u2013 jetzt online bestellen!\",\"breadcrumb\":{\"@id\":\"https:\/\/www.erresse-shop.it\/de\/shop\/tisch\/teller-geschirr\/sambonet-arthur-krupp-set-18-teller-neve\/#breadcrumb\"},\"inLanguage\":\"de-DE\",\"potentialAction\":[{\"@type\":\"ReadAction\",\"target\":[\"https:\/\/www.erresse-shop.it\/de\/shop\/tisch\/teller-geschirr\/sambonet-arthur-krupp-set-18-teller-neve\/\"]}]},{\"@type\":\"BreadcrumbList\",\"@id\":\"https:\/\/www.erresse-shop.it\/de\/shop\/tisch\/teller-geschirr\/sambonet-arthur-krupp-set-18-teller-neve\/#breadcrumb\",\"itemListElement\":[{\"@type\":\"ListItem\",\"position\":1,\"name\":\"Home\",\"item\":\"https:\/\/www.erresse-shop.it\/de\/\"},{\"@type\":\"ListItem\",\"position\":2,\"name\":\"Shop\",\"item\":\"https:\/\/www.erresse-shop.it\/de\/shop\/\"},{\"@type\":\"ListItem\",\"position\":3,\"name\":\"SAMBONET ARTHUR KRUPP Set 18 Teller Neve\"}]},{\"@type\":\"WebSite\",\"@id\":\"https:\/\/www.erresse-shop.it\/de\/#website\",\"url\":\"https:\/\/www.erresse-shop.it\/de\/\",\"name\":\"Erresse Shop\",\"description\":\"Articoli di qualit\u00e0 per la casa\",\"potentialAction\":[{\"@type\":\"SearchAction\",\"target\":{\"@type\":\"EntryPoint\",\"urlTemplate\":\"https:\/\/www.erresse-shop.it\/de\/?s={search_term_string}\"},\"query-input\":\"required name=search_term_string\"}],\"inLanguage\":\"de-DE\"}]}<\/script>\n<!-- \/ Yoast SEO Premium plugin. -->","yoast_head_json":{"title":"SAMBONET ARTHUR KRUPP Set 18 Teller Neve","description":"Entdecken Sie SAMBONET ARTHUR KRUPP Set 18 Teller Neve bei ErresseShop. Qualit\u00e4t, Stil und Funktionalit\u00e4t \u2013 jetzt online bestellen!","robots":{"index":"index","follow":"follow","max-snippet":"max-snippet:-1","max-image-preview":"max-image-preview:large","max-video-preview":"max-video-preview:-1"},"canonical":"https:\/\/www.erresse-shop.it\/de\/shop\/tisch\/teller-geschirr\/sambonet-arthur-krupp-set-18-teller-neve\/","og_locale":"de_DE","og_type":"article","og_title":"SAMBONET ARTHUR KRUPP Set 18 Teller Neve","og_description":"Entdecken Sie SAMBONET ARTHUR KRUPP Set 18 Teller Neve bei ErresseShop. Qualit\u00e4t, Stil und Funktionalit\u00e4t \u2013 jetzt online bestellen!","og_url":"https:\/\/www.erresse-shop.it\/de\/shop\/tisch\/teller-geschirr\/sambonet-arthur-krupp-set-18-teller-neve\/","og_site_name":"Erresse Shop","article_modified_time":"2025-01-16T07:30:05+00:00","og_image":[{"width":1000,"height":1000,"url":"https:\/\/www.erresse-shop.it\/wp-content\/uploads\/2021\/11\/SAMBONET-ARTHUR-KRUPP-Set-18-Pezzi-Neve-2.jpg","type":"image\/jpeg"}],"twitter_card":"summary_large_image","schema":{"@context":"https:\/\/schema.org","@graph":[{"@type":"WebPage","@id":"https:\/\/www.erresse-shop.it\/de\/shop\/tisch\/teller-geschirr\/sambonet-arthur-krupp-set-18-teller-neve\/","url":"https:\/\/www.erresse-shop.it\/de\/shop\/tisch\/teller-geschirr\/sambonet-arthur-krupp-set-18-teller-neve\/","name":"SAMBONET ARTHUR KRUPP Set 18 Teller Neve","isPartOf":{"@id":"https:\/\/www.erresse-shop.it\/de\/#website"},"datePublished":"2021-11-02T14:26:57+00:00","dateModified":"2025-01-16T07:30:05+00:00","description":"Entdecken Sie SAMBONET ARTHUR KRUPP Set 18 Teller Neve bei ErresseShop. Qualit\u00e4t, Stil und Funktionalit\u00e4t \u2013 jetzt online bestellen!","breadcrumb":{"@id":"https:\/\/www.erresse-shop.it\/de\/shop\/tisch\/teller-geschirr\/sambonet-arthur-krupp-set-18-teller-neve\/#breadcrumb"},"inLanguage":"de-DE","potentialAction":[{"@type":"ReadAction","target":["https:\/\/www.erresse-shop.it\/de\/shop\/tisch\/teller-geschirr\/sambonet-arthur-krupp-set-18-teller-neve\/"]}]},{"@type":"BreadcrumbList","@id":"https:\/\/www.erresse-shop.it\/de\/shop\/tisch\/teller-geschirr\/sambonet-arthur-krupp-set-18-teller-neve\/#breadcrumb","itemListElement":[{"@type":"ListItem","position":1,"name":"Home","item":"https:\/\/www.erresse-shop.it\/de\/"},{"@type":"ListItem","position":2,"name":"Shop","item":"https:\/\/www.erresse-shop.it\/de\/shop\/"},{"@type":"ListItem","position":3,"name":"SAMBONET ARTHUR KRUPP Set 18 Teller Neve"}]},{"@type":"WebSite","@id":"https:\/\/www.erresse-shop.it\/de\/#website","url":"https:\/\/www.erresse-shop.it\/de\/","name":"Erresse Shop","description":"Articoli di qualit\u00e0 per la casa","potentialAction":[{"@type":"SearchAction","target":{"@type":"EntryPoint","urlTemplate":"https:\/\/www.erresse-shop.it\/de\/?s={search_term_string}"},"query-input":"required name=search_term_string"}],"inLanguage":"de-DE"}]}},"df_price":69.5,"df_sale_price":69.5,"df_regular_price":139,"df_image_link":"https:\/\/www.erresse-shop.it\/wp-content\/uploads\/2021\/11\/SAMBONET-ARTHUR-KRUPP-Set-18-Pezzi-Neve-2-300x300.jpg","_links":{"self":[{"href":"https:\/\/www.erresse-shop.it\/de\/wp-json\/wp\/v2\/product\/126457"}],"collection":[{"href":"https:\/\/www.erresse-shop.it\/de\/wp-json\/wp\/v2\/product"}],"about":[{"href":"https:\/\/www.erresse-shop.it\/de\/wp-json\/wp\/v2\/types\/product"}],"wp:featuredmedia":[{"embeddable":true,"href":"https:\/\/www.erresse-shop.it\/de\/wp-json\/wp\/v2\/media\/126466"}],"wp:attachment":[{"href":"https:\/\/www.erresse-shop.it\/de\/wp-json\/wp\/v2\/media?parent=126457"}],"wp:term":[{"taxonomy":"product_cat","embeddable":true,"href":"https:\/\/www.erresse-shop.it\/de\/wp-json\/wp\/v2\/product_cat?post=126457"},{"taxonomy":"product_tag","embeddable":true,"href":"https:\/\/www.erresse-shop.it\/de\/wp-json\/wp\/v2\/product_tag?post=126457"}],"curies":[{"name":"wp","href":"https:\/\/api.w.org\/{rel}","templated":true}]}}