{"id":126404,"date":"2021-11-02T13:39:59","date_gmt":"2021-11-02T13:40:00","guid":{"rendered":"https:\/\/www.erresse-shop.it\/?post_type=product&#038;p=126404"},"modified":"2025-01-16T07:30:05","modified_gmt":"2025-01-16T07:30:05","slug":"sambonet-arthur-krupp-set-12-teller-fusion-blue","status":"publish","type":"product","link":"https:\/\/www.erresse-shop.it\/de\/shop\/tisch\/teller-geschirr\/sambonet-arthur-krupp-set-12-teller-fusion-blue\/","title":{"rendered":"SAMBONET ARTHUR KRUPP Set 12 Teller Fusion Blue"},"content":{"rendered":"<ul>\n<li>Das Arthur Krupp Tribal Mood-Porzellan erinnert an die Kunstfertigkeit der typischen afrikanischen K\u00f6rbe, die nicht nur ein funktionales Element, sondern auch ein Einrichtungselement sind, dessen Farben an die warmen Sonnenunterg\u00e4nge der Savanne erinnern; originelle und entschiedene Farbt\u00f6ne, die dem Tisch eine starke Pers\u00f6nlichkeit verleihen und das Gef\u00fchl von Freiheit und Entspannung vermitteln, das sich einstellt, wenn man in die Natur eintaucht.<\/li>\n<li>Trendige Texturen und Schattierungen, die eine starke emotionale Wirkung haben<\/li>\n<li>Set f\u00fcr 4 Personen (12 St\u00fcck), bestehend aus einem Speiseteller mit einem Durchmesser von 28 cm, einem Suppenteller mit einem Durchmesser von 22 cm und einem Obstteller mit einem Durchmesser von 20 cm; f\u00fcr den Speiseteller und den Obstteller sind 4 verschiedene Dekorationen enthalten<\/li>\n<li>Eine avantgardistische Verarbeitung: Vollst\u00e4ndige Glasur, Relief und Dekoration f\u00fcr einen dreidimensionalen Effekt, der taktile und visuelle Empfindungen verbindet<\/li>\n<li>Die typischen Dekorationen und Farben des Steinzeugs werden auf das Porzellan \u00fcbertragen, um einen Materialeffekt zu erzielen, der den warmen Stil der Keramik beibeh\u00e4lt und gleichzeitig die St\u00e4rke und Qualit\u00e4t des Hochtemperaturbrennens bietet.<\/li>\n<li>Sp\u00fclmaschinenfest<\/li>\n<li>Porzellangeschirr<\/li>\n<\/ul>\n","protected":false},"excerpt":{"rendered":"<p>Das Arthur Krupp Tribal Mood-Porzellan erinnert an die Kunstfertigkeit der typischen afrikanischen K\u00f6rbe, die nicht nur ein funktionales Element, sondern<\/p>\n","protected":false},"featured_media":126431,"template":"","meta":{"_acf_changed":false,"inline_featured_image":false},"product_cat":[6793,6787],"product_tag":[17243,23691,24604,21386,14262,25022,11827,21822],"acf":[],"yoast_head":"<!-- This site is optimized with the Yoast SEO Premium plugin v18.6 (Yoast SEO v19.13) - https:\/\/yoast.com\/wordpress\/plugins\/seo\/ -->\n<title>SAMBONET ARTHUR KRUPP Set 12 Teller Fusion Blue<\/title>\n<meta name=\"description\" content=\"Entdecken Sie SAMBONET ARTHUR KRUPP Set 12 Teller Fusion Blue bei ErresseShop. Qualit\u00e4t, Stil und Funktionalit\u00e4t \u2013 jetzt online bestellen!\" \/>\n<meta name=\"robots\" content=\"index, follow, max-snippet:-1, max-image-preview:large, max-video-preview:-1\" \/>\n<link rel=\"canonical\" href=\"https:\/\/www.erresse-shop.it\/de\/shop\/tisch\/teller-geschirr\/sambonet-arthur-krupp-set-12-teller-fusion-blue\/\" \/>\n<meta property=\"og:locale\" content=\"de_DE\" \/>\n<meta property=\"og:type\" content=\"article\" \/>\n<meta property=\"og:title\" content=\"SAMBONET ARTHUR KRUPP Set 12 Teller Fusion Blue\" \/>\n<meta property=\"og:description\" content=\"Entdecken Sie SAMBONET ARTHUR KRUPP Set 12 Teller Fusion Blue bei ErresseShop. Qualit\u00e4t, Stil und Funktionalit\u00e4t \u2013 jetzt online bestellen!\" \/>\n<meta property=\"og:url\" content=\"https:\/\/www.erresse-shop.it\/de\/shop\/tisch\/teller-geschirr\/sambonet-arthur-krupp-set-12-teller-fusion-blue\/\" \/>\n<meta property=\"og:site_name\" content=\"Erresse Shop\" \/>\n<meta property=\"article:modified_time\" content=\"2025-01-16T07:30:05+00:00\" \/>\n<meta property=\"og:image\" content=\"https:\/\/www.erresse-shop.it\/wp-content\/uploads\/2021\/11\/SAMBONET-ARTHUR-KRUPP-Set-12-Piatti-Fusion-Blue.jpg\" \/>\n\t<meta property=\"og:image:width\" content=\"1000\" \/>\n\t<meta property=\"og:image:height\" content=\"1000\" \/>\n\t<meta property=\"og:image:type\" content=\"image\/jpeg\" \/>\n<meta name=\"twitter:card\" content=\"summary_large_image\" \/>\n<script type=\"application\/ld+json\" class=\"yoast-schema-graph\">{\"@context\":\"https:\/\/schema.org\",\"@graph\":[{\"@type\":\"WebPage\",\"@id\":\"https:\/\/www.erresse-shop.it\/de\/shop\/tisch\/teller-geschirr\/sambonet-arthur-krupp-set-12-teller-fusion-blue\/\",\"url\":\"https:\/\/www.erresse-shop.it\/de\/shop\/tisch\/teller-geschirr\/sambonet-arthur-krupp-set-12-teller-fusion-blue\/\",\"name\":\"SAMBONET ARTHUR KRUPP Set 12 Teller Fusion Blue\",\"isPartOf\":{\"@id\":\"https:\/\/www.erresse-shop.it\/de\/#website\"},\"datePublished\":\"2021-11-02T13:40:00+00:00\",\"dateModified\":\"2025-01-16T07:30:05+00:00\",\"description\":\"Entdecken Sie SAMBONET ARTHUR KRUPP Set 12 Teller Fusion Blue bei ErresseShop. Qualit\u00e4t, Stil und Funktionalit\u00e4t \u2013 jetzt online bestellen!\",\"breadcrumb\":{\"@id\":\"https:\/\/www.erresse-shop.it\/de\/shop\/tisch\/teller-geschirr\/sambonet-arthur-krupp-set-12-teller-fusion-blue\/#breadcrumb\"},\"inLanguage\":\"de-DE\",\"potentialAction\":[{\"@type\":\"ReadAction\",\"target\":[\"https:\/\/www.erresse-shop.it\/de\/shop\/tisch\/teller-geschirr\/sambonet-arthur-krupp-set-12-teller-fusion-blue\/\"]}]},{\"@type\":\"BreadcrumbList\",\"@id\":\"https:\/\/www.erresse-shop.it\/de\/shop\/tisch\/teller-geschirr\/sambonet-arthur-krupp-set-12-teller-fusion-blue\/#breadcrumb\",\"itemListElement\":[{\"@type\":\"ListItem\",\"position\":1,\"name\":\"Home\",\"item\":\"https:\/\/www.erresse-shop.it\/de\/\"},{\"@type\":\"ListItem\",\"position\":2,\"name\":\"Shop\",\"item\":\"https:\/\/www.erresse-shop.it\/de\/shop\/\"},{\"@type\":\"ListItem\",\"position\":3,\"name\":\"SAMBONET ARTHUR KRUPP Set 12 Teller Fusion Blue\"}]},{\"@type\":\"WebSite\",\"@id\":\"https:\/\/www.erresse-shop.it\/de\/#website\",\"url\":\"https:\/\/www.erresse-shop.it\/de\/\",\"name\":\"Erresse Shop\",\"description\":\"Articoli di qualit\u00e0 per la casa\",\"potentialAction\":[{\"@type\":\"SearchAction\",\"target\":{\"@type\":\"EntryPoint\",\"urlTemplate\":\"https:\/\/www.erresse-shop.it\/de\/?s={search_term_string}\"},\"query-input\":\"required name=search_term_string\"}],\"inLanguage\":\"de-DE\"}]}<\/script>\n<!-- \/ Yoast SEO Premium plugin. -->","yoast_head_json":{"title":"SAMBONET ARTHUR KRUPP Set 12 Teller Fusion Blue","description":"Entdecken Sie SAMBONET ARTHUR KRUPP Set 12 Teller Fusion Blue bei ErresseShop. Qualit\u00e4t, Stil und Funktionalit\u00e4t \u2013 jetzt online bestellen!","robots":{"index":"index","follow":"follow","max-snippet":"max-snippet:-1","max-image-preview":"max-image-preview:large","max-video-preview":"max-video-preview:-1"},"canonical":"https:\/\/www.erresse-shop.it\/de\/shop\/tisch\/teller-geschirr\/sambonet-arthur-krupp-set-12-teller-fusion-blue\/","og_locale":"de_DE","og_type":"article","og_title":"SAMBONET ARTHUR KRUPP Set 12 Teller Fusion Blue","og_description":"Entdecken Sie SAMBONET ARTHUR KRUPP Set 12 Teller Fusion Blue bei ErresseShop. Qualit\u00e4t, Stil und Funktionalit\u00e4t \u2013 jetzt online bestellen!","og_url":"https:\/\/www.erresse-shop.it\/de\/shop\/tisch\/teller-geschirr\/sambonet-arthur-krupp-set-12-teller-fusion-blue\/","og_site_name":"Erresse Shop","article_modified_time":"2025-01-16T07:30:05+00:00","og_image":[{"width":1000,"height":1000,"url":"https:\/\/www.erresse-shop.it\/wp-content\/uploads\/2021\/11\/SAMBONET-ARTHUR-KRUPP-Set-12-Piatti-Fusion-Blue.jpg","type":"image\/jpeg"}],"twitter_card":"summary_large_image","schema":{"@context":"https:\/\/schema.org","@graph":[{"@type":"WebPage","@id":"https:\/\/www.erresse-shop.it\/de\/shop\/tisch\/teller-geschirr\/sambonet-arthur-krupp-set-12-teller-fusion-blue\/","url":"https:\/\/www.erresse-shop.it\/de\/shop\/tisch\/teller-geschirr\/sambonet-arthur-krupp-set-12-teller-fusion-blue\/","name":"SAMBONET ARTHUR KRUPP Set 12 Teller Fusion Blue","isPartOf":{"@id":"https:\/\/www.erresse-shop.it\/de\/#website"},"datePublished":"2021-11-02T13:40:00+00:00","dateModified":"2025-01-16T07:30:05+00:00","description":"Entdecken Sie SAMBONET ARTHUR KRUPP Set 12 Teller Fusion Blue bei ErresseShop. Qualit\u00e4t, Stil und Funktionalit\u00e4t \u2013 jetzt online bestellen!","breadcrumb":{"@id":"https:\/\/www.erresse-shop.it\/de\/shop\/tisch\/teller-geschirr\/sambonet-arthur-krupp-set-12-teller-fusion-blue\/#breadcrumb"},"inLanguage":"de-DE","potentialAction":[{"@type":"ReadAction","target":["https:\/\/www.erresse-shop.it\/de\/shop\/tisch\/teller-geschirr\/sambonet-arthur-krupp-set-12-teller-fusion-blue\/"]}]},{"@type":"BreadcrumbList","@id":"https:\/\/www.erresse-shop.it\/de\/shop\/tisch\/teller-geschirr\/sambonet-arthur-krupp-set-12-teller-fusion-blue\/#breadcrumb","itemListElement":[{"@type":"ListItem","position":1,"name":"Home","item":"https:\/\/www.erresse-shop.it\/de\/"},{"@type":"ListItem","position":2,"name":"Shop","item":"https:\/\/www.erresse-shop.it\/de\/shop\/"},{"@type":"ListItem","position":3,"name":"SAMBONET ARTHUR KRUPP Set 12 Teller Fusion Blue"}]},{"@type":"WebSite","@id":"https:\/\/www.erresse-shop.it\/de\/#website","url":"https:\/\/www.erresse-shop.it\/de\/","name":"Erresse Shop","description":"Articoli di qualit\u00e0 per la casa","potentialAction":[{"@type":"SearchAction","target":{"@type":"EntryPoint","urlTemplate":"https:\/\/www.erresse-shop.it\/de\/?s={search_term_string}"},"query-input":"required name=search_term_string"}],"inLanguage":"de-DE"}]}},"df_price":109.95,"df_sale_price":109.95,"df_regular_price":219.9,"df_image_link":"https:\/\/www.erresse-shop.it\/wp-content\/uploads\/2021\/11\/SAMBONET-ARTHUR-KRUPP-Set-12-Piatti-Fusion-Blue-300x300.jpg","_links":{"self":[{"href":"https:\/\/www.erresse-shop.it\/de\/wp-json\/wp\/v2\/product\/126404"}],"collection":[{"href":"https:\/\/www.erresse-shop.it\/de\/wp-json\/wp\/v2\/product"}],"about":[{"href":"https:\/\/www.erresse-shop.it\/de\/wp-json\/wp\/v2\/types\/product"}],"wp:featuredmedia":[{"embeddable":true,"href":"https:\/\/www.erresse-shop.it\/de\/wp-json\/wp\/v2\/media\/126431"}],"wp:attachment":[{"href":"https:\/\/www.erresse-shop.it\/de\/wp-json\/wp\/v2\/media?parent=126404"}],"wp:term":[{"taxonomy":"product_cat","embeddable":true,"href":"https:\/\/www.erresse-shop.it\/de\/wp-json\/wp\/v2\/product_cat?post=126404"},{"taxonomy":"product_tag","embeddable":true,"href":"https:\/\/www.erresse-shop.it\/de\/wp-json\/wp\/v2\/product_tag?post=126404"}],"curies":[{"name":"wp","href":"https:\/\/api.w.org\/{rel}","templated":true}]}}