{"id":125803,"date":"2021-10-29T06:14:10","date_gmt":"2021-10-29T06:15:28","guid":{"rendered":"https:\/\/www.erresse-shop.it\/?post_type=product&#038;p=125803"},"modified":"2023-07-17T00:03:03","modified_gmt":"2023-07-17T00:03:03","slug":"sambonet-besteckservice-24-stuck-siena","status":"publish","type":"product","link":"https:\/\/www.erresse-shop.it\/de\/shop\/tisch\/besteck\/sambonet-besteckservice-24-stuck-siena\/","title":{"rendered":"SAMBONET Besteckservice 24 St\u00fcck Siena"},"content":{"rendered":"<ul>\n<li>6 Essl\u00f6ffel, 6 Gabeln, 6 Messer, 6 Teel\u00f6ffel<\/li>\n<li>Besteck mit einzigartigen Texturen auf dem Markt.<\/li>\n<li>Beide Seiten des Bestecks sind mit einem Dekor versehen, das w\u00e4hrend des Formprozesses hergestellt wird.<\/li>\n<li>Details, die durch Abnutzung oder Zeit nicht beeintr\u00e4chtigt werden.<\/li>\n<li>Ein Vorschlag f\u00fcr die Tischdekoration f\u00fcr diejenigen, die entgegen dem Trend mit dem Besteck und nicht mit dem Teller beginnen.<\/li>\n<li>Zeitgen\u00f6ssischer Luxus neu interpretiert in einer modischen Tonart.<\/li>\n<li>Hergestellt aus hochwertigem 18\/10 Edelstahl und sp\u00fclmaschinenfest.<br \/>\nSiena erneuert die Stahloberfl\u00e4chen mit einem raffinierten Flachrelief, das starke taktile Empfindungen hervorruft.<\/li>\n<li>Trendige Texturen, inspiriert von traumhaften Urlaubsorten und internationalen Jetset-Zielen. Siena zeichnet sich durch das modische Relief aus, das auf dem gesamten Besteckk\u00f6rper eingepr\u00e4gt ist und f\u00fcr eine \u00e4u\u00dferst raffinierte Inszenierung sorgt.<\/li>\n<\/ul>\n","protected":false},"excerpt":{"rendered":"<p>6 Essl\u00f6ffel, 6 Gabeln, 6 Messer, 6 Teel\u00f6ffel Besteck mit einzigartigen Texturen auf dem Markt. Beide Seiten des Bestecks sind<\/p>\n","protected":false},"featured_media":125824,"template":"","meta":{"_acf_changed":false,"inline_featured_image":false},"product_cat":[6790,6787],"product_tag":[17197,23911,23691,17204,17196],"acf":[],"yoast_head":"<!-- This site is optimized with the Yoast SEO Premium plugin v18.6 (Yoast SEO v19.13) - https:\/\/yoast.com\/wordpress\/plugins\/seo\/ -->\n<title>SAMBONET Besteckservice 24 St\u00fcck Siena - Erresse Shop<\/title>\n<meta name=\"description\" content=\"6 Essl\u00f6ffel, 6 Gabeln, 6 Messer, 6 Teel\u00f6ffel Besteck mit einzigartigen Texturen auf dem Markt. Beide Seiten des Bestecks sind mit einem Dekor versehen,\" \/>\n<meta name=\"robots\" content=\"index, follow, max-snippet:-1, max-image-preview:large, max-video-preview:-1\" \/>\n<link rel=\"canonical\" href=\"https:\/\/www.erresse-shop.it\/de\/shop\/tisch\/besteck\/sambonet-besteckservice-24-stuck-siena\/\" \/>\n<meta property=\"og:locale\" content=\"de_DE\" \/>\n<meta property=\"og:type\" content=\"article\" \/>\n<meta property=\"og:title\" content=\"SAMBONET Besteckservice 24 St\u00fcck Siena\" \/>\n<meta property=\"og:description\" content=\"6 Essl\u00f6ffel, 6 Gabeln, 6 Messer, 6 Teel\u00f6ffel Besteck mit einzigartigen Texturen auf dem Markt. Beide Seiten des Bestecks sind mit einem Dekor versehen,\" \/>\n<meta property=\"og:url\" content=\"https:\/\/www.erresse-shop.it\/de\/shop\/tisch\/besteck\/sambonet-besteckservice-24-stuck-siena\/\" \/>\n<meta property=\"og:site_name\" content=\"Erresse Shop\" \/>\n<meta property=\"article:modified_time\" content=\"2023-07-17T00:03:03+00:00\" \/>\n<meta property=\"og:image\" content=\"https:\/\/www.erresse-shop.it\/wp-content\/uploads\/2021\/10\/SAMBONET-Posate-Siena.jpg\" \/>\n\t<meta property=\"og:image:width\" content=\"1000\" \/>\n\t<meta property=\"og:image:height\" content=\"1000\" \/>\n\t<meta property=\"og:image:type\" content=\"image\/jpeg\" \/>\n<meta name=\"twitter:card\" content=\"summary_large_image\" \/>\n<script type=\"application\/ld+json\" class=\"yoast-schema-graph\">{\"@context\":\"https:\/\/schema.org\",\"@graph\":[{\"@type\":\"WebPage\",\"@id\":\"https:\/\/www.erresse-shop.it\/de\/shop\/tisch\/besteck\/sambonet-besteckservice-24-stuck-siena\/\",\"url\":\"https:\/\/www.erresse-shop.it\/de\/shop\/tisch\/besteck\/sambonet-besteckservice-24-stuck-siena\/\",\"name\":\"SAMBONET Besteckservice 24 St\u00fcck Siena - Erresse Shop\",\"isPartOf\":{\"@id\":\"https:\/\/www.erresse-shop.it\/de\/#website\"},\"datePublished\":\"2021-10-29T06:15:28+00:00\",\"dateModified\":\"2023-07-17T00:03:03+00:00\",\"description\":\"6 Essl\u00f6ffel, 6 Gabeln, 6 Messer, 6 Teel\u00f6ffel Besteck mit einzigartigen Texturen auf dem Markt. Beide Seiten des Bestecks sind mit einem Dekor versehen,\",\"breadcrumb\":{\"@id\":\"https:\/\/www.erresse-shop.it\/de\/shop\/tisch\/besteck\/sambonet-besteckservice-24-stuck-siena\/#breadcrumb\"},\"inLanguage\":\"de-DE\",\"potentialAction\":[{\"@type\":\"ReadAction\",\"target\":[\"https:\/\/www.erresse-shop.it\/de\/shop\/tisch\/besteck\/sambonet-besteckservice-24-stuck-siena\/\"]}]},{\"@type\":\"BreadcrumbList\",\"@id\":\"https:\/\/www.erresse-shop.it\/de\/shop\/tisch\/besteck\/sambonet-besteckservice-24-stuck-siena\/#breadcrumb\",\"itemListElement\":[{\"@type\":\"ListItem\",\"position\":1,\"name\":\"Home\",\"item\":\"https:\/\/www.erresse-shop.it\/de\/\"},{\"@type\":\"ListItem\",\"position\":2,\"name\":\"Shop\",\"item\":\"https:\/\/www.erresse-shop.it\/de\/shop\/\"},{\"@type\":\"ListItem\",\"position\":3,\"name\":\"SAMBONET Besteckservice 24 St\u00fcck Siena\"}]},{\"@type\":\"WebSite\",\"@id\":\"https:\/\/www.erresse-shop.it\/de\/#website\",\"url\":\"https:\/\/www.erresse-shop.it\/de\/\",\"name\":\"Erresse Shop\",\"description\":\"Articoli di qualit\u00e0 per la casa\",\"potentialAction\":[{\"@type\":\"SearchAction\",\"target\":{\"@type\":\"EntryPoint\",\"urlTemplate\":\"https:\/\/www.erresse-shop.it\/de\/?s={search_term_string}\"},\"query-input\":\"required name=search_term_string\"}],\"inLanguage\":\"de-DE\"}]}<\/script>\n<!-- \/ Yoast SEO Premium plugin. -->","yoast_head_json":{"title":"SAMBONET Besteckservice 24 St\u00fcck Siena - Erresse Shop","description":"6 Essl\u00f6ffel, 6 Gabeln, 6 Messer, 6 Teel\u00f6ffel Besteck mit einzigartigen Texturen auf dem Markt. Beide Seiten des Bestecks sind mit einem Dekor versehen,","robots":{"index":"index","follow":"follow","max-snippet":"max-snippet:-1","max-image-preview":"max-image-preview:large","max-video-preview":"max-video-preview:-1"},"canonical":"https:\/\/www.erresse-shop.it\/de\/shop\/tisch\/besteck\/sambonet-besteckservice-24-stuck-siena\/","og_locale":"de_DE","og_type":"article","og_title":"SAMBONET Besteckservice 24 St\u00fcck Siena","og_description":"6 Essl\u00f6ffel, 6 Gabeln, 6 Messer, 6 Teel\u00f6ffel Besteck mit einzigartigen Texturen auf dem Markt. Beide Seiten des Bestecks sind mit einem Dekor versehen,","og_url":"https:\/\/www.erresse-shop.it\/de\/shop\/tisch\/besteck\/sambonet-besteckservice-24-stuck-siena\/","og_site_name":"Erresse Shop","article_modified_time":"2023-07-17T00:03:03+00:00","og_image":[{"width":1000,"height":1000,"url":"https:\/\/www.erresse-shop.it\/wp-content\/uploads\/2021\/10\/SAMBONET-Posate-Siena.jpg","type":"image\/jpeg"}],"twitter_card":"summary_large_image","schema":{"@context":"https:\/\/schema.org","@graph":[{"@type":"WebPage","@id":"https:\/\/www.erresse-shop.it\/de\/shop\/tisch\/besteck\/sambonet-besteckservice-24-stuck-siena\/","url":"https:\/\/www.erresse-shop.it\/de\/shop\/tisch\/besteck\/sambonet-besteckservice-24-stuck-siena\/","name":"SAMBONET Besteckservice 24 St\u00fcck Siena - Erresse Shop","isPartOf":{"@id":"https:\/\/www.erresse-shop.it\/de\/#website"},"datePublished":"2021-10-29T06:15:28+00:00","dateModified":"2023-07-17T00:03:03+00:00","description":"6 Essl\u00f6ffel, 6 Gabeln, 6 Messer, 6 Teel\u00f6ffel Besteck mit einzigartigen Texturen auf dem Markt. Beide Seiten des Bestecks sind mit einem Dekor versehen,","breadcrumb":{"@id":"https:\/\/www.erresse-shop.it\/de\/shop\/tisch\/besteck\/sambonet-besteckservice-24-stuck-siena\/#breadcrumb"},"inLanguage":"de-DE","potentialAction":[{"@type":"ReadAction","target":["https:\/\/www.erresse-shop.it\/de\/shop\/tisch\/besteck\/sambonet-besteckservice-24-stuck-siena\/"]}]},{"@type":"BreadcrumbList","@id":"https:\/\/www.erresse-shop.it\/de\/shop\/tisch\/besteck\/sambonet-besteckservice-24-stuck-siena\/#breadcrumb","itemListElement":[{"@type":"ListItem","position":1,"name":"Home","item":"https:\/\/www.erresse-shop.it\/de\/"},{"@type":"ListItem","position":2,"name":"Shop","item":"https:\/\/www.erresse-shop.it\/de\/shop\/"},{"@type":"ListItem","position":3,"name":"SAMBONET Besteckservice 24 St\u00fcck Siena"}]},{"@type":"WebSite","@id":"https:\/\/www.erresse-shop.it\/de\/#website","url":"https:\/\/www.erresse-shop.it\/de\/","name":"Erresse Shop","description":"Articoli di qualit\u00e0 per la casa","potentialAction":[{"@type":"SearchAction","target":{"@type":"EntryPoint","urlTemplate":"https:\/\/www.erresse-shop.it\/de\/?s={search_term_string}"},"query-input":"required name=search_term_string"}],"inLanguage":"de-DE"}]}},"df_price":109.45,"df_sale_price":109.45,"df_regular_price":199,"df_image_link":"https:\/\/www.erresse-shop.it\/wp-content\/uploads\/2021\/10\/SAMBONET-Posate-Siena-300x300.jpg","_links":{"self":[{"href":"https:\/\/www.erresse-shop.it\/de\/wp-json\/wp\/v2\/product\/125803"}],"collection":[{"href":"https:\/\/www.erresse-shop.it\/de\/wp-json\/wp\/v2\/product"}],"about":[{"href":"https:\/\/www.erresse-shop.it\/de\/wp-json\/wp\/v2\/types\/product"}],"wp:featuredmedia":[{"embeddable":true,"href":"https:\/\/www.erresse-shop.it\/de\/wp-json\/wp\/v2\/media\/125824"}],"wp:attachment":[{"href":"https:\/\/www.erresse-shop.it\/de\/wp-json\/wp\/v2\/media?parent=125803"}],"wp:term":[{"taxonomy":"product_cat","embeddable":true,"href":"https:\/\/www.erresse-shop.it\/de\/wp-json\/wp\/v2\/product_cat?post=125803"},{"taxonomy":"product_tag","embeddable":true,"href":"https:\/\/www.erresse-shop.it\/de\/wp-json\/wp\/v2\/product_tag?post=125803"}],"curies":[{"name":"wp","href":"https:\/\/api.w.org\/{rel}","templated":true}]}}