{"id":125728,"date":"2021-10-28T08:58:37","date_gmt":"2021-10-28T08:58:41","guid":{"rendered":"https:\/\/www.erresse-shop.it\/?post_type=product&#038;p=125728"},"modified":"2025-01-17T17:53:10","modified_gmt":"2025-01-17T17:53:10","slug":"toms-drag-drag-tablett-s","status":"publish","type":"product","link":"https:\/\/www.erresse-shop.it\/de\/shop\/tisch\/serviertablette\/toms-drag-drag-tablett-s\/","title":{"rendered":"TOM&#8217;S DRAG Drag Tablett S"},"content":{"rendered":"<p><strong>Material:<\/strong> Harz<\/p>\n<p><strong>DRAG TABLETT<\/strong><br \/>\nWer mit einem Drag-M\u00f6belst\u00fcck einen kr\u00e4ftigen Farbakzent setzt, setzt nat\u00fcrlich ein stilsicheres Statement. Ein St\u00fcck ist verr\u00fcckter und ausgefallener als das andere, aber sie sind alle ein Blickfang und ein absolutes Highlight in jeder Wohnung.<\/p>\n<p>Die klassische Tom&#8217;s Drag-M\u00f6belkollektion und -Accessoires sind eine kreative Art, das Zuhause einzurichten. Ein einzigartiger und exzentrischer Stil, der die Blicke und die Aufmerksamkeit aller G\u00e4ste auf sich zieht.<br \/>\nAlle M\u00f6bel und Accessoires sind handbemalt.<\/p>\n","protected":false},"excerpt":{"rendered":"<p>Material: Harz DRAG TABLETT Wer mit einem Drag-M\u00f6belst\u00fcck einen kr\u00e4ftigen Farbakzent setzt, setzt nat\u00fcrlich ein stilsicheres Statement. Ein St\u00fcck ist<\/p>\n","protected":false},"featured_media":125725,"template":"","meta":{"_acf_changed":false,"inline_featured_image":false},"product_cat":[6853,6787],"product_tag":[25038,14262,25022,11587],"acf":[],"yoast_head":"<!-- This site is optimized with the Yoast SEO Premium plugin v18.6 (Yoast SEO v19.13) - https:\/\/yoast.com\/wordpress\/plugins\/seo\/ -->\n<title>TOM&#039;S DRAG Drag Tablett S<\/title>\n<meta name=\"description\" content=\"Entdecken Sie TOM&#039;S DRAG Drag Tablett S bei ErresseShop. Qualit\u00e4t, Stil und Funktionalit\u00e4t \u2013 jetzt online bestellen!\" \/>\n<meta name=\"robots\" content=\"index, follow, max-snippet:-1, max-image-preview:large, max-video-preview:-1\" \/>\n<link rel=\"canonical\" href=\"https:\/\/www.erresse-shop.it\/de\/shop\/tisch\/serviertablette\/toms-drag-drag-tablett-s\/\" \/>\n<meta property=\"og:locale\" content=\"de_DE\" \/>\n<meta property=\"og:type\" content=\"article\" \/>\n<meta property=\"og:title\" content=\"TOM&#039;S DRAG Drag Tablett S\" \/>\n<meta property=\"og:description\" content=\"Entdecken Sie TOM&#039;S DRAG Drag Tablett S bei ErresseShop. Qualit\u00e4t, Stil und Funktionalit\u00e4t \u2013 jetzt online bestellen!\" \/>\n<meta property=\"og:url\" content=\"https:\/\/www.erresse-shop.it\/de\/shop\/tisch\/serviertablette\/toms-drag-drag-tablett-s\/\" \/>\n<meta property=\"og:site_name\" content=\"Erresse Shop\" \/>\n<meta property=\"article:modified_time\" content=\"2025-01-17T17:53:10+00:00\" \/>\n<meta property=\"og:image\" content=\"https:\/\/www.erresse-shop.it\/wp-content\/uploads\/2021\/10\/TOMS-DRAG-Vassoio-Drag-S.jpg\" \/>\n\t<meta property=\"og:image:width\" content=\"1000\" \/>\n\t<meta property=\"og:image:height\" content=\"1000\" \/>\n\t<meta property=\"og:image:type\" content=\"image\/jpeg\" \/>\n<meta name=\"twitter:card\" content=\"summary_large_image\" \/>\n<script type=\"application\/ld+json\" class=\"yoast-schema-graph\">{\"@context\":\"https:\/\/schema.org\",\"@graph\":[{\"@type\":\"WebPage\",\"@id\":\"https:\/\/www.erresse-shop.it\/de\/shop\/tisch\/serviertablette\/toms-drag-drag-tablett-s\/\",\"url\":\"https:\/\/www.erresse-shop.it\/de\/shop\/tisch\/serviertablette\/toms-drag-drag-tablett-s\/\",\"name\":\"TOM'S DRAG Drag Tablett S\",\"isPartOf\":{\"@id\":\"https:\/\/www.erresse-shop.it\/de\/#website\"},\"datePublished\":\"2021-10-28T08:58:41+00:00\",\"dateModified\":\"2025-01-17T17:53:10+00:00\",\"description\":\"Entdecken Sie TOM'S DRAG Drag Tablett S bei ErresseShop. Qualit\u00e4t, Stil und Funktionalit\u00e4t \u2013 jetzt online bestellen!\",\"breadcrumb\":{\"@id\":\"https:\/\/www.erresse-shop.it\/de\/shop\/tisch\/serviertablette\/toms-drag-drag-tablett-s\/#breadcrumb\"},\"inLanguage\":\"de-DE\",\"potentialAction\":[{\"@type\":\"ReadAction\",\"target\":[\"https:\/\/www.erresse-shop.it\/de\/shop\/tisch\/serviertablette\/toms-drag-drag-tablett-s\/\"]}]},{\"@type\":\"BreadcrumbList\",\"@id\":\"https:\/\/www.erresse-shop.it\/de\/shop\/tisch\/serviertablette\/toms-drag-drag-tablett-s\/#breadcrumb\",\"itemListElement\":[{\"@type\":\"ListItem\",\"position\":1,\"name\":\"Home\",\"item\":\"https:\/\/www.erresse-shop.it\/de\/\"},{\"@type\":\"ListItem\",\"position\":2,\"name\":\"Shop\",\"item\":\"https:\/\/www.erresse-shop.it\/de\/shop\/\"},{\"@type\":\"ListItem\",\"position\":3,\"name\":\"TOM&#8217;S DRAG Drag Tablett S\"}]},{\"@type\":\"WebSite\",\"@id\":\"https:\/\/www.erresse-shop.it\/de\/#website\",\"url\":\"https:\/\/www.erresse-shop.it\/de\/\",\"name\":\"Erresse Shop\",\"description\":\"Articoli di qualit\u00e0 per la casa\",\"potentialAction\":[{\"@type\":\"SearchAction\",\"target\":{\"@type\":\"EntryPoint\",\"urlTemplate\":\"https:\/\/www.erresse-shop.it\/de\/?s={search_term_string}\"},\"query-input\":\"required name=search_term_string\"}],\"inLanguage\":\"de-DE\"}]}<\/script>\n<!-- \/ Yoast SEO Premium plugin. -->","yoast_head_json":{"title":"TOM'S DRAG Drag Tablett S","description":"Entdecken Sie TOM'S DRAG Drag Tablett S bei ErresseShop. Qualit\u00e4t, Stil und Funktionalit\u00e4t \u2013 jetzt online bestellen!","robots":{"index":"index","follow":"follow","max-snippet":"max-snippet:-1","max-image-preview":"max-image-preview:large","max-video-preview":"max-video-preview:-1"},"canonical":"https:\/\/www.erresse-shop.it\/de\/shop\/tisch\/serviertablette\/toms-drag-drag-tablett-s\/","og_locale":"de_DE","og_type":"article","og_title":"TOM'S DRAG Drag Tablett S","og_description":"Entdecken Sie TOM'S DRAG Drag Tablett S bei ErresseShop. Qualit\u00e4t, Stil und Funktionalit\u00e4t \u2013 jetzt online bestellen!","og_url":"https:\/\/www.erresse-shop.it\/de\/shop\/tisch\/serviertablette\/toms-drag-drag-tablett-s\/","og_site_name":"Erresse Shop","article_modified_time":"2025-01-17T17:53:10+00:00","og_image":[{"width":1000,"height":1000,"url":"https:\/\/www.erresse-shop.it\/wp-content\/uploads\/2021\/10\/TOMS-DRAG-Vassoio-Drag-S.jpg","type":"image\/jpeg"}],"twitter_card":"summary_large_image","schema":{"@context":"https:\/\/schema.org","@graph":[{"@type":"WebPage","@id":"https:\/\/www.erresse-shop.it\/de\/shop\/tisch\/serviertablette\/toms-drag-drag-tablett-s\/","url":"https:\/\/www.erresse-shop.it\/de\/shop\/tisch\/serviertablette\/toms-drag-drag-tablett-s\/","name":"TOM'S DRAG Drag Tablett S","isPartOf":{"@id":"https:\/\/www.erresse-shop.it\/de\/#website"},"datePublished":"2021-10-28T08:58:41+00:00","dateModified":"2025-01-17T17:53:10+00:00","description":"Entdecken Sie TOM'S DRAG Drag Tablett S bei ErresseShop. Qualit\u00e4t, Stil und Funktionalit\u00e4t \u2013 jetzt online bestellen!","breadcrumb":{"@id":"https:\/\/www.erresse-shop.it\/de\/shop\/tisch\/serviertablette\/toms-drag-drag-tablett-s\/#breadcrumb"},"inLanguage":"de-DE","potentialAction":[{"@type":"ReadAction","target":["https:\/\/www.erresse-shop.it\/de\/shop\/tisch\/serviertablette\/toms-drag-drag-tablett-s\/"]}]},{"@type":"BreadcrumbList","@id":"https:\/\/www.erresse-shop.it\/de\/shop\/tisch\/serviertablette\/toms-drag-drag-tablett-s\/#breadcrumb","itemListElement":[{"@type":"ListItem","position":1,"name":"Home","item":"https:\/\/www.erresse-shop.it\/de\/"},{"@type":"ListItem","position":2,"name":"Shop","item":"https:\/\/www.erresse-shop.it\/de\/shop\/"},{"@type":"ListItem","position":3,"name":"TOM&#8217;S DRAG Drag Tablett S"}]},{"@type":"WebSite","@id":"https:\/\/www.erresse-shop.it\/de\/#website","url":"https:\/\/www.erresse-shop.it\/de\/","name":"Erresse Shop","description":"Articoli di qualit\u00e0 per la casa","potentialAction":[{"@type":"SearchAction","target":{"@type":"EntryPoint","urlTemplate":"https:\/\/www.erresse-shop.it\/de\/?s={search_term_string}"},"query-input":"required name=search_term_string"}],"inLanguage":"de-DE"}]}},"df_price":109.95,"df_sale_price":109.95,"df_regular_price":170,"df_image_link":"https:\/\/www.erresse-shop.it\/wp-content\/uploads\/2021\/10\/TOMS-DRAG-Vassoio-Drag-S-300x300.jpg","_links":{"self":[{"href":"https:\/\/www.erresse-shop.it\/de\/wp-json\/wp\/v2\/product\/125728"}],"collection":[{"href":"https:\/\/www.erresse-shop.it\/de\/wp-json\/wp\/v2\/product"}],"about":[{"href":"https:\/\/www.erresse-shop.it\/de\/wp-json\/wp\/v2\/types\/product"}],"wp:featuredmedia":[{"embeddable":true,"href":"https:\/\/www.erresse-shop.it\/de\/wp-json\/wp\/v2\/media\/125725"}],"wp:attachment":[{"href":"https:\/\/www.erresse-shop.it\/de\/wp-json\/wp\/v2\/media?parent=125728"}],"wp:term":[{"taxonomy":"product_cat","embeddable":true,"href":"https:\/\/www.erresse-shop.it\/de\/wp-json\/wp\/v2\/product_cat?post=125728"},{"taxonomy":"product_tag","embeddable":true,"href":"https:\/\/www.erresse-shop.it\/de\/wp-json\/wp\/v2\/product_tag?post=125728"}],"curies":[{"name":"wp","href":"https:\/\/api.w.org\/{rel}","templated":true}]}}