{"id":125601,"date":"2021-10-28T07:04:08","date_gmt":"2021-10-28T07:04:09","guid":{"rendered":"https:\/\/www.erresse-shop.it\/?post_type=product&#038;p=125601"},"modified":"2025-01-17T17:53:09","modified_gmt":"2025-01-17T17:53:09","slug":"toms-drag-wandkonsole-ladys-legs","status":"publish","type":"product","link":"https:\/\/www.erresse-shop.it\/de\/shop\/einrichtung-haus\/moebel\/toms-drag-wandkonsole-ladys-legs\/","title":{"rendered":"TOM&#8217;S DRAG Wandkonsole Lady&#8217;s Legs"},"content":{"rendered":"<p><strong>Material:<\/strong> Holz<\/p>\n<p><strong>KONSOLE &#8220;BEINE DER DAME&#8221;<\/strong><br \/>\nWandkonsole &#8220;Lady&#8217;s Legs&#8221; in Form attraktiver Frauenbeine: Wer mit einem Drag-M\u00f6belst\u00fcck einen kr\u00e4ftigen Farbakzent setzt, setzt nat\u00fcrlich ein stilsicheres Statement. Ein St\u00fcck ist verr\u00fcckter und ausgefallener als das andere, aber sie sind alle ein Blickfang und ein absolutes Highlight in jeder Wohnung.<\/p>\n<p>Die klassische Tom&#8217;s Drag-M\u00f6belkollektion und -Accessoires sind eine kreative Art, das Zuhause einzurichten. Ein einzigartiger und exzentrischer Stil, der die Blicke und die Aufmerksamkeit aller G\u00e4ste auf sich zieht.<br \/>\nAlle M\u00f6bel und Accessoires sind handbemalt.<\/p>\n","protected":false},"excerpt":{"rendered":"<p>Material: Holz KONSOLE &#8220;BEINE DER DAME&#8221; Wandkonsole &#8220;Lady&#8217;s Legs&#8221; in Form attraktiver Frauenbeine: Wer mit einem Drag-M\u00f6belst\u00fcck einen kr\u00e4ftigen Farbakzent<\/p>\n","protected":false},"featured_media":125598,"template":"","meta":{"_acf_changed":false,"inline_featured_image":false},"product_cat":[6817,17095],"product_tag":[25038,17155,25022],"acf":[],"yoast_head":"<!-- This site is optimized with the Yoast SEO Premium plugin v18.6 (Yoast SEO v19.13) - https:\/\/yoast.com\/wordpress\/plugins\/seo\/ -->\n<title>TOM&#039;S DRAG Wandkonsole Lady&#039;s Legs<\/title>\n<meta name=\"description\" content=\"Entdecken Sie TOM&#039;S DRAG Wandkonsole Lady&#039;s Legs bei ErresseShop. Qualit\u00e4t, Stil und Funktionalit\u00e4t \u2013 jetzt online bestellen!\" \/>\n<meta name=\"robots\" content=\"index, follow, max-snippet:-1, max-image-preview:large, max-video-preview:-1\" \/>\n<link rel=\"canonical\" href=\"https:\/\/www.erresse-shop.it\/de\/shop\/einrichtung-haus\/moebel\/toms-drag-wandkonsole-ladys-legs\/\" \/>\n<meta property=\"og:locale\" content=\"de_DE\" \/>\n<meta property=\"og:type\" content=\"article\" \/>\n<meta property=\"og:title\" content=\"TOM&#039;S DRAG Wandkonsole Lady&#039;s Legs\" \/>\n<meta property=\"og:description\" content=\"Entdecken Sie TOM&#039;S DRAG Wandkonsole Lady&#039;s Legs bei ErresseShop. Qualit\u00e4t, Stil und Funktionalit\u00e4t \u2013 jetzt online bestellen!\" \/>\n<meta property=\"og:url\" content=\"https:\/\/www.erresse-shop.it\/de\/shop\/einrichtung-haus\/moebel\/toms-drag-wandkonsole-ladys-legs\/\" \/>\n<meta property=\"og:site_name\" content=\"Erresse Shop\" \/>\n<meta property=\"article:modified_time\" content=\"2025-01-17T17:53:09+00:00\" \/>\n<meta property=\"og:image\" content=\"https:\/\/www.erresse-shop.it\/wp-content\/uploads\/2021\/10\/TOMS-DRAG-Console-Lady-Legs.jpg\" \/>\n\t<meta property=\"og:image:width\" content=\"1000\" \/>\n\t<meta property=\"og:image:height\" content=\"1000\" \/>\n\t<meta property=\"og:image:type\" content=\"image\/jpeg\" \/>\n<meta name=\"twitter:card\" content=\"summary_large_image\" \/>\n<script type=\"application\/ld+json\" class=\"yoast-schema-graph\">{\"@context\":\"https:\/\/schema.org\",\"@graph\":[{\"@type\":\"WebPage\",\"@id\":\"https:\/\/www.erresse-shop.it\/de\/shop\/einrichtung-haus\/moebel\/toms-drag-wandkonsole-ladys-legs\/\",\"url\":\"https:\/\/www.erresse-shop.it\/de\/shop\/einrichtung-haus\/moebel\/toms-drag-wandkonsole-ladys-legs\/\",\"name\":\"TOM'S DRAG Wandkonsole Lady's Legs\",\"isPartOf\":{\"@id\":\"https:\/\/www.erresse-shop.it\/de\/#website\"},\"datePublished\":\"2021-10-28T07:04:09+00:00\",\"dateModified\":\"2025-01-17T17:53:09+00:00\",\"description\":\"Entdecken Sie TOM'S DRAG Wandkonsole Lady's Legs bei ErresseShop. Qualit\u00e4t, Stil und Funktionalit\u00e4t \u2013 jetzt online bestellen!\",\"breadcrumb\":{\"@id\":\"https:\/\/www.erresse-shop.it\/de\/shop\/einrichtung-haus\/moebel\/toms-drag-wandkonsole-ladys-legs\/#breadcrumb\"},\"inLanguage\":\"de-DE\",\"potentialAction\":[{\"@type\":\"ReadAction\",\"target\":[\"https:\/\/www.erresse-shop.it\/de\/shop\/einrichtung-haus\/moebel\/toms-drag-wandkonsole-ladys-legs\/\"]}]},{\"@type\":\"BreadcrumbList\",\"@id\":\"https:\/\/www.erresse-shop.it\/de\/shop\/einrichtung-haus\/moebel\/toms-drag-wandkonsole-ladys-legs\/#breadcrumb\",\"itemListElement\":[{\"@type\":\"ListItem\",\"position\":1,\"name\":\"Home\",\"item\":\"https:\/\/www.erresse-shop.it\/de\/\"},{\"@type\":\"ListItem\",\"position\":2,\"name\":\"Shop\",\"item\":\"https:\/\/www.erresse-shop.it\/de\/shop\/\"},{\"@type\":\"ListItem\",\"position\":3,\"name\":\"TOM&#8217;S DRAG Wandkonsole Lady&#8217;s Legs\"}]},{\"@type\":\"WebSite\",\"@id\":\"https:\/\/www.erresse-shop.it\/de\/#website\",\"url\":\"https:\/\/www.erresse-shop.it\/de\/\",\"name\":\"Erresse Shop\",\"description\":\"Articoli di qualit\u00e0 per la casa\",\"potentialAction\":[{\"@type\":\"SearchAction\",\"target\":{\"@type\":\"EntryPoint\",\"urlTemplate\":\"https:\/\/www.erresse-shop.it\/de\/?s={search_term_string}\"},\"query-input\":\"required name=search_term_string\"}],\"inLanguage\":\"de-DE\"}]}<\/script>\n<!-- \/ Yoast SEO Premium plugin. -->","yoast_head_json":{"title":"TOM'S DRAG Wandkonsole Lady's Legs","description":"Entdecken Sie TOM'S DRAG Wandkonsole Lady's Legs bei ErresseShop. Qualit\u00e4t, Stil und Funktionalit\u00e4t \u2013 jetzt online bestellen!","robots":{"index":"index","follow":"follow","max-snippet":"max-snippet:-1","max-image-preview":"max-image-preview:large","max-video-preview":"max-video-preview:-1"},"canonical":"https:\/\/www.erresse-shop.it\/de\/shop\/einrichtung-haus\/moebel\/toms-drag-wandkonsole-ladys-legs\/","og_locale":"de_DE","og_type":"article","og_title":"TOM'S DRAG Wandkonsole Lady's Legs","og_description":"Entdecken Sie TOM'S DRAG Wandkonsole Lady's Legs bei ErresseShop. Qualit\u00e4t, Stil und Funktionalit\u00e4t \u2013 jetzt online bestellen!","og_url":"https:\/\/www.erresse-shop.it\/de\/shop\/einrichtung-haus\/moebel\/toms-drag-wandkonsole-ladys-legs\/","og_site_name":"Erresse Shop","article_modified_time":"2025-01-17T17:53:09+00:00","og_image":[{"width":1000,"height":1000,"url":"https:\/\/www.erresse-shop.it\/wp-content\/uploads\/2021\/10\/TOMS-DRAG-Console-Lady-Legs.jpg","type":"image\/jpeg"}],"twitter_card":"summary_large_image","schema":{"@context":"https:\/\/schema.org","@graph":[{"@type":"WebPage","@id":"https:\/\/www.erresse-shop.it\/de\/shop\/einrichtung-haus\/moebel\/toms-drag-wandkonsole-ladys-legs\/","url":"https:\/\/www.erresse-shop.it\/de\/shop\/einrichtung-haus\/moebel\/toms-drag-wandkonsole-ladys-legs\/","name":"TOM'S DRAG Wandkonsole Lady's Legs","isPartOf":{"@id":"https:\/\/www.erresse-shop.it\/de\/#website"},"datePublished":"2021-10-28T07:04:09+00:00","dateModified":"2025-01-17T17:53:09+00:00","description":"Entdecken Sie TOM'S DRAG Wandkonsole Lady's Legs bei ErresseShop. Qualit\u00e4t, Stil und Funktionalit\u00e4t \u2013 jetzt online bestellen!","breadcrumb":{"@id":"https:\/\/www.erresse-shop.it\/de\/shop\/einrichtung-haus\/moebel\/toms-drag-wandkonsole-ladys-legs\/#breadcrumb"},"inLanguage":"de-DE","potentialAction":[{"@type":"ReadAction","target":["https:\/\/www.erresse-shop.it\/de\/shop\/einrichtung-haus\/moebel\/toms-drag-wandkonsole-ladys-legs\/"]}]},{"@type":"BreadcrumbList","@id":"https:\/\/www.erresse-shop.it\/de\/shop\/einrichtung-haus\/moebel\/toms-drag-wandkonsole-ladys-legs\/#breadcrumb","itemListElement":[{"@type":"ListItem","position":1,"name":"Home","item":"https:\/\/www.erresse-shop.it\/de\/"},{"@type":"ListItem","position":2,"name":"Shop","item":"https:\/\/www.erresse-shop.it\/de\/shop\/"},{"@type":"ListItem","position":3,"name":"TOM&#8217;S DRAG Wandkonsole Lady&#8217;s Legs"}]},{"@type":"WebSite","@id":"https:\/\/www.erresse-shop.it\/de\/#website","url":"https:\/\/www.erresse-shop.it\/de\/","name":"Erresse Shop","description":"Articoli di qualit\u00e0 per la casa","potentialAction":[{"@type":"SearchAction","target":{"@type":"EntryPoint","urlTemplate":"https:\/\/www.erresse-shop.it\/de\/?s={search_term_string}"},"query-input":"required name=search_term_string"}],"inLanguage":"de-DE"}]}},"df_price":338,"df_sale_price":338,"df_regular_price":650,"df_image_link":"https:\/\/www.erresse-shop.it\/wp-content\/uploads\/2021\/10\/TOMS-DRAG-Console-Lady-Legs-300x300.jpg","_links":{"self":[{"href":"https:\/\/www.erresse-shop.it\/de\/wp-json\/wp\/v2\/product\/125601"}],"collection":[{"href":"https:\/\/www.erresse-shop.it\/de\/wp-json\/wp\/v2\/product"}],"about":[{"href":"https:\/\/www.erresse-shop.it\/de\/wp-json\/wp\/v2\/types\/product"}],"wp:featuredmedia":[{"embeddable":true,"href":"https:\/\/www.erresse-shop.it\/de\/wp-json\/wp\/v2\/media\/125598"}],"wp:attachment":[{"href":"https:\/\/www.erresse-shop.it\/de\/wp-json\/wp\/v2\/media?parent=125601"}],"wp:term":[{"taxonomy":"product_cat","embeddable":true,"href":"https:\/\/www.erresse-shop.it\/de\/wp-json\/wp\/v2\/product_cat?post=125601"},{"taxonomy":"product_tag","embeddable":true,"href":"https:\/\/www.erresse-shop.it\/de\/wp-json\/wp\/v2\/product_tag?post=125601"}],"curies":[{"name":"wp","href":"https:\/\/api.w.org\/{rel}","templated":true}]}}