{"id":123571,"date":"2021-10-12T07:23:19","date_gmt":"2021-10-12T07:23:43","guid":{"rendered":"https:\/\/www.erresse-shop.it\/?post_type=product&#038;p=123571"},"modified":"2025-01-17T11:09:12","modified_gmt":"2025-01-17T11:09:12","slug":"marcato-keksset-silber","status":"publish","type":"product","link":"https:\/\/www.erresse-shop.it\/de\/shop\/kuche\/nudelmaschinen\/marcato-keksset-silber\/","title":{"rendered":"MARCATO Keksset Silber"},"content":{"rendered":"<p><strong>Ein Keksset<\/strong> als Geschenkidee f\u00fcr Backbegeisterte. Es besteht aus den Produkten Biscuits und Dispenser, beide in silberner Farbe. Die Zubereitung von Keksen mit Hilfe von Biscuits ist sehr einfach: Mit einer einzigen Ladung des Zylinders k\u00f6nnen Sie etwa <strong>40 kleine Kekse oder 30 gr\u00f6\u00dfere Kekse herstellen<\/strong>. Dank des 2-Positionen-Reglers k\u00f6nnen Sie die Gr\u00f6\u00dfe w\u00e4hlen. Es enth\u00e4lt 20 verschiedene Stanzformen, mit denen Sie die unterschiedlichsten Pl\u00e4tzchenformen herstellen k\u00f6nnen, vom klassischen runden Pl\u00e4tzchen \u00fcber das Herz f\u00fcr besondere Anl\u00e4sse bis hin zum Weihnachtsbaum, der die Weihnachtszeit versch\u00f6nert.<\/p>\n<p><strong>Farbenfroh, f\u00fcr Ihre K\u00fcche<\/strong><\/p>\n<p>Biscuits ist nicht nur eine einfache Keksmaschine: Wir haben ein attraktives Design entwickelt, das Spa\u00df macht. Er besteht aus lebensmittelechtem, eloxiertem Aluminium in 7 verschiedenen Farben, mit Stahlh\u00fclsen und ABS-Komponenten. Biscuits ist solide im Gebrauch und sicher f\u00fcr Ihre Gesundheit.<\/p>\n<p><strong>Kekse, mit klassischem Geschmack<\/strong><\/p>\n<p>Bei der Classic-Version der Keksmaschine bleiben die konstruktiven Eigenschaften unver\u00e4ndert, mit einfacheren Linien und einem Design, das in jede K\u00fcche passt.<\/p>\n<p><span style=\"text-decoration: underline;\"><strong>Pflege:<\/strong><\/span> Biscuits ist nicht sp\u00fclmaschinenfest.<\/p>\n","protected":false},"excerpt":{"rendered":"<p>Ein Keksset als Geschenkidee f\u00fcr Backbegeisterte. Es besteht aus den Produkten Biscuits und Dispenser, beide in silberner Farbe. Die Zubereitung<\/p>\n","protected":false},"featured_media":123580,"template":"","meta":{"_acf_changed":false,"inline_featured_image":false},"product_cat":[6742,12942],"product_tag":[],"acf":[],"yoast_head":"<!-- This site is optimized with the Yoast SEO Premium plugin v18.6 (Yoast SEO v19.13) - https:\/\/yoast.com\/wordpress\/plugins\/seo\/ -->\n<title>MARCATO Keksset Silber<\/title>\n<meta name=\"description\" content=\"Entdecken Sie MARCATO Keksset Silber bei ErresseShop. Qualit\u00e4t, Stil und Funktionalit\u00e4t \u2013 jetzt online bestellen!\" \/>\n<meta name=\"robots\" content=\"index, follow, max-snippet:-1, max-image-preview:large, max-video-preview:-1\" \/>\n<link rel=\"canonical\" href=\"https:\/\/www.erresse-shop.it\/de\/shop\/kuche\/nudelmaschinen\/marcato-keksset-silber\/\" \/>\n<meta property=\"og:locale\" content=\"de_DE\" \/>\n<meta property=\"og:type\" content=\"article\" \/>\n<meta property=\"og:title\" content=\"MARCATO Keksset Silber\" \/>\n<meta property=\"og:description\" content=\"Entdecken Sie MARCATO Keksset Silber bei ErresseShop. Qualit\u00e4t, Stil und Funktionalit\u00e4t \u2013 jetzt online bestellen!\" \/>\n<meta property=\"og:url\" content=\"https:\/\/www.erresse-shop.it\/de\/shop\/kuche\/nudelmaschinen\/marcato-keksset-silber\/\" \/>\n<meta property=\"og:site_name\" content=\"Erresse Shop\" \/>\n<meta property=\"article:modified_time\" content=\"2025-01-17T11:09:12+00:00\" \/>\n<meta property=\"og:image\" content=\"https:\/\/www.erresse-shop.it\/wp-content\/uploads\/2021\/10\/Cookie-Set-Pack.jpg\" \/>\n\t<meta property=\"og:image:width\" content=\"1000\" \/>\n\t<meta property=\"og:image:height\" content=\"1000\" \/>\n\t<meta property=\"og:image:type\" content=\"image\/jpeg\" \/>\n<meta name=\"twitter:card\" content=\"summary_large_image\" \/>\n<script type=\"application\/ld+json\" class=\"yoast-schema-graph\">{\"@context\":\"https:\/\/schema.org\",\"@graph\":[{\"@type\":\"WebPage\",\"@id\":\"https:\/\/www.erresse-shop.it\/de\/shop\/kuche\/nudelmaschinen\/marcato-keksset-silber\/\",\"url\":\"https:\/\/www.erresse-shop.it\/de\/shop\/kuche\/nudelmaschinen\/marcato-keksset-silber\/\",\"name\":\"MARCATO Keksset Silber\",\"isPartOf\":{\"@id\":\"https:\/\/www.erresse-shop.it\/de\/#website\"},\"datePublished\":\"2021-10-12T07:23:43+00:00\",\"dateModified\":\"2025-01-17T11:09:12+00:00\",\"description\":\"Entdecken Sie MARCATO Keksset Silber bei ErresseShop. Qualit\u00e4t, Stil und Funktionalit\u00e4t \u2013 jetzt online bestellen!\",\"breadcrumb\":{\"@id\":\"https:\/\/www.erresse-shop.it\/de\/shop\/kuche\/nudelmaschinen\/marcato-keksset-silber\/#breadcrumb\"},\"inLanguage\":\"de-DE\",\"potentialAction\":[{\"@type\":\"ReadAction\",\"target\":[\"https:\/\/www.erresse-shop.it\/de\/shop\/kuche\/nudelmaschinen\/marcato-keksset-silber\/\"]}]},{\"@type\":\"BreadcrumbList\",\"@id\":\"https:\/\/www.erresse-shop.it\/de\/shop\/kuche\/nudelmaschinen\/marcato-keksset-silber\/#breadcrumb\",\"itemListElement\":[{\"@type\":\"ListItem\",\"position\":1,\"name\":\"Home\",\"item\":\"https:\/\/www.erresse-shop.it\/de\/\"},{\"@type\":\"ListItem\",\"position\":2,\"name\":\"Shop\",\"item\":\"https:\/\/www.erresse-shop.it\/de\/shop\/\"},{\"@type\":\"ListItem\",\"position\":3,\"name\":\"MARCATO Keksset Silber\"}]},{\"@type\":\"WebSite\",\"@id\":\"https:\/\/www.erresse-shop.it\/de\/#website\",\"url\":\"https:\/\/www.erresse-shop.it\/de\/\",\"name\":\"Erresse Shop\",\"description\":\"Articoli di qualit\u00e0 per la casa\",\"potentialAction\":[{\"@type\":\"SearchAction\",\"target\":{\"@type\":\"EntryPoint\",\"urlTemplate\":\"https:\/\/www.erresse-shop.it\/de\/?s={search_term_string}\"},\"query-input\":\"required name=search_term_string\"}],\"inLanguage\":\"de-DE\"}]}<\/script>\n<!-- \/ Yoast SEO Premium plugin. -->","yoast_head_json":{"title":"MARCATO Keksset Silber","description":"Entdecken Sie MARCATO Keksset Silber bei ErresseShop. Qualit\u00e4t, Stil und Funktionalit\u00e4t \u2013 jetzt online bestellen!","robots":{"index":"index","follow":"follow","max-snippet":"max-snippet:-1","max-image-preview":"max-image-preview:large","max-video-preview":"max-video-preview:-1"},"canonical":"https:\/\/www.erresse-shop.it\/de\/shop\/kuche\/nudelmaschinen\/marcato-keksset-silber\/","og_locale":"de_DE","og_type":"article","og_title":"MARCATO Keksset Silber","og_description":"Entdecken Sie MARCATO Keksset Silber bei ErresseShop. Qualit\u00e4t, Stil und Funktionalit\u00e4t \u2013 jetzt online bestellen!","og_url":"https:\/\/www.erresse-shop.it\/de\/shop\/kuche\/nudelmaschinen\/marcato-keksset-silber\/","og_site_name":"Erresse Shop","article_modified_time":"2025-01-17T11:09:12+00:00","og_image":[{"width":1000,"height":1000,"url":"https:\/\/www.erresse-shop.it\/wp-content\/uploads\/2021\/10\/Cookie-Set-Pack.jpg","type":"image\/jpeg"}],"twitter_card":"summary_large_image","schema":{"@context":"https:\/\/schema.org","@graph":[{"@type":"WebPage","@id":"https:\/\/www.erresse-shop.it\/de\/shop\/kuche\/nudelmaschinen\/marcato-keksset-silber\/","url":"https:\/\/www.erresse-shop.it\/de\/shop\/kuche\/nudelmaschinen\/marcato-keksset-silber\/","name":"MARCATO Keksset Silber","isPartOf":{"@id":"https:\/\/www.erresse-shop.it\/de\/#website"},"datePublished":"2021-10-12T07:23:43+00:00","dateModified":"2025-01-17T11:09:12+00:00","description":"Entdecken Sie MARCATO Keksset Silber bei ErresseShop. Qualit\u00e4t, Stil und Funktionalit\u00e4t \u2013 jetzt online bestellen!","breadcrumb":{"@id":"https:\/\/www.erresse-shop.it\/de\/shop\/kuche\/nudelmaschinen\/marcato-keksset-silber\/#breadcrumb"},"inLanguage":"de-DE","potentialAction":[{"@type":"ReadAction","target":["https:\/\/www.erresse-shop.it\/de\/shop\/kuche\/nudelmaschinen\/marcato-keksset-silber\/"]}]},{"@type":"BreadcrumbList","@id":"https:\/\/www.erresse-shop.it\/de\/shop\/kuche\/nudelmaschinen\/marcato-keksset-silber\/#breadcrumb","itemListElement":[{"@type":"ListItem","position":1,"name":"Home","item":"https:\/\/www.erresse-shop.it\/de\/"},{"@type":"ListItem","position":2,"name":"Shop","item":"https:\/\/www.erresse-shop.it\/de\/shop\/"},{"@type":"ListItem","position":3,"name":"MARCATO Keksset Silber"}]},{"@type":"WebSite","@id":"https:\/\/www.erresse-shop.it\/de\/#website","url":"https:\/\/www.erresse-shop.it\/de\/","name":"Erresse Shop","description":"Articoli di qualit\u00e0 per la casa","potentialAction":[{"@type":"SearchAction","target":{"@type":"EntryPoint","urlTemplate":"https:\/\/www.erresse-shop.it\/de\/?s={search_term_string}"},"query-input":"required name=search_term_string"}],"inLanguage":"de-DE"}]}},"df_price":57.45,"df_sale_price":57.45,"df_regular_price":114.9,"df_image_link":"https:\/\/www.erresse-shop.it\/wp-content\/uploads\/2021\/10\/Cookie-Set-Pack-300x300.jpg","_links":{"self":[{"href":"https:\/\/www.erresse-shop.it\/de\/wp-json\/wp\/v2\/product\/123571"}],"collection":[{"href":"https:\/\/www.erresse-shop.it\/de\/wp-json\/wp\/v2\/product"}],"about":[{"href":"https:\/\/www.erresse-shop.it\/de\/wp-json\/wp\/v2\/types\/product"}],"wp:featuredmedia":[{"embeddable":true,"href":"https:\/\/www.erresse-shop.it\/de\/wp-json\/wp\/v2\/media\/123580"}],"wp:attachment":[{"href":"https:\/\/www.erresse-shop.it\/de\/wp-json\/wp\/v2\/media?parent=123571"}],"wp:term":[{"taxonomy":"product_cat","embeddable":true,"href":"https:\/\/www.erresse-shop.it\/de\/wp-json\/wp\/v2\/product_cat?post=123571"},{"taxonomy":"product_tag","embeddable":true,"href":"https:\/\/www.erresse-shop.it\/de\/wp-json\/wp\/v2\/product_tag?post=123571"}],"curies":[{"name":"wp","href":"https:\/\/api.w.org\/{rel}","templated":true}]}}