{"id":122862,"date":"2021-10-07T09:46:21","date_gmt":"2021-10-07T09:46:23","guid":{"rendered":"https:\/\/www.erresse-shop.it\/?post_type=product&#038;p=122862"},"modified":"2025-01-22T07:20:06","modified_gmt":"2025-01-22T07:20:06","slug":"zwilling-vakuumpack-m-l-freshsave-7-stuck","status":"publish","type":"product","link":"https:\/\/www.erresse-shop.it\/de\/shop\/kuche\/vakuum\/zwilling-vakuumpack-m-l-freshsave-7-stuck\/","title":{"rendered":"ZWILLING Vakuumpack M-L Fresh&#038;Save 7 St\u00fcck"},"content":{"rendered":"<p><strong>DAS RICHTIGE SET F\u00dcR DEN BEGINN EINER GESUNDEN UND NACHHALTIGEN ERN\u00c4HRUNG<\/strong><\/p>\n<p>Das Plastikset ist eine Gelegenheit, gute Vors\u00e4tze endlich in die Tat umzusetzen. Essen Sie vollwertig und gesund, sparen Sie Zeit und Geld und werfen Sie weniger Lebensmittel in den M\u00fcll!<br \/>\nSo geht&#8217;s: Kaufen Sie so viel frisches Obst und Gem\u00fcse ein, wie Sie m\u00f6chten, und lagern Sie es in den Vakuumbeh\u00e4ltern aus diesem Sortiment im K\u00fchl- oder Gefrierschrank. Oder bereiten Sie Ihre Mahlzeiten schon heute f\u00fcr den Rest der Woche vor. Mit der Vakuum-Lagerung bleiben Ihre Lebensmittel bis zu f\u00fcnfmal l\u00e4nger frisch als mit herk\u00f6mmlichen, nicht vakuumierten Lagerungsmethoden!<br \/>\nVakuumieren ist kinderleicht: Setzen Sie die praktische Vakuumpumpe auf das Ventil der Beh\u00e4lter und S\u00e4cke, dann saugt die Pumpe per Knopfdruck in Sekundenschnelle die Luft aus den Beh\u00e4ltern. Der Clou: Er stoppt automatisch, sobald ein ausreichendes Vakuum erzeugt wurde. Aromen und N\u00e4hrstoffe bleiben sicher erhalten. Neben der Vakuumpumpe enth\u00e4lt das Set zwei Vakuumbeutel in den Gr\u00f6\u00dfen S und M sowie zwei Kunststoffbeh\u00e4lter mit einem Fassungsverm\u00f6gen von 1,1 und 2,3 Litern.<br \/>\nDie Vakuumbeh\u00e4lter sind gefrierfest, mikrowellengeeignet und sp\u00fclmaschinenfest. Die Vakuumbeutel sind gefrierfest und k\u00f6nnen Temperaturen von bis zu 100 \u00b0C standhalten, was sie ideal f\u00fcr das Sous-Vide-Garen macht.<br \/>\nF\u00fcr einen besseren \u00dcberblick scannen Sie den QR-Code auf den Beh\u00e4lterdeckeln und Beuteln und behalten den \u00dcberblick \u00fcber Ihre Lebensmittel in der <strong>ZWILLING Culinary World App<\/strong>. Die Erinnerungsfunktion der kostenlosen App weist Sie darauf hin, wann es Zeit ist, Ihre gespeicherten Lebensmittel zu verbrauchen.<\/p>\n<ul>\n<li><strong>Vakuumfunktion:<\/strong> Lebensmittel bleiben bis zu f\u00fcnfmal l\u00e4nger frisch als bei herk\u00f6mmlichen Aufbewahrungsmethoden ohne Vakuum. Aromen und N\u00e4hrstoffe bleiben erhalten, w\u00e4hrend die Lebensmittelverschwendung reduziert wird.<\/li>\n<li><strong>Leichte, unverw\u00fcstliche Vakuumbeh\u00e4lter<\/strong> zur platzsparenden, stapelbaren Aufbewahrung von Lebensmitteln und Geschirr im K\u00fchl- und Gefrierschrank. Wenn sie nicht gebraucht werden, k\u00f6nnen die Kunststoffbeh\u00e4lter ineinander in einem K\u00fcchenschrank aufbewahrt werden.<\/li>\n<li><strong>Sicheres Einfrieren von Fertiggerichten und Speisen<\/strong> (kein Gefrierbrand durch Vakuum) in Vakuumbeh\u00e4ltern und Vakuumbeuteln<br \/>\nMikrowellengeeignete und sp\u00fclmaschinenfeste Vakuumbeh\u00e4lter<\/li>\n<li><strong>Wiederverwendbare Vakuumbeutel:<\/strong> gefrierfest, hitzebest\u00e4ndig (perfekt f\u00fcr Sous-Vide-Garen), mikrowellengeeignet<\/li>\n<li>Set enth\u00e4lt eine Vakuumpumpe, 2 Kunststoffbeh\u00e4lter, mit 2 Vakuumbeuteln Gr\u00f6\u00dfe S und 2 Gr\u00f6\u00dfe M (Fassungsverm\u00f6gen der Beh\u00e4lter (ohne Deckel) \/ max. F\u00fcllh\u00f6he: Beh\u00e4lter M 1,1 l \/ 0,9 l; Beh\u00e4lter L 2,3 l \/ 2 L, Vakuumbeutel: S 1,25 l \/ 4 l)<\/li>\n<li><strong>Materialien:<\/strong> BPA-frei, Kunststoff (Beh\u00e4lter, Deckel, Beutel, Rei\u00dfverschluss), Silikon (Ventil, Dichtung)<\/li>\n<li><strong>Vakuumdeckel mit innovativer Doppelverschlusstechnik und Vakuumanzeigefunktion:<\/strong> Wenn der Innendeckel abgesenkt wird, ist der Kanister vakuumverpackt<\/li>\n<li>Einfaches Verbinden der Beh\u00e4lter dank der <strong>ZWILLING Culinary World App<\/strong> und dem QR-Code auf dem Deckel, der n\u00fctzlich ist, um den \u00dcberblick \u00fcber die Lebensmittel und ihre Haltbarkeit zu behalten.<\/li>\n<li>Die kostenlose App berechnet die Haltbarkeit von vakuumverpackten Lebensmitteln und Speisen und die Erinnerungsfunktion informiert Sie, wenn es Zeit ist, die gelagerten Lebensmittel zu verbrauchen. Abgerundet wird das Angebot der App durch Rezepte, ein Erkl\u00e4rvideo und eine Einkaufslistenfunktion.<\/li>\n<\/ul>\n<p><strong>MERKMALE<\/strong><\/p>\n<p><strong>Farbe:<\/strong> Wei\u00df<br \/>\n<strong>Hitzebest\u00e4ndigkeit:<\/strong> 180,00 \u00baC<br \/>\n<strong>K\u00e4ltebest\u00e4ndigkeit:<\/strong> -20,00 \u00baC<br \/>\n<strong>Material:<\/strong> Kunststoff<br \/>\n<strong>Mikrowellengeeignet:<\/strong> Ja<br \/>\n<strong>Geeignet f\u00fcr Gefrierschrank:<\/strong> Ja<br \/>\n<strong>Anzahl der Teile:<\/strong> 7<br \/>\n<strong>Spannung:<\/strong> 110-240 V<\/p>\n","protected":false},"excerpt":{"rendered":"<p>DAS RICHTIGE SET F\u00dcR DEN BEGINN EINER GESUNDEN UND NACHHALTIGEN ERN\u00c4HRUNG Das Plastikset ist eine Gelegenheit, gute Vors\u00e4tze endlich in<\/p>\n","protected":false},"featured_media":122960,"template":"","meta":{"_acf_changed":false,"inline_featured_image":false},"product_cat":[6742,26043],"product_tag":[25038,23911,23661,24416,24604,25022,21822],"acf":[],"yoast_head":"<!-- This site is optimized with the Yoast SEO Premium plugin v18.6 (Yoast SEO v19.13) - https:\/\/yoast.com\/wordpress\/plugins\/seo\/ -->\n<title>ZWILLING Vakuumpack M-L Fresh&amp;Save 7 St\u00fcck<\/title>\n<meta name=\"description\" content=\"Entdecken Sie ZWILLING Vakuumpack M-L Fresh&amp;Save 7 St\u00fcck bei ErresseShop. Qualit\u00e4t, Stil und Funktionalit\u00e4t \u2013 jetzt online bestellen!\" \/>\n<meta name=\"robots\" content=\"index, follow, max-snippet:-1, max-image-preview:large, max-video-preview:-1\" \/>\n<link rel=\"canonical\" href=\"https:\/\/www.erresse-shop.it\/de\/shop\/kuche\/vakuum\/zwilling-vakuumpack-m-l-freshsave-7-stuck\/\" \/>\n<meta property=\"og:locale\" content=\"de_DE\" \/>\n<meta property=\"og:type\" content=\"article\" \/>\n<meta property=\"og:title\" content=\"ZWILLING Vakuumpack M-L Fresh&amp;Save 7 St\u00fcck\" \/>\n<meta property=\"og:description\" content=\"Entdecken Sie ZWILLING Vakuumpack M-L Fresh&amp;Save 7 St\u00fcck bei ErresseShop. Qualit\u00e4t, Stil und Funktionalit\u00e4t \u2013 jetzt online bestellen!\" \/>\n<meta property=\"og:url\" content=\"https:\/\/www.erresse-shop.it\/de\/shop\/kuche\/vakuum\/zwilling-vakuumpack-m-l-freshsave-7-stuck\/\" \/>\n<meta property=\"og:site_name\" content=\"Erresse Shop\" \/>\n<meta property=\"article:modified_time\" content=\"2025-01-22T07:20:06+00:00\" \/>\n<meta property=\"og:image\" content=\"https:\/\/www.erresse-shop.it\/wp-content\/uploads\/2021\/10\/ZWILLING-Set-Sottovuoto-Medium-Large.jpg\" \/>\n\t<meta property=\"og:image:width\" content=\"1000\" \/>\n\t<meta property=\"og:image:height\" content=\"1000\" \/>\n\t<meta property=\"og:image:type\" content=\"image\/jpeg\" \/>\n<meta name=\"twitter:card\" content=\"summary_large_image\" \/>\n<script type=\"application\/ld+json\" class=\"yoast-schema-graph\">{\"@context\":\"https:\/\/schema.org\",\"@graph\":[{\"@type\":\"WebPage\",\"@id\":\"https:\/\/www.erresse-shop.it\/de\/shop\/kuche\/vakuum\/zwilling-vakuumpack-m-l-freshsave-7-stuck\/\",\"url\":\"https:\/\/www.erresse-shop.it\/de\/shop\/kuche\/vakuum\/zwilling-vakuumpack-m-l-freshsave-7-stuck\/\",\"name\":\"ZWILLING Vakuumpack M-L Fresh&Save 7 St\u00fcck\",\"isPartOf\":{\"@id\":\"https:\/\/www.erresse-shop.it\/de\/#website\"},\"datePublished\":\"2021-10-07T09:46:23+00:00\",\"dateModified\":\"2025-01-22T07:20:06+00:00\",\"description\":\"Entdecken Sie ZWILLING Vakuumpack M-L Fresh&Save 7 St\u00fcck bei ErresseShop. Qualit\u00e4t, Stil und Funktionalit\u00e4t \u2013 jetzt online bestellen!\",\"breadcrumb\":{\"@id\":\"https:\/\/www.erresse-shop.it\/de\/shop\/kuche\/vakuum\/zwilling-vakuumpack-m-l-freshsave-7-stuck\/#breadcrumb\"},\"inLanguage\":\"de-DE\",\"potentialAction\":[{\"@type\":\"ReadAction\",\"target\":[\"https:\/\/www.erresse-shop.it\/de\/shop\/kuche\/vakuum\/zwilling-vakuumpack-m-l-freshsave-7-stuck\/\"]}]},{\"@type\":\"BreadcrumbList\",\"@id\":\"https:\/\/www.erresse-shop.it\/de\/shop\/kuche\/vakuum\/zwilling-vakuumpack-m-l-freshsave-7-stuck\/#breadcrumb\",\"itemListElement\":[{\"@type\":\"ListItem\",\"position\":1,\"name\":\"Home\",\"item\":\"https:\/\/www.erresse-shop.it\/de\/\"},{\"@type\":\"ListItem\",\"position\":2,\"name\":\"Shop\",\"item\":\"https:\/\/www.erresse-shop.it\/de\/shop\/\"},{\"@type\":\"ListItem\",\"position\":3,\"name\":\"ZWILLING Vakuumpack M-L Fresh&#038;Save 7 St\u00fcck\"}]},{\"@type\":\"WebSite\",\"@id\":\"https:\/\/www.erresse-shop.it\/de\/#website\",\"url\":\"https:\/\/www.erresse-shop.it\/de\/\",\"name\":\"Erresse Shop\",\"description\":\"Articoli di qualit\u00e0 per la casa\",\"potentialAction\":[{\"@type\":\"SearchAction\",\"target\":{\"@type\":\"EntryPoint\",\"urlTemplate\":\"https:\/\/www.erresse-shop.it\/de\/?s={search_term_string}\"},\"query-input\":\"required name=search_term_string\"}],\"inLanguage\":\"de-DE\"}]}<\/script>\n<!-- \/ Yoast SEO Premium plugin. -->","yoast_head_json":{"title":"ZWILLING Vakuumpack M-L Fresh&Save 7 St\u00fcck","description":"Entdecken Sie ZWILLING Vakuumpack M-L Fresh&Save 7 St\u00fcck bei ErresseShop. Qualit\u00e4t, Stil und Funktionalit\u00e4t \u2013 jetzt online bestellen!","robots":{"index":"index","follow":"follow","max-snippet":"max-snippet:-1","max-image-preview":"max-image-preview:large","max-video-preview":"max-video-preview:-1"},"canonical":"https:\/\/www.erresse-shop.it\/de\/shop\/kuche\/vakuum\/zwilling-vakuumpack-m-l-freshsave-7-stuck\/","og_locale":"de_DE","og_type":"article","og_title":"ZWILLING Vakuumpack M-L Fresh&Save 7 St\u00fcck","og_description":"Entdecken Sie ZWILLING Vakuumpack M-L Fresh&Save 7 St\u00fcck bei ErresseShop. Qualit\u00e4t, Stil und Funktionalit\u00e4t \u2013 jetzt online bestellen!","og_url":"https:\/\/www.erresse-shop.it\/de\/shop\/kuche\/vakuum\/zwilling-vakuumpack-m-l-freshsave-7-stuck\/","og_site_name":"Erresse Shop","article_modified_time":"2025-01-22T07:20:06+00:00","og_image":[{"width":1000,"height":1000,"url":"https:\/\/www.erresse-shop.it\/wp-content\/uploads\/2021\/10\/ZWILLING-Set-Sottovuoto-Medium-Large.jpg","type":"image\/jpeg"}],"twitter_card":"summary_large_image","schema":{"@context":"https:\/\/schema.org","@graph":[{"@type":"WebPage","@id":"https:\/\/www.erresse-shop.it\/de\/shop\/kuche\/vakuum\/zwilling-vakuumpack-m-l-freshsave-7-stuck\/","url":"https:\/\/www.erresse-shop.it\/de\/shop\/kuche\/vakuum\/zwilling-vakuumpack-m-l-freshsave-7-stuck\/","name":"ZWILLING Vakuumpack M-L Fresh&Save 7 St\u00fcck","isPartOf":{"@id":"https:\/\/www.erresse-shop.it\/de\/#website"},"datePublished":"2021-10-07T09:46:23+00:00","dateModified":"2025-01-22T07:20:06+00:00","description":"Entdecken Sie ZWILLING Vakuumpack M-L Fresh&Save 7 St\u00fcck bei ErresseShop. Qualit\u00e4t, Stil und Funktionalit\u00e4t \u2013 jetzt online bestellen!","breadcrumb":{"@id":"https:\/\/www.erresse-shop.it\/de\/shop\/kuche\/vakuum\/zwilling-vakuumpack-m-l-freshsave-7-stuck\/#breadcrumb"},"inLanguage":"de-DE","potentialAction":[{"@type":"ReadAction","target":["https:\/\/www.erresse-shop.it\/de\/shop\/kuche\/vakuum\/zwilling-vakuumpack-m-l-freshsave-7-stuck\/"]}]},{"@type":"BreadcrumbList","@id":"https:\/\/www.erresse-shop.it\/de\/shop\/kuche\/vakuum\/zwilling-vakuumpack-m-l-freshsave-7-stuck\/#breadcrumb","itemListElement":[{"@type":"ListItem","position":1,"name":"Home","item":"https:\/\/www.erresse-shop.it\/de\/"},{"@type":"ListItem","position":2,"name":"Shop","item":"https:\/\/www.erresse-shop.it\/de\/shop\/"},{"@type":"ListItem","position":3,"name":"ZWILLING Vakuumpack M-L Fresh&#038;Save 7 St\u00fcck"}]},{"@type":"WebSite","@id":"https:\/\/www.erresse-shop.it\/de\/#website","url":"https:\/\/www.erresse-shop.it\/de\/","name":"Erresse Shop","description":"Articoli di qualit\u00e0 per la casa","potentialAction":[{"@type":"SearchAction","target":{"@type":"EntryPoint","urlTemplate":"https:\/\/www.erresse-shop.it\/de\/?s={search_term_string}"},"query-input":"required name=search_term_string"}],"inLanguage":"de-DE"}]}},"df_price":49.95,"df_sale_price":49.95,"df_regular_price":99.9,"df_image_link":"https:\/\/www.erresse-shop.it\/wp-content\/uploads\/2021\/10\/ZWILLING-Set-Sottovuoto-Medium-Large-300x300.jpg","_links":{"self":[{"href":"https:\/\/www.erresse-shop.it\/de\/wp-json\/wp\/v2\/product\/122862"}],"collection":[{"href":"https:\/\/www.erresse-shop.it\/de\/wp-json\/wp\/v2\/product"}],"about":[{"href":"https:\/\/www.erresse-shop.it\/de\/wp-json\/wp\/v2\/types\/product"}],"wp:featuredmedia":[{"embeddable":true,"href":"https:\/\/www.erresse-shop.it\/de\/wp-json\/wp\/v2\/media\/122960"}],"wp:attachment":[{"href":"https:\/\/www.erresse-shop.it\/de\/wp-json\/wp\/v2\/media?parent=122862"}],"wp:term":[{"taxonomy":"product_cat","embeddable":true,"href":"https:\/\/www.erresse-shop.it\/de\/wp-json\/wp\/v2\/product_cat?post=122862"},{"taxonomy":"product_tag","embeddable":true,"href":"https:\/\/www.erresse-shop.it\/de\/wp-json\/wp\/v2\/product_tag?post=122862"}],"curies":[{"name":"wp","href":"https:\/\/api.w.org\/{rel}","templated":true}]}}