{"id":122332,"date":"2021-10-01T09:03:26","date_gmt":"2021-10-01T09:03:27","guid":{"rendered":"https:\/\/www.erresse-shop.it\/?post_type=product&#038;p=122332"},"modified":"2024-07-07T13:08:24","modified_gmt":"2024-07-07T13:08:24","slug":"seletti-mouse-lamp-sitzen","status":"publish","type":"product","link":"https:\/\/www.erresse-shop.it\/de\/shop\/einrichtung-haus\/lampen\/seletti-mouse-lamp-sitzen\/","title":{"rendered":"SELETTI Mouse Lamp Sitzen"},"content":{"rendered":"<p>Wenn er nicht gerade K\u00e4se knabbert, genie\u00dft er es, in deiner N\u00e4he zu sein, und zwar mit der Gl\u00fchbirne, die er gerade gestohlen hat. Die kultige Maus-Lampe gibt es jetzt in einer eleganteren Version, mit einer praktischen <strong>USB<\/strong>-Buchse, damit du sie an alles und jeden anschlie\u00dfen kannst!<\/p>\n<p><strong>Maus-Lampe<\/strong><\/p>\n<p><strong>Design:<\/strong> Marcantonio<br \/>\n<strong>Material:<\/strong> Kunstharz<br \/>\n<strong>Abmessungen:<\/strong> Cm.6,2&#215;21 h.8,1<\/p>\n<p>Nur f\u00fcr Innenr\u00e4ume<br \/>\nUSB &#8211; 5V DC &#8211; E14 &#8211; 1W &#8211; 90 Lumen &#8211; 2200 K<\/p>\n","protected":false},"excerpt":{"rendered":"<p>Wenn er nicht gerade K\u00e4se knabbert, genie\u00dft er es, in deiner N\u00e4he zu sein, und zwar mit der Gl\u00fchbirne, die<\/p>\n","protected":false},"featured_media":122370,"template":"","meta":{"_acf_changed":false,"inline_featured_image":false},"product_cat":[6817,6862],"product_tag":[13028,13025,13026,13027,13164,12259,25022],"acf":[],"yoast_head":"<!-- This site is optimized with the Yoast SEO Premium plugin v18.6 (Yoast SEO v19.13) - https:\/\/yoast.com\/wordpress\/plugins\/seo\/ -->\n<title>SELETTI Mouse Lamp Sitzen - Erresse Shop<\/title>\n<meta name=\"description\" content=\"Wenn er nicht gerade K\u00e4se knabbert, genie\u00dft er es, in deiner N\u00e4he zu sein, und zwar mit der Gl\u00fchbirne, die er gerade gestohlen hat. Die kultige Maus-Lampe\" \/>\n<meta name=\"robots\" content=\"index, follow, max-snippet:-1, max-image-preview:large, max-video-preview:-1\" \/>\n<link rel=\"canonical\" href=\"https:\/\/www.erresse-shop.it\/de\/shop\/einrichtung-haus\/lampen\/seletti-mouse-lamp-sitzen\/\" \/>\n<meta property=\"og:locale\" content=\"de_DE\" \/>\n<meta property=\"og:type\" content=\"article\" \/>\n<meta property=\"og:title\" content=\"SELETTI Mouse Lamp Sitzen\" \/>\n<meta property=\"og:description\" content=\"Wenn er nicht gerade K\u00e4se knabbert, genie\u00dft er es, in deiner N\u00e4he zu sein, und zwar mit der Gl\u00fchbirne, die er gerade gestohlen hat. Die kultige Maus-Lampe\" \/>\n<meta property=\"og:url\" content=\"https:\/\/www.erresse-shop.it\/de\/shop\/einrichtung-haus\/lampen\/seletti-mouse-lamp-sitzen\/\" \/>\n<meta property=\"og:site_name\" content=\"Erresse Shop\" \/>\n<meta property=\"article:modified_time\" content=\"2024-07-07T13:08:24+00:00\" \/>\n<meta property=\"og:image\" content=\"https:\/\/www.erresse-shop.it\/wp-content\/uploads\/2021\/10\/Seletti-Mouse-Lamp-Seduto.jpg\" \/>\n\t<meta property=\"og:image:width\" content=\"900\" \/>\n\t<meta property=\"og:image:height\" content=\"1200\" \/>\n\t<meta property=\"og:image:type\" content=\"image\/jpeg\" \/>\n<meta name=\"twitter:card\" content=\"summary_large_image\" \/>\n<script type=\"application\/ld+json\" class=\"yoast-schema-graph\">{\"@context\":\"https:\/\/schema.org\",\"@graph\":[{\"@type\":\"WebPage\",\"@id\":\"https:\/\/www.erresse-shop.it\/de\/shop\/einrichtung-haus\/lampen\/seletti-mouse-lamp-sitzen\/\",\"url\":\"https:\/\/www.erresse-shop.it\/de\/shop\/einrichtung-haus\/lampen\/seletti-mouse-lamp-sitzen\/\",\"name\":\"SELETTI Mouse Lamp Sitzen - Erresse Shop\",\"isPartOf\":{\"@id\":\"https:\/\/www.erresse-shop.it\/de\/#website\"},\"datePublished\":\"2021-10-01T09:03:27+00:00\",\"dateModified\":\"2024-07-07T13:08:24+00:00\",\"description\":\"Wenn er nicht gerade K\u00e4se knabbert, genie\u00dft er es, in deiner N\u00e4he zu sein, und zwar mit der Gl\u00fchbirne, die er gerade gestohlen hat. Die kultige Maus-Lampe\",\"breadcrumb\":{\"@id\":\"https:\/\/www.erresse-shop.it\/de\/shop\/einrichtung-haus\/lampen\/seletti-mouse-lamp-sitzen\/#breadcrumb\"},\"inLanguage\":\"de-DE\",\"potentialAction\":[{\"@type\":\"ReadAction\",\"target\":[\"https:\/\/www.erresse-shop.it\/de\/shop\/einrichtung-haus\/lampen\/seletti-mouse-lamp-sitzen\/\"]}]},{\"@type\":\"BreadcrumbList\",\"@id\":\"https:\/\/www.erresse-shop.it\/de\/shop\/einrichtung-haus\/lampen\/seletti-mouse-lamp-sitzen\/#breadcrumb\",\"itemListElement\":[{\"@type\":\"ListItem\",\"position\":1,\"name\":\"Home\",\"item\":\"https:\/\/www.erresse-shop.it\/de\/\"},{\"@type\":\"ListItem\",\"position\":2,\"name\":\"Shop\",\"item\":\"https:\/\/www.erresse-shop.it\/de\/shop\/\"},{\"@type\":\"ListItem\",\"position\":3,\"name\":\"SELETTI Mouse Lamp Sitzen\"}]},{\"@type\":\"WebSite\",\"@id\":\"https:\/\/www.erresse-shop.it\/de\/#website\",\"url\":\"https:\/\/www.erresse-shop.it\/de\/\",\"name\":\"Erresse Shop\",\"description\":\"Articoli di qualit\u00e0 per la casa\",\"potentialAction\":[{\"@type\":\"SearchAction\",\"target\":{\"@type\":\"EntryPoint\",\"urlTemplate\":\"https:\/\/www.erresse-shop.it\/de\/?s={search_term_string}\"},\"query-input\":\"required name=search_term_string\"}],\"inLanguage\":\"de-DE\"}]}<\/script>\n<!-- \/ Yoast SEO Premium plugin. -->","yoast_head_json":{"title":"SELETTI Mouse Lamp Sitzen - Erresse Shop","description":"Wenn er nicht gerade K\u00e4se knabbert, genie\u00dft er es, in deiner N\u00e4he zu sein, und zwar mit der Gl\u00fchbirne, die er gerade gestohlen hat. Die kultige Maus-Lampe","robots":{"index":"index","follow":"follow","max-snippet":"max-snippet:-1","max-image-preview":"max-image-preview:large","max-video-preview":"max-video-preview:-1"},"canonical":"https:\/\/www.erresse-shop.it\/de\/shop\/einrichtung-haus\/lampen\/seletti-mouse-lamp-sitzen\/","og_locale":"de_DE","og_type":"article","og_title":"SELETTI Mouse Lamp Sitzen","og_description":"Wenn er nicht gerade K\u00e4se knabbert, genie\u00dft er es, in deiner N\u00e4he zu sein, und zwar mit der Gl\u00fchbirne, die er gerade gestohlen hat. Die kultige Maus-Lampe","og_url":"https:\/\/www.erresse-shop.it\/de\/shop\/einrichtung-haus\/lampen\/seletti-mouse-lamp-sitzen\/","og_site_name":"Erresse Shop","article_modified_time":"2024-07-07T13:08:24+00:00","og_image":[{"width":900,"height":1200,"url":"https:\/\/www.erresse-shop.it\/wp-content\/uploads\/2021\/10\/Seletti-Mouse-Lamp-Seduto.jpg","type":"image\/jpeg"}],"twitter_card":"summary_large_image","schema":{"@context":"https:\/\/schema.org","@graph":[{"@type":"WebPage","@id":"https:\/\/www.erresse-shop.it\/de\/shop\/einrichtung-haus\/lampen\/seletti-mouse-lamp-sitzen\/","url":"https:\/\/www.erresse-shop.it\/de\/shop\/einrichtung-haus\/lampen\/seletti-mouse-lamp-sitzen\/","name":"SELETTI Mouse Lamp Sitzen - Erresse Shop","isPartOf":{"@id":"https:\/\/www.erresse-shop.it\/de\/#website"},"datePublished":"2021-10-01T09:03:27+00:00","dateModified":"2024-07-07T13:08:24+00:00","description":"Wenn er nicht gerade K\u00e4se knabbert, genie\u00dft er es, in deiner N\u00e4he zu sein, und zwar mit der Gl\u00fchbirne, die er gerade gestohlen hat. Die kultige Maus-Lampe","breadcrumb":{"@id":"https:\/\/www.erresse-shop.it\/de\/shop\/einrichtung-haus\/lampen\/seletti-mouse-lamp-sitzen\/#breadcrumb"},"inLanguage":"de-DE","potentialAction":[{"@type":"ReadAction","target":["https:\/\/www.erresse-shop.it\/de\/shop\/einrichtung-haus\/lampen\/seletti-mouse-lamp-sitzen\/"]}]},{"@type":"BreadcrumbList","@id":"https:\/\/www.erresse-shop.it\/de\/shop\/einrichtung-haus\/lampen\/seletti-mouse-lamp-sitzen\/#breadcrumb","itemListElement":[{"@type":"ListItem","position":1,"name":"Home","item":"https:\/\/www.erresse-shop.it\/de\/"},{"@type":"ListItem","position":2,"name":"Shop","item":"https:\/\/www.erresse-shop.it\/de\/shop\/"},{"@type":"ListItem","position":3,"name":"SELETTI Mouse Lamp Sitzen"}]},{"@type":"WebSite","@id":"https:\/\/www.erresse-shop.it\/de\/#website","url":"https:\/\/www.erresse-shop.it\/de\/","name":"Erresse Shop","description":"Articoli di qualit\u00e0 per la casa","potentialAction":[{"@type":"SearchAction","target":{"@type":"EntryPoint","urlTemplate":"https:\/\/www.erresse-shop.it\/de\/?s={search_term_string}"},"query-input":"required name=search_term_string"}],"inLanguage":"de-DE"}]}},"df_price":38.7,"df_sale_price":38.7,"df_regular_price":86,"df_image_link":"https:\/\/www.erresse-shop.it\/wp-content\/uploads\/2021\/10\/Seletti-Mouse-Lamp-Seduto-225x300.jpg","_links":{"self":[{"href":"https:\/\/www.erresse-shop.it\/de\/wp-json\/wp\/v2\/product\/122332"}],"collection":[{"href":"https:\/\/www.erresse-shop.it\/de\/wp-json\/wp\/v2\/product"}],"about":[{"href":"https:\/\/www.erresse-shop.it\/de\/wp-json\/wp\/v2\/types\/product"}],"wp:featuredmedia":[{"embeddable":true,"href":"https:\/\/www.erresse-shop.it\/de\/wp-json\/wp\/v2\/media\/122370"}],"wp:attachment":[{"href":"https:\/\/www.erresse-shop.it\/de\/wp-json\/wp\/v2\/media?parent=122332"}],"wp:term":[{"taxonomy":"product_cat","embeddable":true,"href":"https:\/\/www.erresse-shop.it\/de\/wp-json\/wp\/v2\/product_cat?post=122332"},{"taxonomy":"product_tag","embeddable":true,"href":"https:\/\/www.erresse-shop.it\/de\/wp-json\/wp\/v2\/product_tag?post=122332"}],"curies":[{"name":"wp","href":"https:\/\/api.w.org\/{rel}","templated":true}]}}