{"id":121699,"date":"2021-09-28T14:14:03","date_gmt":"2021-09-28T14:14:12","guid":{"rendered":"https:\/\/www.erresse-shop.it\/?post_type=product&#038;p=121699"},"modified":"2024-06-11T00:02:54","modified_gmt":"2024-06-11T00:02:54","slug":"sage-the-barista-express","status":"publish","type":"product","link":"https:\/\/www.erresse-shop.it\/de\/shop\/kleine-elektrogeraete\/kaffeemaschinen-espresso\/automatisch\/sage-the-barista-express\/","title":{"rendered":"SAGE The Barista Express"},"content":{"rendered":"<p>Kreieren Sie einen Espresso mit einem au\u00dfergew\u00f6hnlichen Aroma in weniger als einer Minute: Mit The Barista Express k\u00f6nnen Sie die Bohnen erst kurz vor der Extraktion mahlen. Dank der austauschbaren Filter und einer breiten Palette an automatischen oder manuellen Funktionen k\u00f6nnen Sie im Handumdrehen Kaffee f\u00fcr echte Genie\u00dfer zubereiten.<\/p>\n<p><strong>Kontrolle der Schleifdosis<\/strong><br \/>\nDas integrierte Kegelmahlwerk mahlt die Bohnen auf der Stelle und gibt die richtige Menge Kaffee direkt in den Filterhalter, f\u00fcr ein ideales Ergebnis bei jeder Mischung.<\/p>\n<p><strong>Pr\u00e4zise Extraktion<\/strong><br \/>\nDie digitale Temperaturregelung (PID) liefert das Wasser mit der richtigen Temperatur und sorgt so f\u00fcr eine optimale Extraktion des Espressos.<\/p>\n<p><strong>Milchschaum mit Mikroblasen<\/strong><br \/>\nMit dem Dampfr\u00fchrer k\u00f6nnen Sie die Milch von Hand aufsch\u00e4umen und erhalten einen Mikroblasenschaum, der das Aroma verst\u00e4rkt und perfekt f\u00fcr Milchkaffee ist.<\/p>\n<p><strong>Mahlgrad-Einstellknopf<\/strong><br \/>\nSie ist einfach und intuitiv zu bedienen und erm\u00f6glicht es Ihnen, den Mahlgrad f\u00fcr jede Bohnensorte einzustellen.<\/p>\n<p><strong>Freih\u00e4ndiges Schleifen<\/strong><br \/>\nDer innovative Filterhalter erm\u00f6glicht es Ihnen, den Kaffee direkt im Filterhalter zu mahlen.<\/p>\n<p>Abmessungen (BxTxH): 31 x 32,5 x 40 cm<\/p>\n<p>Leistung: 1850 W<\/p>\n<p>Material: Geb\u00fcrsteter Edelstahl<\/p>\n<p>Sp\u00fclfunktion: Passt die Wassertemperatur nach der Dampfabgabe automatisch an, um die ideale Temperatur f\u00fcr die Espressoextraktion zu erreichen.<\/p>\n<p>Pre-Infusion-Funktion: Diese Funktion erh\u00f6ht schrittweise den Wasserdruck, um den gemahlenen Kaffee sanft auszudehnen und eine gleichm\u00e4\u00dfige Extraktion zu gew\u00e4hrleisten.<\/p>\n<p>Fassungsverm\u00f6gen des Wassertanks: 2 Liter<\/p>\n<p>Nachheizsystem: 1600 W Thermocoil &#8211; integrierter Wasserweg aus Edelstahl regelt die Wassertemperatur pr\u00e4zise<\/p>\n<p>Fassungsverm\u00f6gen des Federhalters: 250 Gramm<\/p>\n<p>Spannung: 220\/240 V<\/p>\n<p>Display: LCD-Bildschirm, der eine einfache Parametrierung der Maschine erm\u00f6glicht und die Extraktionszeit anzeigt.<\/p>\n<p><strong>Einstellungen:<\/strong><\/p>\n<ul>\n<li>Einfacher oder doppelter Espresso<\/li>\n<li>Einstellbare Menge an zu mahlenden Bohnen und manuelle Bedienung<\/li>\n<\/ul>\n<p><strong>Inklusive Zubeh\u00f6r:<\/strong><\/p>\n<ul>\n<li>Razor Pr\u00e4zisions-Dosierger\u00e4t<\/li>\n<li>54-mm-Filterhalter aus rostfreiem Stahl<\/li>\n<li>Einfach- und Doppelwandfilter f\u00fcr 1 und 2 Tassen<\/li>\n<li>Kaffee-Automat<\/li>\n<li>Integrierter Presser<\/li>\n<li>Milchk\u00e4nnchen aus Edelstahl<\/li>\n<li>Reinigungsscheibe und Reinigungstablette<\/li>\n<li>B\u00fcrste, Reinigungszubeh\u00f6r und Inbusschl\u00fcssel<\/li>\n<li>Teststreifen f\u00fcr Wasserh\u00e4rte<\/li>\n<\/ul>\n","protected":false},"excerpt":{"rendered":"<p>Kreieren Sie einen Espresso mit einem au\u00dfergew\u00f6hnlichen Aroma in weniger als einer Minute: Mit The Barista Express k\u00f6nnen Sie die<\/p>\n","protected":false},"featured_media":121714,"template":"","meta":{"_acf_changed":false,"inline_featured_image":false},"product_cat":[6733,6703,25361],"product_tag":[23569,23564,11718],"acf":[],"yoast_head":"<!-- This site is optimized with the Yoast SEO Premium plugin v18.6 (Yoast SEO v19.13) - https:\/\/yoast.com\/wordpress\/plugins\/seo\/ -->\n<title>SAGE The Barista Express - Erresse Shop<\/title>\n<meta name=\"description\" content=\"Kreieren Sie einen Espresso mit einem au\u00dfergew\u00f6hnlichen Aroma in weniger als einer Minute: Mit The Barista Express k\u00f6nnen Sie die Bohnen erst kurz vor der\" \/>\n<meta name=\"robots\" content=\"index, follow, max-snippet:-1, max-image-preview:large, max-video-preview:-1\" \/>\n<link rel=\"canonical\" href=\"https:\/\/www.erresse-shop.it\/de\/shop\/kleine-elektrogeraete\/kaffeemaschinen-espresso\/automatisch\/sage-the-barista-express\/\" \/>\n<meta property=\"og:locale\" content=\"de_DE\" \/>\n<meta property=\"og:type\" content=\"article\" \/>\n<meta property=\"og:title\" content=\"SAGE The Barista Express\" \/>\n<meta property=\"og:description\" content=\"Kreieren Sie einen Espresso mit einem au\u00dfergew\u00f6hnlichen Aroma in weniger als einer Minute: Mit The Barista Express k\u00f6nnen Sie die Bohnen erst kurz vor der\" \/>\n<meta property=\"og:url\" content=\"https:\/\/www.erresse-shop.it\/de\/shop\/kleine-elektrogeraete\/kaffeemaschinen-espresso\/automatisch\/sage-the-barista-express\/\" \/>\n<meta property=\"og:site_name\" content=\"Erresse Shop\" \/>\n<meta property=\"article:modified_time\" content=\"2024-06-11T00:02:54+00:00\" \/>\n<meta property=\"og:image\" content=\"https:\/\/www.erresse-shop.it\/wp-content\/uploads\/2021\/09\/SAGE-The-Bambino-Express.jpg\" \/>\n\t<meta property=\"og:image:width\" content=\"992\" \/>\n\t<meta property=\"og:image:height\" content=\"992\" \/>\n\t<meta property=\"og:image:type\" content=\"image\/jpeg\" \/>\n<meta name=\"twitter:card\" content=\"summary_large_image\" \/>\n<script type=\"application\/ld+json\" class=\"yoast-schema-graph\">{\"@context\":\"https:\/\/schema.org\",\"@graph\":[{\"@type\":\"WebPage\",\"@id\":\"https:\/\/www.erresse-shop.it\/de\/shop\/kleine-elektrogeraete\/kaffeemaschinen-espresso\/automatisch\/sage-the-barista-express\/\",\"url\":\"https:\/\/www.erresse-shop.it\/de\/shop\/kleine-elektrogeraete\/kaffeemaschinen-espresso\/automatisch\/sage-the-barista-express\/\",\"name\":\"SAGE The Barista Express - Erresse Shop\",\"isPartOf\":{\"@id\":\"https:\/\/www.erresse-shop.it\/de\/#website\"},\"datePublished\":\"2021-09-28T14:14:12+00:00\",\"dateModified\":\"2024-06-11T00:02:54+00:00\",\"description\":\"Kreieren Sie einen Espresso mit einem au\u00dfergew\u00f6hnlichen Aroma in weniger als einer Minute: Mit The Barista Express k\u00f6nnen Sie die Bohnen erst kurz vor der\",\"breadcrumb\":{\"@id\":\"https:\/\/www.erresse-shop.it\/de\/shop\/kleine-elektrogeraete\/kaffeemaschinen-espresso\/automatisch\/sage-the-barista-express\/#breadcrumb\"},\"inLanguage\":\"de-DE\",\"potentialAction\":[{\"@type\":\"ReadAction\",\"target\":[\"https:\/\/www.erresse-shop.it\/de\/shop\/kleine-elektrogeraete\/kaffeemaschinen-espresso\/automatisch\/sage-the-barista-express\/\"]}]},{\"@type\":\"BreadcrumbList\",\"@id\":\"https:\/\/www.erresse-shop.it\/de\/shop\/kleine-elektrogeraete\/kaffeemaschinen-espresso\/automatisch\/sage-the-barista-express\/#breadcrumb\",\"itemListElement\":[{\"@type\":\"ListItem\",\"position\":1,\"name\":\"Home\",\"item\":\"https:\/\/www.erresse-shop.it\/de\/\"},{\"@type\":\"ListItem\",\"position\":2,\"name\":\"Shop\",\"item\":\"https:\/\/www.erresse-shop.it\/de\/shop\/\"},{\"@type\":\"ListItem\",\"position\":3,\"name\":\"SAGE The Barista Express\"}]},{\"@type\":\"WebSite\",\"@id\":\"https:\/\/www.erresse-shop.it\/de\/#website\",\"url\":\"https:\/\/www.erresse-shop.it\/de\/\",\"name\":\"Erresse Shop\",\"description\":\"Articoli di qualit\u00e0 per la casa\",\"potentialAction\":[{\"@type\":\"SearchAction\",\"target\":{\"@type\":\"EntryPoint\",\"urlTemplate\":\"https:\/\/www.erresse-shop.it\/de\/?s={search_term_string}\"},\"query-input\":\"required name=search_term_string\"}],\"inLanguage\":\"de-DE\"}]}<\/script>\n<!-- \/ Yoast SEO Premium plugin. -->","yoast_head_json":{"title":"SAGE The Barista Express - Erresse Shop","description":"Kreieren Sie einen Espresso mit einem au\u00dfergew\u00f6hnlichen Aroma in weniger als einer Minute: Mit The Barista Express k\u00f6nnen Sie die Bohnen erst kurz vor der","robots":{"index":"index","follow":"follow","max-snippet":"max-snippet:-1","max-image-preview":"max-image-preview:large","max-video-preview":"max-video-preview:-1"},"canonical":"https:\/\/www.erresse-shop.it\/de\/shop\/kleine-elektrogeraete\/kaffeemaschinen-espresso\/automatisch\/sage-the-barista-express\/","og_locale":"de_DE","og_type":"article","og_title":"SAGE The Barista Express","og_description":"Kreieren Sie einen Espresso mit einem au\u00dfergew\u00f6hnlichen Aroma in weniger als einer Minute: Mit The Barista Express k\u00f6nnen Sie die Bohnen erst kurz vor der","og_url":"https:\/\/www.erresse-shop.it\/de\/shop\/kleine-elektrogeraete\/kaffeemaschinen-espresso\/automatisch\/sage-the-barista-express\/","og_site_name":"Erresse Shop","article_modified_time":"2024-06-11T00:02:54+00:00","og_image":[{"width":992,"height":992,"url":"https:\/\/www.erresse-shop.it\/wp-content\/uploads\/2021\/09\/SAGE-The-Bambino-Express.jpg","type":"image\/jpeg"}],"twitter_card":"summary_large_image","schema":{"@context":"https:\/\/schema.org","@graph":[{"@type":"WebPage","@id":"https:\/\/www.erresse-shop.it\/de\/shop\/kleine-elektrogeraete\/kaffeemaschinen-espresso\/automatisch\/sage-the-barista-express\/","url":"https:\/\/www.erresse-shop.it\/de\/shop\/kleine-elektrogeraete\/kaffeemaschinen-espresso\/automatisch\/sage-the-barista-express\/","name":"SAGE The Barista Express - Erresse Shop","isPartOf":{"@id":"https:\/\/www.erresse-shop.it\/de\/#website"},"datePublished":"2021-09-28T14:14:12+00:00","dateModified":"2024-06-11T00:02:54+00:00","description":"Kreieren Sie einen Espresso mit einem au\u00dfergew\u00f6hnlichen Aroma in weniger als einer Minute: Mit The Barista Express k\u00f6nnen Sie die Bohnen erst kurz vor der","breadcrumb":{"@id":"https:\/\/www.erresse-shop.it\/de\/shop\/kleine-elektrogeraete\/kaffeemaschinen-espresso\/automatisch\/sage-the-barista-express\/#breadcrumb"},"inLanguage":"de-DE","potentialAction":[{"@type":"ReadAction","target":["https:\/\/www.erresse-shop.it\/de\/shop\/kleine-elektrogeraete\/kaffeemaschinen-espresso\/automatisch\/sage-the-barista-express\/"]}]},{"@type":"BreadcrumbList","@id":"https:\/\/www.erresse-shop.it\/de\/shop\/kleine-elektrogeraete\/kaffeemaschinen-espresso\/automatisch\/sage-the-barista-express\/#breadcrumb","itemListElement":[{"@type":"ListItem","position":1,"name":"Home","item":"https:\/\/www.erresse-shop.it\/de\/"},{"@type":"ListItem","position":2,"name":"Shop","item":"https:\/\/www.erresse-shop.it\/de\/shop\/"},{"@type":"ListItem","position":3,"name":"SAGE The Barista Express"}]},{"@type":"WebSite","@id":"https:\/\/www.erresse-shop.it\/de\/#website","url":"https:\/\/www.erresse-shop.it\/de\/","name":"Erresse Shop","description":"Articoli di qualit\u00e0 per la casa","potentialAction":[{"@type":"SearchAction","target":{"@type":"EntryPoint","urlTemplate":"https:\/\/www.erresse-shop.it\/de\/?s={search_term_string}"},"query-input":"required name=search_term_string"}],"inLanguage":"de-DE"}]}},"df_price":640,"df_sale_price":640,"df_regular_price":729.9,"df_image_link":"https:\/\/www.erresse-shop.it\/wp-content\/uploads\/2021\/09\/SAGE-The-Bambino-Express-300x300.jpg","_links":{"self":[{"href":"https:\/\/www.erresse-shop.it\/de\/wp-json\/wp\/v2\/product\/121699"}],"collection":[{"href":"https:\/\/www.erresse-shop.it\/de\/wp-json\/wp\/v2\/product"}],"about":[{"href":"https:\/\/www.erresse-shop.it\/de\/wp-json\/wp\/v2\/types\/product"}],"wp:featuredmedia":[{"embeddable":true,"href":"https:\/\/www.erresse-shop.it\/de\/wp-json\/wp\/v2\/media\/121714"}],"wp:attachment":[{"href":"https:\/\/www.erresse-shop.it\/de\/wp-json\/wp\/v2\/media?parent=121699"}],"wp:term":[{"taxonomy":"product_cat","embeddable":true,"href":"https:\/\/www.erresse-shop.it\/de\/wp-json\/wp\/v2\/product_cat?post=121699"},{"taxonomy":"product_tag","embeddable":true,"href":"https:\/\/www.erresse-shop.it\/de\/wp-json\/wp\/v2\/product_tag?post=121699"}],"curies":[{"name":"wp","href":"https:\/\/api.w.org\/{rel}","templated":true}]}}