{"id":120478,"date":"2021-09-20T13:04:36","date_gmt":"2021-09-20T13:04:38","guid":{"rendered":"https:\/\/www.erresse-shop.it\/?post_type=product&#038;p=120478"},"modified":"2023-03-04T08:00:39","modified_gmt":"2023-03-04T08:00:39","slug":"ruffoni-opus-prima-set-7-stk","status":"publish","type":"product","link":"https:\/\/www.erresse-shop.it\/de\/shop\/toepfe-pfannen\/topfsets\/ruffoni-opus-prima-set-7-stk\/","title":{"rendered":"RUFFONI Opus Prima Set 7 stk"},"content":{"rendered":"<p><strong>OPUS PRIMA.<\/strong><\/p>\n<p>Eine Linie von au\u00dfergew\u00f6hnlichen Kochobjekten, die das Ergebnis einer Kombination von Spitzentechnologie und jahrtausendealter Handwerkskunst sind, die noch heute von unseren Handwerksmeistern bewahrt wird.<br \/>\nHervorragende W\u00e4rmeverteilung und Temperaturkontrolle dank der massiven Aluminiumlegierungsschicht innerhalb der 2 Schichten aus praktischem und hygienischem Edelstahl.<br \/>\nDie handgeh\u00e4mmerte Oberfl\u00e4che, die bequemen Stahlgriffe und die sch\u00f6nen versilberten Messingkn\u00f6pfe, die von Mail\u00e4nder Silberschmiedemeistern hergestellt werden, machen diese wunderbaren Kreationen zu einem Blickfang auf Ihrem Tisch.<br \/>\nGeeignet f\u00fcr alle Herdarten (auch Induktion) und sp\u00fclmaschinenfest.<\/p>\n<p>Das Set setzt sich wie folgt zusammen:<\/p>\n<ul>\n<li>Kasserolle 26 cm (OPA2614X) + Deckel<\/li>\n<li>Halbrund 30cm (OPA3009X) + Deckel<\/li>\n<li>Chefkochkasserolle 1 Griff 24cm (OPB2409Z) + Deckel<\/li>\n<li>Bratpfanne 26cm (OPC2605Z)<\/li>\n<\/ul>\n","protected":false},"excerpt":{"rendered":"<p>OPUS PRIMA. Eine Linie von au\u00dfergew\u00f6hnlichen Kochobjekten, die das Ergebnis einer Kombination von Spitzentechnologie und jahrtausendealter Handwerkskunst sind, die noch<\/p>\n","protected":false},"featured_media":120517,"template":"","meta":{"_acf_changed":false,"inline_featured_image":false},"product_cat":[6709,14781],"product_tag":[11387,11609,24681,11718,11605,12205],"acf":[],"yoast_head":"<!-- This site is optimized with the Yoast SEO Premium plugin v18.6 (Yoast SEO v19.13) - https:\/\/yoast.com\/wordpress\/plugins\/seo\/ -->\n<title>RUFFONI Opus Prima Set 7 stk - Erresse Shop<\/title>\n<meta name=\"description\" content=\"OPUS PRIMA. Eine Linie von au\u00dfergew\u00f6hnlichen Kochobjekten, die das Ergebnis einer Kombination von Spitzentechnologie und jahrtausendealter Handwerkskunst\" \/>\n<meta name=\"robots\" content=\"index, follow, max-snippet:-1, max-image-preview:large, max-video-preview:-1\" \/>\n<link rel=\"canonical\" href=\"https:\/\/www.erresse-shop.it\/de\/shop\/toepfe-pfannen\/topfsets\/ruffoni-opus-prima-set-7-stk\/\" \/>\n<meta property=\"og:locale\" content=\"de_DE\" \/>\n<meta property=\"og:type\" content=\"article\" \/>\n<meta property=\"og:title\" content=\"RUFFONI Opus Prima Set 7 stk\" \/>\n<meta property=\"og:description\" content=\"OPUS PRIMA. Eine Linie von au\u00dfergew\u00f6hnlichen Kochobjekten, die das Ergebnis einer Kombination von Spitzentechnologie und jahrtausendealter Handwerkskunst\" \/>\n<meta property=\"og:url\" content=\"https:\/\/www.erresse-shop.it\/de\/shop\/toepfe-pfannen\/topfsets\/ruffoni-opus-prima-set-7-stk\/\" \/>\n<meta property=\"og:site_name\" content=\"Erresse Shop\" \/>\n<meta property=\"article:modified_time\" content=\"2023-03-04T08:00:39+00:00\" \/>\n<meta property=\"og:image\" content=\"https:\/\/www.erresse-shop.it\/wp-content\/uploads\/2021\/09\/OPS0007.jpg\" \/>\n\t<meta property=\"og:image:width\" content=\"1000\" \/>\n\t<meta property=\"og:image:height\" content=\"583\" \/>\n\t<meta property=\"og:image:type\" content=\"image\/jpeg\" \/>\n<meta name=\"twitter:card\" content=\"summary_large_image\" \/>\n<script type=\"application\/ld+json\" class=\"yoast-schema-graph\">{\"@context\":\"https:\/\/schema.org\",\"@graph\":[{\"@type\":\"WebPage\",\"@id\":\"https:\/\/www.erresse-shop.it\/de\/shop\/toepfe-pfannen\/topfsets\/ruffoni-opus-prima-set-7-stk\/\",\"url\":\"https:\/\/www.erresse-shop.it\/de\/shop\/toepfe-pfannen\/topfsets\/ruffoni-opus-prima-set-7-stk\/\",\"name\":\"RUFFONI Opus Prima Set 7 stk - Erresse Shop\",\"isPartOf\":{\"@id\":\"https:\/\/www.erresse-shop.it\/de\/#website\"},\"datePublished\":\"2021-09-20T13:04:38+00:00\",\"dateModified\":\"2023-03-04T08:00:39+00:00\",\"description\":\"OPUS PRIMA. Eine Linie von au\u00dfergew\u00f6hnlichen Kochobjekten, die das Ergebnis einer Kombination von Spitzentechnologie und jahrtausendealter Handwerkskunst\",\"breadcrumb\":{\"@id\":\"https:\/\/www.erresse-shop.it\/de\/shop\/toepfe-pfannen\/topfsets\/ruffoni-opus-prima-set-7-stk\/#breadcrumb\"},\"inLanguage\":\"de-DE\",\"potentialAction\":[{\"@type\":\"ReadAction\",\"target\":[\"https:\/\/www.erresse-shop.it\/de\/shop\/toepfe-pfannen\/topfsets\/ruffoni-opus-prima-set-7-stk\/\"]}]},{\"@type\":\"BreadcrumbList\",\"@id\":\"https:\/\/www.erresse-shop.it\/de\/shop\/toepfe-pfannen\/topfsets\/ruffoni-opus-prima-set-7-stk\/#breadcrumb\",\"itemListElement\":[{\"@type\":\"ListItem\",\"position\":1,\"name\":\"Home\",\"item\":\"https:\/\/www.erresse-shop.it\/de\/\"},{\"@type\":\"ListItem\",\"position\":2,\"name\":\"Shop\",\"item\":\"https:\/\/www.erresse-shop.it\/de\/shop\/\"},{\"@type\":\"ListItem\",\"position\":3,\"name\":\"RUFFONI Opus Prima Set 7 stk\"}]},{\"@type\":\"WebSite\",\"@id\":\"https:\/\/www.erresse-shop.it\/de\/#website\",\"url\":\"https:\/\/www.erresse-shop.it\/de\/\",\"name\":\"Erresse Shop\",\"description\":\"Articoli di qualit\u00e0 per la casa\",\"potentialAction\":[{\"@type\":\"SearchAction\",\"target\":{\"@type\":\"EntryPoint\",\"urlTemplate\":\"https:\/\/www.erresse-shop.it\/de\/?s={search_term_string}\"},\"query-input\":\"required name=search_term_string\"}],\"inLanguage\":\"de-DE\"}]}<\/script>\n<!-- \/ Yoast SEO Premium plugin. -->","yoast_head_json":{"title":"RUFFONI Opus Prima Set 7 stk - Erresse Shop","description":"OPUS PRIMA. Eine Linie von au\u00dfergew\u00f6hnlichen Kochobjekten, die das Ergebnis einer Kombination von Spitzentechnologie und jahrtausendealter Handwerkskunst","robots":{"index":"index","follow":"follow","max-snippet":"max-snippet:-1","max-image-preview":"max-image-preview:large","max-video-preview":"max-video-preview:-1"},"canonical":"https:\/\/www.erresse-shop.it\/de\/shop\/toepfe-pfannen\/topfsets\/ruffoni-opus-prima-set-7-stk\/","og_locale":"de_DE","og_type":"article","og_title":"RUFFONI Opus Prima Set 7 stk","og_description":"OPUS PRIMA. Eine Linie von au\u00dfergew\u00f6hnlichen Kochobjekten, die das Ergebnis einer Kombination von Spitzentechnologie und jahrtausendealter Handwerkskunst","og_url":"https:\/\/www.erresse-shop.it\/de\/shop\/toepfe-pfannen\/topfsets\/ruffoni-opus-prima-set-7-stk\/","og_site_name":"Erresse Shop","article_modified_time":"2023-03-04T08:00:39+00:00","og_image":[{"width":1000,"height":583,"url":"https:\/\/www.erresse-shop.it\/wp-content\/uploads\/2021\/09\/OPS0007.jpg","type":"image\/jpeg"}],"twitter_card":"summary_large_image","schema":{"@context":"https:\/\/schema.org","@graph":[{"@type":"WebPage","@id":"https:\/\/www.erresse-shop.it\/de\/shop\/toepfe-pfannen\/topfsets\/ruffoni-opus-prima-set-7-stk\/","url":"https:\/\/www.erresse-shop.it\/de\/shop\/toepfe-pfannen\/topfsets\/ruffoni-opus-prima-set-7-stk\/","name":"RUFFONI Opus Prima Set 7 stk - Erresse Shop","isPartOf":{"@id":"https:\/\/www.erresse-shop.it\/de\/#website"},"datePublished":"2021-09-20T13:04:38+00:00","dateModified":"2023-03-04T08:00:39+00:00","description":"OPUS PRIMA. Eine Linie von au\u00dfergew\u00f6hnlichen Kochobjekten, die das Ergebnis einer Kombination von Spitzentechnologie und jahrtausendealter Handwerkskunst","breadcrumb":{"@id":"https:\/\/www.erresse-shop.it\/de\/shop\/toepfe-pfannen\/topfsets\/ruffoni-opus-prima-set-7-stk\/#breadcrumb"},"inLanguage":"de-DE","potentialAction":[{"@type":"ReadAction","target":["https:\/\/www.erresse-shop.it\/de\/shop\/toepfe-pfannen\/topfsets\/ruffoni-opus-prima-set-7-stk\/"]}]},{"@type":"BreadcrumbList","@id":"https:\/\/www.erresse-shop.it\/de\/shop\/toepfe-pfannen\/topfsets\/ruffoni-opus-prima-set-7-stk\/#breadcrumb","itemListElement":[{"@type":"ListItem","position":1,"name":"Home","item":"https:\/\/www.erresse-shop.it\/de\/"},{"@type":"ListItem","position":2,"name":"Shop","item":"https:\/\/www.erresse-shop.it\/de\/shop\/"},{"@type":"ListItem","position":3,"name":"RUFFONI Opus Prima Set 7 stk"}]},{"@type":"WebSite","@id":"https:\/\/www.erresse-shop.it\/de\/#website","url":"https:\/\/www.erresse-shop.it\/de\/","name":"Erresse Shop","description":"Articoli di qualit\u00e0 per la casa","potentialAction":[{"@type":"SearchAction","target":{"@type":"EntryPoint","urlTemplate":"https:\/\/www.erresse-shop.it\/de\/?s={search_term_string}"},"query-input":"required name=search_term_string"}],"inLanguage":"de-DE"}]}},"df_price":999,"df_sale_price":999,"df_regular_price":1998,"df_image_link":"https:\/\/www.erresse-shop.it\/wp-content\/uploads\/2021\/09\/OPS0007-300x175.jpg","_links":{"self":[{"href":"https:\/\/www.erresse-shop.it\/de\/wp-json\/wp\/v2\/product\/120478"}],"collection":[{"href":"https:\/\/www.erresse-shop.it\/de\/wp-json\/wp\/v2\/product"}],"about":[{"href":"https:\/\/www.erresse-shop.it\/de\/wp-json\/wp\/v2\/types\/product"}],"wp:featuredmedia":[{"embeddable":true,"href":"https:\/\/www.erresse-shop.it\/de\/wp-json\/wp\/v2\/media\/120517"}],"wp:attachment":[{"href":"https:\/\/www.erresse-shop.it\/de\/wp-json\/wp\/v2\/media?parent=120478"}],"wp:term":[{"taxonomy":"product_cat","embeddable":true,"href":"https:\/\/www.erresse-shop.it\/de\/wp-json\/wp\/v2\/product_cat?post=120478"},{"taxonomy":"product_tag","embeddable":true,"href":"https:\/\/www.erresse-shop.it\/de\/wp-json\/wp\/v2\/product_tag?post=120478"}],"curies":[{"name":"wp","href":"https:\/\/api.w.org\/{rel}","templated":true}]}}