{"id":11950,"date":"2013-03-28T19:12:57","date_gmt":"2013-03-28T19:12:57","guid":{"rendered":"https:\/\/www.erresse-shop.it\/?post_type=product&#038;p=11950"},"modified":"2025-01-16T14:58:43","modified_gmt":"2025-01-16T14:58:43","slug":"demeyere-wok-36cm","status":"publish","type":"product","link":"https:\/\/www.erresse-shop.it\/de\/shop\/toepfe-pfannen\/wok-topf-pfanne\/demeyere-wok-36cm\/","title":{"rendered":"DEMEYERE Wok 36 cm"},"content":{"rendered":"<p>Mit dem Wok mit flachem Boden von Demeyere k\u00f6nnen Sie nicht nur asiatische Gerichte zubereiten. Das Kochger\u00e4t eignet sich auch zum D\u00e4mpfen und Frittieren. Der Wok ist f\u00fcr die Benutzung auf allen Herdarten geeignet und besonders f\u00fcr Induktion optimiert. Der Wok ist bis zum Rand des K\u00f6rpers aus einem mehrschichtigen Material gefertigt. Die Hitze verteilt sich deshalb rasch bis in den Rand. Der Wok hat eine Abmessung von 36 cm, eine H\u00f6he von 12 cm sowie ein Fassungsverm\u00f6gen von 8,5 l. Der Bodendurchmesser des Woks betr\u00e4gt 13 cm. Ein Stiel- und ein gegen\u00fcberliegender Griff sorgen f\u00fcr ein sicheres Handling. Mit dem Wok von Demeyere haben Sie ein hochfunktionales und attraktiv designtes Kochgeschirr zur Hand, mit dem Sie schnelle und gesunde Gerichte zubereiten k\u00f6nnen.<\/p>\n<p>Edelstahl 18\/10 mit Silvinox\u00ae: hygienisch und pflegeleicht<br \/>\n7-Schicht-Material bis zum Rand (2,3 mm): perfekte W\u00e4rmeverteilung zum Wokken<br \/>\nGeschwei\u00dfte Edelstahlgriffe: sehr stabil und hygienisch &#8211; mit Gegengriff<br \/>\nGeeignet f\u00fcr den Ofen und alle Herdarten, einschlie\u00dflich Induktion<\/p>\n<p>Eigenschaften<br \/>\nFarbe: Silber<br \/>\nMaterial: 18\/10 Edelstahl<br \/>\nInduktion: Ja<br \/>\nBackofen geeignet: Ja<br \/>\nGrillvorrichtung geeignet: Ja<\/p>\n<p>Abmessungen<br \/>\nGewicht netto: 1,65 kg<br \/>\nFassungsverm\u00f6gen: 6,00 l<br \/>\nProduktl\u00e4nge: 65,50 cm<br \/>\nProduktbreite: 38,20 cm<br \/>\nProdukth\u00f6he: 12,00 cm<br \/>\nOberer Durchmesser: 36,00 cm<br \/>\nBodendurchmesser: 13,00 cm<\/p>\n","protected":false},"excerpt":{"rendered":"<p>Mit dem Wok mit flachem Boden von Demeyere k\u00f6nnen Sie nicht nur asiatische Gerichte zubereiten. Das Kochger\u00e4t eignet sich auch<\/p>\n","protected":false},"featured_media":477673,"template":"","meta":{"_acf_changed":false,"inline_featured_image":false},"product_cat":[6709,6781],"product_tag":[25027,11787,11395,24398,11385,15405,25022,12205,11690],"acf":[],"yoast_head":"<!-- This site is optimized with the Yoast SEO Premium plugin v18.6 (Yoast SEO v19.13) - https:\/\/yoast.com\/wordpress\/plugins\/seo\/ -->\n<title>DEMEYERE Wok 36 cm<\/title>\n<meta name=\"description\" content=\"Entdecken Sie DEMEYERE Wok 36 cm bei ErresseShop. Qualit\u00e4t, Stil und Funktionalit\u00e4t \u2013 jetzt online bestellen!\" \/>\n<meta name=\"robots\" content=\"index, follow, max-snippet:-1, max-image-preview:large, max-video-preview:-1\" \/>\n<link rel=\"canonical\" href=\"https:\/\/www.erresse-shop.it\/de\/shop\/toepfe-pfannen\/wok-topf-pfanne\/demeyere-wok-36cm\/\" \/>\n<meta property=\"og:locale\" content=\"de_DE\" \/>\n<meta property=\"og:type\" content=\"article\" \/>\n<meta property=\"og:title\" content=\"DEMEYERE Wok 36 cm\" \/>\n<meta property=\"og:description\" content=\"Entdecken Sie DEMEYERE Wok 36 cm bei ErresseShop. Qualit\u00e4t, Stil und Funktionalit\u00e4t \u2013 jetzt online bestellen!\" \/>\n<meta property=\"og:url\" content=\"https:\/\/www.erresse-shop.it\/de\/shop\/toepfe-pfannen\/wok-topf-pfanne\/demeyere-wok-36cm\/\" \/>\n<meta property=\"og:site_name\" content=\"Erresse Shop\" \/>\n<meta property=\"article:modified_time\" content=\"2025-01-16T14:58:43+00:00\" \/>\n<meta property=\"og:image\" content=\"https:\/\/www.erresse-shop.it\/wp-content\/uploads\/2013\/03\/DEMEYERE-Wok-36-cm.png\" \/>\n\t<meta property=\"og:image:width\" content=\"800\" \/>\n\t<meta property=\"og:image:height\" content=\"800\" \/>\n\t<meta property=\"og:image:type\" content=\"image\/png\" \/>\n<meta name=\"twitter:card\" content=\"summary_large_image\" \/>\n<script type=\"application\/ld+json\" class=\"yoast-schema-graph\">{\"@context\":\"https:\/\/schema.org\",\"@graph\":[{\"@type\":\"WebPage\",\"@id\":\"https:\/\/www.erresse-shop.it\/de\/shop\/toepfe-pfannen\/wok-topf-pfanne\/demeyere-wok-36cm\/\",\"url\":\"https:\/\/www.erresse-shop.it\/de\/shop\/toepfe-pfannen\/wok-topf-pfanne\/demeyere-wok-36cm\/\",\"name\":\"DEMEYERE Wok 36 cm\",\"isPartOf\":{\"@id\":\"https:\/\/www.erresse-shop.it\/de\/#website\"},\"datePublished\":\"2013-03-28T19:12:57+00:00\",\"dateModified\":\"2025-01-16T14:58:43+00:00\",\"description\":\"Entdecken Sie DEMEYERE Wok 36 cm bei ErresseShop. Qualit\u00e4t, Stil und Funktionalit\u00e4t \u2013 jetzt online bestellen!\",\"breadcrumb\":{\"@id\":\"https:\/\/www.erresse-shop.it\/de\/shop\/toepfe-pfannen\/wok-topf-pfanne\/demeyere-wok-36cm\/#breadcrumb\"},\"inLanguage\":\"de-DE\",\"potentialAction\":[{\"@type\":\"ReadAction\",\"target\":[\"https:\/\/www.erresse-shop.it\/de\/shop\/toepfe-pfannen\/wok-topf-pfanne\/demeyere-wok-36cm\/\"]}]},{\"@type\":\"BreadcrumbList\",\"@id\":\"https:\/\/www.erresse-shop.it\/de\/shop\/toepfe-pfannen\/wok-topf-pfanne\/demeyere-wok-36cm\/#breadcrumb\",\"itemListElement\":[{\"@type\":\"ListItem\",\"position\":1,\"name\":\"Home\",\"item\":\"https:\/\/www.erresse-shop.it\/de\/\"},{\"@type\":\"ListItem\",\"position\":2,\"name\":\"Shop\",\"item\":\"https:\/\/www.erresse-shop.it\/de\/shop\/\"},{\"@type\":\"ListItem\",\"position\":3,\"name\":\"DEMEYERE Wok 36 cm\"}]},{\"@type\":\"WebSite\",\"@id\":\"https:\/\/www.erresse-shop.it\/de\/#website\",\"url\":\"https:\/\/www.erresse-shop.it\/de\/\",\"name\":\"Erresse Shop\",\"description\":\"Articoli di qualit\u00e0 per la casa\",\"potentialAction\":[{\"@type\":\"SearchAction\",\"target\":{\"@type\":\"EntryPoint\",\"urlTemplate\":\"https:\/\/www.erresse-shop.it\/de\/?s={search_term_string}\"},\"query-input\":\"required name=search_term_string\"}],\"inLanguage\":\"de-DE\"}]}<\/script>\n<!-- \/ Yoast SEO Premium plugin. -->","yoast_head_json":{"title":"DEMEYERE Wok 36 cm","description":"Entdecken Sie DEMEYERE Wok 36 cm bei ErresseShop. Qualit\u00e4t, Stil und Funktionalit\u00e4t \u2013 jetzt online bestellen!","robots":{"index":"index","follow":"follow","max-snippet":"max-snippet:-1","max-image-preview":"max-image-preview:large","max-video-preview":"max-video-preview:-1"},"canonical":"https:\/\/www.erresse-shop.it\/de\/shop\/toepfe-pfannen\/wok-topf-pfanne\/demeyere-wok-36cm\/","og_locale":"de_DE","og_type":"article","og_title":"DEMEYERE Wok 36 cm","og_description":"Entdecken Sie DEMEYERE Wok 36 cm bei ErresseShop. Qualit\u00e4t, Stil und Funktionalit\u00e4t \u2013 jetzt online bestellen!","og_url":"https:\/\/www.erresse-shop.it\/de\/shop\/toepfe-pfannen\/wok-topf-pfanne\/demeyere-wok-36cm\/","og_site_name":"Erresse Shop","article_modified_time":"2025-01-16T14:58:43+00:00","og_image":[{"width":800,"height":800,"url":"https:\/\/www.erresse-shop.it\/wp-content\/uploads\/2013\/03\/DEMEYERE-Wok-36-cm.png","type":"image\/png"}],"twitter_card":"summary_large_image","schema":{"@context":"https:\/\/schema.org","@graph":[{"@type":"WebPage","@id":"https:\/\/www.erresse-shop.it\/de\/shop\/toepfe-pfannen\/wok-topf-pfanne\/demeyere-wok-36cm\/","url":"https:\/\/www.erresse-shop.it\/de\/shop\/toepfe-pfannen\/wok-topf-pfanne\/demeyere-wok-36cm\/","name":"DEMEYERE Wok 36 cm","isPartOf":{"@id":"https:\/\/www.erresse-shop.it\/de\/#website"},"datePublished":"2013-03-28T19:12:57+00:00","dateModified":"2025-01-16T14:58:43+00:00","description":"Entdecken Sie DEMEYERE Wok 36 cm bei ErresseShop. Qualit\u00e4t, Stil und Funktionalit\u00e4t \u2013 jetzt online bestellen!","breadcrumb":{"@id":"https:\/\/www.erresse-shop.it\/de\/shop\/toepfe-pfannen\/wok-topf-pfanne\/demeyere-wok-36cm\/#breadcrumb"},"inLanguage":"de-DE","potentialAction":[{"@type":"ReadAction","target":["https:\/\/www.erresse-shop.it\/de\/shop\/toepfe-pfannen\/wok-topf-pfanne\/demeyere-wok-36cm\/"]}]},{"@type":"BreadcrumbList","@id":"https:\/\/www.erresse-shop.it\/de\/shop\/toepfe-pfannen\/wok-topf-pfanne\/demeyere-wok-36cm\/#breadcrumb","itemListElement":[{"@type":"ListItem","position":1,"name":"Home","item":"https:\/\/www.erresse-shop.it\/de\/"},{"@type":"ListItem","position":2,"name":"Shop","item":"https:\/\/www.erresse-shop.it\/de\/shop\/"},{"@type":"ListItem","position":3,"name":"DEMEYERE Wok 36 cm"}]},{"@type":"WebSite","@id":"https:\/\/www.erresse-shop.it\/de\/#website","url":"https:\/\/www.erresse-shop.it\/de\/","name":"Erresse Shop","description":"Articoli di qualit\u00e0 per la casa","potentialAction":[{"@type":"SearchAction","target":{"@type":"EntryPoint","urlTemplate":"https:\/\/www.erresse-shop.it\/de\/?s={search_term_string}"},"query-input":"required name=search_term_string"}],"inLanguage":"de-DE"}]}},"df_price":299,"df_sale_price":299,"df_regular_price":299,"df_image_link":"https:\/\/www.erresse-shop.it\/wp-content\/uploads\/2013\/03\/DEMEYERE-Wok-36-cm-300x300.jpg","_links":{"self":[{"href":"https:\/\/www.erresse-shop.it\/de\/wp-json\/wp\/v2\/product\/11950"}],"collection":[{"href":"https:\/\/www.erresse-shop.it\/de\/wp-json\/wp\/v2\/product"}],"about":[{"href":"https:\/\/www.erresse-shop.it\/de\/wp-json\/wp\/v2\/types\/product"}],"wp:featuredmedia":[{"embeddable":true,"href":"https:\/\/www.erresse-shop.it\/de\/wp-json\/wp\/v2\/media\/477673"}],"wp:attachment":[{"href":"https:\/\/www.erresse-shop.it\/de\/wp-json\/wp\/v2\/media?parent=11950"}],"wp:term":[{"taxonomy":"product_cat","embeddable":true,"href":"https:\/\/www.erresse-shop.it\/de\/wp-json\/wp\/v2\/product_cat?post=11950"},{"taxonomy":"product_tag","embeddable":true,"href":"https:\/\/www.erresse-shop.it\/de\/wp-json\/wp\/v2\/product_tag?post=11950"}],"curies":[{"name":"wp","href":"https:\/\/api.w.org\/{rel}","templated":true}]}}