{"id":11941,"date":"2013-03-28T18:57:41","date_gmt":"2013-03-28T18:57:41","guid":{"rendered":"https:\/\/www.erresse-shop.it\/?post_type=product&#038;p=11941"},"modified":"2025-01-16T14:58:42","modified_gmt":"2025-01-16T14:58:42","slug":"demeyere-wok-32cm","status":"publish","type":"product","link":"https:\/\/www.erresse-shop.it\/de\/shop\/toepfe-pfannen\/wok-topf-pfanne\/demeyere-wok-32cm\/","title":{"rendered":"DEMEYERE Wok 32 cm"},"content":{"rendered":"<p>D\u00e4mpfen, Frittieren und Kochen \u2013 all das macht der Wok von Demeyere in Ihrer K\u00fcche m\u00f6glich. Er eignet sich vor allem, wenn das Gem\u00fcse frisch und knackig und die Vitamine aufgrund der kurzen und schonenden Garzeit erhalten bleiben sollen. Mit seinem Volumen von 5,5 l ist er sich auch f\u00fcr die Zubereitung gr\u00f6\u00dferer Portionen nutzbar. Mit diesem Wok mit flachem Boden gelingen Ihnen klassische Wokgerichte wie das thail\u00e4ndische Nationalgericht Pad Thai kinderleicht. Egal, ob Meeresfr\u00fcchte, Rindfleisch, Schweinefleisch oder Gefl\u00fcgel, all das l\u00e4sst sich schonend und gleichm\u00e4\u00dfig braten. Der Wok von Demeyere besteht aus einem speziellen 7-Ply-Material, das sich aus mehreren Schichten von Edelstahl und Aluminium zusammensetzt. Dank des mehrschichtigen Bodens wird die W\u00e4rme schnell und gleichm\u00e4\u00dfig \u00fcber den gesamten Boden bis an den Rand des Woks verteilt. So werden alle Zutaten schonend und gleichm\u00e4\u00dfig gegart. Der flache Boden erm\u00f6glicht den Einsatz des K\u00fcchenger\u00e4tes auf allen Arten von Herden. Ob gem\u00fctlicher Gelegenheitskoch, passionierter Hobbykoch oder Profi, dieser Wok von Demeyere ist aufgrund seiner vielf\u00e4ltigen Einsetzbarkeit f\u00fcr jedermann geeignet.<\/p>\n<p>&#8211; Edelstahl 18\/10 mit Silvinox\u00ae: hygienisch und pflegeleicht<br \/>\n&#8211; 7-Schicht-Material bis zum Rand (2,3 mm): perfekte W\u00e4rmeverteilung zum Wokken<br \/>\n&#8211; Geschwei\u00dfte Edelstahlgriffe: sehr stabil und hygienisch &#8211; mit Gegengriff<br \/>\n&#8211; Geeignet f\u00fcr den Ofen und alle Herdarten, einschlie\u00dflich Induktion<\/p>\n<p>Eigenschaften<br \/>\nFarbe: Silber<br \/>\nMaterial: 18\/10 Edelstahl<br \/>\nGriffart: Stielgriff<br \/>\nVeredelung: poliert<br \/>\nDeckel vorhanden: Nein<br \/>\nInduktion: Ja<br \/>\nBackofen geeignet: Ja<br \/>\nGrillvorrichtung geeignet: Ja<\/p>\n<p>Abmessungen<br \/>\nGewicht netto: 1,68 kg<br \/>\nFassungsverm\u00f6gen: 5,50 l<br \/>\nProduktl\u00e4nge: 57,80 cm<br \/>\nProduktbreite: 33,70 cm<br \/>\nProdukth\u00f6he: 8,20 cm<br \/>\nOberer Durchmesser: 32,00 cm<br \/>\nBodendurchmesser: 13,00 cm<\/p>\n","protected":false},"excerpt":{"rendered":"<p>D\u00e4mpfen, Frittieren und Kochen \u2013 all das macht der Wok von Demeyere in Ihrer K\u00fcche m\u00f6glich. Er eignet sich vor<\/p>\n","protected":false},"featured_media":483688,"template":"","meta":{"_acf_changed":false,"inline_featured_image":false},"product_cat":[6709,6781],"product_tag":[25027,11787,11395,24398,11385,25022,11690],"acf":[],"yoast_head":"<!-- This site is optimized with the Yoast SEO Premium plugin v18.6 (Yoast SEO v19.13) - https:\/\/yoast.com\/wordpress\/plugins\/seo\/ -->\n<title>DEMEYERE Wok 32 cm<\/title>\n<meta name=\"description\" content=\"Entdecken Sie DEMEYERE Wok 32 cm bei ErresseShop. Qualit\u00e4t, Stil und Funktionalit\u00e4t \u2013 jetzt online bestellen!\" \/>\n<meta name=\"robots\" content=\"index, follow, max-snippet:-1, max-image-preview:large, max-video-preview:-1\" \/>\n<link rel=\"canonical\" href=\"https:\/\/www.erresse-shop.it\/de\/shop\/toepfe-pfannen\/wok-topf-pfanne\/demeyere-wok-32cm\/\" \/>\n<meta property=\"og:locale\" content=\"de_DE\" \/>\n<meta property=\"og:type\" content=\"article\" \/>\n<meta property=\"og:title\" content=\"DEMEYERE Wok 32 cm\" \/>\n<meta property=\"og:description\" content=\"Entdecken Sie DEMEYERE Wok 32 cm bei ErresseShop. Qualit\u00e4t, Stil und Funktionalit\u00e4t \u2013 jetzt online bestellen!\" \/>\n<meta property=\"og:url\" content=\"https:\/\/www.erresse-shop.it\/de\/shop\/toepfe-pfannen\/wok-topf-pfanne\/demeyere-wok-32cm\/\" \/>\n<meta property=\"og:site_name\" content=\"Erresse Shop\" \/>\n<meta property=\"article:modified_time\" content=\"2025-01-16T14:58:42+00:00\" \/>\n<meta property=\"og:image\" content=\"https:\/\/www.erresse-shop.it\/wp-content\/uploads\/2013\/03\/DEMEYERE-Wok-32-cm.png\" \/>\n\t<meta property=\"og:image:width\" content=\"800\" \/>\n\t<meta property=\"og:image:height\" content=\"800\" \/>\n\t<meta property=\"og:image:type\" content=\"image\/png\" \/>\n<meta name=\"twitter:card\" content=\"summary_large_image\" \/>\n<script type=\"application\/ld+json\" class=\"yoast-schema-graph\">{\"@context\":\"https:\/\/schema.org\",\"@graph\":[{\"@type\":\"WebPage\",\"@id\":\"https:\/\/www.erresse-shop.it\/de\/shop\/toepfe-pfannen\/wok-topf-pfanne\/demeyere-wok-32cm\/\",\"url\":\"https:\/\/www.erresse-shop.it\/de\/shop\/toepfe-pfannen\/wok-topf-pfanne\/demeyere-wok-32cm\/\",\"name\":\"DEMEYERE Wok 32 cm\",\"isPartOf\":{\"@id\":\"https:\/\/www.erresse-shop.it\/de\/#website\"},\"datePublished\":\"2013-03-28T18:57:41+00:00\",\"dateModified\":\"2025-01-16T14:58:42+00:00\",\"description\":\"Entdecken Sie DEMEYERE Wok 32 cm bei ErresseShop. Qualit\u00e4t, Stil und Funktionalit\u00e4t \u2013 jetzt online bestellen!\",\"breadcrumb\":{\"@id\":\"https:\/\/www.erresse-shop.it\/de\/shop\/toepfe-pfannen\/wok-topf-pfanne\/demeyere-wok-32cm\/#breadcrumb\"},\"inLanguage\":\"de-DE\",\"potentialAction\":[{\"@type\":\"ReadAction\",\"target\":[\"https:\/\/www.erresse-shop.it\/de\/shop\/toepfe-pfannen\/wok-topf-pfanne\/demeyere-wok-32cm\/\"]}]},{\"@type\":\"BreadcrumbList\",\"@id\":\"https:\/\/www.erresse-shop.it\/de\/shop\/toepfe-pfannen\/wok-topf-pfanne\/demeyere-wok-32cm\/#breadcrumb\",\"itemListElement\":[{\"@type\":\"ListItem\",\"position\":1,\"name\":\"Home\",\"item\":\"https:\/\/www.erresse-shop.it\/de\/\"},{\"@type\":\"ListItem\",\"position\":2,\"name\":\"Shop\",\"item\":\"https:\/\/www.erresse-shop.it\/de\/shop\/\"},{\"@type\":\"ListItem\",\"position\":3,\"name\":\"DEMEYERE Wok 32 cm\"}]},{\"@type\":\"WebSite\",\"@id\":\"https:\/\/www.erresse-shop.it\/de\/#website\",\"url\":\"https:\/\/www.erresse-shop.it\/de\/\",\"name\":\"Erresse Shop\",\"description\":\"Articoli di qualit\u00e0 per la casa\",\"potentialAction\":[{\"@type\":\"SearchAction\",\"target\":{\"@type\":\"EntryPoint\",\"urlTemplate\":\"https:\/\/www.erresse-shop.it\/de\/?s={search_term_string}\"},\"query-input\":\"required name=search_term_string\"}],\"inLanguage\":\"de-DE\"}]}<\/script>\n<!-- \/ Yoast SEO Premium plugin. -->","yoast_head_json":{"title":"DEMEYERE Wok 32 cm","description":"Entdecken Sie DEMEYERE Wok 32 cm bei ErresseShop. Qualit\u00e4t, Stil und Funktionalit\u00e4t \u2013 jetzt online bestellen!","robots":{"index":"index","follow":"follow","max-snippet":"max-snippet:-1","max-image-preview":"max-image-preview:large","max-video-preview":"max-video-preview:-1"},"canonical":"https:\/\/www.erresse-shop.it\/de\/shop\/toepfe-pfannen\/wok-topf-pfanne\/demeyere-wok-32cm\/","og_locale":"de_DE","og_type":"article","og_title":"DEMEYERE Wok 32 cm","og_description":"Entdecken Sie DEMEYERE Wok 32 cm bei ErresseShop. Qualit\u00e4t, Stil und Funktionalit\u00e4t \u2013 jetzt online bestellen!","og_url":"https:\/\/www.erresse-shop.it\/de\/shop\/toepfe-pfannen\/wok-topf-pfanne\/demeyere-wok-32cm\/","og_site_name":"Erresse Shop","article_modified_time":"2025-01-16T14:58:42+00:00","og_image":[{"width":800,"height":800,"url":"https:\/\/www.erresse-shop.it\/wp-content\/uploads\/2013\/03\/DEMEYERE-Wok-32-cm.png","type":"image\/png"}],"twitter_card":"summary_large_image","schema":{"@context":"https:\/\/schema.org","@graph":[{"@type":"WebPage","@id":"https:\/\/www.erresse-shop.it\/de\/shop\/toepfe-pfannen\/wok-topf-pfanne\/demeyere-wok-32cm\/","url":"https:\/\/www.erresse-shop.it\/de\/shop\/toepfe-pfannen\/wok-topf-pfanne\/demeyere-wok-32cm\/","name":"DEMEYERE Wok 32 cm","isPartOf":{"@id":"https:\/\/www.erresse-shop.it\/de\/#website"},"datePublished":"2013-03-28T18:57:41+00:00","dateModified":"2025-01-16T14:58:42+00:00","description":"Entdecken Sie DEMEYERE Wok 32 cm bei ErresseShop. Qualit\u00e4t, Stil und Funktionalit\u00e4t \u2013 jetzt online bestellen!","breadcrumb":{"@id":"https:\/\/www.erresse-shop.it\/de\/shop\/toepfe-pfannen\/wok-topf-pfanne\/demeyere-wok-32cm\/#breadcrumb"},"inLanguage":"de-DE","potentialAction":[{"@type":"ReadAction","target":["https:\/\/www.erresse-shop.it\/de\/shop\/toepfe-pfannen\/wok-topf-pfanne\/demeyere-wok-32cm\/"]}]},{"@type":"BreadcrumbList","@id":"https:\/\/www.erresse-shop.it\/de\/shop\/toepfe-pfannen\/wok-topf-pfanne\/demeyere-wok-32cm\/#breadcrumb","itemListElement":[{"@type":"ListItem","position":1,"name":"Home","item":"https:\/\/www.erresse-shop.it\/de\/"},{"@type":"ListItem","position":2,"name":"Shop","item":"https:\/\/www.erresse-shop.it\/de\/shop\/"},{"@type":"ListItem","position":3,"name":"DEMEYERE Wok 32 cm"}]},{"@type":"WebSite","@id":"https:\/\/www.erresse-shop.it\/de\/#website","url":"https:\/\/www.erresse-shop.it\/de\/","name":"Erresse Shop","description":"Articoli di qualit\u00e0 per la casa","potentialAction":[{"@type":"SearchAction","target":{"@type":"EntryPoint","urlTemplate":"https:\/\/www.erresse-shop.it\/de\/?s={search_term_string}"},"query-input":"required name=search_term_string"}],"inLanguage":"de-DE"}]}},"df_price":249,"df_sale_price":249,"df_regular_price":249,"df_image_link":"https:\/\/www.erresse-shop.it\/wp-content\/uploads\/2013\/03\/DEMEYERE-Wok-32-cm-300x300.jpg","_links":{"self":[{"href":"https:\/\/www.erresse-shop.it\/de\/wp-json\/wp\/v2\/product\/11941"}],"collection":[{"href":"https:\/\/www.erresse-shop.it\/de\/wp-json\/wp\/v2\/product"}],"about":[{"href":"https:\/\/www.erresse-shop.it\/de\/wp-json\/wp\/v2\/types\/product"}],"wp:featuredmedia":[{"embeddable":true,"href":"https:\/\/www.erresse-shop.it\/de\/wp-json\/wp\/v2\/media\/483688"}],"wp:attachment":[{"href":"https:\/\/www.erresse-shop.it\/de\/wp-json\/wp\/v2\/media?parent=11941"}],"wp:term":[{"taxonomy":"product_cat","embeddable":true,"href":"https:\/\/www.erresse-shop.it\/de\/wp-json\/wp\/v2\/product_cat?post=11941"},{"taxonomy":"product_tag","embeddable":true,"href":"https:\/\/www.erresse-shop.it\/de\/wp-json\/wp\/v2\/product_tag?post=11941"}],"curies":[{"name":"wp","href":"https:\/\/api.w.org\/{rel}","templated":true}]}}