{"id":11932,"date":"2013-03-28T18:49:21","date_gmt":"2013-03-28T18:49:21","guid":{"rendered":"https:\/\/www.erresse-shop.it\/?post_type=product&#038;p=11932"},"modified":"2025-01-16T14:58:42","modified_gmt":"2025-01-16T14:58:42","slug":"demeyere-teppanyaki-gros","status":"publish","type":"product","link":"https:\/\/www.erresse-shop.it\/de\/shop\/toepfe-pfannen\/grillpfannen\/demeyere-teppanyaki-gros\/","title":{"rendered":"DEMEYERE Teppanyaki Gro\u00df"},"content":{"rendered":"<p>Die Teppanyaki-Grillplatte aus der Reihe Specialties erweist sich bei vielen Zubereitungsschritten und Rezepten als praktisch. Wenn Sie beispielsweise zahlreichen G\u00e4sten zeitgleich Steaks servieren oder mediterran gegrilltes Gem\u00fcse vorbereiten m\u00f6chten, lernen Sie das spezielle Kochzubeh\u00f6r lieben. Selbstverst\u00e4ndlich k\u00f6nnen Sie mit der Grillplatte auch traditionelle Gerichte der japanischen und spanischen K\u00fcche originalgetreu zubereiten. Das Bratgeschirr verf\u00fcgt \u00fcber eine Gr\u00f6\u00dfe von 53 cm x 32,5 cm. Dank der Tripllnduc\u00ae-Technologie ist das Bratgeschirr f\u00fcr alle Herdarten inklusive Induktion geeignet und \u00fcberzeugt mit einer hohen Effizienz. Das mehrschichtige 7-Ply-Material sorgt daf\u00fcr, dass sich die W\u00e4rme gleichm\u00e4\u00dfig verteilt und gespeichert wird. Die gro\u00dfe Teppanyaki- beziehungsweise Plancha-Grillplatte k\u00f6nnen Sie zudem in zwei Kochzonen mit verschiedenen Temperaturen unterteilen. Beispielsweise k\u00f6nnen Sie Fleischst\u00fccke scharf anbraten und auf dem identischen Bratgeschirr bis zum Servieren warmhalten. So erleichtert Ihnen die Grillplatte bei einigen Gerichten und Men\u00fcs die Zubereitung. Diese Platte von Demeyere wertet Ihre K\u00fcchenausstattung um ein besonderes Produkt auf.<\/p>\n<p>&#8211; Edelstahl 18\/10 mit Silvinox\u00ae: hygienisch und pflegeleicht<br \/>\n&#8211; 7-Schicht-Material bis zum Rand (4 mm): optimale W\u00e4rmeverteilung<br \/>\n&#8211; Geschwei\u00dfte Edelstahlgriffe: sehr stabil und hygienisch<br \/>\n&#8211; Geeignet f\u00fcr den Ofen und alle Herdarten, einschlie\u00dflich Induktion<\/p>\n<p>Eigenschaften<br \/>\nFarbe: Silber<br \/>\nMaterial: 18\/10 Edelstahl<br \/>\nInduktion: Ja<br \/>\nBackofen geeignet: Ja<br \/>\nGrillvorrichtung geeignet: Ja<\/p>\n<p>Abmessungen<br \/>\nGewicht netto: 3,12 kg<br \/>\nProduktl\u00e4nge: 53,00 cm<br \/>\nProduktbreite: 32,50 cm<br \/>\nProdukth\u00f6he: 6,00 cm<br \/>\nProdukth\u00f6he ohne Deckel: 0,00 cm<br \/>\nBodenst\u00e4rke: 0,00 cm<br \/>\nOberer Durchmesser: 53,00 cm<br \/>\nOberer Durchmesser 2: 3,30 cm<br \/>\nBodendurchmesser: 0,00 cm<br \/>\nBodendurchmesser 2: 0,00 cm<\/p>\n","protected":false},"excerpt":{"rendered":"<p>Die Teppanyaki-Grillplatte aus der Reihe Specialties erweist sich bei vielen Zubereitungsschritten und Rezepten als praktisch. Wenn Sie beispielsweise zahlreichen G\u00e4sten<\/p>\n","protected":false},"featured_media":507883,"template":"","meta":{"_acf_changed":false,"inline_featured_image":false},"product_cat":[6823,6709],"product_tag":[11787,11395,11385,15405,11867,12205],"acf":[],"yoast_head":"<!-- This site is optimized with the Yoast SEO Premium plugin v18.6 (Yoast SEO v19.13) - https:\/\/yoast.com\/wordpress\/plugins\/seo\/ -->\n<title>DEMEYERE Teppanyaki Gro\u00df<\/title>\n<meta name=\"description\" content=\"Entdecken Sie DEMEYERE Teppanyaki Gro\u00df bei ErresseShop. Qualit\u00e4t, Stil und Funktionalit\u00e4t \u2013 jetzt online bestellen!\" \/>\n<meta name=\"robots\" content=\"index, follow, max-snippet:-1, max-image-preview:large, max-video-preview:-1\" \/>\n<link rel=\"canonical\" href=\"https:\/\/www.erresse-shop.it\/de\/shop\/toepfe-pfannen\/grillpfannen\/demeyere-teppanyaki-gros\/\" \/>\n<meta property=\"og:locale\" content=\"de_DE\" \/>\n<meta property=\"og:type\" content=\"article\" \/>\n<meta property=\"og:title\" content=\"DEMEYERE Teppanyaki Gro\u00df\" \/>\n<meta property=\"og:description\" content=\"Entdecken Sie DEMEYERE Teppanyaki Gro\u00df bei ErresseShop. Qualit\u00e4t, Stil und Funktionalit\u00e4t \u2013 jetzt online bestellen!\" \/>\n<meta property=\"og:url\" content=\"https:\/\/www.erresse-shop.it\/de\/shop\/toepfe-pfannen\/grillpfannen\/demeyere-teppanyaki-gros\/\" \/>\n<meta property=\"og:site_name\" content=\"Erresse Shop\" \/>\n<meta property=\"article:modified_time\" content=\"2025-01-16T14:58:42+00:00\" \/>\n<meta property=\"og:image\" content=\"https:\/\/www.erresse-shop.it\/wp-content\/uploads\/2013\/03\/DEMEYERE-Teppanyaki-Grande.png\" \/>\n\t<meta property=\"og:image:width\" content=\"800\" \/>\n\t<meta property=\"og:image:height\" content=\"800\" \/>\n\t<meta property=\"og:image:type\" content=\"image\/png\" \/>\n<meta name=\"twitter:card\" content=\"summary_large_image\" \/>\n<script type=\"application\/ld+json\" class=\"yoast-schema-graph\">{\"@context\":\"https:\/\/schema.org\",\"@graph\":[{\"@type\":\"WebPage\",\"@id\":\"https:\/\/www.erresse-shop.it\/de\/shop\/toepfe-pfannen\/grillpfannen\/demeyere-teppanyaki-gros\/\",\"url\":\"https:\/\/www.erresse-shop.it\/de\/shop\/toepfe-pfannen\/grillpfannen\/demeyere-teppanyaki-gros\/\",\"name\":\"DEMEYERE Teppanyaki Gro\u00df\",\"isPartOf\":{\"@id\":\"https:\/\/www.erresse-shop.it\/de\/#website\"},\"datePublished\":\"2013-03-28T18:49:21+00:00\",\"dateModified\":\"2025-01-16T14:58:42+00:00\",\"description\":\"Entdecken Sie DEMEYERE Teppanyaki Gro\u00df bei ErresseShop. Qualit\u00e4t, Stil und Funktionalit\u00e4t \u2013 jetzt online bestellen!\",\"breadcrumb\":{\"@id\":\"https:\/\/www.erresse-shop.it\/de\/shop\/toepfe-pfannen\/grillpfannen\/demeyere-teppanyaki-gros\/#breadcrumb\"},\"inLanguage\":\"de-DE\",\"potentialAction\":[{\"@type\":\"ReadAction\",\"target\":[\"https:\/\/www.erresse-shop.it\/de\/shop\/toepfe-pfannen\/grillpfannen\/demeyere-teppanyaki-gros\/\"]}]},{\"@type\":\"BreadcrumbList\",\"@id\":\"https:\/\/www.erresse-shop.it\/de\/shop\/toepfe-pfannen\/grillpfannen\/demeyere-teppanyaki-gros\/#breadcrumb\",\"itemListElement\":[{\"@type\":\"ListItem\",\"position\":1,\"name\":\"Home\",\"item\":\"https:\/\/www.erresse-shop.it\/de\/\"},{\"@type\":\"ListItem\",\"position\":2,\"name\":\"Shop\",\"item\":\"https:\/\/www.erresse-shop.it\/de\/shop\/\"},{\"@type\":\"ListItem\",\"position\":3,\"name\":\"DEMEYERE Teppanyaki Gro\u00df\"}]},{\"@type\":\"WebSite\",\"@id\":\"https:\/\/www.erresse-shop.it\/de\/#website\",\"url\":\"https:\/\/www.erresse-shop.it\/de\/\",\"name\":\"Erresse Shop\",\"description\":\"Articoli di qualit\u00e0 per la casa\",\"potentialAction\":[{\"@type\":\"SearchAction\",\"target\":{\"@type\":\"EntryPoint\",\"urlTemplate\":\"https:\/\/www.erresse-shop.it\/de\/?s={search_term_string}\"},\"query-input\":\"required name=search_term_string\"}],\"inLanguage\":\"de-DE\"}]}<\/script>\n<!-- \/ Yoast SEO Premium plugin. -->","yoast_head_json":{"title":"DEMEYERE Teppanyaki Gro\u00df","description":"Entdecken Sie DEMEYERE Teppanyaki Gro\u00df bei ErresseShop. Qualit\u00e4t, Stil und Funktionalit\u00e4t \u2013 jetzt online bestellen!","robots":{"index":"index","follow":"follow","max-snippet":"max-snippet:-1","max-image-preview":"max-image-preview:large","max-video-preview":"max-video-preview:-1"},"canonical":"https:\/\/www.erresse-shop.it\/de\/shop\/toepfe-pfannen\/grillpfannen\/demeyere-teppanyaki-gros\/","og_locale":"de_DE","og_type":"article","og_title":"DEMEYERE Teppanyaki Gro\u00df","og_description":"Entdecken Sie DEMEYERE Teppanyaki Gro\u00df bei ErresseShop. Qualit\u00e4t, Stil und Funktionalit\u00e4t \u2013 jetzt online bestellen!","og_url":"https:\/\/www.erresse-shop.it\/de\/shop\/toepfe-pfannen\/grillpfannen\/demeyere-teppanyaki-gros\/","og_site_name":"Erresse Shop","article_modified_time":"2025-01-16T14:58:42+00:00","og_image":[{"width":800,"height":800,"url":"https:\/\/www.erresse-shop.it\/wp-content\/uploads\/2013\/03\/DEMEYERE-Teppanyaki-Grande.png","type":"image\/png"}],"twitter_card":"summary_large_image","schema":{"@context":"https:\/\/schema.org","@graph":[{"@type":"WebPage","@id":"https:\/\/www.erresse-shop.it\/de\/shop\/toepfe-pfannen\/grillpfannen\/demeyere-teppanyaki-gros\/","url":"https:\/\/www.erresse-shop.it\/de\/shop\/toepfe-pfannen\/grillpfannen\/demeyere-teppanyaki-gros\/","name":"DEMEYERE Teppanyaki Gro\u00df","isPartOf":{"@id":"https:\/\/www.erresse-shop.it\/de\/#website"},"datePublished":"2013-03-28T18:49:21+00:00","dateModified":"2025-01-16T14:58:42+00:00","description":"Entdecken Sie DEMEYERE Teppanyaki Gro\u00df bei ErresseShop. Qualit\u00e4t, Stil und Funktionalit\u00e4t \u2013 jetzt online bestellen!","breadcrumb":{"@id":"https:\/\/www.erresse-shop.it\/de\/shop\/toepfe-pfannen\/grillpfannen\/demeyere-teppanyaki-gros\/#breadcrumb"},"inLanguage":"de-DE","potentialAction":[{"@type":"ReadAction","target":["https:\/\/www.erresse-shop.it\/de\/shop\/toepfe-pfannen\/grillpfannen\/demeyere-teppanyaki-gros\/"]}]},{"@type":"BreadcrumbList","@id":"https:\/\/www.erresse-shop.it\/de\/shop\/toepfe-pfannen\/grillpfannen\/demeyere-teppanyaki-gros\/#breadcrumb","itemListElement":[{"@type":"ListItem","position":1,"name":"Home","item":"https:\/\/www.erresse-shop.it\/de\/"},{"@type":"ListItem","position":2,"name":"Shop","item":"https:\/\/www.erresse-shop.it\/de\/shop\/"},{"@type":"ListItem","position":3,"name":"DEMEYERE Teppanyaki Gro\u00df"}]},{"@type":"WebSite","@id":"https:\/\/www.erresse-shop.it\/de\/#website","url":"https:\/\/www.erresse-shop.it\/de\/","name":"Erresse Shop","description":"Articoli di qualit\u00e0 per la casa","potentialAction":[{"@type":"SearchAction","target":{"@type":"EntryPoint","urlTemplate":"https:\/\/www.erresse-shop.it\/de\/?s={search_term_string}"},"query-input":"required name=search_term_string"}],"inLanguage":"de-DE"}]}},"df_price":399,"df_sale_price":399,"df_regular_price":399,"df_image_link":"https:\/\/www.erresse-shop.it\/wp-content\/uploads\/2013\/03\/DEMEYERE-Teppanyaki-Grande-300x300.jpg","_links":{"self":[{"href":"https:\/\/www.erresse-shop.it\/de\/wp-json\/wp\/v2\/product\/11932"}],"collection":[{"href":"https:\/\/www.erresse-shop.it\/de\/wp-json\/wp\/v2\/product"}],"about":[{"href":"https:\/\/www.erresse-shop.it\/de\/wp-json\/wp\/v2\/types\/product"}],"wp:featuredmedia":[{"embeddable":true,"href":"https:\/\/www.erresse-shop.it\/de\/wp-json\/wp\/v2\/media\/507883"}],"wp:attachment":[{"href":"https:\/\/www.erresse-shop.it\/de\/wp-json\/wp\/v2\/media?parent=11932"}],"wp:term":[{"taxonomy":"product_cat","embeddable":true,"href":"https:\/\/www.erresse-shop.it\/de\/wp-json\/wp\/v2\/product_cat?post=11932"},{"taxonomy":"product_tag","embeddable":true,"href":"https:\/\/www.erresse-shop.it\/de\/wp-json\/wp\/v2\/product_tag?post=11932"}],"curies":[{"name":"wp","href":"https:\/\/api.w.org\/{rel}","templated":true}]}}