{"id":118623,"date":"2021-09-14T09:08:56","date_gmt":"2021-09-14T09:08:57","guid":{"rendered":"https:\/\/www.erresse-shop.it\/?post_type=product&#038;p=118623"},"modified":"2021-12-20T17:11:40","modified_gmt":"2021-12-20T17:11:40","slug":"ruffoni-opus-cupra-kupfer-bratpfanne-30-cm","status":"publish","type":"product","link":"https:\/\/www.erresse-shop.it\/de\/shop\/toepfe-pfannen\/pfannen\/ruffoni-opus-cupra-kupfer-bratpfanne-30-cm\/","title":{"rendered":"RUFFONI Opus Cupra Kupfer Bratpfanne 30 cm"},"content":{"rendered":"<p>Die Kupferverarbeitung ist f\u00fcr die Firma Ruffoni eine echte Leidenschaft, die Erreichung h\u00f6chster Qualit\u00e4tsstandards ist ihr prim\u00e4res Ziel, die \u00dcberschreitung aller weltweiten Sicherheitsvorschriften f\u00fcr die Freisetzung von Blei in Lebensmitteln ist eine grundlegende Verpflichtung, die sie seit jeher strikt einh\u00e4lt. Die hohe Wertsch\u00e4tzung, die das Team von Ruffoni seiner Arbeit entgegenbringt, f\u00fchrt dazu, dass es mit gr\u00f6\u00dfter Gewissenhaftigkeit vorgeht, recycelbare Materialien sowohl f\u00fcr die Produkte als auch f\u00fcr die Verpackungen verwendet und manuelle Techniken den billigeren chemischen und mechanischen Verarbeitungsmethoden vorzieht.<\/p>\n<p>DAS PRODUKT<br \/>\nUnsere Philosophie ist es, professionelle Objekte zu produzieren, ohne dabei zu \u00fcbertreiben, denn wir haben schon immer die N\u00fctzlichkeit, die Einfachheit in der Anwendung und die Genauigkeit in der Ausf\u00fchrung bevorzugt. Was das Gelingen einer Mahlzeit betrifft, so sind die Auswahl der Zutaten und die Arbeitsweise bei der Herstellung eines jeden St\u00fccks von grundlegender Bedeutung.<\/p>\n<p>KUPFER<br \/>\nWir kaufen nur bei zertifizierten Lieferanten ein, und die verwendete St\u00e4rke wird je nach Produkt und Kochart festgelegt.<\/p>\n<p>OPUS CUPRA<\/p>\n<p>Die modernste Technologie hat die Herstellung dieser au\u00dfergew\u00f6hnlichen Kochger\u00e4te erm\u00f6glicht, die von den Kupferschmiedemeistern von Ruffoni in wunderbare Kreationen verwandelt wurden. Eine 2,3 mm dicke, massive Kupferleitung f\u00fcr beste Temperaturkontrolle mit einem d\u00fcnnen Aluminiumkern und einem Innenteil aus Edelstahl.<\/p>\n<p>Diese handgeh\u00e4mmerten Kunstwerke mit verzierten Griffen aus Edelstahl und versilberten Messingkn\u00f6pfen, die von Mail\u00e4nder Silberschmieden hergestellt werden, werden allen Anspr\u00fcchen gerecht und finden auf jedem Tisch einen w\u00fcrdigen Platz.<\/p>\n<p>F\u00fcr die Verwendung im Backofen und auf jedem Heizelement (au\u00dfer Induktion).<\/p>\n<p>Der Deckel ist nicht im Lieferumfang enthalten.<\/p>\n","protected":false},"excerpt":{"rendered":"<p>Die Kupferverarbeitung ist f\u00fcr die Firma Ruffoni eine echte Leidenschaft, die Erreichung h\u00f6chster Qualit\u00e4tsstandards ist ihr prim\u00e4res Ziel, die \u00dcberschreitung<\/p>\n","protected":false},"featured_media":118715,"template":"","meta":{"_acf_changed":false,"inline_featured_image":false},"product_cat":[6709,14801],"product_tag":[11387,11702,24681,11718,16632,11605,12205],"acf":[],"yoast_head":"<!-- This site is optimized with the Yoast SEO Premium plugin v18.6 (Yoast SEO v19.13) - https:\/\/yoast.com\/wordpress\/plugins\/seo\/ -->\n<title>RUFFONI Opus Cupra Kupfer Bratpfanne 30 cm - Erresse Shop<\/title>\n<meta name=\"description\" content=\"Die Kupferverarbeitung ist f\u00fcr die Firma Ruffoni eine echte Leidenschaft, die Erreichung h\u00f6chster Qualit\u00e4tsstandards ist ihr prim\u00e4res Ziel, die\" \/>\n<meta name=\"robots\" content=\"index, follow, max-snippet:-1, max-image-preview:large, max-video-preview:-1\" \/>\n<link rel=\"canonical\" href=\"https:\/\/www.erresse-shop.it\/de\/shop\/toepfe-pfannen\/pfannen\/ruffoni-opus-cupra-kupfer-bratpfanne-30-cm\/\" \/>\n<meta property=\"og:locale\" content=\"de_DE\" \/>\n<meta property=\"og:type\" content=\"article\" \/>\n<meta property=\"og:title\" content=\"RUFFONI Opus Cupra Kupfer Bratpfanne 30 cm\" \/>\n<meta property=\"og:description\" content=\"Die Kupferverarbeitung ist f\u00fcr die Firma Ruffoni eine echte Leidenschaft, die Erreichung h\u00f6chster Qualit\u00e4tsstandards ist ihr prim\u00e4res Ziel, die\" \/>\n<meta property=\"og:url\" content=\"https:\/\/www.erresse-shop.it\/de\/shop\/toepfe-pfannen\/pfannen\/ruffoni-opus-cupra-kupfer-bratpfanne-30-cm\/\" \/>\n<meta property=\"og:site_name\" content=\"Erresse Shop\" \/>\n<meta property=\"article:modified_time\" content=\"2021-12-20T17:11:40+00:00\" \/>\n<meta property=\"og:image\" content=\"https:\/\/www.erresse-shop.it\/wp-content\/uploads\/2021\/09\/CM26.jpg\" \/>\n\t<meta property=\"og:image:width\" content=\"1500\" \/>\n\t<meta property=\"og:image:height\" content=\"740\" \/>\n\t<meta property=\"og:image:type\" content=\"image\/jpeg\" \/>\n<meta name=\"twitter:card\" content=\"summary_large_image\" \/>\n<script type=\"application\/ld+json\" class=\"yoast-schema-graph\">{\"@context\":\"https:\/\/schema.org\",\"@graph\":[{\"@type\":\"WebPage\",\"@id\":\"https:\/\/www.erresse-shop.it\/de\/shop\/toepfe-pfannen\/pfannen\/ruffoni-opus-cupra-kupfer-bratpfanne-30-cm\/\",\"url\":\"https:\/\/www.erresse-shop.it\/de\/shop\/toepfe-pfannen\/pfannen\/ruffoni-opus-cupra-kupfer-bratpfanne-30-cm\/\",\"name\":\"RUFFONI Opus Cupra Kupfer Bratpfanne 30 cm - Erresse Shop\",\"isPartOf\":{\"@id\":\"https:\/\/www.erresse-shop.it\/de\/#website\"},\"datePublished\":\"2021-09-14T09:08:57+00:00\",\"dateModified\":\"2021-12-20T17:11:40+00:00\",\"description\":\"Die Kupferverarbeitung ist f\u00fcr die Firma Ruffoni eine echte Leidenschaft, die Erreichung h\u00f6chster Qualit\u00e4tsstandards ist ihr prim\u00e4res Ziel, die\",\"breadcrumb\":{\"@id\":\"https:\/\/www.erresse-shop.it\/de\/shop\/toepfe-pfannen\/pfannen\/ruffoni-opus-cupra-kupfer-bratpfanne-30-cm\/#breadcrumb\"},\"inLanguage\":\"de-DE\",\"potentialAction\":[{\"@type\":\"ReadAction\",\"target\":[\"https:\/\/www.erresse-shop.it\/de\/shop\/toepfe-pfannen\/pfannen\/ruffoni-opus-cupra-kupfer-bratpfanne-30-cm\/\"]}]},{\"@type\":\"BreadcrumbList\",\"@id\":\"https:\/\/www.erresse-shop.it\/de\/shop\/toepfe-pfannen\/pfannen\/ruffoni-opus-cupra-kupfer-bratpfanne-30-cm\/#breadcrumb\",\"itemListElement\":[{\"@type\":\"ListItem\",\"position\":1,\"name\":\"Home\",\"item\":\"https:\/\/www.erresse-shop.it\/de\/\"},{\"@type\":\"ListItem\",\"position\":2,\"name\":\"Shop\",\"item\":\"https:\/\/www.erresse-shop.it\/de\/shop\/\"},{\"@type\":\"ListItem\",\"position\":3,\"name\":\"RUFFONI Opus Cupra Kupfer Bratpfanne 30 cm\"}]},{\"@type\":\"WebSite\",\"@id\":\"https:\/\/www.erresse-shop.it\/de\/#website\",\"url\":\"https:\/\/www.erresse-shop.it\/de\/\",\"name\":\"Erresse Shop\",\"description\":\"Articoli di qualit\u00e0 per la casa\",\"potentialAction\":[{\"@type\":\"SearchAction\",\"target\":{\"@type\":\"EntryPoint\",\"urlTemplate\":\"https:\/\/www.erresse-shop.it\/de\/?s={search_term_string}\"},\"query-input\":\"required name=search_term_string\"}],\"inLanguage\":\"de-DE\"}]}<\/script>\n<!-- \/ Yoast SEO Premium plugin. -->","yoast_head_json":{"title":"RUFFONI Opus Cupra Kupfer Bratpfanne 30 cm - Erresse Shop","description":"Die Kupferverarbeitung ist f\u00fcr die Firma Ruffoni eine echte Leidenschaft, die Erreichung h\u00f6chster Qualit\u00e4tsstandards ist ihr prim\u00e4res Ziel, die","robots":{"index":"index","follow":"follow","max-snippet":"max-snippet:-1","max-image-preview":"max-image-preview:large","max-video-preview":"max-video-preview:-1"},"canonical":"https:\/\/www.erresse-shop.it\/de\/shop\/toepfe-pfannen\/pfannen\/ruffoni-opus-cupra-kupfer-bratpfanne-30-cm\/","og_locale":"de_DE","og_type":"article","og_title":"RUFFONI Opus Cupra Kupfer Bratpfanne 30 cm","og_description":"Die Kupferverarbeitung ist f\u00fcr die Firma Ruffoni eine echte Leidenschaft, die Erreichung h\u00f6chster Qualit\u00e4tsstandards ist ihr prim\u00e4res Ziel, die","og_url":"https:\/\/www.erresse-shop.it\/de\/shop\/toepfe-pfannen\/pfannen\/ruffoni-opus-cupra-kupfer-bratpfanne-30-cm\/","og_site_name":"Erresse Shop","article_modified_time":"2021-12-20T17:11:40+00:00","og_image":[{"width":1500,"height":740,"url":"https:\/\/www.erresse-shop.it\/wp-content\/uploads\/2021\/09\/CM26.jpg","type":"image\/jpeg"}],"twitter_card":"summary_large_image","schema":{"@context":"https:\/\/schema.org","@graph":[{"@type":"WebPage","@id":"https:\/\/www.erresse-shop.it\/de\/shop\/toepfe-pfannen\/pfannen\/ruffoni-opus-cupra-kupfer-bratpfanne-30-cm\/","url":"https:\/\/www.erresse-shop.it\/de\/shop\/toepfe-pfannen\/pfannen\/ruffoni-opus-cupra-kupfer-bratpfanne-30-cm\/","name":"RUFFONI Opus Cupra Kupfer Bratpfanne 30 cm - Erresse Shop","isPartOf":{"@id":"https:\/\/www.erresse-shop.it\/de\/#website"},"datePublished":"2021-09-14T09:08:57+00:00","dateModified":"2021-12-20T17:11:40+00:00","description":"Die Kupferverarbeitung ist f\u00fcr die Firma Ruffoni eine echte Leidenschaft, die Erreichung h\u00f6chster Qualit\u00e4tsstandards ist ihr prim\u00e4res Ziel, die","breadcrumb":{"@id":"https:\/\/www.erresse-shop.it\/de\/shop\/toepfe-pfannen\/pfannen\/ruffoni-opus-cupra-kupfer-bratpfanne-30-cm\/#breadcrumb"},"inLanguage":"de-DE","potentialAction":[{"@type":"ReadAction","target":["https:\/\/www.erresse-shop.it\/de\/shop\/toepfe-pfannen\/pfannen\/ruffoni-opus-cupra-kupfer-bratpfanne-30-cm\/"]}]},{"@type":"BreadcrumbList","@id":"https:\/\/www.erresse-shop.it\/de\/shop\/toepfe-pfannen\/pfannen\/ruffoni-opus-cupra-kupfer-bratpfanne-30-cm\/#breadcrumb","itemListElement":[{"@type":"ListItem","position":1,"name":"Home","item":"https:\/\/www.erresse-shop.it\/de\/"},{"@type":"ListItem","position":2,"name":"Shop","item":"https:\/\/www.erresse-shop.it\/de\/shop\/"},{"@type":"ListItem","position":3,"name":"RUFFONI Opus Cupra Kupfer Bratpfanne 30 cm"}]},{"@type":"WebSite","@id":"https:\/\/www.erresse-shop.it\/de\/#website","url":"https:\/\/www.erresse-shop.it\/de\/","name":"Erresse Shop","description":"Articoli di qualit\u00e0 per la casa","potentialAction":[{"@type":"SearchAction","target":{"@type":"EntryPoint","urlTemplate":"https:\/\/www.erresse-shop.it\/de\/?s={search_term_string}"},"query-input":"required name=search_term_string"}],"inLanguage":"de-DE"}]}},"df_price":189.5,"df_sale_price":189.5,"df_regular_price":379,"df_image_link":"https:\/\/www.erresse-shop.it\/wp-content\/uploads\/2021\/09\/CM26-300x148.jpg","_links":{"self":[{"href":"https:\/\/www.erresse-shop.it\/de\/wp-json\/wp\/v2\/product\/118623"}],"collection":[{"href":"https:\/\/www.erresse-shop.it\/de\/wp-json\/wp\/v2\/product"}],"about":[{"href":"https:\/\/www.erresse-shop.it\/de\/wp-json\/wp\/v2\/types\/product"}],"wp:featuredmedia":[{"embeddable":true,"href":"https:\/\/www.erresse-shop.it\/de\/wp-json\/wp\/v2\/media\/118715"}],"wp:attachment":[{"href":"https:\/\/www.erresse-shop.it\/de\/wp-json\/wp\/v2\/media?parent=118623"}],"wp:term":[{"taxonomy":"product_cat","embeddable":true,"href":"https:\/\/www.erresse-shop.it\/de\/wp-json\/wp\/v2\/product_cat?post=118623"},{"taxonomy":"product_tag","embeddable":true,"href":"https:\/\/www.erresse-shop.it\/de\/wp-json\/wp\/v2\/product_tag?post=118623"}],"curies":[{"name":"wp","href":"https:\/\/api.w.org\/{rel}","templated":true}]}}