{"id":111377,"date":"2021-08-04T12:12:15","date_gmt":"2021-08-04T12:12:29","guid":{"rendered":"https:\/\/www.erresse-shop.it\/?post_type=product&#038;p=111377"},"modified":"2025-01-17T15:47:16","modified_gmt":"2025-01-17T15:47:16","slug":"staub-cocotte-rund-30-cm-dunkelblau","status":"publish","type":"product","link":"https:\/\/www.erresse-shop.it\/de\/shop\/toepfe-pfannen\/schalldaempfer-und-kokotten\/staub-cocotte-rund-30-cm-dunkelblau\/","title":{"rendered":"STAUB Cocotte Rund 30 cm Dunkelblau"},"content":{"rendered":"<p>In nahezu jeder K\u00fcche kann die dunkelblaue Cocotte aus der Serie La Cocotte von Staub eingesetzt werden. Der gro\u00dfe Vorteil ist das Grundmaterial Gusseisen, welches eine gute W\u00e4rmeverteilung und -speicherung erlaubt. Mit einem Fassungsverm\u00f6gen von 5,2 l und einem Durchmesser vom 26 cm, ist die runde Cocotte in Dunkelblau ideal f\u00fcr gr\u00f6\u00dfere Haushalte oder den Einsatz im professionellen Bereich. Mithilfe dieses Schmortopfes k\u00f6nnen Sie viel Wert auf ein schonendes, gesundes und aufwandloses Garen legen. Der Deckel liegt dicht auf dem Topf auf, weshalb kaum W\u00e4rme entweicht. Zus\u00e4tzlich hat er eine Tropfenstruktur, wodurch das gesammelte Kondenswasser gleichm\u00e4\u00dfig wieder in den Topf zur\u00fcckflie\u00dfen kann. Auf allen Herdarten k\u00f6nnen Sie dieses K\u00fcchenutensil verwenden, auch auf Induktionsplatten. Bei dieser Cocotte kommt nicht alleine Gusseisen zum Einsatz. Das Material ist zus\u00e4tzlich mit verschiedenen Emaillierungen versehen, wodurch eine optimale W\u00e4rmespeicherung gew\u00e4hrleistet wird. Somit wird die Hitze gleichm\u00e4\u00dfig an das Gargut abgegeben. Der Schmoreffekt, also die Verst\u00e4rkung des Eigengeschmacks der Speisen, ist ein typisches Merkmal f\u00fcr diese Art von T\u00f6pfen. Diese Cocotte in Dunkelblau aus dem Hause Staub bietet zahlreiche Vorteile und erg\u00e4nzt Ihre K\u00fcche um ein n\u00fctzliches Utensil, das Sie oft im Alltag oder auch zu besonderen Anl\u00e4ssen verwenden werden.<\/p>\n<p>&#8211; Ideal zum Anbraten und langsamen Garen von Fleisch, Fisch oder Gem\u00fcse<br \/>\n&#8211; Saftiges und zartes Kochergebnis durch die spezielle Tropfenstruktur im Deckel<br \/>\n&#8211; Die schwarzmatte Innenemaillierung eignet sich zum besonders krossen Anbraten und ist besonders strapazierf\u00e4hig<br \/>\n&#8211; F\u00fcr alle Herdarten inkl. Induktion geeignet, auch im Backofen\/Grill einsetzbar<br \/>\n&#8211; Intensiver Farbton durch die besondere Majolika Emaillierung<\/p>\n<p><strong>Eigenschaften<\/strong><br \/>\n&#8211; Hitzebest\u00e4ndigkeit (\u00b0C): 240,00 \u00baC<br \/>\n&#8211; Material: Gusseisen<br \/>\n&#8211; Vorhandener Deckel: ja<br \/>\n&#8211; Induktion: Ja<br \/>\n&#8211; Backofenfest: Ja<br \/>\n&#8211; Geeignet f\u00fcr Gefrierschrank: Ja<br \/>\n&#8211; Herdtauglich: ja<br \/>\n&#8211; Sp\u00fclmaschinentauglich: ja<\/p>\n<p><strong>Gr\u00f6\u00dfe<\/strong><br \/>\n&#8211; Nettogewicht: 8,03 kg<br \/>\n&#8211; Fassungsverm\u00f6gen: 8,35 l<br \/>\n&#8211; Produktl\u00e4nge: 38,00 cm<br \/>\n&#8211; Produktbreite: 30,00 cm<br \/>\n&#8211; H\u00f6he des Produkts: 19,00 cm<br \/>\n&#8211; H\u00f6he ohne Deckel: 14,00 cm<br \/>\n&#8211; Durchmesser oben: 30,00 cm<br \/>\n&#8211; Durchmesser des Bodens: 25,40 cm<br \/>\n&#8211; Griffl\u00e4nge: 4,00 cm<\/p>\n","protected":false},"excerpt":{"rendered":"<p>In nahezu jeder K\u00fcche kann die dunkelblaue Cocotte aus der Serie La Cocotte von Staub eingesetzt werden. Der gro\u00dfe Vorteil<\/p>\n","protected":false},"featured_media":8663,"template":"","meta":{"_acf_changed":false,"inline_featured_image":false},"product_cat":[6709,14793],"product_tag":[11387,11381,11385,12315,12205],"acf":[],"yoast_head":"<!-- This site is optimized with the Yoast SEO Premium plugin v18.6 (Yoast SEO v19.13) - https:\/\/yoast.com\/wordpress\/plugins\/seo\/ -->\n<title>STAUB Cocotte Rund 30 cm Dunkelblau<\/title>\n<meta name=\"description\" content=\"Entdecken Sie STAUB Cocotte Rund 30 cm Dunkelblau bei ErresseShop. Qualit\u00e4t, Stil und Funktionalit\u00e4t \u2013 jetzt online bestellen!\" \/>\n<meta name=\"robots\" content=\"index, follow, max-snippet:-1, max-image-preview:large, max-video-preview:-1\" \/>\n<link rel=\"canonical\" href=\"https:\/\/www.erresse-shop.it\/de\/shop\/toepfe-pfannen\/schalldaempfer-und-kokotten\/staub-cocotte-rund-30-cm-dunkelblau\/\" \/>\n<meta property=\"og:locale\" content=\"de_DE\" \/>\n<meta property=\"og:type\" content=\"article\" \/>\n<meta property=\"og:title\" content=\"STAUB Cocotte Rund 30 cm Dunkelblau\" \/>\n<meta property=\"og:description\" content=\"Entdecken Sie STAUB Cocotte Rund 30 cm Dunkelblau bei ErresseShop. Qualit\u00e4t, Stil und Funktionalit\u00e4t \u2013 jetzt online bestellen!\" \/>\n<meta property=\"og:url\" content=\"https:\/\/www.erresse-shop.it\/de\/shop\/toepfe-pfannen\/schalldaempfer-und-kokotten\/staub-cocotte-rund-30-cm-dunkelblau\/\" \/>\n<meta property=\"og:site_name\" content=\"Erresse Shop\" \/>\n<meta property=\"article:modified_time\" content=\"2025-01-17T15:47:16+00:00\" \/>\n<meta property=\"og:image\" content=\"https:\/\/www.erresse-shop.it\/wp-content\/uploads\/2015\/01\/products-staub-newblu-tonda-2.jpg\" \/>\n\t<meta property=\"og:image:width\" content=\"550\" \/>\n\t<meta property=\"og:image:height\" content=\"417\" \/>\n\t<meta property=\"og:image:type\" content=\"image\/jpeg\" \/>\n<meta name=\"twitter:card\" content=\"summary_large_image\" \/>\n<script type=\"application\/ld+json\" class=\"yoast-schema-graph\">{\"@context\":\"https:\/\/schema.org\",\"@graph\":[{\"@type\":\"WebPage\",\"@id\":\"https:\/\/www.erresse-shop.it\/de\/shop\/toepfe-pfannen\/schalldaempfer-und-kokotten\/staub-cocotte-rund-30-cm-dunkelblau\/\",\"url\":\"https:\/\/www.erresse-shop.it\/de\/shop\/toepfe-pfannen\/schalldaempfer-und-kokotten\/staub-cocotte-rund-30-cm-dunkelblau\/\",\"name\":\"STAUB Cocotte Rund 30 cm Dunkelblau\",\"isPartOf\":{\"@id\":\"https:\/\/www.erresse-shop.it\/de\/#website\"},\"datePublished\":\"2021-08-04T12:12:29+00:00\",\"dateModified\":\"2025-01-17T15:47:16+00:00\",\"description\":\"Entdecken Sie STAUB Cocotte Rund 30 cm Dunkelblau bei ErresseShop. Qualit\u00e4t, Stil und Funktionalit\u00e4t \u2013 jetzt online bestellen!\",\"breadcrumb\":{\"@id\":\"https:\/\/www.erresse-shop.it\/de\/shop\/toepfe-pfannen\/schalldaempfer-und-kokotten\/staub-cocotte-rund-30-cm-dunkelblau\/#breadcrumb\"},\"inLanguage\":\"de-DE\",\"potentialAction\":[{\"@type\":\"ReadAction\",\"target\":[\"https:\/\/www.erresse-shop.it\/de\/shop\/toepfe-pfannen\/schalldaempfer-und-kokotten\/staub-cocotte-rund-30-cm-dunkelblau\/\"]}]},{\"@type\":\"BreadcrumbList\",\"@id\":\"https:\/\/www.erresse-shop.it\/de\/shop\/toepfe-pfannen\/schalldaempfer-und-kokotten\/staub-cocotte-rund-30-cm-dunkelblau\/#breadcrumb\",\"itemListElement\":[{\"@type\":\"ListItem\",\"position\":1,\"name\":\"Home\",\"item\":\"https:\/\/www.erresse-shop.it\/de\/\"},{\"@type\":\"ListItem\",\"position\":2,\"name\":\"Shop\",\"item\":\"https:\/\/www.erresse-shop.it\/de\/shop\/\"},{\"@type\":\"ListItem\",\"position\":3,\"name\":\"STAUB Cocotte Rund 30 cm Dunkelblau\"}]},{\"@type\":\"WebSite\",\"@id\":\"https:\/\/www.erresse-shop.it\/de\/#website\",\"url\":\"https:\/\/www.erresse-shop.it\/de\/\",\"name\":\"Erresse Shop\",\"description\":\"Articoli di qualit\u00e0 per la casa\",\"potentialAction\":[{\"@type\":\"SearchAction\",\"target\":{\"@type\":\"EntryPoint\",\"urlTemplate\":\"https:\/\/www.erresse-shop.it\/de\/?s={search_term_string}\"},\"query-input\":\"required name=search_term_string\"}],\"inLanguage\":\"de-DE\"}]}<\/script>\n<!-- \/ Yoast SEO Premium plugin. -->","yoast_head_json":{"title":"STAUB Cocotte Rund 30 cm Dunkelblau","description":"Entdecken Sie STAUB Cocotte Rund 30 cm Dunkelblau bei ErresseShop. Qualit\u00e4t, Stil und Funktionalit\u00e4t \u2013 jetzt online bestellen!","robots":{"index":"index","follow":"follow","max-snippet":"max-snippet:-1","max-image-preview":"max-image-preview:large","max-video-preview":"max-video-preview:-1"},"canonical":"https:\/\/www.erresse-shop.it\/de\/shop\/toepfe-pfannen\/schalldaempfer-und-kokotten\/staub-cocotte-rund-30-cm-dunkelblau\/","og_locale":"de_DE","og_type":"article","og_title":"STAUB Cocotte Rund 30 cm Dunkelblau","og_description":"Entdecken Sie STAUB Cocotte Rund 30 cm Dunkelblau bei ErresseShop. Qualit\u00e4t, Stil und Funktionalit\u00e4t \u2013 jetzt online bestellen!","og_url":"https:\/\/www.erresse-shop.it\/de\/shop\/toepfe-pfannen\/schalldaempfer-und-kokotten\/staub-cocotte-rund-30-cm-dunkelblau\/","og_site_name":"Erresse Shop","article_modified_time":"2025-01-17T15:47:16+00:00","og_image":[{"width":"550","height":"417","url":"https:\/\/www.erresse-shop.it\/wp-content\/uploads\/2015\/01\/products-staub-newblu-tonda-2.jpg","type":"image\/jpeg"}],"twitter_card":"summary_large_image","schema":{"@context":"https:\/\/schema.org","@graph":[{"@type":"WebPage","@id":"https:\/\/www.erresse-shop.it\/de\/shop\/toepfe-pfannen\/schalldaempfer-und-kokotten\/staub-cocotte-rund-30-cm-dunkelblau\/","url":"https:\/\/www.erresse-shop.it\/de\/shop\/toepfe-pfannen\/schalldaempfer-und-kokotten\/staub-cocotte-rund-30-cm-dunkelblau\/","name":"STAUB Cocotte Rund 30 cm Dunkelblau","isPartOf":{"@id":"https:\/\/www.erresse-shop.it\/de\/#website"},"datePublished":"2021-08-04T12:12:29+00:00","dateModified":"2025-01-17T15:47:16+00:00","description":"Entdecken Sie STAUB Cocotte Rund 30 cm Dunkelblau bei ErresseShop. Qualit\u00e4t, Stil und Funktionalit\u00e4t \u2013 jetzt online bestellen!","breadcrumb":{"@id":"https:\/\/www.erresse-shop.it\/de\/shop\/toepfe-pfannen\/schalldaempfer-und-kokotten\/staub-cocotte-rund-30-cm-dunkelblau\/#breadcrumb"},"inLanguage":"de-DE","potentialAction":[{"@type":"ReadAction","target":["https:\/\/www.erresse-shop.it\/de\/shop\/toepfe-pfannen\/schalldaempfer-und-kokotten\/staub-cocotte-rund-30-cm-dunkelblau\/"]}]},{"@type":"BreadcrumbList","@id":"https:\/\/www.erresse-shop.it\/de\/shop\/toepfe-pfannen\/schalldaempfer-und-kokotten\/staub-cocotte-rund-30-cm-dunkelblau\/#breadcrumb","itemListElement":[{"@type":"ListItem","position":1,"name":"Home","item":"https:\/\/www.erresse-shop.it\/de\/"},{"@type":"ListItem","position":2,"name":"Shop","item":"https:\/\/www.erresse-shop.it\/de\/shop\/"},{"@type":"ListItem","position":3,"name":"STAUB Cocotte Rund 30 cm Dunkelblau"}]},{"@type":"WebSite","@id":"https:\/\/www.erresse-shop.it\/de\/#website","url":"https:\/\/www.erresse-shop.it\/de\/","name":"Erresse Shop","description":"Articoli di qualit\u00e0 per la casa","potentialAction":[{"@type":"SearchAction","target":{"@type":"EntryPoint","urlTemplate":"https:\/\/www.erresse-shop.it\/de\/?s={search_term_string}"},"query-input":"required name=search_term_string"}],"inLanguage":"de-DE"}]}},"df_price":199.5,"df_sale_price":199.5,"df_regular_price":399,"df_image_link":"https:\/\/www.erresse-shop.it\/wp-content\/uploads\/2015\/01\/products-staub-newblu-tonda-2.jpg","_links":{"self":[{"href":"https:\/\/www.erresse-shop.it\/de\/wp-json\/wp\/v2\/product\/111377"}],"collection":[{"href":"https:\/\/www.erresse-shop.it\/de\/wp-json\/wp\/v2\/product"}],"about":[{"href":"https:\/\/www.erresse-shop.it\/de\/wp-json\/wp\/v2\/types\/product"}],"wp:featuredmedia":[{"embeddable":true,"href":"https:\/\/www.erresse-shop.it\/de\/wp-json\/wp\/v2\/media\/8663"}],"wp:attachment":[{"href":"https:\/\/www.erresse-shop.it\/de\/wp-json\/wp\/v2\/media?parent=111377"}],"wp:term":[{"taxonomy":"product_cat","embeddable":true,"href":"https:\/\/www.erresse-shop.it\/de\/wp-json\/wp\/v2\/product_cat?post=111377"},{"taxonomy":"product_tag","embeddable":true,"href":"https:\/\/www.erresse-shop.it\/de\/wp-json\/wp\/v2\/product_tag?post=111377"}],"curies":[{"name":"wp","href":"https:\/\/api.w.org\/{rel}","templated":true}]}}