{"id":111112,"date":"2021-08-02T07:23:57","date_gmt":"2021-08-02T07:23:58","guid":{"rendered":"https:\/\/www.erresse-shop.it\/?post_type=product&#038;p=111112"},"modified":"2025-08-24T10:50:07","modified_gmt":"2025-08-24T10:50:07","slug":"staub-cocotte-oval-29-cm-weiser-truffel","status":"publish","type":"product","link":"https:\/\/www.erresse-shop.it\/de\/shop\/toepfe-pfannen\/schalldaempfer-und-kokotten\/staub-cocotte-oval-29-cm-weiser-truffel\/","title":{"rendered":"STAUB Cocotte Oval 29 cm Wei\u00dfer Tr\u00fcffel"},"content":{"rendered":"<p>Die <strong>Staub<\/strong>-Kokotte ist nach wie vor un\u00fcbertroffen f\u00fcr das langsame Garen von Fleisch und Gem\u00fcse bis zur zarten Perfektion und f\u00fcr die Zubereitung von deftigen Eint\u00f6pfen und Suppen. Gusseisen hat hervorragende W\u00e4rmespeichereigenschaften. Das bedeutet, dass sich die Pfanne gleichm\u00e4\u00dfig erhitzt. Der innovative Deckel hat auf der Innenseite kleine Zacken, die die kondensierte Fl\u00fcssigkeit kontinuierlich \u00fcber die Lebensmittel gie\u00dfen, was zu saftigen und schmackhaften Ergebnissen f\u00fchrt. Der spezielle mattschwarze Emaille-Innenraum und der Deckel mit durchgehenden Streuspitzen von Staub sorgen f\u00fcr perfektes Anbraten und Schmoren, f\u00fcr Speisen mit au\u00dfergew\u00f6hnlichem Geschmack. Mit ihrer sch\u00f6nen Emaille-Oberfl\u00e4che passt jedes St\u00fcck wunderbar von der K\u00fcche auf den Tisch. Vom Comfort Food bis zum opulenten Dinner, jedes Gericht ist etwas Besonderes, wenn es in einem Staub-Produkt serviert wird. Staub emailliertes Gusseisen-Kochgeschirr ist die Wahl der besten K\u00f6che der Welt. Mit seiner au\u00dfergew\u00f6hnlichen Langlebigkeit eignet er sich perfekt f\u00fcr den t\u00e4glichen Gebrauch sowohl in Gourmetk\u00fcchen zu Hause als auch in renommierten Restaurants auf der ganzen Welt. Gebaut, um ein Leben lang zu halten, k\u00f6nnen diese Erbst\u00fccke von Generation zu Generation weitergegeben werden.<\/p>\n<ul>\n<li>Ideal zum Abdichten und langsamen Garen von Fleisch, Fisch oder Gem\u00fcse<\/li>\n<li>&#8211; Deckelknauf aus Messing hitzebest\u00e4ndig bis 250\u00b0 C<\/li>\n<li>Geeignet f\u00fcr Induktions-, Gas-, Elektro-\/Stahlkochfelder, Glaskeramik und Back\u00f6fen<\/li>\n<li>Volumen: 4,2 l, Gewicht: 5,54 kg<\/li>\n<li>Ma\u00dfe mit Deckel und Griffen (BxH): 35,3 x 15,5 cm, Durchmesser: 29 cm, Boden: 24,4 cm<\/li>\n<li>Reinigung: mit weichem Schwamm und mildem Reinigungsmittel<\/li>\n<li>Verwenden Sie keine \u00e4tzenden Reinigungsmittel, Scheuerpulver oder Stahlschw\u00e4mme. Gr\u00fcndlich trocknen<\/li>\n<\/ul>\n<p><strong>Eigenschaften<\/strong><br \/>\n&#8211; Hitzebest\u00e4ndigkeit (\u00b0C): 240,00 \u00baC<br \/>\n&#8211; Material: Gusseisen<br \/>\n&#8211; Vorhandener Deckel: ja<br \/>\n&#8211; Induktion: Ja<br \/>\n&#8211; F\u00fcr den Backofen geeignet: Ja<br \/>\n&#8211; Grillfreundlich: Ja<br \/>\n&#8211; Mikrowellengeeignet: ja<br \/>\n&#8211; Geeignet f\u00fcr Gefrierschrank: ja<br \/>\n&#8211; Kochfeldfreundlich: ja<br \/>\n&#8211; Unempfindlich gegen Metallgegenst\u00e4nde: ja<br \/>\n&#8211; Sp\u00fclmaschinenfest: Ja<\/p>\n<p><strong>Gr\u00f6\u00dfe<\/strong><br \/>\n&#8211; Nettogewicht: 5,54 kg<br \/>\n&#8211; Fassungsverm\u00f6gen: 4,20 l<br \/>\n&#8211; Produktl\u00e4nge: 35,30 cm<br \/>\n&#8211; Produktbreite: 29,00 cm<br \/>\n&#8211; H\u00f6he des Produkts: 15,50 cm<br \/>\n&#8211; H\u00f6he ohne Deckel: 10,70 cm<br \/>\n&#8211; Durchmesser oben: 29,00 cm<br \/>\n&#8211; Durchmesser des Bodens: 24,40 cm<\/p>\n","protected":false},"excerpt":{"rendered":"<p>Die Staub-Kokotte ist nach wie vor un\u00fcbertroffen f\u00fcr das langsame Garen von Fleisch und Gem\u00fcse bis zur zarten Perfektion und<\/p>\n","protected":false},"featured_media":111140,"template":"","meta":{"_acf_changed":false,"inline_featured_image":false},"product_cat":[6709,14793],"product_tag":[25088,11387,11381,11385,12315,25022,12205],"acf":[],"yoast_head":"<!-- This site is optimized with the Yoast SEO Premium plugin v18.6 (Yoast SEO v19.13) - https:\/\/yoast.com\/wordpress\/plugins\/seo\/ -->\n<title>STAUB Cocotte Oval 29 cm Wei\u00dfer Tr\u00fcffel<\/title>\n<meta name=\"description\" content=\"Entdecken Sie STAUB Cocotte Oval 29 cm Wei\u00dfer Tr\u00fcffel bei ErresseShop. Qualit\u00e4t, Stil und Funktionalit\u00e4t \u2013 jetzt online bestellen!\" \/>\n<meta name=\"robots\" content=\"index, follow, max-snippet:-1, max-image-preview:large, max-video-preview:-1\" \/>\n<link rel=\"canonical\" href=\"https:\/\/www.erresse-shop.it\/de\/shop\/toepfe-pfannen\/schalldaempfer-und-kokotten\/staub-cocotte-oval-29-cm-weiser-truffel\/\" \/>\n<meta property=\"og:locale\" content=\"de_DE\" \/>\n<meta property=\"og:type\" content=\"article\" \/>\n<meta property=\"og:title\" content=\"STAUB Cocotte Oval 29 cm Wei\u00dfer Tr\u00fcffel\" \/>\n<meta property=\"og:description\" content=\"Entdecken Sie STAUB Cocotte Oval 29 cm Wei\u00dfer Tr\u00fcffel bei ErresseShop. Qualit\u00e4t, Stil und Funktionalit\u00e4t \u2013 jetzt online bestellen!\" \/>\n<meta property=\"og:url\" content=\"https:\/\/www.erresse-shop.it\/de\/shop\/toepfe-pfannen\/schalldaempfer-und-kokotten\/staub-cocotte-oval-29-cm-weiser-truffel\/\" \/>\n<meta property=\"og:site_name\" content=\"Erresse Shop\" \/>\n<meta property=\"article:modified_time\" content=\"2025-08-24T10:50:07+00:00\" \/>\n<meta property=\"og:image\" content=\"https:\/\/www.erresse-shop.it\/wp-content\/uploads\/2021\/08\/STAUB-Cocotte-Ovale-Bianco-Tartufo.jpg\" \/>\n\t<meta property=\"og:image:width\" content=\"1000\" \/>\n\t<meta property=\"og:image:height\" content=\"1000\" \/>\n\t<meta property=\"og:image:type\" content=\"image\/jpeg\" \/>\n<meta name=\"twitter:card\" content=\"summary_large_image\" \/>\n<script type=\"application\/ld+json\" class=\"yoast-schema-graph\">{\"@context\":\"https:\/\/schema.org\",\"@graph\":[{\"@type\":\"WebPage\",\"@id\":\"https:\/\/www.erresse-shop.it\/de\/shop\/toepfe-pfannen\/schalldaempfer-und-kokotten\/staub-cocotte-oval-29-cm-weiser-truffel\/\",\"url\":\"https:\/\/www.erresse-shop.it\/de\/shop\/toepfe-pfannen\/schalldaempfer-und-kokotten\/staub-cocotte-oval-29-cm-weiser-truffel\/\",\"name\":\"STAUB Cocotte Oval 29 cm Wei\u00dfer Tr\u00fcffel\",\"isPartOf\":{\"@id\":\"https:\/\/www.erresse-shop.it\/de\/#website\"},\"datePublished\":\"2021-08-02T07:23:58+00:00\",\"dateModified\":\"2025-08-24T10:50:07+00:00\",\"description\":\"Entdecken Sie STAUB Cocotte Oval 29 cm Wei\u00dfer Tr\u00fcffel bei ErresseShop. Qualit\u00e4t, Stil und Funktionalit\u00e4t \u2013 jetzt online bestellen!\",\"breadcrumb\":{\"@id\":\"https:\/\/www.erresse-shop.it\/de\/shop\/toepfe-pfannen\/schalldaempfer-und-kokotten\/staub-cocotte-oval-29-cm-weiser-truffel\/#breadcrumb\"},\"inLanguage\":\"de-DE\",\"potentialAction\":[{\"@type\":\"ReadAction\",\"target\":[\"https:\/\/www.erresse-shop.it\/de\/shop\/toepfe-pfannen\/schalldaempfer-und-kokotten\/staub-cocotte-oval-29-cm-weiser-truffel\/\"]}]},{\"@type\":\"BreadcrumbList\",\"@id\":\"https:\/\/www.erresse-shop.it\/de\/shop\/toepfe-pfannen\/schalldaempfer-und-kokotten\/staub-cocotte-oval-29-cm-weiser-truffel\/#breadcrumb\",\"itemListElement\":[{\"@type\":\"ListItem\",\"position\":1,\"name\":\"Home\",\"item\":\"https:\/\/www.erresse-shop.it\/de\/\"},{\"@type\":\"ListItem\",\"position\":2,\"name\":\"Shop\",\"item\":\"https:\/\/www.erresse-shop.it\/de\/shop\/\"},{\"@type\":\"ListItem\",\"position\":3,\"name\":\"STAUB Cocotte Oval 29 cm Wei\u00dfer Tr\u00fcffel\"}]},{\"@type\":\"WebSite\",\"@id\":\"https:\/\/www.erresse-shop.it\/de\/#website\",\"url\":\"https:\/\/www.erresse-shop.it\/de\/\",\"name\":\"Erresse Shop\",\"description\":\"Articoli di qualit\u00e0 per la casa\",\"potentialAction\":[{\"@type\":\"SearchAction\",\"target\":{\"@type\":\"EntryPoint\",\"urlTemplate\":\"https:\/\/www.erresse-shop.it\/de\/?s={search_term_string}\"},\"query-input\":\"required name=search_term_string\"}],\"inLanguage\":\"de-DE\"}]}<\/script>\n<!-- \/ Yoast SEO Premium plugin. -->","yoast_head_json":{"title":"STAUB Cocotte Oval 29 cm Wei\u00dfer Tr\u00fcffel","description":"Entdecken Sie STAUB Cocotte Oval 29 cm Wei\u00dfer Tr\u00fcffel bei ErresseShop. Qualit\u00e4t, Stil und Funktionalit\u00e4t \u2013 jetzt online bestellen!","robots":{"index":"index","follow":"follow","max-snippet":"max-snippet:-1","max-image-preview":"max-image-preview:large","max-video-preview":"max-video-preview:-1"},"canonical":"https:\/\/www.erresse-shop.it\/de\/shop\/toepfe-pfannen\/schalldaempfer-und-kokotten\/staub-cocotte-oval-29-cm-weiser-truffel\/","og_locale":"de_DE","og_type":"article","og_title":"STAUB Cocotte Oval 29 cm Wei\u00dfer Tr\u00fcffel","og_description":"Entdecken Sie STAUB Cocotte Oval 29 cm Wei\u00dfer Tr\u00fcffel bei ErresseShop. Qualit\u00e4t, Stil und Funktionalit\u00e4t \u2013 jetzt online bestellen!","og_url":"https:\/\/www.erresse-shop.it\/de\/shop\/toepfe-pfannen\/schalldaempfer-und-kokotten\/staub-cocotte-oval-29-cm-weiser-truffel\/","og_site_name":"Erresse Shop","article_modified_time":"2025-08-24T10:50:07+00:00","og_image":[{"width":1000,"height":1000,"url":"https:\/\/www.erresse-shop.it\/wp-content\/uploads\/2021\/08\/STAUB-Cocotte-Ovale-Bianco-Tartufo.jpg","type":"image\/jpeg"}],"twitter_card":"summary_large_image","schema":{"@context":"https:\/\/schema.org","@graph":[{"@type":"WebPage","@id":"https:\/\/www.erresse-shop.it\/de\/shop\/toepfe-pfannen\/schalldaempfer-und-kokotten\/staub-cocotte-oval-29-cm-weiser-truffel\/","url":"https:\/\/www.erresse-shop.it\/de\/shop\/toepfe-pfannen\/schalldaempfer-und-kokotten\/staub-cocotte-oval-29-cm-weiser-truffel\/","name":"STAUB Cocotte Oval 29 cm Wei\u00dfer Tr\u00fcffel","isPartOf":{"@id":"https:\/\/www.erresse-shop.it\/de\/#website"},"datePublished":"2021-08-02T07:23:58+00:00","dateModified":"2025-08-24T10:50:07+00:00","description":"Entdecken Sie STAUB Cocotte Oval 29 cm Wei\u00dfer Tr\u00fcffel bei ErresseShop. Qualit\u00e4t, Stil und Funktionalit\u00e4t \u2013 jetzt online bestellen!","breadcrumb":{"@id":"https:\/\/www.erresse-shop.it\/de\/shop\/toepfe-pfannen\/schalldaempfer-und-kokotten\/staub-cocotte-oval-29-cm-weiser-truffel\/#breadcrumb"},"inLanguage":"de-DE","potentialAction":[{"@type":"ReadAction","target":["https:\/\/www.erresse-shop.it\/de\/shop\/toepfe-pfannen\/schalldaempfer-und-kokotten\/staub-cocotte-oval-29-cm-weiser-truffel\/"]}]},{"@type":"BreadcrumbList","@id":"https:\/\/www.erresse-shop.it\/de\/shop\/toepfe-pfannen\/schalldaempfer-und-kokotten\/staub-cocotte-oval-29-cm-weiser-truffel\/#breadcrumb","itemListElement":[{"@type":"ListItem","position":1,"name":"Home","item":"https:\/\/www.erresse-shop.it\/de\/"},{"@type":"ListItem","position":2,"name":"Shop","item":"https:\/\/www.erresse-shop.it\/de\/shop\/"},{"@type":"ListItem","position":3,"name":"STAUB Cocotte Oval 29 cm Wei\u00dfer Tr\u00fcffel"}]},{"@type":"WebSite","@id":"https:\/\/www.erresse-shop.it\/de\/#website","url":"https:\/\/www.erresse-shop.it\/de\/","name":"Erresse Shop","description":"Articoli di qualit\u00e0 per la casa","potentialAction":[{"@type":"SearchAction","target":{"@type":"EntryPoint","urlTemplate":"https:\/\/www.erresse-shop.it\/de\/?s={search_term_string}"},"query-input":"required name=search_term_string"}],"inLanguage":"de-DE"}]}},"df_price":219.95,"df_sale_price":219.95,"df_regular_price":319,"df_image_link":"https:\/\/www.erresse-shop.it\/wp-content\/uploads\/2021\/08\/STAUB-Cocotte-Ovale-Bianco-Tartufo-300x300.jpg","_links":{"self":[{"href":"https:\/\/www.erresse-shop.it\/de\/wp-json\/wp\/v2\/product\/111112"}],"collection":[{"href":"https:\/\/www.erresse-shop.it\/de\/wp-json\/wp\/v2\/product"}],"about":[{"href":"https:\/\/www.erresse-shop.it\/de\/wp-json\/wp\/v2\/types\/product"}],"wp:featuredmedia":[{"embeddable":true,"href":"https:\/\/www.erresse-shop.it\/de\/wp-json\/wp\/v2\/media\/111140"}],"wp:attachment":[{"href":"https:\/\/www.erresse-shop.it\/de\/wp-json\/wp\/v2\/media?parent=111112"}],"wp:term":[{"taxonomy":"product_cat","embeddable":true,"href":"https:\/\/www.erresse-shop.it\/de\/wp-json\/wp\/v2\/product_cat?post=111112"},{"taxonomy":"product_tag","embeddable":true,"href":"https:\/\/www.erresse-shop.it\/de\/wp-json\/wp\/v2\/product_tag?post=111112"}],"curies":[{"name":"wp","href":"https:\/\/api.w.org\/{rel}","templated":true}]}}