{"id":110966,"date":"2021-07-28T14:26:02","date_gmt":"2021-07-28T14:26:28","guid":{"rendered":"https:\/\/www.erresse-shop.it\/?post_type=product&#038;p=110966"},"modified":"2025-01-17T15:47:08","modified_gmt":"2025-01-17T15:47:08","slug":"staub-cocotte-rund-mit-dampfeinsatz-24-cm-schwarz","status":"publish","type":"product","link":"https:\/\/www.erresse-shop.it\/de\/shop\/toepfe-pfannen\/schalldaempfer-und-kokotten\/staub-cocotte-rund-mit-dampfeinsatz-24-cm-schwarz\/","title":{"rendered":"STAUB Cocotte Rund mit D\u00e4mpfeinsatz 24 cm Schwarz"},"content":{"rendered":"<p>In dieser Cocotte mit speziellem D\u00e4mpfkorb aus hochwertigem Edelstahl 18\/10 k\u00f6nnen Sie mehrere Zutaten auf einmal garen. Dank der dicken Silikondichtung und den L\u00f6chern in der Oberfl\u00e4che des Korbs wird die Hitze gleichm\u00e4\u00dfig in der Kasserolle verteilt. Die Cocotte hat einen Durchmesser von 26 cm und ein Fassungsverm\u00f6gen von 5,2 Litern. Sie ist ca. 33 cm breit, einschlie\u00dflich der Griffe, und 9,5 cm hoch ohne Deckel. Sie k\u00f6nnen die Cocotte auf allen Herdarten, einschlie\u00dflich Induktionskochfeldern, und auch im Backofen verwenden. Der Innenraum ist mattschwarz emailliert. Das Material ist langlebig, leicht zu reinigen und wird sowohl von Spitzenk\u00f6chen als auch von K\u00fcchenneulingen wegen seiner au\u00dfergew\u00f6hnlichen Eigenschaften gesch\u00e4tzt. Die Cocotte erm\u00f6glicht ein effizientes Schmoren von Speisen und bewahrt die nat\u00fcrlichen Aromen der Zutaten. Die Emaille-Beschichtung speichert die W\u00e4rme und gibt sie langsam und gleichm\u00e4\u00dfig ab. Die spezielle &#8220;Halbkugel&#8221;-Struktur im Inneren des Deckels l\u00e4sst das Kondenswasser gleichm\u00e4\u00dfig auf das Gargut tropfen, damit es sch\u00f6n saftig bleibt. Sobald der Korb entfernt ist, kann die schwarze Staub-Kokotte zum stilvollen Servieren von Speisen verwendet werden.<\/p>\n<p>&#8211; Ideal zum gleichzeitigen Schmoren und D\u00fcnsten, z. B. wenn man unten Reis und oben Fisch kocht.<br \/>\n&#8211; F\u00fcr ein saftiges und zartes Kochergebnis dank des Deckels<br \/>\n&#8211; Die mattschwarze Innenemaillierung ist ideal f\u00fcr besonders knuspriges Schmoren und ist sehr langlebig<br \/>\n&#8211; Geeignet f\u00fcr alle Herdarten, einschlie\u00dflich Induktion, kann auch in den Ofen\/Grill gestellt werden<br \/>\n&#8211; Intensive Farbe<\/p>\n<p><strong>Eigenschaften:<\/strong><br \/>\n&#8211; Hitzebest\u00e4ndigkeit (\u00b0C): 240,00 \u00baC<br \/>\n&#8211; K\u00e4ltebest\u00e4ndigkeit: -20,00 \u00baC<br \/>\n&#8211; Material: Gusseisen<br \/>\n&#8211; Vorhandener Deckel: ja<br \/>\n&#8211; Induktion: Ja<br \/>\n&#8211; Backofenfest: Ja<br \/>\n&#8211; Geeignet f\u00fcr Gefrierschrank: Ja<br \/>\n&#8211; Herdtauglich: ja<br \/>\n&#8211; Sp\u00fclmaschinentauglich: ja<\/p>\n<p><strong>Gr\u00f6\u00dfe:<\/strong><br \/>\n&#8211; Nettogewicht: 4,60 kg<br \/>\n&#8211; Fassungsverm\u00f6gen: 3,80 l<br \/>\n&#8211; Produktl\u00e4nge: 30,30 cm<br \/>\n&#8211; Produktbreite: 24,00 cm<br \/>\n&#8211; H\u00f6he des Produkts: 15,30 cm<br \/>\n&#8211; H\u00f6he ohne Deckel: 10,50 cm<br \/>\n&#8211; Durchmesser oben: 24,00 cm<br \/>\n&#8211; Durchmesser des Bodens: 19,20 cm<br \/>\n&#8211; Griffl\u00e4nge: 2,00 cm<\/p>\n","protected":false},"excerpt":{"rendered":"<p>In dieser Cocotte mit speziellem D\u00e4mpfkorb aus hochwertigem Edelstahl 18\/10 k\u00f6nnen Sie mehrere Zutaten auf einmal garen. Dank der dicken<\/p>\n","protected":false},"featured_media":97873,"template":"","meta":{"_acf_changed":false,"inline_featured_image":false},"product_cat":[6709,14793],"product_tag":[25088,12315,13188,25022],"acf":[],"yoast_head":"<!-- This site is optimized with the Yoast SEO Premium plugin v18.6 (Yoast SEO v19.13) - https:\/\/yoast.com\/wordpress\/plugins\/seo\/ -->\n<title>STAUB Cocotte Rund mit D\u00e4mpfeinsatz 24 cm Schwarz<\/title>\n<meta name=\"description\" content=\"Entdecken Sie STAUB Cocotte Rund mit D\u00e4mpfeinsatz 24 cm Schwarz bei ErresseShop. Qualit\u00e4t, Stil und Funktionalit\u00e4t \u2013 jetzt online bestellen!\" \/>\n<meta name=\"robots\" content=\"index, follow, max-snippet:-1, max-image-preview:large, max-video-preview:-1\" \/>\n<link rel=\"canonical\" href=\"https:\/\/www.erresse-shop.it\/de\/shop\/toepfe-pfannen\/schalldaempfer-und-kokotten\/staub-cocotte-rund-mit-dampfeinsatz-24-cm-schwarz\/\" \/>\n<meta property=\"og:locale\" content=\"de_DE\" \/>\n<meta property=\"og:type\" content=\"article\" \/>\n<meta property=\"og:title\" content=\"STAUB Cocotte Rund mit D\u00e4mpfeinsatz 24 cm Schwarz\" \/>\n<meta property=\"og:description\" content=\"Entdecken Sie STAUB Cocotte Rund mit D\u00e4mpfeinsatz 24 cm Schwarz bei ErresseShop. Qualit\u00e4t, Stil und Funktionalit\u00e4t \u2013 jetzt online bestellen!\" \/>\n<meta property=\"og:url\" content=\"https:\/\/www.erresse-shop.it\/de\/shop\/toepfe-pfannen\/schalldaempfer-und-kokotten\/staub-cocotte-rund-mit-dampfeinsatz-24-cm-schwarz\/\" \/>\n<meta property=\"og:site_name\" content=\"Erresse Shop\" \/>\n<meta property=\"article:modified_time\" content=\"2025-01-17T15:47:08+00:00\" \/>\n<meta property=\"og:image\" content=\"https:\/\/www.erresse-shop.it\/wp-content\/uploads\/2012\/07\/STAUB-Cocotte-con-Cestello-a-Vapore-Rotonda-26-cm.jpg\" \/>\n\t<meta property=\"og:image:width\" content=\"1000\" \/>\n\t<meta property=\"og:image:height\" content=\"1000\" \/>\n\t<meta property=\"og:image:type\" content=\"image\/jpeg\" \/>\n<meta name=\"twitter:card\" content=\"summary_large_image\" \/>\n<script type=\"application\/ld+json\" class=\"yoast-schema-graph\">{\"@context\":\"https:\/\/schema.org\",\"@graph\":[{\"@type\":\"WebPage\",\"@id\":\"https:\/\/www.erresse-shop.it\/de\/shop\/toepfe-pfannen\/schalldaempfer-und-kokotten\/staub-cocotte-rund-mit-dampfeinsatz-24-cm-schwarz\/\",\"url\":\"https:\/\/www.erresse-shop.it\/de\/shop\/toepfe-pfannen\/schalldaempfer-und-kokotten\/staub-cocotte-rund-mit-dampfeinsatz-24-cm-schwarz\/\",\"name\":\"STAUB Cocotte Rund mit D\u00e4mpfeinsatz 24 cm Schwarz\",\"isPartOf\":{\"@id\":\"https:\/\/www.erresse-shop.it\/de\/#website\"},\"datePublished\":\"2021-07-28T14:26:28+00:00\",\"dateModified\":\"2025-01-17T15:47:08+00:00\",\"description\":\"Entdecken Sie STAUB Cocotte Rund mit D\u00e4mpfeinsatz 24 cm Schwarz bei ErresseShop. Qualit\u00e4t, Stil und Funktionalit\u00e4t \u2013 jetzt online bestellen!\",\"breadcrumb\":{\"@id\":\"https:\/\/www.erresse-shop.it\/de\/shop\/toepfe-pfannen\/schalldaempfer-und-kokotten\/staub-cocotte-rund-mit-dampfeinsatz-24-cm-schwarz\/#breadcrumb\"},\"inLanguage\":\"de-DE\",\"potentialAction\":[{\"@type\":\"ReadAction\",\"target\":[\"https:\/\/www.erresse-shop.it\/de\/shop\/toepfe-pfannen\/schalldaempfer-und-kokotten\/staub-cocotte-rund-mit-dampfeinsatz-24-cm-schwarz\/\"]}]},{\"@type\":\"BreadcrumbList\",\"@id\":\"https:\/\/www.erresse-shop.it\/de\/shop\/toepfe-pfannen\/schalldaempfer-und-kokotten\/staub-cocotte-rund-mit-dampfeinsatz-24-cm-schwarz\/#breadcrumb\",\"itemListElement\":[{\"@type\":\"ListItem\",\"position\":1,\"name\":\"Home\",\"item\":\"https:\/\/www.erresse-shop.it\/de\/\"},{\"@type\":\"ListItem\",\"position\":2,\"name\":\"Shop\",\"item\":\"https:\/\/www.erresse-shop.it\/de\/shop\/\"},{\"@type\":\"ListItem\",\"position\":3,\"name\":\"STAUB Cocotte Rund mit D\u00e4mpfeinsatz 24 cm Schwarz\"}]},{\"@type\":\"WebSite\",\"@id\":\"https:\/\/www.erresse-shop.it\/de\/#website\",\"url\":\"https:\/\/www.erresse-shop.it\/de\/\",\"name\":\"Erresse Shop\",\"description\":\"Articoli di qualit\u00e0 per la casa\",\"potentialAction\":[{\"@type\":\"SearchAction\",\"target\":{\"@type\":\"EntryPoint\",\"urlTemplate\":\"https:\/\/www.erresse-shop.it\/de\/?s={search_term_string}\"},\"query-input\":\"required name=search_term_string\"}],\"inLanguage\":\"de-DE\"}]}<\/script>\n<!-- \/ Yoast SEO Premium plugin. -->","yoast_head_json":{"title":"STAUB Cocotte Rund mit D\u00e4mpfeinsatz 24 cm Schwarz","description":"Entdecken Sie STAUB Cocotte Rund mit D\u00e4mpfeinsatz 24 cm Schwarz bei ErresseShop. Qualit\u00e4t, Stil und Funktionalit\u00e4t \u2013 jetzt online bestellen!","robots":{"index":"index","follow":"follow","max-snippet":"max-snippet:-1","max-image-preview":"max-image-preview:large","max-video-preview":"max-video-preview:-1"},"canonical":"https:\/\/www.erresse-shop.it\/de\/shop\/toepfe-pfannen\/schalldaempfer-und-kokotten\/staub-cocotte-rund-mit-dampfeinsatz-24-cm-schwarz\/","og_locale":"de_DE","og_type":"article","og_title":"STAUB Cocotte Rund mit D\u00e4mpfeinsatz 24 cm Schwarz","og_description":"Entdecken Sie STAUB Cocotte Rund mit D\u00e4mpfeinsatz 24 cm Schwarz bei ErresseShop. Qualit\u00e4t, Stil und Funktionalit\u00e4t \u2013 jetzt online bestellen!","og_url":"https:\/\/www.erresse-shop.it\/de\/shop\/toepfe-pfannen\/schalldaempfer-und-kokotten\/staub-cocotte-rund-mit-dampfeinsatz-24-cm-schwarz\/","og_site_name":"Erresse Shop","article_modified_time":"2025-01-17T15:47:08+00:00","og_image":[{"width":1000,"height":1000,"url":"https:\/\/www.erresse-shop.it\/wp-content\/uploads\/2012\/07\/STAUB-Cocotte-con-Cestello-a-Vapore-Rotonda-26-cm.jpg","type":"image\/jpeg"}],"twitter_card":"summary_large_image","schema":{"@context":"https:\/\/schema.org","@graph":[{"@type":"WebPage","@id":"https:\/\/www.erresse-shop.it\/de\/shop\/toepfe-pfannen\/schalldaempfer-und-kokotten\/staub-cocotte-rund-mit-dampfeinsatz-24-cm-schwarz\/","url":"https:\/\/www.erresse-shop.it\/de\/shop\/toepfe-pfannen\/schalldaempfer-und-kokotten\/staub-cocotte-rund-mit-dampfeinsatz-24-cm-schwarz\/","name":"STAUB Cocotte Rund mit D\u00e4mpfeinsatz 24 cm Schwarz","isPartOf":{"@id":"https:\/\/www.erresse-shop.it\/de\/#website"},"datePublished":"2021-07-28T14:26:28+00:00","dateModified":"2025-01-17T15:47:08+00:00","description":"Entdecken Sie STAUB Cocotte Rund mit D\u00e4mpfeinsatz 24 cm Schwarz bei ErresseShop. Qualit\u00e4t, Stil und Funktionalit\u00e4t \u2013 jetzt online bestellen!","breadcrumb":{"@id":"https:\/\/www.erresse-shop.it\/de\/shop\/toepfe-pfannen\/schalldaempfer-und-kokotten\/staub-cocotte-rund-mit-dampfeinsatz-24-cm-schwarz\/#breadcrumb"},"inLanguage":"de-DE","potentialAction":[{"@type":"ReadAction","target":["https:\/\/www.erresse-shop.it\/de\/shop\/toepfe-pfannen\/schalldaempfer-und-kokotten\/staub-cocotte-rund-mit-dampfeinsatz-24-cm-schwarz\/"]}]},{"@type":"BreadcrumbList","@id":"https:\/\/www.erresse-shop.it\/de\/shop\/toepfe-pfannen\/schalldaempfer-und-kokotten\/staub-cocotte-rund-mit-dampfeinsatz-24-cm-schwarz\/#breadcrumb","itemListElement":[{"@type":"ListItem","position":1,"name":"Home","item":"https:\/\/www.erresse-shop.it\/de\/"},{"@type":"ListItem","position":2,"name":"Shop","item":"https:\/\/www.erresse-shop.it\/de\/shop\/"},{"@type":"ListItem","position":3,"name":"STAUB Cocotte Rund mit D\u00e4mpfeinsatz 24 cm Schwarz"}]},{"@type":"WebSite","@id":"https:\/\/www.erresse-shop.it\/de\/#website","url":"https:\/\/www.erresse-shop.it\/de\/","name":"Erresse Shop","description":"Articoli di qualit\u00e0 per la casa","potentialAction":[{"@type":"SearchAction","target":{"@type":"EntryPoint","urlTemplate":"https:\/\/www.erresse-shop.it\/de\/?s={search_term_string}"},"query-input":"required name=search_term_string"}],"inLanguage":"de-DE"}]}},"df_price":186.95,"df_sale_price":186.95,"df_regular_price":299,"df_image_link":"https:\/\/www.erresse-shop.it\/wp-content\/uploads\/2012\/07\/STAUB-Cocotte-con-Cestello-a-Vapore-Rotonda-26-cm-300x300.jpg","_links":{"self":[{"href":"https:\/\/www.erresse-shop.it\/de\/wp-json\/wp\/v2\/product\/110966"}],"collection":[{"href":"https:\/\/www.erresse-shop.it\/de\/wp-json\/wp\/v2\/product"}],"about":[{"href":"https:\/\/www.erresse-shop.it\/de\/wp-json\/wp\/v2\/types\/product"}],"wp:featuredmedia":[{"embeddable":true,"href":"https:\/\/www.erresse-shop.it\/de\/wp-json\/wp\/v2\/media\/97873"}],"wp:attachment":[{"href":"https:\/\/www.erresse-shop.it\/de\/wp-json\/wp\/v2\/media?parent=110966"}],"wp:term":[{"taxonomy":"product_cat","embeddable":true,"href":"https:\/\/www.erresse-shop.it\/de\/wp-json\/wp\/v2\/product_cat?post=110966"},{"taxonomy":"product_tag","embeddable":true,"href":"https:\/\/www.erresse-shop.it\/de\/wp-json\/wp\/v2\/product_tag?post=110966"}],"curies":[{"name":"wp","href":"https:\/\/api.w.org\/{rel}","templated":true}]}}