{"id":110409,"date":"2021-07-23T10:08:50","date_gmt":"2021-07-23T10:08:51","guid":{"rendered":"https:\/\/www.erresse-shop.it\/?post_type=product&#038;p=110409"},"modified":"2025-04-25T20:40:07","modified_gmt":"2025-04-25T20:40:07","slug":"staub-cocotte-cocotte-lily-24-cm-granate","status":"publish","type":"product","link":"https:\/\/www.erresse-shop.it\/de\/shop\/toepfe-pfannen\/schalldaempfer-und-kokotten\/staub-cocotte-cocotte-lily-24-cm-granate\/","title":{"rendered":"STAUB Cocotte Cocotte Lily 24 cm Granate"},"content":{"rendered":"<p>Die gusseisernen Cocottes von <strong>Staub<\/strong> sind die beste Wahl f\u00fcr Profik\u00f6che und Heimk\u00f6che gleicherma\u00dfen. Verwurzelt im kulinarischen Erbe Frankreichs, passt dieser kultige Topf wunderbar vom Ofen auf den Tisch. Der neue Staub Essential French Oven mit Lilly-Deckel bringt Eleganz auf Ihren Tisch. Der Deckel zeigt das gleiche Fleur-de-Lis-, Herz- und Blumenmotiv wie der beliebte Untersetzer Lilly. Das gepr\u00e4gte Design hat einen auff\u00e4lligen HI\/LO-Effekt dank der sch\u00f6nen Majolika-Glasur, einer speziellen dreistufigen Technik, die der Farbe Brillanz und Tiefe verleiht. Dieser schicke Deckel verf\u00fcgt \u00fcber die gebogenen Spitzen von Staub &#8211; die innovative Chistera-Tropfenstruktur -, die eine kontinuierliche Kondensation f\u00fcr besser schmeckende Speisen erzeugen.<\/p>\n<ul>\n<li>Gusseisenkonstruktion: ideal f\u00fcr energieeffizientes Braten, Kochen und Schmoren<\/li>\n<li>Perfekte Form zum R\u00fchren von nur gekr\u00fcmmten Linien<\/li>\n<li>Aroma Rain dank Chistera Drop-Struktur unter dem Deckel<\/li>\n<li>Traditionelle Handwerkskunst kombiniert mit h\u00f6chster Qualit\u00e4t<\/li>\n<li>Saftige und aromatische Garergebnisse<\/li>\n<li>Geeignet f\u00fcr alle Arten von Kochfeldern, einschlie\u00dflich Induktion, kann auch in den Backofen\/Grill gestellt werden<\/li>\n<li>Vom Ofen direkt auf den Tisch<\/li>\n<li>Sp\u00fclmaschinenfest \/ Backofenfest bis zu 500 F<\/li>\n<\/ul>\n<p><strong>DIMENSION<\/strong><br \/>\nNettogewicht: 4,60 kg<br \/>\nInhalt: 3,50 l<br \/>\nProduktl\u00e4nge: 30,80 cm<br \/>\nProduktbreite: 24,00 cm<br \/>\nProdukt-H\u00f6he: 13,00 cm<br \/>\nOberer Durchmesser: 24,00 cm<\/p>\n","protected":false},"excerpt":{"rendered":"<p>Die gusseisernen Cocottes von Staub sind die beste Wahl f\u00fcr Profik\u00f6che und Heimk\u00f6che gleicherma\u00dfen. Verwurzelt im kulinarischen Erbe Frankreichs, passt<\/p>\n","protected":false},"featured_media":110447,"template":"","meta":{"_acf_changed":false,"inline_featured_image":false},"product_cat":[6709,14793],"product_tag":[25088,11387,11381,23661,24398,11385,12315,25022,12205],"acf":[],"yoast_head":"<!-- This site is optimized with the Yoast SEO Premium plugin v18.6 (Yoast SEO v19.13) - https:\/\/yoast.com\/wordpress\/plugins\/seo\/ -->\n<title>STAUB Cocotte Cocotte Lily 24 cm Granate<\/title>\n<meta name=\"description\" content=\"Entdecken Sie STAUB Cocotte Cocotte Lily 24 cm Granate bei ErresseShop. Qualit\u00e4t, Stil und Funktionalit\u00e4t \u2013 jetzt online bestellen!\" \/>\n<meta name=\"robots\" content=\"index, follow, max-snippet:-1, max-image-preview:large, max-video-preview:-1\" \/>\n<link rel=\"canonical\" href=\"https:\/\/www.erresse-shop.it\/de\/shop\/toepfe-pfannen\/schalldaempfer-und-kokotten\/staub-cocotte-cocotte-lily-24-cm-granate\/\" \/>\n<meta property=\"og:locale\" content=\"de_DE\" \/>\n<meta property=\"og:type\" content=\"article\" \/>\n<meta property=\"og:title\" content=\"STAUB Cocotte Cocotte Lily 24 cm Granate\" \/>\n<meta property=\"og:description\" content=\"Entdecken Sie STAUB Cocotte Cocotte Lily 24 cm Granate bei ErresseShop. Qualit\u00e4t, Stil und Funktionalit\u00e4t \u2013 jetzt online bestellen!\" \/>\n<meta property=\"og:url\" content=\"https:\/\/www.erresse-shop.it\/de\/shop\/toepfe-pfannen\/schalldaempfer-und-kokotten\/staub-cocotte-cocotte-lily-24-cm-granate\/\" \/>\n<meta property=\"og:site_name\" content=\"Erresse Shop\" \/>\n<meta property=\"article:modified_time\" content=\"2025-04-25T20:40:07+00:00\" \/>\n<meta property=\"og:image\" content=\"https:\/\/www.erresse-shop.it\/wp-content\/uploads\/2021\/07\/Staub-Lilly-Pattern.jpg\" \/>\n\t<meta property=\"og:image:width\" content=\"1350\" \/>\n\t<meta property=\"og:image:height\" content=\"1350\" \/>\n\t<meta property=\"og:image:type\" content=\"image\/jpeg\" \/>\n<meta name=\"twitter:card\" content=\"summary_large_image\" \/>\n<script type=\"application\/ld+json\" class=\"yoast-schema-graph\">{\"@context\":\"https:\/\/schema.org\",\"@graph\":[{\"@type\":\"WebPage\",\"@id\":\"https:\/\/www.erresse-shop.it\/de\/shop\/toepfe-pfannen\/schalldaempfer-und-kokotten\/staub-cocotte-cocotte-lily-24-cm-granate\/\",\"url\":\"https:\/\/www.erresse-shop.it\/de\/shop\/toepfe-pfannen\/schalldaempfer-und-kokotten\/staub-cocotte-cocotte-lily-24-cm-granate\/\",\"name\":\"STAUB Cocotte Cocotte Lily 24 cm Granate\",\"isPartOf\":{\"@id\":\"https:\/\/www.erresse-shop.it\/de\/#website\"},\"datePublished\":\"2021-07-23T10:08:51+00:00\",\"dateModified\":\"2025-04-25T20:40:07+00:00\",\"description\":\"Entdecken Sie STAUB Cocotte Cocotte Lily 24 cm Granate bei ErresseShop. Qualit\u00e4t, Stil und Funktionalit\u00e4t \u2013 jetzt online bestellen!\",\"breadcrumb\":{\"@id\":\"https:\/\/www.erresse-shop.it\/de\/shop\/toepfe-pfannen\/schalldaempfer-und-kokotten\/staub-cocotte-cocotte-lily-24-cm-granate\/#breadcrumb\"},\"inLanguage\":\"de-DE\",\"potentialAction\":[{\"@type\":\"ReadAction\",\"target\":[\"https:\/\/www.erresse-shop.it\/de\/shop\/toepfe-pfannen\/schalldaempfer-und-kokotten\/staub-cocotte-cocotte-lily-24-cm-granate\/\"]}]},{\"@type\":\"BreadcrumbList\",\"@id\":\"https:\/\/www.erresse-shop.it\/de\/shop\/toepfe-pfannen\/schalldaempfer-und-kokotten\/staub-cocotte-cocotte-lily-24-cm-granate\/#breadcrumb\",\"itemListElement\":[{\"@type\":\"ListItem\",\"position\":1,\"name\":\"Home\",\"item\":\"https:\/\/www.erresse-shop.it\/de\/\"},{\"@type\":\"ListItem\",\"position\":2,\"name\":\"Shop\",\"item\":\"https:\/\/www.erresse-shop.it\/de\/shop\/\"},{\"@type\":\"ListItem\",\"position\":3,\"name\":\"STAUB Cocotte Cocotte Lily 24 cm Granate\"}]},{\"@type\":\"WebSite\",\"@id\":\"https:\/\/www.erresse-shop.it\/de\/#website\",\"url\":\"https:\/\/www.erresse-shop.it\/de\/\",\"name\":\"Erresse Shop\",\"description\":\"Articoli di qualit\u00e0 per la casa\",\"potentialAction\":[{\"@type\":\"SearchAction\",\"target\":{\"@type\":\"EntryPoint\",\"urlTemplate\":\"https:\/\/www.erresse-shop.it\/de\/?s={search_term_string}\"},\"query-input\":\"required name=search_term_string\"}],\"inLanguage\":\"de-DE\"}]}<\/script>\n<!-- \/ Yoast SEO Premium plugin. -->","yoast_head_json":{"title":"STAUB Cocotte Cocotte Lily 24 cm Granate","description":"Entdecken Sie STAUB Cocotte Cocotte Lily 24 cm Granate bei ErresseShop. Qualit\u00e4t, Stil und Funktionalit\u00e4t \u2013 jetzt online bestellen!","robots":{"index":"index","follow":"follow","max-snippet":"max-snippet:-1","max-image-preview":"max-image-preview:large","max-video-preview":"max-video-preview:-1"},"canonical":"https:\/\/www.erresse-shop.it\/de\/shop\/toepfe-pfannen\/schalldaempfer-und-kokotten\/staub-cocotte-cocotte-lily-24-cm-granate\/","og_locale":"de_DE","og_type":"article","og_title":"STAUB Cocotte Cocotte Lily 24 cm Granate","og_description":"Entdecken Sie STAUB Cocotte Cocotte Lily 24 cm Granate bei ErresseShop. Qualit\u00e4t, Stil und Funktionalit\u00e4t \u2013 jetzt online bestellen!","og_url":"https:\/\/www.erresse-shop.it\/de\/shop\/toepfe-pfannen\/schalldaempfer-und-kokotten\/staub-cocotte-cocotte-lily-24-cm-granate\/","og_site_name":"Erresse Shop","article_modified_time":"2025-04-25T20:40:07+00:00","og_image":[{"width":1350,"height":1350,"url":"https:\/\/www.erresse-shop.it\/wp-content\/uploads\/2021\/07\/Staub-Lilly-Pattern.jpg","type":"image\/jpeg"}],"twitter_card":"summary_large_image","schema":{"@context":"https:\/\/schema.org","@graph":[{"@type":"WebPage","@id":"https:\/\/www.erresse-shop.it\/de\/shop\/toepfe-pfannen\/schalldaempfer-und-kokotten\/staub-cocotte-cocotte-lily-24-cm-granate\/","url":"https:\/\/www.erresse-shop.it\/de\/shop\/toepfe-pfannen\/schalldaempfer-und-kokotten\/staub-cocotte-cocotte-lily-24-cm-granate\/","name":"STAUB Cocotte Cocotte Lily 24 cm Granate","isPartOf":{"@id":"https:\/\/www.erresse-shop.it\/de\/#website"},"datePublished":"2021-07-23T10:08:51+00:00","dateModified":"2025-04-25T20:40:07+00:00","description":"Entdecken Sie STAUB Cocotte Cocotte Lily 24 cm Granate bei ErresseShop. Qualit\u00e4t, Stil und Funktionalit\u00e4t \u2013 jetzt online bestellen!","breadcrumb":{"@id":"https:\/\/www.erresse-shop.it\/de\/shop\/toepfe-pfannen\/schalldaempfer-und-kokotten\/staub-cocotte-cocotte-lily-24-cm-granate\/#breadcrumb"},"inLanguage":"de-DE","potentialAction":[{"@type":"ReadAction","target":["https:\/\/www.erresse-shop.it\/de\/shop\/toepfe-pfannen\/schalldaempfer-und-kokotten\/staub-cocotte-cocotte-lily-24-cm-granate\/"]}]},{"@type":"BreadcrumbList","@id":"https:\/\/www.erresse-shop.it\/de\/shop\/toepfe-pfannen\/schalldaempfer-und-kokotten\/staub-cocotte-cocotte-lily-24-cm-granate\/#breadcrumb","itemListElement":[{"@type":"ListItem","position":1,"name":"Home","item":"https:\/\/www.erresse-shop.it\/de\/"},{"@type":"ListItem","position":2,"name":"Shop","item":"https:\/\/www.erresse-shop.it\/de\/shop\/"},{"@type":"ListItem","position":3,"name":"STAUB Cocotte Cocotte Lily 24 cm Granate"}]},{"@type":"WebSite","@id":"https:\/\/www.erresse-shop.it\/de\/#website","url":"https:\/\/www.erresse-shop.it\/de\/","name":"Erresse Shop","description":"Articoli di qualit\u00e0 per la casa","potentialAction":[{"@type":"SearchAction","target":{"@type":"EntryPoint","urlTemplate":"https:\/\/www.erresse-shop.it\/de\/?s={search_term_string}"},"query-input":"required name=search_term_string"}],"inLanguage":"de-DE"}]}},"df_price":134.5,"df_sale_price":134.5,"df_regular_price":269,"df_image_link":"https:\/\/www.erresse-shop.it\/wp-content\/uploads\/2021\/07\/Staub-Lilly-Pattern-300x300.jpg","_links":{"self":[{"href":"https:\/\/www.erresse-shop.it\/de\/wp-json\/wp\/v2\/product\/110409"}],"collection":[{"href":"https:\/\/www.erresse-shop.it\/de\/wp-json\/wp\/v2\/product"}],"about":[{"href":"https:\/\/www.erresse-shop.it\/de\/wp-json\/wp\/v2\/types\/product"}],"wp:featuredmedia":[{"embeddable":true,"href":"https:\/\/www.erresse-shop.it\/de\/wp-json\/wp\/v2\/media\/110447"}],"wp:attachment":[{"href":"https:\/\/www.erresse-shop.it\/de\/wp-json\/wp\/v2\/media?parent=110409"}],"wp:term":[{"taxonomy":"product_cat","embeddable":true,"href":"https:\/\/www.erresse-shop.it\/de\/wp-json\/wp\/v2\/product_cat?post=110409"},{"taxonomy":"product_tag","embeddable":true,"href":"https:\/\/www.erresse-shop.it\/de\/wp-json\/wp\/v2\/product_tag?post=110409"}],"curies":[{"name":"wp","href":"https:\/\/api.w.org\/{rel}","templated":true}]}}