{"id":10871,"date":"2012-10-02T11:50:47","date_gmt":"2012-10-02T11:50:47","guid":{"rendered":"https:\/\/www.erresse-shop.it\/?post_type=product&#038;p=10871"},"modified":"2025-01-17T15:46:29","modified_gmt":"2025-01-17T15:46:29","slug":"staub-cocotte-oval-31-cm-kirsch-rot","status":"publish","type":"product","link":"https:\/\/www.erresse-shop.it\/de\/shop\/toepfe-pfannen\/schalldaempfer-und-kokotten\/staub-cocotte-oval-31-cm-kirsch-rot\/","title":{"rendered":"STAUB Cocotte Oval 31 cm Kirschrot"},"content":{"rendered":"<p>In Kirschrot ist die ovale Cocotte von Staub ein au\u00dfergew\u00f6hnliches Kochgeschirr, das auch auf dem Esstisch gut aussieht. Viele erfahrene K\u00fcchenchefs setzen auf die erstklassigen Br\u00e4ter von Staub. Im Deckel sorgt eine Tropfenstruktur f\u00fcr eine gleichm\u00e4\u00dfige Verteilung des Kondenswassers. Sie brauchen beim Schmoren also kein zus\u00e4tzliches Wasser aufzugie\u00dfen, damit Fleisch und Gem\u00fcse w\u00e4hrend des Garens zart und aromatisch bleiben. Im Inneren der Cocotte bleiben die N\u00e4hrstoffe erhalten und der Geschmack kann sich entfalten. Dies wird durch die Kombination aus Gusseisen und der emaillierten Innenseite des Schmortopfs erreicht. Die Emailleschicht unterst\u00fctzt eine optimale Hitzeleitung und speichert in Kombination mit dem Deckel die W\u00e4rme. Der Br\u00e4ter ist inklusive der beiden Griffe 37,5 cm breit und 11,8 cm hoch. In der Mitte des Deckels ist ein silberner Knopfgriff angebracht, der die Handhabung zus\u00e4tzlich erleichtert. Die Cocotte aus pflegeleichtem, robustem Gusseisen eignet sich f\u00fcr alle Herdtypen, auch f\u00fcr Induktionsplatten. Sie ist ideal f\u00fcr Schmorbraten vom Schwein oder Rind geeignet, aber auch f\u00fcr Gerichte mit kleinen Fleisch-, Fisch- oder Gem\u00fcsest\u00fccken. So gelingen Ihnen in der Cocotte deftige Eint\u00f6pfe und Schmorgerichte. Mit diesem Schmortopf der Serie La Cocotte erhalten Sie ein professionelles Kochgeschirr, das Ihnen bei einfachen sowie bei schwierigen Rezepten hilft und mit dem Sie schmackhafte Speisen auf den Tisch bringen.<\/p>\n<p>&#8211; Ideal zum Anbraten und langsamen Garen von Braten und Gefl\u00fcgel am St\u00fcck<br \/>\n&#8211; Saftiges und zartes Kochergebnis durch die spezielle Tropfenstruktur im Deckel<br \/>\n&#8211; Die schwarzmatte Innenemaillierung eignet sich zum besonders krossen Anbraten und ist besonders strapazierf\u00e4hig<br \/>\n&#8211; F\u00fcr alle Herdarten inkl. Induktion geeignet, auch im Backofen\/Grill einsetzbar<\/p>\n<p>Eigenschaften<br \/>\n&#8211; Color: Kirschrot<br \/>\n&#8211; Material: Gusseisen<br \/>\n&#8211; Deckel vorhanden: Ja<br \/>\n&#8211; Induktion: Ja<br \/>\n&#8211; Backofen geeignet: Ja<br \/>\n&#8211; Gefrierschrank geeignet: Ja<br \/>\n&#8211; Herdplatten geeignet: Ja<br \/>\n&#8211; sp\u00fclmaschinengeeignet: Ja<\/p>\n<p>Abmessungen<br \/>\n&#8211; Gewicht netto: 5,98 kg<br \/>\n&#8211; Fassungsverm\u00f6gen: 5,50 l<br \/>\n&#8211; Produktl\u00e4nge: 37,50 cm<br \/>\n&#8211; Produktbreite: 31,00 cm<br \/>\n&#8211; Produkth\u00f6he: 16,70 cm<br \/>\n&#8211; Produkth\u00f6he ohne Deckel: 11,80 cm<br \/>\n&#8211; Bodenst\u00e4rke: 0,40 cm<br \/>\n&#8211; Oberer Durchmesser: 31,00 cm<br \/>\n&#8211; Bodendurchmesser: 25,00 cm<\/p>\n","protected":false},"excerpt":{"rendered":"<p>In Kirschrot ist die ovale Cocotte von Staub ein au\u00dfergew\u00f6hnliches Kochgeschirr, das auch auf dem Esstisch gut aussieht. Viele erfahrene<\/p>\n","protected":false},"featured_media":10872,"template":"","meta":{"_acf_changed":false,"inline_featured_image":false},"product_cat":[6709,14793],"product_tag":[25088,11387,11381,11385,12315,25022,12205],"acf":[],"yoast_head":"<!-- This site is optimized with the Yoast SEO Premium plugin v18.6 (Yoast SEO v19.13) - https:\/\/yoast.com\/wordpress\/plugins\/seo\/ -->\n<title>STAUB Cocotte Oval 31 cm Kirschrot<\/title>\n<meta name=\"description\" content=\"Entdecken Sie STAUB Cocotte Oval 31 cm Kirschrot bei ErresseShop. Qualit\u00e4t, Stil und Funktionalit\u00e4t \u2013 jetzt online bestellen!\" \/>\n<meta name=\"robots\" content=\"index, follow, max-snippet:-1, max-image-preview:large, max-video-preview:-1\" \/>\n<link rel=\"canonical\" href=\"https:\/\/www.erresse-shop.it\/de\/shop\/toepfe-pfannen\/schalldaempfer-und-kokotten\/staub-cocotte-oval-31-cm-kirsch-rot\/\" \/>\n<meta property=\"og:locale\" content=\"de_DE\" \/>\n<meta property=\"og:type\" content=\"article\" \/>\n<meta property=\"og:title\" content=\"STAUB Cocotte Oval 31 cm Kirschrot\" \/>\n<meta property=\"og:description\" content=\"Entdecken Sie STAUB Cocotte Oval 31 cm Kirschrot bei ErresseShop. Qualit\u00e4t, Stil und Funktionalit\u00e4t \u2013 jetzt online bestellen!\" \/>\n<meta property=\"og:url\" content=\"https:\/\/www.erresse-shop.it\/de\/shop\/toepfe-pfannen\/schalldaempfer-und-kokotten\/staub-cocotte-oval-31-cm-kirsch-rot\/\" \/>\n<meta property=\"og:site_name\" content=\"Erresse Shop\" \/>\n<meta property=\"article:modified_time\" content=\"2025-01-17T15:46:29+00:00\" \/>\n<meta property=\"og:image\" content=\"https:\/\/www.erresse-shop.it\/wp-content\/uploads\/2015\/01\/products-40509872_1103306-2.jpg\" \/>\n\t<meta property=\"og:image:width\" content=\"370\" \/>\n\t<meta property=\"og:image:height\" content=\"260\" \/>\n\t<meta property=\"og:image:type\" content=\"image\/jpeg\" \/>\n<meta name=\"twitter:card\" content=\"summary_large_image\" \/>\n<script type=\"application\/ld+json\" class=\"yoast-schema-graph\">{\"@context\":\"https:\/\/schema.org\",\"@graph\":[{\"@type\":\"WebPage\",\"@id\":\"https:\/\/www.erresse-shop.it\/de\/shop\/toepfe-pfannen\/schalldaempfer-und-kokotten\/staub-cocotte-oval-31-cm-kirsch-rot\/\",\"url\":\"https:\/\/www.erresse-shop.it\/de\/shop\/toepfe-pfannen\/schalldaempfer-und-kokotten\/staub-cocotte-oval-31-cm-kirsch-rot\/\",\"name\":\"STAUB Cocotte Oval 31 cm Kirschrot\",\"isPartOf\":{\"@id\":\"https:\/\/www.erresse-shop.it\/de\/#website\"},\"datePublished\":\"2012-10-02T11:50:47+00:00\",\"dateModified\":\"2025-01-17T15:46:29+00:00\",\"description\":\"Entdecken Sie STAUB Cocotte Oval 31 cm Kirschrot bei ErresseShop. Qualit\u00e4t, Stil und Funktionalit\u00e4t \u2013 jetzt online bestellen!\",\"breadcrumb\":{\"@id\":\"https:\/\/www.erresse-shop.it\/de\/shop\/toepfe-pfannen\/schalldaempfer-und-kokotten\/staub-cocotte-oval-31-cm-kirsch-rot\/#breadcrumb\"},\"inLanguage\":\"de-DE\",\"potentialAction\":[{\"@type\":\"ReadAction\",\"target\":[\"https:\/\/www.erresse-shop.it\/de\/shop\/toepfe-pfannen\/schalldaempfer-und-kokotten\/staub-cocotte-oval-31-cm-kirsch-rot\/\"]}]},{\"@type\":\"BreadcrumbList\",\"@id\":\"https:\/\/www.erresse-shop.it\/de\/shop\/toepfe-pfannen\/schalldaempfer-und-kokotten\/staub-cocotte-oval-31-cm-kirsch-rot\/#breadcrumb\",\"itemListElement\":[{\"@type\":\"ListItem\",\"position\":1,\"name\":\"Home\",\"item\":\"https:\/\/www.erresse-shop.it\/de\/\"},{\"@type\":\"ListItem\",\"position\":2,\"name\":\"Shop\",\"item\":\"https:\/\/www.erresse-shop.it\/de\/shop\/\"},{\"@type\":\"ListItem\",\"position\":3,\"name\":\"STAUB Cocotte Oval 31 cm Kirschrot\"}]},{\"@type\":\"WebSite\",\"@id\":\"https:\/\/www.erresse-shop.it\/de\/#website\",\"url\":\"https:\/\/www.erresse-shop.it\/de\/\",\"name\":\"Erresse Shop\",\"description\":\"Articoli di qualit\u00e0 per la casa\",\"potentialAction\":[{\"@type\":\"SearchAction\",\"target\":{\"@type\":\"EntryPoint\",\"urlTemplate\":\"https:\/\/www.erresse-shop.it\/de\/?s={search_term_string}\"},\"query-input\":\"required name=search_term_string\"}],\"inLanguage\":\"de-DE\"}]}<\/script>\n<!-- \/ Yoast SEO Premium plugin. -->","yoast_head_json":{"title":"STAUB Cocotte Oval 31 cm Kirschrot","description":"Entdecken Sie STAUB Cocotte Oval 31 cm Kirschrot bei ErresseShop. Qualit\u00e4t, Stil und Funktionalit\u00e4t \u2013 jetzt online bestellen!","robots":{"index":"index","follow":"follow","max-snippet":"max-snippet:-1","max-image-preview":"max-image-preview:large","max-video-preview":"max-video-preview:-1"},"canonical":"https:\/\/www.erresse-shop.it\/de\/shop\/toepfe-pfannen\/schalldaempfer-und-kokotten\/staub-cocotte-oval-31-cm-kirsch-rot\/","og_locale":"de_DE","og_type":"article","og_title":"STAUB Cocotte Oval 31 cm Kirschrot","og_description":"Entdecken Sie STAUB Cocotte Oval 31 cm Kirschrot bei ErresseShop. Qualit\u00e4t, Stil und Funktionalit\u00e4t \u2013 jetzt online bestellen!","og_url":"https:\/\/www.erresse-shop.it\/de\/shop\/toepfe-pfannen\/schalldaempfer-und-kokotten\/staub-cocotte-oval-31-cm-kirsch-rot\/","og_site_name":"Erresse Shop","article_modified_time":"2025-01-17T15:46:29+00:00","og_image":[{"width":"370","height":"260","url":"https:\/\/www.erresse-shop.it\/wp-content\/uploads\/2015\/01\/products-40509872_1103306-2.jpg","type":"image\/jpeg"}],"twitter_card":"summary_large_image","schema":{"@context":"https:\/\/schema.org","@graph":[{"@type":"WebPage","@id":"https:\/\/www.erresse-shop.it\/de\/shop\/toepfe-pfannen\/schalldaempfer-und-kokotten\/staub-cocotte-oval-31-cm-kirsch-rot\/","url":"https:\/\/www.erresse-shop.it\/de\/shop\/toepfe-pfannen\/schalldaempfer-und-kokotten\/staub-cocotte-oval-31-cm-kirsch-rot\/","name":"STAUB Cocotte Oval 31 cm Kirschrot","isPartOf":{"@id":"https:\/\/www.erresse-shop.it\/de\/#website"},"datePublished":"2012-10-02T11:50:47+00:00","dateModified":"2025-01-17T15:46:29+00:00","description":"Entdecken Sie STAUB Cocotte Oval 31 cm Kirschrot bei ErresseShop. Qualit\u00e4t, Stil und Funktionalit\u00e4t \u2013 jetzt online bestellen!","breadcrumb":{"@id":"https:\/\/www.erresse-shop.it\/de\/shop\/toepfe-pfannen\/schalldaempfer-und-kokotten\/staub-cocotte-oval-31-cm-kirsch-rot\/#breadcrumb"},"inLanguage":"de-DE","potentialAction":[{"@type":"ReadAction","target":["https:\/\/www.erresse-shop.it\/de\/shop\/toepfe-pfannen\/schalldaempfer-und-kokotten\/staub-cocotte-oval-31-cm-kirsch-rot\/"]}]},{"@type":"BreadcrumbList","@id":"https:\/\/www.erresse-shop.it\/de\/shop\/toepfe-pfannen\/schalldaempfer-und-kokotten\/staub-cocotte-oval-31-cm-kirsch-rot\/#breadcrumb","itemListElement":[{"@type":"ListItem","position":1,"name":"Home","item":"https:\/\/www.erresse-shop.it\/de\/"},{"@type":"ListItem","position":2,"name":"Shop","item":"https:\/\/www.erresse-shop.it\/de\/shop\/"},{"@type":"ListItem","position":3,"name":"STAUB Cocotte Oval 31 cm Kirschrot"}]},{"@type":"WebSite","@id":"https:\/\/www.erresse-shop.it\/de\/#website","url":"https:\/\/www.erresse-shop.it\/de\/","name":"Erresse Shop","description":"Articoli di qualit\u00e0 per la casa","potentialAction":[{"@type":"SearchAction","target":{"@type":"EntryPoint","urlTemplate":"https:\/\/www.erresse-shop.it\/de\/?s={search_term_string}"},"query-input":"required name=search_term_string"}],"inLanguage":"de-DE"}]}},"df_price":169.5,"df_sale_price":169.5,"df_regular_price":339,"df_image_link":"https:\/\/www.erresse-shop.it\/wp-content\/uploads\/2015\/01\/products-40509872_1103306-2.jpg","_links":{"self":[{"href":"https:\/\/www.erresse-shop.it\/de\/wp-json\/wp\/v2\/product\/10871"}],"collection":[{"href":"https:\/\/www.erresse-shop.it\/de\/wp-json\/wp\/v2\/product"}],"about":[{"href":"https:\/\/www.erresse-shop.it\/de\/wp-json\/wp\/v2\/types\/product"}],"wp:featuredmedia":[{"embeddable":true,"href":"https:\/\/www.erresse-shop.it\/de\/wp-json\/wp\/v2\/media\/10872"}],"wp:attachment":[{"href":"https:\/\/www.erresse-shop.it\/de\/wp-json\/wp\/v2\/media?parent=10871"}],"wp:term":[{"taxonomy":"product_cat","embeddable":true,"href":"https:\/\/www.erresse-shop.it\/de\/wp-json\/wp\/v2\/product_cat?post=10871"},{"taxonomy":"product_tag","embeddable":true,"href":"https:\/\/www.erresse-shop.it\/de\/wp-json\/wp\/v2\/product_tag?post=10871"}],"curies":[{"name":"wp","href":"https:\/\/api.w.org\/{rel}","templated":true}]}}