{"id":10866,"date":"2012-09-29T11:04:37","date_gmt":"2012-09-29T11:04:37","guid":{"rendered":"https:\/\/www.erresse-shop.it\/?post_type=product&#038;p=10866"},"modified":"2025-01-17T15:46:28","modified_gmt":"2025-01-17T15:46:28","slug":"staub-cocotte-oval-33-cm-graphit-grau","status":"publish","type":"product","link":"https:\/\/www.erresse-shop.it\/de\/shop\/toepfe-pfannen\/schalldaempfer-und-kokotten\/staub-cocotte-oval-33-cm-graphit-grau\/","title":{"rendered":"STAUB Cocotte Oval 33 cm Graphit-Grau"},"content":{"rendered":"<p>Spitzenk\u00f6che auf der ganzen Welt sind bereits von den hervorragenden Schmoreigenschaften der Cocotte von Staub \u00fcberzeugt, denn dank der Materialkombination aus Gusseisen und Emaille h\u00e4lt sie W\u00e4rme besonders gut und gibt sie gleichm\u00e4\u00dfig wieder ab. Urspr\u00fcnglich verwendete man die Schmort\u00f6pfe haupts\u00e4chlich zum Zubereiten von H\u00fchnchen und vererbte sie weiter, da sie sich mit jeder Anwendung verbessern. Dabei haben Cocottes viel mehr Anwendungsm\u00f6glichkeiten: Sie eignen sich f\u00fcr die klassischen Schmorgerichte wie Gulasch oder Ratatouille genauso wie f\u00fcr einen zarten Sauerbraten oder aromatische Gem\u00fcsegerichte. Eine spezielle Tropfenstruktur im Deckel sorgt daf\u00fcr, dass entstehendes Kondenswasser sich gleichm\u00e4\u00dfig \u00fcber dem Gargut verteilt und es vor dem Austrocknen sch\u00fctzt. Die ovale Cocotte besteht aus graphitgrauem Gusseisen und ist mit einem mattschwarzen Emaille\u00fcberzug versehen. Diese Materialkombination sorgt f\u00fcr die gleichm\u00e4\u00dfige W\u00e4rmeverteilung. Dank der Aromen, die sich optimal entfalten k\u00f6nnen, bleiben die N\u00e4hrstoffe erhalten. Der Schmortopf von Staub ist auf allen Herdarten verwendbar \u2013 einschlie\u00dflich Induktionsherden. Mit einem Bodendurchmesser von 28 cm und einer H\u00f6he von 17 cm fasst sie 6,7 l und eignet sich gut zum Kochen und Servieren f\u00fcr die ganze Familie oder mehrere G\u00e4ste. Die Langlebigkeit und die hervorragenden Schmoreigenschaften der Cocotte von Staub erleichtern Ihnen das Zubereiten und Servieren delikater Gerichte.<\/p>\n<p>&#8211; Ideal zum Anbraten und langsamen Garen von Braten und Gefl\u00fcgel am St\u00fcck<br \/>\n&#8211; Saftiges und zartes Kochergebnis durch die spezielle Tropfenstruktur im Deckel<br \/>\n&#8211; Die schwarzmatte Innenemaillierung eignet sich zum besonders krossen Anbraten und ist besonders strapazierf\u00e4hig<br \/>\n&#8211; F\u00fcr alle Herdarten inkl. Induktion geeignet, auch im Backofen\/Grill einsetzbar<\/p>\n<p>Eigenschaften<br \/>\n&#8211; Color: Graphit-Grau<br \/>\n&#8211; Material: Gusseisen<br \/>\n&#8211; Deckel vorhanden: Ja<br \/>\n&#8211; Induktion: Ja<br \/>\n&#8211; Backofen geeignet: Ja<br \/>\n&#8211; Gefrierschrank geeignet: Ja<br \/>\n&#8211; Herdplatten geeignet: Ja<br \/>\n&#8211; sp\u00fclmaschinengeeignet: Ja<\/p>\n<p>Abmessungen<br \/>\n&#8211; Gewicht netto: 7,10 kg<br \/>\n&#8211; Fassungsverm\u00f6gen: 6,70 l<br \/>\n&#8211; Produktl\u00e4nge: 40,00 cm<br \/>\n&#8211; Produktbreite: 33,00 cm<br \/>\n&#8211; Produkth\u00f6he: 17,30 cm<br \/>\n&#8211; Produkth\u00f6he ohne Deckel: 12,40 cm<br \/>\n&#8211; Bodenst\u00e4rke: 0,40 cm<br \/>\n&#8211; Oberer Durchmesser: 33,00 cm<br \/>\n&#8211; Bodendurchmesser: 27,70 cm<\/p>\n","protected":false},"excerpt":{"rendered":"<p>Spitzenk\u00f6che auf der ganzen Welt sind bereits von den hervorragenden Schmoreigenschaften der Cocotte von Staub \u00fcberzeugt, denn dank der Materialkombination<\/p>\n","protected":false},"featured_media":9632,"template":"","meta":{"_acf_changed":false,"inline_featured_image":false},"product_cat":[6709,14793],"product_tag":[25088,11387,11381,11385,12315,25022,12205],"acf":[],"yoast_head":"<!-- This site is optimized with the Yoast SEO Premium plugin v18.6 (Yoast SEO v19.13) - https:\/\/yoast.com\/wordpress\/plugins\/seo\/ -->\n<title>STAUB Cocotte Oval 33 cm Graphit-Grau<\/title>\n<meta name=\"description\" content=\"Entdecken Sie STAUB Cocotte Oval 33 cm Graphit-Grau bei ErresseShop. Qualit\u00e4t, Stil und Funktionalit\u00e4t \u2013 jetzt online bestellen!\" \/>\n<meta name=\"robots\" content=\"index, follow, max-snippet:-1, max-image-preview:large, max-video-preview:-1\" \/>\n<link rel=\"canonical\" href=\"https:\/\/www.erresse-shop.it\/de\/shop\/toepfe-pfannen\/schalldaempfer-und-kokotten\/staub-cocotte-oval-33-cm-graphit-grau\/\" \/>\n<meta property=\"og:locale\" content=\"de_DE\" \/>\n<meta property=\"og:type\" content=\"article\" \/>\n<meta property=\"og:title\" content=\"STAUB Cocotte Oval 33 cm Graphit-Grau\" \/>\n<meta property=\"og:description\" content=\"Entdecken Sie STAUB Cocotte Oval 33 cm Graphit-Grau bei ErresseShop. Qualit\u00e4t, Stil und Funktionalit\u00e4t \u2013 jetzt online bestellen!\" \/>\n<meta property=\"og:url\" content=\"https:\/\/www.erresse-shop.it\/de\/shop\/toepfe-pfannen\/schalldaempfer-und-kokotten\/staub-cocotte-oval-33-cm-graphit-grau\/\" \/>\n<meta property=\"og:site_name\" content=\"Erresse Shop\" \/>\n<meta property=\"article:modified_time\" content=\"2025-01-17T15:46:28+00:00\" \/>\n<meta property=\"og:image\" content=\"https:\/\/www.erresse-shop.it\/wp-content\/uploads\/2015\/01\/products-ovagri-2.jpg\" \/>\n\t<meta property=\"og:image:width\" content=\"511\" \/>\n\t<meta property=\"og:image:height\" content=\"347\" \/>\n\t<meta property=\"og:image:type\" content=\"image\/jpeg\" \/>\n<meta name=\"twitter:card\" content=\"summary_large_image\" \/>\n<script type=\"application\/ld+json\" class=\"yoast-schema-graph\">{\"@context\":\"https:\/\/schema.org\",\"@graph\":[{\"@type\":\"WebPage\",\"@id\":\"https:\/\/www.erresse-shop.it\/de\/shop\/toepfe-pfannen\/schalldaempfer-und-kokotten\/staub-cocotte-oval-33-cm-graphit-grau\/\",\"url\":\"https:\/\/www.erresse-shop.it\/de\/shop\/toepfe-pfannen\/schalldaempfer-und-kokotten\/staub-cocotte-oval-33-cm-graphit-grau\/\",\"name\":\"STAUB Cocotte Oval 33 cm Graphit-Grau\",\"isPartOf\":{\"@id\":\"https:\/\/www.erresse-shop.it\/de\/#website\"},\"datePublished\":\"2012-09-29T11:04:37+00:00\",\"dateModified\":\"2025-01-17T15:46:28+00:00\",\"description\":\"Entdecken Sie STAUB Cocotte Oval 33 cm Graphit-Grau bei ErresseShop. Qualit\u00e4t, Stil und Funktionalit\u00e4t \u2013 jetzt online bestellen!\",\"breadcrumb\":{\"@id\":\"https:\/\/www.erresse-shop.it\/de\/shop\/toepfe-pfannen\/schalldaempfer-und-kokotten\/staub-cocotte-oval-33-cm-graphit-grau\/#breadcrumb\"},\"inLanguage\":\"de-DE\",\"potentialAction\":[{\"@type\":\"ReadAction\",\"target\":[\"https:\/\/www.erresse-shop.it\/de\/shop\/toepfe-pfannen\/schalldaempfer-und-kokotten\/staub-cocotte-oval-33-cm-graphit-grau\/\"]}]},{\"@type\":\"BreadcrumbList\",\"@id\":\"https:\/\/www.erresse-shop.it\/de\/shop\/toepfe-pfannen\/schalldaempfer-und-kokotten\/staub-cocotte-oval-33-cm-graphit-grau\/#breadcrumb\",\"itemListElement\":[{\"@type\":\"ListItem\",\"position\":1,\"name\":\"Home\",\"item\":\"https:\/\/www.erresse-shop.it\/de\/\"},{\"@type\":\"ListItem\",\"position\":2,\"name\":\"Shop\",\"item\":\"https:\/\/www.erresse-shop.it\/de\/shop\/\"},{\"@type\":\"ListItem\",\"position\":3,\"name\":\"STAUB Cocotte Oval 33 cm Graphit-Grau\"}]},{\"@type\":\"WebSite\",\"@id\":\"https:\/\/www.erresse-shop.it\/de\/#website\",\"url\":\"https:\/\/www.erresse-shop.it\/de\/\",\"name\":\"Erresse Shop\",\"description\":\"Articoli di qualit\u00e0 per la casa\",\"potentialAction\":[{\"@type\":\"SearchAction\",\"target\":{\"@type\":\"EntryPoint\",\"urlTemplate\":\"https:\/\/www.erresse-shop.it\/de\/?s={search_term_string}\"},\"query-input\":\"required name=search_term_string\"}],\"inLanguage\":\"de-DE\"}]}<\/script>\n<!-- \/ Yoast SEO Premium plugin. -->","yoast_head_json":{"title":"STAUB Cocotte Oval 33 cm Graphit-Grau","description":"Entdecken Sie STAUB Cocotte Oval 33 cm Graphit-Grau bei ErresseShop. Qualit\u00e4t, Stil und Funktionalit\u00e4t \u2013 jetzt online bestellen!","robots":{"index":"index","follow":"follow","max-snippet":"max-snippet:-1","max-image-preview":"max-image-preview:large","max-video-preview":"max-video-preview:-1"},"canonical":"https:\/\/www.erresse-shop.it\/de\/shop\/toepfe-pfannen\/schalldaempfer-und-kokotten\/staub-cocotte-oval-33-cm-graphit-grau\/","og_locale":"de_DE","og_type":"article","og_title":"STAUB Cocotte Oval 33 cm Graphit-Grau","og_description":"Entdecken Sie STAUB Cocotte Oval 33 cm Graphit-Grau bei ErresseShop. Qualit\u00e4t, Stil und Funktionalit\u00e4t \u2013 jetzt online bestellen!","og_url":"https:\/\/www.erresse-shop.it\/de\/shop\/toepfe-pfannen\/schalldaempfer-und-kokotten\/staub-cocotte-oval-33-cm-graphit-grau\/","og_site_name":"Erresse Shop","article_modified_time":"2025-01-17T15:46:28+00:00","og_image":[{"width":"511","height":"347","url":"https:\/\/www.erresse-shop.it\/wp-content\/uploads\/2015\/01\/products-ovagri-2.jpg","type":"image\/jpeg"}],"twitter_card":"summary_large_image","schema":{"@context":"https:\/\/schema.org","@graph":[{"@type":"WebPage","@id":"https:\/\/www.erresse-shop.it\/de\/shop\/toepfe-pfannen\/schalldaempfer-und-kokotten\/staub-cocotte-oval-33-cm-graphit-grau\/","url":"https:\/\/www.erresse-shop.it\/de\/shop\/toepfe-pfannen\/schalldaempfer-und-kokotten\/staub-cocotte-oval-33-cm-graphit-grau\/","name":"STAUB Cocotte Oval 33 cm Graphit-Grau","isPartOf":{"@id":"https:\/\/www.erresse-shop.it\/de\/#website"},"datePublished":"2012-09-29T11:04:37+00:00","dateModified":"2025-01-17T15:46:28+00:00","description":"Entdecken Sie STAUB Cocotte Oval 33 cm Graphit-Grau bei ErresseShop. Qualit\u00e4t, Stil und Funktionalit\u00e4t \u2013 jetzt online bestellen!","breadcrumb":{"@id":"https:\/\/www.erresse-shop.it\/de\/shop\/toepfe-pfannen\/schalldaempfer-und-kokotten\/staub-cocotte-oval-33-cm-graphit-grau\/#breadcrumb"},"inLanguage":"de-DE","potentialAction":[{"@type":"ReadAction","target":["https:\/\/www.erresse-shop.it\/de\/shop\/toepfe-pfannen\/schalldaempfer-und-kokotten\/staub-cocotte-oval-33-cm-graphit-grau\/"]}]},{"@type":"BreadcrumbList","@id":"https:\/\/www.erresse-shop.it\/de\/shop\/toepfe-pfannen\/schalldaempfer-und-kokotten\/staub-cocotte-oval-33-cm-graphit-grau\/#breadcrumb","itemListElement":[{"@type":"ListItem","position":1,"name":"Home","item":"https:\/\/www.erresse-shop.it\/de\/"},{"@type":"ListItem","position":2,"name":"Shop","item":"https:\/\/www.erresse-shop.it\/de\/shop\/"},{"@type":"ListItem","position":3,"name":"STAUB Cocotte Oval 33 cm Graphit-Grau"}]},{"@type":"WebSite","@id":"https:\/\/www.erresse-shop.it\/de\/#website","url":"https:\/\/www.erresse-shop.it\/de\/","name":"Erresse Shop","description":"Articoli di qualit\u00e0 per la casa","potentialAction":[{"@type":"SearchAction","target":{"@type":"EntryPoint","urlTemplate":"https:\/\/www.erresse-shop.it\/de\/?s={search_term_string}"},"query-input":"required name=search_term_string"}],"inLanguage":"de-DE"}]}},"df_price":184.5,"df_sale_price":184.5,"df_regular_price":369,"df_image_link":"https:\/\/www.erresse-shop.it\/wp-content\/uploads\/2015\/01\/products-ovagri-2.jpg","_links":{"self":[{"href":"https:\/\/www.erresse-shop.it\/de\/wp-json\/wp\/v2\/product\/10866"}],"collection":[{"href":"https:\/\/www.erresse-shop.it\/de\/wp-json\/wp\/v2\/product"}],"about":[{"href":"https:\/\/www.erresse-shop.it\/de\/wp-json\/wp\/v2\/types\/product"}],"wp:featuredmedia":[{"embeddable":true,"href":"https:\/\/www.erresse-shop.it\/de\/wp-json\/wp\/v2\/media\/9632"}],"wp:attachment":[{"href":"https:\/\/www.erresse-shop.it\/de\/wp-json\/wp\/v2\/media?parent=10866"}],"wp:term":[{"taxonomy":"product_cat","embeddable":true,"href":"https:\/\/www.erresse-shop.it\/de\/wp-json\/wp\/v2\/product_cat?post=10866"},{"taxonomy":"product_tag","embeddable":true,"href":"https:\/\/www.erresse-shop.it\/de\/wp-json\/wp\/v2\/product_tag?post=10866"}],"curies":[{"name":"wp","href":"https:\/\/api.w.org\/{rel}","templated":true}]}}