{"id":10856,"date":"2012-07-28T16:55:08","date_gmt":"2012-07-28T16:55:08","guid":{"rendered":"https:\/\/www.erresse-shop.it\/?post_type=product&#038;p=10856"},"modified":"2025-08-15T09:40:07","modified_gmt":"2025-08-15T09:40:07","slug":"staub-cocotte-rund-mit-dampfeinsatz-26-cm-basilikum-grun","status":"publish","type":"product","link":"https:\/\/www.erresse-shop.it\/de\/shop\/toepfe-pfannen\/schalldaempfer-und-kokotten\/staub-cocotte-rund-mit-dampfeinsatz-26-cm-basilikum-grun\/","title":{"rendered":"STAUB Cocotte Rund mit D\u00e4mpfeinsatz 26 cm Basilikum-Gr\u00fcn"},"content":{"rendered":"<p>Eine der gro\u00dfen Herausforderungen beim Kochen ist es, die gleichzeitige Zubereitung verschiedener Speisen zu koordinieren und daf\u00fcr zu sorgen, dass Fleisch, Gem\u00fcse und Beilagen zum selben Zeitpunkt gar sind. Die Cocotte aus der Serie La Cocotte kombiniert die Eigenschaften eines traditionellen Schmortopfs mit einem D\u00e4mpfeinsatz. So k\u00f6nnen Sie mehrere Lebensmittel zur gleichen Zeit garen. Die L\u00f6cher im D\u00e4mpfeinsatz, welcher aus hochwertigem 18\/10-Edelstahl besteht, sorgen ebenso wie eine dicke Silikondichtung f\u00fcr eine optimale W\u00e4rmeverteilung im Topf. Die Cocotte selbst ist aus Gusseisen gefertigt und auf der Innenseite mattschwarz emailliert. Sie speichert die W\u00e4rme und gibt sie gleichm\u00e4\u00dfig an die garenden Speisen ab. Die runde Cocotte mit D\u00e4mpfeinsatz ist inklusive der Griffe 32,8 cm lang, 15,6 cm hoch und 26 cm breit. Sie hat ein Fassungsverm\u00f6gen von 5,2 l, ist pflegeleicht und langlebig. Sie k\u00f6nnen die Cocotte auf jeder Herdart, auch auf Induktionsfeldern, nutzen. An den Seiten finden sich zwei ergonomische Griffe, an denen Sie die Cocotte zum Tisch tragen k\u00f6nnen, wo sie dank ihrer basilikumgr\u00fcnen Farbe und des klassischen Designs einen edlen Blickfang darstellt. Mit der Cocotte von Staub bereiten Sie dank des D\u00e4mpfeinsatzes mehrere Speisen zur gleichen Zeit zu und haben dabei ein attraktives Serviergef\u00e4\u00df zur Hand.<\/p>\n<p>&#8211; Ideal zum gleichzeiten Schmoren und D\u00fcnsten, z.B. unten Reis und oben Fisch<br \/>\n&#8211; Saftiges und zartes Kochergebnis durch die spezielle Tropfenstruktur im Deckel<br \/>\n&#8211; Die schwarzmatte Innenemaillierung eignet sich zum besonders krossen Anbraten und ist besonders strapazierf\u00e4hig<br \/>\n&#8211; F\u00fcr alle Herdarten inkl. Induktion geeignet, auch im Backofen\/Grill einsetzbar<br \/>\n&#8211; Intensiver Farbton durch die besondere Majolika Emaillierung<\/p>\n<p>Eigenschaften<br \/>\n&#8211; Hitzebest\u00e4ndigkeit: 240,00 \u00baC<br \/>\n&#8211; Material: Gusseisen<br \/>\n&#8211; Deckel vorhanden: Ja<br \/>\n&#8211; Induktion: Ja<br \/>\n&#8211; Backofen geeignet: Ja<br \/>\n&#8211; Herdplatten geeignet: Ja<br \/>\n&#8211; sp\u00fclmaschinengeeignet: Ja<\/p>\n<p>Abmessungen<br \/>\n&#8211; Gewicht netto: 6,56 kg<br \/>\n&#8211; Volumen: 5,25 l<br \/>\n&#8211; Produktl\u00e4nge: 33,00 cm<br \/>\n&#8211; Produktbreite: 26,00 cm<br \/>\n&#8211; Produkth\u00f6he: 23,70 cm<br \/>\n&#8211; Produkth\u00f6he ohne Deckel: 11,80 cm<br \/>\n&#8211; Oberer Durchmesser: 26,00 cm<br \/>\n&#8211; Bodendurchmesser: 21,70 cm<\/p>\n","protected":false},"excerpt":{"rendered":"<p>Eine der gro\u00dfen Herausforderungen beim Kochen ist es, die gleichzeitige Zubereitung verschiedener Speisen zu koordinieren und daf\u00fcr zu sorgen, dass<\/p>\n","protected":false},"featured_media":97913,"template":"","meta":{"_acf_changed":false,"inline_featured_image":false},"product_cat":[6709,14793],"product_tag":[11387,11811,11381,11385,12315,12205],"acf":[],"yoast_head":"<!-- This site is optimized with the Yoast SEO Premium plugin v18.6 (Yoast SEO v19.13) - https:\/\/yoast.com\/wordpress\/plugins\/seo\/ -->\n<title>STAUB Cocotte Rund mit D\u00e4mpfeinsatz 26 cm Basilikum-Gr\u00fcn<\/title>\n<meta name=\"description\" content=\"Entdecken Sie STAUB Cocotte Rund mit D\u00e4mpfeinsatz 26 cm Basilikum-Gr\u00fcn bei ErresseShop. Qualit\u00e4t, Stil und Funktionalit\u00e4t \u2013 jetzt online bestellen!\" \/>\n<meta name=\"robots\" content=\"index, follow, max-snippet:-1, max-image-preview:large, max-video-preview:-1\" \/>\n<link rel=\"canonical\" href=\"https:\/\/www.erresse-shop.it\/de\/shop\/toepfe-pfannen\/schalldaempfer-und-kokotten\/staub-cocotte-rund-mit-dampfeinsatz-26-cm-basilikum-grun\/\" \/>\n<meta property=\"og:locale\" content=\"de_DE\" \/>\n<meta property=\"og:type\" content=\"article\" \/>\n<meta property=\"og:title\" content=\"STAUB Cocotte Rund mit D\u00e4mpfeinsatz 26 cm Basilikum-Gr\u00fcn\" \/>\n<meta property=\"og:description\" content=\"Entdecken Sie STAUB Cocotte Rund mit D\u00e4mpfeinsatz 26 cm Basilikum-Gr\u00fcn bei ErresseShop. Qualit\u00e4t, Stil und Funktionalit\u00e4t \u2013 jetzt online bestellen!\" \/>\n<meta property=\"og:url\" content=\"https:\/\/www.erresse-shop.it\/de\/shop\/toepfe-pfannen\/schalldaempfer-und-kokotten\/staub-cocotte-rund-mit-dampfeinsatz-26-cm-basilikum-grun\/\" \/>\n<meta property=\"og:site_name\" content=\"Erresse Shop\" \/>\n<meta property=\"article:modified_time\" content=\"2025-08-15T09:40:07+00:00\" \/>\n<meta property=\"og:image\" content=\"https:\/\/www.erresse-shop.it\/wp-content\/uploads\/2012\/07\/STAUB-Cocotte-con-Cestello-a-Vapore-Rotonda-26-cm-Verde.jpg\" \/>\n\t<meta property=\"og:image:width\" content=\"1000\" \/>\n\t<meta property=\"og:image:height\" content=\"1000\" \/>\n\t<meta property=\"og:image:type\" content=\"image\/jpeg\" \/>\n<meta name=\"twitter:card\" content=\"summary_large_image\" \/>\n<script type=\"application\/ld+json\" class=\"yoast-schema-graph\">{\"@context\":\"https:\/\/schema.org\",\"@graph\":[{\"@type\":\"WebPage\",\"@id\":\"https:\/\/www.erresse-shop.it\/de\/shop\/toepfe-pfannen\/schalldaempfer-und-kokotten\/staub-cocotte-rund-mit-dampfeinsatz-26-cm-basilikum-grun\/\",\"url\":\"https:\/\/www.erresse-shop.it\/de\/shop\/toepfe-pfannen\/schalldaempfer-und-kokotten\/staub-cocotte-rund-mit-dampfeinsatz-26-cm-basilikum-grun\/\",\"name\":\"STAUB Cocotte Rund mit D\u00e4mpfeinsatz 26 cm Basilikum-Gr\u00fcn\",\"isPartOf\":{\"@id\":\"https:\/\/www.erresse-shop.it\/de\/#website\"},\"datePublished\":\"2012-07-28T16:55:08+00:00\",\"dateModified\":\"2025-08-15T09:40:07+00:00\",\"description\":\"Entdecken Sie STAUB Cocotte Rund mit D\u00e4mpfeinsatz 26 cm Basilikum-Gr\u00fcn bei ErresseShop. Qualit\u00e4t, Stil und Funktionalit\u00e4t \u2013 jetzt online bestellen!\",\"breadcrumb\":{\"@id\":\"https:\/\/www.erresse-shop.it\/de\/shop\/toepfe-pfannen\/schalldaempfer-und-kokotten\/staub-cocotte-rund-mit-dampfeinsatz-26-cm-basilikum-grun\/#breadcrumb\"},\"inLanguage\":\"de-DE\",\"potentialAction\":[{\"@type\":\"ReadAction\",\"target\":[\"https:\/\/www.erresse-shop.it\/de\/shop\/toepfe-pfannen\/schalldaempfer-und-kokotten\/staub-cocotte-rund-mit-dampfeinsatz-26-cm-basilikum-grun\/\"]}]},{\"@type\":\"BreadcrumbList\",\"@id\":\"https:\/\/www.erresse-shop.it\/de\/shop\/toepfe-pfannen\/schalldaempfer-und-kokotten\/staub-cocotte-rund-mit-dampfeinsatz-26-cm-basilikum-grun\/#breadcrumb\",\"itemListElement\":[{\"@type\":\"ListItem\",\"position\":1,\"name\":\"Home\",\"item\":\"https:\/\/www.erresse-shop.it\/de\/\"},{\"@type\":\"ListItem\",\"position\":2,\"name\":\"Shop\",\"item\":\"https:\/\/www.erresse-shop.it\/de\/shop\/\"},{\"@type\":\"ListItem\",\"position\":3,\"name\":\"STAUB Cocotte Rund mit D\u00e4mpfeinsatz 26 cm Basilikum-Gr\u00fcn\"}]},{\"@type\":\"WebSite\",\"@id\":\"https:\/\/www.erresse-shop.it\/de\/#website\",\"url\":\"https:\/\/www.erresse-shop.it\/de\/\",\"name\":\"Erresse Shop\",\"description\":\"Articoli di qualit\u00e0 per la casa\",\"potentialAction\":[{\"@type\":\"SearchAction\",\"target\":{\"@type\":\"EntryPoint\",\"urlTemplate\":\"https:\/\/www.erresse-shop.it\/de\/?s={search_term_string}\"},\"query-input\":\"required name=search_term_string\"}],\"inLanguage\":\"de-DE\"}]}<\/script>\n<!-- \/ Yoast SEO Premium plugin. -->","yoast_head_json":{"title":"STAUB Cocotte Rund mit D\u00e4mpfeinsatz 26 cm Basilikum-Gr\u00fcn","description":"Entdecken Sie STAUB Cocotte Rund mit D\u00e4mpfeinsatz 26 cm Basilikum-Gr\u00fcn bei ErresseShop. Qualit\u00e4t, Stil und Funktionalit\u00e4t \u2013 jetzt online bestellen!","robots":{"index":"index","follow":"follow","max-snippet":"max-snippet:-1","max-image-preview":"max-image-preview:large","max-video-preview":"max-video-preview:-1"},"canonical":"https:\/\/www.erresse-shop.it\/de\/shop\/toepfe-pfannen\/schalldaempfer-und-kokotten\/staub-cocotte-rund-mit-dampfeinsatz-26-cm-basilikum-grun\/","og_locale":"de_DE","og_type":"article","og_title":"STAUB Cocotte Rund mit D\u00e4mpfeinsatz 26 cm Basilikum-Gr\u00fcn","og_description":"Entdecken Sie STAUB Cocotte Rund mit D\u00e4mpfeinsatz 26 cm Basilikum-Gr\u00fcn bei ErresseShop. Qualit\u00e4t, Stil und Funktionalit\u00e4t \u2013 jetzt online bestellen!","og_url":"https:\/\/www.erresse-shop.it\/de\/shop\/toepfe-pfannen\/schalldaempfer-und-kokotten\/staub-cocotte-rund-mit-dampfeinsatz-26-cm-basilikum-grun\/","og_site_name":"Erresse Shop","article_modified_time":"2025-08-15T09:40:07+00:00","og_image":[{"width":1000,"height":1000,"url":"https:\/\/www.erresse-shop.it\/wp-content\/uploads\/2012\/07\/STAUB-Cocotte-con-Cestello-a-Vapore-Rotonda-26-cm-Verde.jpg","type":"image\/jpeg"}],"twitter_card":"summary_large_image","schema":{"@context":"https:\/\/schema.org","@graph":[{"@type":"WebPage","@id":"https:\/\/www.erresse-shop.it\/de\/shop\/toepfe-pfannen\/schalldaempfer-und-kokotten\/staub-cocotte-rund-mit-dampfeinsatz-26-cm-basilikum-grun\/","url":"https:\/\/www.erresse-shop.it\/de\/shop\/toepfe-pfannen\/schalldaempfer-und-kokotten\/staub-cocotte-rund-mit-dampfeinsatz-26-cm-basilikum-grun\/","name":"STAUB Cocotte Rund mit D\u00e4mpfeinsatz 26 cm Basilikum-Gr\u00fcn","isPartOf":{"@id":"https:\/\/www.erresse-shop.it\/de\/#website"},"datePublished":"2012-07-28T16:55:08+00:00","dateModified":"2025-08-15T09:40:07+00:00","description":"Entdecken Sie STAUB Cocotte Rund mit D\u00e4mpfeinsatz 26 cm Basilikum-Gr\u00fcn bei ErresseShop. Qualit\u00e4t, Stil und Funktionalit\u00e4t \u2013 jetzt online bestellen!","breadcrumb":{"@id":"https:\/\/www.erresse-shop.it\/de\/shop\/toepfe-pfannen\/schalldaempfer-und-kokotten\/staub-cocotte-rund-mit-dampfeinsatz-26-cm-basilikum-grun\/#breadcrumb"},"inLanguage":"de-DE","potentialAction":[{"@type":"ReadAction","target":["https:\/\/www.erresse-shop.it\/de\/shop\/toepfe-pfannen\/schalldaempfer-und-kokotten\/staub-cocotte-rund-mit-dampfeinsatz-26-cm-basilikum-grun\/"]}]},{"@type":"BreadcrumbList","@id":"https:\/\/www.erresse-shop.it\/de\/shop\/toepfe-pfannen\/schalldaempfer-und-kokotten\/staub-cocotte-rund-mit-dampfeinsatz-26-cm-basilikum-grun\/#breadcrumb","itemListElement":[{"@type":"ListItem","position":1,"name":"Home","item":"https:\/\/www.erresse-shop.it\/de\/"},{"@type":"ListItem","position":2,"name":"Shop","item":"https:\/\/www.erresse-shop.it\/de\/shop\/"},{"@type":"ListItem","position":3,"name":"STAUB Cocotte Rund mit D\u00e4mpfeinsatz 26 cm Basilikum-Gr\u00fcn"}]},{"@type":"WebSite","@id":"https:\/\/www.erresse-shop.it\/de\/#website","url":"https:\/\/www.erresse-shop.it\/de\/","name":"Erresse Shop","description":"Articoli di qualit\u00e0 per la casa","potentialAction":[{"@type":"SearchAction","target":{"@type":"EntryPoint","urlTemplate":"https:\/\/www.erresse-shop.it\/de\/?s={search_term_string}"},"query-input":"required name=search_term_string"}],"inLanguage":"de-DE"}]}},"df_price":184.5,"df_sale_price":184.5,"df_regular_price":369,"df_image_link":"https:\/\/www.erresse-shop.it\/wp-content\/uploads\/2012\/07\/STAUB-Cocotte-con-Cestello-a-Vapore-Rotonda-26-cm-Verde-300x300.jpg","_links":{"self":[{"href":"https:\/\/www.erresse-shop.it\/de\/wp-json\/wp\/v2\/product\/10856"}],"collection":[{"href":"https:\/\/www.erresse-shop.it\/de\/wp-json\/wp\/v2\/product"}],"about":[{"href":"https:\/\/www.erresse-shop.it\/de\/wp-json\/wp\/v2\/types\/product"}],"wp:featuredmedia":[{"embeddable":true,"href":"https:\/\/www.erresse-shop.it\/de\/wp-json\/wp\/v2\/media\/97913"}],"wp:attachment":[{"href":"https:\/\/www.erresse-shop.it\/de\/wp-json\/wp\/v2\/media?parent=10856"}],"wp:term":[{"taxonomy":"product_cat","embeddable":true,"href":"https:\/\/www.erresse-shop.it\/de\/wp-json\/wp\/v2\/product_cat?post=10856"},{"taxonomy":"product_tag","embeddable":true,"href":"https:\/\/www.erresse-shop.it\/de\/wp-json\/wp\/v2\/product_tag?post=10856"}],"curies":[{"name":"wp","href":"https:\/\/api.w.org\/{rel}","templated":true}]}}