{"id":10841,"date":"2012-07-28T16:34:32","date_gmt":"2012-07-28T16:34:32","guid":{"rendered":"https:\/\/www.erresse-shop.it\/?post_type=product&#038;p=10841"},"modified":"2025-01-17T15:46:26","modified_gmt":"2025-01-17T15:46:26","slug":"staub-cocotte-rund-mit-dampfeinsatz-26-cm-blau","status":"publish","type":"product","link":"https:\/\/www.erresse-shop.it\/de\/shop\/toepfe-pfannen\/schalldaempfer-und-kokotten\/staub-cocotte-rund-mit-dampfeinsatz-26-cm-blau\/","title":{"rendered":"STAUB Cocotte Rund mit D\u00e4mpfeinsatz 26 cm Blau"},"content":{"rendered":"<p>Schmorgerichte k\u00f6nnen in einem passenden Schmortopf zubereitet werden, wie ihn Staub bietet. Die Serie La Cocotte hat aber noch mehr Vorteile zu bieten, da Sie die Cocotte mit D\u00e4mpfeinsatz in verschiedenen Bereichen verwenden k\u00f6nnen. Durch den D\u00e4mpfeinsatz k\u00f6nnen Sie innerhalb des Schmortopfes unten Zutaten braten und oben Zutaten schmoren. Die 26 cm gro\u00dfe Cocotte mit D\u00e4mpfeinsatz ist ein wahrer Helfer in der K\u00fcche. Sie k\u00f6nnen sie f\u00fcr allerlei Gerichte verwenden, wobei ihre Vorz\u00fcge direkt erkannt werden. Durch die Beschichtung des Gusseisens mit Emaille wird eine hervorragende W\u00e4rmespeicherung erm\u00f6glicht. Danach verteilt sich die W\u00e4rme ideal im Topf, sodass Sie ein optimales Kochergebnis erhalten. Die innere Beschichtung ist f\u00fcr den Schmoreffekt zust\u00e4ndig, der die Aromen perfekt hervorhebt. Nat\u00fcrlich k\u00f6nnen Sie die Cocotte mit D\u00e4mpfeinsatz auf allen Herdarten verwenden, sogar im Ofen und auf Induktion. F\u00fcr die leichte Reinigung sorgt das Grundmaterial Gusseisen. Sie k\u00f6nnen die Cocotte mit D\u00e4mpfeinsatz schnell und leicht reinigen, ohne viel Kraft zu investieren. Allgemein ist die Cocotte mit D\u00e4mpfeinsatz ein wahrer Allesk\u00f6nner, der Ihnen im K\u00fcchenalltag weiterhelfen sollte, wenn Sie viel Wert auf gesundes und schonendes Kochen legen.<\/p>\n<p>&#8211; Ideal zum gleichzeiten Schmoren und D\u00fcnsten, z.B. unten Reis und oben Fisch<br \/>\n&#8211; Saftiges und zartes Kochergebnis durch die spezielle Tropfenstruktur im Deckel<br \/>\n&#8211; Die schwarzmatte Innenemaillierung eignet sich zum besonders krossen Anbraten und ist besonders strapazierf\u00e4hig<br \/>\n&#8211; F\u00fcr alle Herdarten inkl. Induktion geeignet, auch im Backofen\/Grill einsetzbar<br \/>\n&#8211; Intensiver Farbton durch die besondere Majolika Emaillierung<\/p>\n<p>Eigenschaften<br \/>\n&#8211; Hitzebest\u00e4ndigkeit: 240,00 \u00baC<br \/>\n&#8211; Material: Gusseisen<br \/>\n&#8211; Deckel vorhanden: Ja<br \/>\n&#8211; Induktion: Ja<br \/>\n&#8211; Backofen geeignet: Ja<br \/>\n&#8211; Herdplatten geeignet: Ja<br \/>\n&#8211; sp\u00fclmaschinengeeignet: Ja<\/p>\n<p>Abmessungen<br \/>\n&#8211; Gewicht netto: 6,56 kg<br \/>\n&#8211; Volumen: 5,25 l<br \/>\n&#8211; Produktl\u00e4nge: 33,00 cm<br \/>\n&#8211; Produktbreite: 26,00 cm<br \/>\n&#8211; Produkth\u00f6he: 23,70 cm<br \/>\n&#8211; Produkth\u00f6he ohne Deckel: 11,80 cm<br \/>\n&#8211; Oberer Durchmesser: 26,00 cm<br \/>\n&#8211; Bodendurchmesser: 21,70 cm<\/p>\n","protected":false},"excerpt":{"rendered":"<p>Schmorgerichte k\u00f6nnen in einem passenden Schmortopf zubereitet werden, wie ihn Staub bietet. Die Serie La Cocotte hat aber noch mehr<\/p>\n","protected":false},"featured_media":97889,"template":"","meta":{"_acf_changed":false,"inline_featured_image":false},"product_cat":[6709,14793],"product_tag":[25088,11387,11811,11381,23661,24398,11385,12315,25022],"acf":[],"yoast_head":"<!-- This site is optimized with the Yoast SEO Premium plugin v18.6 (Yoast SEO v19.13) - https:\/\/yoast.com\/wordpress\/plugins\/seo\/ -->\n<title>STAUB Cocotte Rund mit D\u00e4mpfeinsatz 26 cm Blau<\/title>\n<meta name=\"description\" content=\"Entdecken Sie STAUB Cocotte Rund mit D\u00e4mpfeinsatz 26 cm Blau bei ErresseShop. Qualit\u00e4t, Stil und Funktionalit\u00e4t \u2013 jetzt online bestellen!\" \/>\n<meta name=\"robots\" content=\"index, follow, max-snippet:-1, max-image-preview:large, max-video-preview:-1\" \/>\n<link rel=\"canonical\" href=\"https:\/\/www.erresse-shop.it\/de\/shop\/toepfe-pfannen\/schalldaempfer-und-kokotten\/staub-cocotte-rund-mit-dampfeinsatz-26-cm-blau\/\" \/>\n<meta property=\"og:locale\" content=\"de_DE\" \/>\n<meta property=\"og:type\" content=\"article\" \/>\n<meta property=\"og:title\" content=\"STAUB Cocotte Rund mit D\u00e4mpfeinsatz 26 cm Blau\" \/>\n<meta property=\"og:description\" content=\"Entdecken Sie STAUB Cocotte Rund mit D\u00e4mpfeinsatz 26 cm Blau bei ErresseShop. Qualit\u00e4t, Stil und Funktionalit\u00e4t \u2013 jetzt online bestellen!\" \/>\n<meta property=\"og:url\" content=\"https:\/\/www.erresse-shop.it\/de\/shop\/toepfe-pfannen\/schalldaempfer-und-kokotten\/staub-cocotte-rund-mit-dampfeinsatz-26-cm-blau\/\" \/>\n<meta property=\"og:site_name\" content=\"Erresse Shop\" \/>\n<meta property=\"article:modified_time\" content=\"2025-01-17T15:46:26+00:00\" \/>\n<meta property=\"og:image\" content=\"https:\/\/www.erresse-shop.it\/wp-content\/uploads\/2012\/07\/STAUB-Cocotte-con-Cestello-a-Vapore-Rotonda-26-cm-Blu.jpg\" \/>\n\t<meta property=\"og:image:width\" content=\"1000\" \/>\n\t<meta property=\"og:image:height\" content=\"1000\" \/>\n\t<meta property=\"og:image:type\" content=\"image\/jpeg\" \/>\n<meta name=\"twitter:card\" content=\"summary_large_image\" \/>\n<script type=\"application\/ld+json\" class=\"yoast-schema-graph\">{\"@context\":\"https:\/\/schema.org\",\"@graph\":[{\"@type\":\"WebPage\",\"@id\":\"https:\/\/www.erresse-shop.it\/de\/shop\/toepfe-pfannen\/schalldaempfer-und-kokotten\/staub-cocotte-rund-mit-dampfeinsatz-26-cm-blau\/\",\"url\":\"https:\/\/www.erresse-shop.it\/de\/shop\/toepfe-pfannen\/schalldaempfer-und-kokotten\/staub-cocotte-rund-mit-dampfeinsatz-26-cm-blau\/\",\"name\":\"STAUB Cocotte Rund mit D\u00e4mpfeinsatz 26 cm Blau\",\"isPartOf\":{\"@id\":\"https:\/\/www.erresse-shop.it\/de\/#website\"},\"datePublished\":\"2012-07-28T16:34:32+00:00\",\"dateModified\":\"2025-01-17T15:46:26+00:00\",\"description\":\"Entdecken Sie STAUB Cocotte Rund mit D\u00e4mpfeinsatz 26 cm Blau bei ErresseShop. Qualit\u00e4t, Stil und Funktionalit\u00e4t \u2013 jetzt online bestellen!\",\"breadcrumb\":{\"@id\":\"https:\/\/www.erresse-shop.it\/de\/shop\/toepfe-pfannen\/schalldaempfer-und-kokotten\/staub-cocotte-rund-mit-dampfeinsatz-26-cm-blau\/#breadcrumb\"},\"inLanguage\":\"de-DE\",\"potentialAction\":[{\"@type\":\"ReadAction\",\"target\":[\"https:\/\/www.erresse-shop.it\/de\/shop\/toepfe-pfannen\/schalldaempfer-und-kokotten\/staub-cocotte-rund-mit-dampfeinsatz-26-cm-blau\/\"]}]},{\"@type\":\"BreadcrumbList\",\"@id\":\"https:\/\/www.erresse-shop.it\/de\/shop\/toepfe-pfannen\/schalldaempfer-und-kokotten\/staub-cocotte-rund-mit-dampfeinsatz-26-cm-blau\/#breadcrumb\",\"itemListElement\":[{\"@type\":\"ListItem\",\"position\":1,\"name\":\"Home\",\"item\":\"https:\/\/www.erresse-shop.it\/de\/\"},{\"@type\":\"ListItem\",\"position\":2,\"name\":\"Shop\",\"item\":\"https:\/\/www.erresse-shop.it\/de\/shop\/\"},{\"@type\":\"ListItem\",\"position\":3,\"name\":\"STAUB Cocotte Rund mit D\u00e4mpfeinsatz 26 cm Blau\"}]},{\"@type\":\"WebSite\",\"@id\":\"https:\/\/www.erresse-shop.it\/de\/#website\",\"url\":\"https:\/\/www.erresse-shop.it\/de\/\",\"name\":\"Erresse Shop\",\"description\":\"Articoli di qualit\u00e0 per la casa\",\"potentialAction\":[{\"@type\":\"SearchAction\",\"target\":{\"@type\":\"EntryPoint\",\"urlTemplate\":\"https:\/\/www.erresse-shop.it\/de\/?s={search_term_string}\"},\"query-input\":\"required name=search_term_string\"}],\"inLanguage\":\"de-DE\"}]}<\/script>\n<!-- \/ Yoast SEO Premium plugin. -->","yoast_head_json":{"title":"STAUB Cocotte Rund mit D\u00e4mpfeinsatz 26 cm Blau","description":"Entdecken Sie STAUB Cocotte Rund mit D\u00e4mpfeinsatz 26 cm Blau bei ErresseShop. Qualit\u00e4t, Stil und Funktionalit\u00e4t \u2013 jetzt online bestellen!","robots":{"index":"index","follow":"follow","max-snippet":"max-snippet:-1","max-image-preview":"max-image-preview:large","max-video-preview":"max-video-preview:-1"},"canonical":"https:\/\/www.erresse-shop.it\/de\/shop\/toepfe-pfannen\/schalldaempfer-und-kokotten\/staub-cocotte-rund-mit-dampfeinsatz-26-cm-blau\/","og_locale":"de_DE","og_type":"article","og_title":"STAUB Cocotte Rund mit D\u00e4mpfeinsatz 26 cm Blau","og_description":"Entdecken Sie STAUB Cocotte Rund mit D\u00e4mpfeinsatz 26 cm Blau bei ErresseShop. Qualit\u00e4t, Stil und Funktionalit\u00e4t \u2013 jetzt online bestellen!","og_url":"https:\/\/www.erresse-shop.it\/de\/shop\/toepfe-pfannen\/schalldaempfer-und-kokotten\/staub-cocotte-rund-mit-dampfeinsatz-26-cm-blau\/","og_site_name":"Erresse Shop","article_modified_time":"2025-01-17T15:46:26+00:00","og_image":[{"width":1000,"height":1000,"url":"https:\/\/www.erresse-shop.it\/wp-content\/uploads\/2012\/07\/STAUB-Cocotte-con-Cestello-a-Vapore-Rotonda-26-cm-Blu.jpg","type":"image\/jpeg"}],"twitter_card":"summary_large_image","schema":{"@context":"https:\/\/schema.org","@graph":[{"@type":"WebPage","@id":"https:\/\/www.erresse-shop.it\/de\/shop\/toepfe-pfannen\/schalldaempfer-und-kokotten\/staub-cocotte-rund-mit-dampfeinsatz-26-cm-blau\/","url":"https:\/\/www.erresse-shop.it\/de\/shop\/toepfe-pfannen\/schalldaempfer-und-kokotten\/staub-cocotte-rund-mit-dampfeinsatz-26-cm-blau\/","name":"STAUB Cocotte Rund mit D\u00e4mpfeinsatz 26 cm Blau","isPartOf":{"@id":"https:\/\/www.erresse-shop.it\/de\/#website"},"datePublished":"2012-07-28T16:34:32+00:00","dateModified":"2025-01-17T15:46:26+00:00","description":"Entdecken Sie STAUB Cocotte Rund mit D\u00e4mpfeinsatz 26 cm Blau bei ErresseShop. Qualit\u00e4t, Stil und Funktionalit\u00e4t \u2013 jetzt online bestellen!","breadcrumb":{"@id":"https:\/\/www.erresse-shop.it\/de\/shop\/toepfe-pfannen\/schalldaempfer-und-kokotten\/staub-cocotte-rund-mit-dampfeinsatz-26-cm-blau\/#breadcrumb"},"inLanguage":"de-DE","potentialAction":[{"@type":"ReadAction","target":["https:\/\/www.erresse-shop.it\/de\/shop\/toepfe-pfannen\/schalldaempfer-und-kokotten\/staub-cocotte-rund-mit-dampfeinsatz-26-cm-blau\/"]}]},{"@type":"BreadcrumbList","@id":"https:\/\/www.erresse-shop.it\/de\/shop\/toepfe-pfannen\/schalldaempfer-und-kokotten\/staub-cocotte-rund-mit-dampfeinsatz-26-cm-blau\/#breadcrumb","itemListElement":[{"@type":"ListItem","position":1,"name":"Home","item":"https:\/\/www.erresse-shop.it\/de\/"},{"@type":"ListItem","position":2,"name":"Shop","item":"https:\/\/www.erresse-shop.it\/de\/shop\/"},{"@type":"ListItem","position":3,"name":"STAUB Cocotte Rund mit D\u00e4mpfeinsatz 26 cm Blau"}]},{"@type":"WebSite","@id":"https:\/\/www.erresse-shop.it\/de\/#website","url":"https:\/\/www.erresse-shop.it\/de\/","name":"Erresse Shop","description":"Articoli di qualit\u00e0 per la casa","potentialAction":[{"@type":"SearchAction","target":{"@type":"EntryPoint","urlTemplate":"https:\/\/www.erresse-shop.it\/de\/?s={search_term_string}"},"query-input":"required name=search_term_string"}],"inLanguage":"de-DE"}]}},"df_price":184.5,"df_sale_price":184.5,"df_regular_price":369,"df_image_link":"https:\/\/www.erresse-shop.it\/wp-content\/uploads\/2012\/07\/STAUB-Cocotte-con-Cestello-a-Vapore-Rotonda-26-cm-Blu-300x300.jpg","_links":{"self":[{"href":"https:\/\/www.erresse-shop.it\/de\/wp-json\/wp\/v2\/product\/10841"}],"collection":[{"href":"https:\/\/www.erresse-shop.it\/de\/wp-json\/wp\/v2\/product"}],"about":[{"href":"https:\/\/www.erresse-shop.it\/de\/wp-json\/wp\/v2\/types\/product"}],"wp:featuredmedia":[{"embeddable":true,"href":"https:\/\/www.erresse-shop.it\/de\/wp-json\/wp\/v2\/media\/97889"}],"wp:attachment":[{"href":"https:\/\/www.erresse-shop.it\/de\/wp-json\/wp\/v2\/media?parent=10841"}],"wp:term":[{"taxonomy":"product_cat","embeddable":true,"href":"https:\/\/www.erresse-shop.it\/de\/wp-json\/wp\/v2\/product_cat?post=10841"},{"taxonomy":"product_tag","embeddable":true,"href":"https:\/\/www.erresse-shop.it\/de\/wp-json\/wp\/v2\/product_tag?post=10841"}],"curies":[{"name":"wp","href":"https:\/\/api.w.org\/{rel}","templated":true}]}}