{"id":107480,"date":"2021-07-01T09:32:41","date_gmt":"2021-07-01T09:32:41","guid":{"rendered":"https:\/\/www.erresse-shop.it\/?post_type=product&#038;p=107480"},"modified":"2025-01-17T10:59:09","modified_gmt":"2025-01-17T10:59:09","slug":"les-jardins-de-la-comtesse-picknickkorb-4-personen-fontainebleau","status":"publish","type":"product","link":"https:\/\/www.erresse-shop.it\/de\/shop\/tisch\/picknickkoerbe\/les-jardins-de-la-comtesse-picknickkorb-4-personen-fontainebleau\/","title":{"rendered":"LES JARDINS DE LA COMTESSE Picknickkorb 4 Personen Fontainebleau"},"content":{"rendered":"<p>Ein Picknickkorb, der Liebhaber mit Freunden oder Familie begeistern wird!<br \/>\nDer Picknickkorb <strong>&#8220;Fontainebleau&#8221;<\/strong> wurde in Handarbeit aus nat\u00fcrlicher Weide hergestellt. Es ist f\u00fcr 4 Personen konzipiert, um Ihre Mittagessen mit Freunden oder Familie erhaben zu machen, w\u00e4hrend des Wochenendes in einem Park oder am Strand. Schick und praktisch, im Inneren des Korbes &#8220;Fontainebleau&#8221; finden Sie 4 F\u00e4cher zur Aufbewahrung von Gl\u00e4sern, sowie ein Isothermfach mit Rei\u00dfverschluss. Dieses Fach wird sehr n\u00fctzlich sein, um Ihr Essen k\u00fchl oder warm zu halten, w\u00e4hrend Sie den idealen Platz f\u00fcr Ihr Picknick finden. Stellen Sie eine Flasche hinein, dank der Laschen, die sich im Isothermfach befinden.<br \/>\nDer Korb &#8220;Fontainebleau&#8221; ist mit Baumwollstoff gef\u00fcttert und hat vertikale blaue und wei\u00dfe Streifen, die ihm einen sehr modernen Touch verleihen.<br \/>\nEr hat einen Schultergurt, der das Tragen auf der Schulter erleichtert. Ansonsten k\u00f6nnen Sie ihn mit seinem eleganten blauen Kunstledergriff an der Oberseite wie einen Koffer tragen.<\/p>\n<p>Sie haben es erraten, abgesehen davon, dass dieser Korb das trendige Accessoire des Sommers ist, wird er sehr n\u00fctzlich sein, um die Zeit um das Mittagessen herum zu verbringen!<\/p>\n<ul>\n<li>4 wei\u00dfe Porzellanteller Durchmesser 20,5 cm.<\/li>\n<li>4 Servietten,<\/li>\n<li>4 Weingl\u00e4ser (12 cl),<\/li>\n<li>4 komplette Besteck-Sets aus Edelstahl<\/li>\n<li>1 Salz- \/ 1 Pfefferstreuer<\/li>\n<li>1 Korkenzieher \/ Flaschen\u00f6ffner<\/li>\n<li>1 kleine Tasche zur Aufbewahrung von schmutzigem Geschirr<\/li>\n<\/ul>\n<p>&#8211; L\u00e4nge: 51 cm<br \/>\n&#8211; Breite: 36 cm<br \/>\n&#8211; H\u00f6he: 22 cm<br \/>\n&#8211; Gewicht: 3.800 g<\/p>\n","protected":false},"excerpt":{"rendered":"<p>Ein Picknickkorb, der Liebhaber mit Freunden oder Familie begeistern wird! Der Picknickkorb &#8220;Fontainebleau&#8221; wurde in Handarbeit aus nat\u00fcrlicher Weide hergestellt.<\/p>\n","protected":false},"featured_media":107488,"template":"","meta":{"_acf_changed":false,"inline_featured_image":false},"product_cat":[6787,15508],"product_tag":[25038,13379,24398,24604,13487,15501,25022],"acf":[],"yoast_head":"<!-- This site is optimized with the Yoast SEO Premium plugin v18.6 (Yoast SEO v19.13) - https:\/\/yoast.com\/wordpress\/plugins\/seo\/ -->\n<title>LES JARDINS DE LA COMTESSE Picknickkorb 4 Personen Fontainebleau<\/title>\n<meta name=\"description\" content=\"Entdecken Sie LES JARDINS DE LA COMTESSE Picknickkorb 4 Personen Fontainebleau bei ErresseShop. Qualit\u00e4t, Stil und Funktionalit\u00e4t \u2013 jetzt online bestellen!\" \/>\n<meta name=\"robots\" content=\"index, follow, max-snippet:-1, max-image-preview:large, max-video-preview:-1\" \/>\n<link rel=\"canonical\" href=\"https:\/\/www.erresse-shop.it\/de\/shop\/tisch\/picknickkoerbe\/les-jardins-de-la-comtesse-picknickkorb-4-personen-fontainebleau\/\" \/>\n<meta property=\"og:locale\" content=\"de_DE\" \/>\n<meta property=\"og:type\" content=\"article\" \/>\n<meta property=\"og:title\" content=\"LES JARDINS DE LA COMTESSE Picknickkorb 4 Personen Fontainebleau\" \/>\n<meta property=\"og:description\" content=\"Entdecken Sie LES JARDINS DE LA COMTESSE Picknickkorb 4 Personen Fontainebleau bei ErresseShop. Qualit\u00e4t, Stil und Funktionalit\u00e4t \u2013 jetzt online bestellen!\" \/>\n<meta property=\"og:url\" content=\"https:\/\/www.erresse-shop.it\/de\/shop\/tisch\/picknickkoerbe\/les-jardins-de-la-comtesse-picknickkorb-4-personen-fontainebleau\/\" \/>\n<meta property=\"og:site_name\" content=\"Erresse Shop\" \/>\n<meta property=\"article:modified_time\" content=\"2025-01-17T10:59:09+00:00\" \/>\n<meta property=\"og:image\" content=\"https:\/\/www.erresse-shop.it\/wp-content\/uploads\/2021\/07\/P-4000.jpg\" \/>\n\t<meta property=\"og:image:width\" content=\"1299\" \/>\n\t<meta property=\"og:image:height\" content=\"1394\" \/>\n\t<meta property=\"og:image:type\" content=\"image\/jpeg\" \/>\n<meta name=\"twitter:card\" content=\"summary_large_image\" \/>\n<script type=\"application\/ld+json\" class=\"yoast-schema-graph\">{\"@context\":\"https:\/\/schema.org\",\"@graph\":[{\"@type\":\"WebPage\",\"@id\":\"https:\/\/www.erresse-shop.it\/de\/shop\/tisch\/picknickkoerbe\/les-jardins-de-la-comtesse-picknickkorb-4-personen-fontainebleau\/\",\"url\":\"https:\/\/www.erresse-shop.it\/de\/shop\/tisch\/picknickkoerbe\/les-jardins-de-la-comtesse-picknickkorb-4-personen-fontainebleau\/\",\"name\":\"LES JARDINS DE LA COMTESSE Picknickkorb 4 Personen Fontainebleau\",\"isPartOf\":{\"@id\":\"https:\/\/www.erresse-shop.it\/de\/#website\"},\"datePublished\":\"2021-07-01T09:32:41+00:00\",\"dateModified\":\"2025-01-17T10:59:09+00:00\",\"description\":\"Entdecken Sie LES JARDINS DE LA COMTESSE Picknickkorb 4 Personen Fontainebleau bei ErresseShop. Qualit\u00e4t, Stil und Funktionalit\u00e4t \u2013 jetzt online bestellen!\",\"breadcrumb\":{\"@id\":\"https:\/\/www.erresse-shop.it\/de\/shop\/tisch\/picknickkoerbe\/les-jardins-de-la-comtesse-picknickkorb-4-personen-fontainebleau\/#breadcrumb\"},\"inLanguage\":\"de-DE\",\"potentialAction\":[{\"@type\":\"ReadAction\",\"target\":[\"https:\/\/www.erresse-shop.it\/de\/shop\/tisch\/picknickkoerbe\/les-jardins-de-la-comtesse-picknickkorb-4-personen-fontainebleau\/\"]}]},{\"@type\":\"BreadcrumbList\",\"@id\":\"https:\/\/www.erresse-shop.it\/de\/shop\/tisch\/picknickkoerbe\/les-jardins-de-la-comtesse-picknickkorb-4-personen-fontainebleau\/#breadcrumb\",\"itemListElement\":[{\"@type\":\"ListItem\",\"position\":1,\"name\":\"Home\",\"item\":\"https:\/\/www.erresse-shop.it\/de\/\"},{\"@type\":\"ListItem\",\"position\":2,\"name\":\"Shop\",\"item\":\"https:\/\/www.erresse-shop.it\/de\/shop\/\"},{\"@type\":\"ListItem\",\"position\":3,\"name\":\"LES JARDINS DE LA COMTESSE Picknickkorb 4 Personen Fontainebleau\"}]},{\"@type\":\"WebSite\",\"@id\":\"https:\/\/www.erresse-shop.it\/de\/#website\",\"url\":\"https:\/\/www.erresse-shop.it\/de\/\",\"name\":\"Erresse Shop\",\"description\":\"Articoli di qualit\u00e0 per la casa\",\"potentialAction\":[{\"@type\":\"SearchAction\",\"target\":{\"@type\":\"EntryPoint\",\"urlTemplate\":\"https:\/\/www.erresse-shop.it\/de\/?s={search_term_string}\"},\"query-input\":\"required name=search_term_string\"}],\"inLanguage\":\"de-DE\"}]}<\/script>\n<!-- \/ Yoast SEO Premium plugin. -->","yoast_head_json":{"title":"LES JARDINS DE LA COMTESSE Picknickkorb 4 Personen Fontainebleau","description":"Entdecken Sie LES JARDINS DE LA COMTESSE Picknickkorb 4 Personen Fontainebleau bei ErresseShop. Qualit\u00e4t, Stil und Funktionalit\u00e4t \u2013 jetzt online bestellen!","robots":{"index":"index","follow":"follow","max-snippet":"max-snippet:-1","max-image-preview":"max-image-preview:large","max-video-preview":"max-video-preview:-1"},"canonical":"https:\/\/www.erresse-shop.it\/de\/shop\/tisch\/picknickkoerbe\/les-jardins-de-la-comtesse-picknickkorb-4-personen-fontainebleau\/","og_locale":"de_DE","og_type":"article","og_title":"LES JARDINS DE LA COMTESSE Picknickkorb 4 Personen Fontainebleau","og_description":"Entdecken Sie LES JARDINS DE LA COMTESSE Picknickkorb 4 Personen Fontainebleau bei ErresseShop. Qualit\u00e4t, Stil und Funktionalit\u00e4t \u2013 jetzt online bestellen!","og_url":"https:\/\/www.erresse-shop.it\/de\/shop\/tisch\/picknickkoerbe\/les-jardins-de-la-comtesse-picknickkorb-4-personen-fontainebleau\/","og_site_name":"Erresse Shop","article_modified_time":"2025-01-17T10:59:09+00:00","og_image":[{"width":1299,"height":1394,"url":"https:\/\/www.erresse-shop.it\/wp-content\/uploads\/2021\/07\/P-4000.jpg","type":"image\/jpeg"}],"twitter_card":"summary_large_image","schema":{"@context":"https:\/\/schema.org","@graph":[{"@type":"WebPage","@id":"https:\/\/www.erresse-shop.it\/de\/shop\/tisch\/picknickkoerbe\/les-jardins-de-la-comtesse-picknickkorb-4-personen-fontainebleau\/","url":"https:\/\/www.erresse-shop.it\/de\/shop\/tisch\/picknickkoerbe\/les-jardins-de-la-comtesse-picknickkorb-4-personen-fontainebleau\/","name":"LES JARDINS DE LA COMTESSE Picknickkorb 4 Personen Fontainebleau","isPartOf":{"@id":"https:\/\/www.erresse-shop.it\/de\/#website"},"datePublished":"2021-07-01T09:32:41+00:00","dateModified":"2025-01-17T10:59:09+00:00","description":"Entdecken Sie LES JARDINS DE LA COMTESSE Picknickkorb 4 Personen Fontainebleau bei ErresseShop. Qualit\u00e4t, Stil und Funktionalit\u00e4t \u2013 jetzt online bestellen!","breadcrumb":{"@id":"https:\/\/www.erresse-shop.it\/de\/shop\/tisch\/picknickkoerbe\/les-jardins-de-la-comtesse-picknickkorb-4-personen-fontainebleau\/#breadcrumb"},"inLanguage":"de-DE","potentialAction":[{"@type":"ReadAction","target":["https:\/\/www.erresse-shop.it\/de\/shop\/tisch\/picknickkoerbe\/les-jardins-de-la-comtesse-picknickkorb-4-personen-fontainebleau\/"]}]},{"@type":"BreadcrumbList","@id":"https:\/\/www.erresse-shop.it\/de\/shop\/tisch\/picknickkoerbe\/les-jardins-de-la-comtesse-picknickkorb-4-personen-fontainebleau\/#breadcrumb","itemListElement":[{"@type":"ListItem","position":1,"name":"Home","item":"https:\/\/www.erresse-shop.it\/de\/"},{"@type":"ListItem","position":2,"name":"Shop","item":"https:\/\/www.erresse-shop.it\/de\/shop\/"},{"@type":"ListItem","position":3,"name":"LES JARDINS DE LA COMTESSE Picknickkorb 4 Personen Fontainebleau"}]},{"@type":"WebSite","@id":"https:\/\/www.erresse-shop.it\/de\/#website","url":"https:\/\/www.erresse-shop.it\/de\/","name":"Erresse Shop","description":"Articoli di qualit\u00e0 per la casa","potentialAction":[{"@type":"SearchAction","target":{"@type":"EntryPoint","urlTemplate":"https:\/\/www.erresse-shop.it\/de\/?s={search_term_string}"},"query-input":"required name=search_term_string"}],"inLanguage":"de-DE"}]}},"df_price":127.8,"df_sale_price":127.8,"df_regular_price":149.9,"df_image_link":"https:\/\/www.erresse-shop.it\/wp-content\/uploads\/2021\/07\/P-4000-280x300.jpg","_links":{"self":[{"href":"https:\/\/www.erresse-shop.it\/de\/wp-json\/wp\/v2\/product\/107480"}],"collection":[{"href":"https:\/\/www.erresse-shop.it\/de\/wp-json\/wp\/v2\/product"}],"about":[{"href":"https:\/\/www.erresse-shop.it\/de\/wp-json\/wp\/v2\/types\/product"}],"wp:featuredmedia":[{"embeddable":true,"href":"https:\/\/www.erresse-shop.it\/de\/wp-json\/wp\/v2\/media\/107488"}],"wp:attachment":[{"href":"https:\/\/www.erresse-shop.it\/de\/wp-json\/wp\/v2\/media?parent=107480"}],"wp:term":[{"taxonomy":"product_cat","embeddable":true,"href":"https:\/\/www.erresse-shop.it\/de\/wp-json\/wp\/v2\/product_cat?post=107480"},{"taxonomy":"product_tag","embeddable":true,"href":"https:\/\/www.erresse-shop.it\/de\/wp-json\/wp\/v2\/product_tag?post=107480"}],"curies":[{"name":"wp","href":"https:\/\/api.w.org\/{rel}","templated":true}]}}