{"id":107332,"date":"2021-06-30T12:19:52","date_gmt":"2021-06-30T12:19:53","guid":{"rendered":"https:\/\/www.erresse-shop.it\/?post_type=product&#038;p=107332"},"modified":"2024-06-11T00:02:53","modified_gmt":"2024-06-11T00:02:53","slug":"sage-the-smart-oven-air-fryer","status":"publish","type":"product","link":"https:\/\/www.erresse-shop.it\/de\/shop\/kleine-elektrogeraete\/oefen\/sage-the-smart-oven-air-fryer\/","title":{"rendered":"SAGE The Smart Oven Air Fryer"},"content":{"rendered":"<p><strong>MIT 10 INTELLIGENTEN KOCHFUNKTIONEN WIE HEI\u00dfLUFTFRITTIEREN<\/strong><br \/>\nMit unserem Element iQ\u2122-System liefert the Smart Oven Air Fryer ein H\u00f6chstma\u00df an Leistung und Vielseitigkeit. Intelligente Algorithmen bilden die ideale Umgebung zum Hei\u00dfluftfrittieren und f\u00fcr 9 weitere Kochtechniken. H\u00f6here Temperaturen und Superkonvektion beschleunigen die Garzeit und sorgen f\u00fcr k\u00f6stlich-knusprige Gerichte.<\/p>\n<p><strong>SPEZIELLE HEISSLUFTFRITTIER-EINSTELLUNG<\/strong><br \/>\nWarum eine separate Fritteuse kaufen? Mit the Smart Oven\u2122 Air Fryer genie\u00dfen Sie Pommes Frites, Chicken Wings und andere Gerichte mit gutem Gewissen. Dank der h\u00f6heren Temperaturen in Kombination mit Superkonvektion (maximierter Hei\u00dfluftstrom) k\u00f6nnen Sie knusprige, goldbraune K\u00f6stlichkeiten hei\u00dfluftfrittieren.<\/p>\n<p><strong>ELEMENT iQ\u2122-SYSTEM<\/strong><br \/>\nIntelligente Algorithmen leiten die Hitze zum richtigen Zeitpunkt dorthin, wo sie gebraucht wird, um die ideale Kochumgebung f\u00fcr verschiedenste Zubereitungstechniken zu schaffen. Mit Sensoren und digitaler PID-Temperaturregelung werden kalte Stellen f\u00fcr pr\u00e4zises und gleichm\u00e4\u00dfiges Garen vermieden. Unabh\u00e4ngige Heizelemente und eine ideale Rostpositionierung gew\u00e4hrleisten zuverl\u00e4ssige Ergebnisse.<\/p>\n<p><strong>WIRKLICH VIELSEITIG<\/strong><br \/>\n10 Kochfunktionen f\u00fcr perfekte Ergebnisse: 6 Scheiben Toast, Crumpets, Grillen, Backen, Braten, Warmhalten, Pizza, Hei\u00dfluftfrittieren, Aufw\u00e4rmen und Schongaren bei niedrigen Temperaturen.<\/p>\n<p><strong>UMLUFT UND SUPER-UMLUFT<\/strong><br \/>\nKonvektion kann die Zubereitungszeit um bis zu 30 % senken. Die Zubereitung wird beschleunigt, weil hei\u00dfere Luft nach oben steigt, w\u00e4hrend k\u00e4ltere nach unten gedr\u00fcckt wird. Superkonvektion sorgt hingegen f\u00fcr einen besonders starken Hei\u00dfluftstrom, ideal zum Hei\u00dfluftfrittieren.<\/p>\n<p><strong>LCD-DISPLAY<\/strong><br \/>\nEin LCD-Display f\u00fcr den m\u00fchelosen Zugriff auf alle intelligenten Funktionen. W\u00e4hlen Sie unter 10 intelligenten Zubereitungsfunktionen aus. Auf der LCD-Anzeige wird angegeben, wenn das Ger\u00e4t vorgeheizt ist. Danach zeigt ein Timer an, wann die Speisen perfekt gegart sind.<\/p>\n<p><strong>OFEN-INNENBELEUCHTUNG<\/strong><br \/>\nDie integrierte Backofenbeleuchtung schaltet sich am Ende des Garzyklus automatisch ein, damit Sie alles im Blick haben. Sie kann aber auch vorher jederzeit eingeschaltet werden, falls Sie zwischendurch einen Blick darauf werfen m\u00f6chten. Wie f\u00fcr herk\u00f6mmliche Back\u00f6fen sind verschiedene Bauteile austauschbar.<\/p>\n<p><strong>PRODUKTSPEZIFIKATION<\/strong><br \/>\n&#8211; Innenma\u00dfe (BxTxH): 47 x 37 x 28 cm<br \/>\n&#8211; Garantie: 2 Jahre Reparatur oder Ersatz<br \/>\n&#8211; Materialien: Geb\u00fcrsteter Edelstahl<br \/>\n&#8211; Kapazit\u00e4t: 22 L; 6-Scheiben-Toaster, Pizza \u00d8 30 cm, ganzes Huhn, Muffinbackblech f\u00fcr 9 Muffins<br \/>\n&#8211; Einstellungen: 10 Voreinstellungen: Toasten, Crumpets, Backen, Braten, Grillen, Pizza, Hei\u00dfluftfrittieren, Aufw\u00e4rmen, Warmhalten und Schongaren<\/p>\n","protected":false},"excerpt":{"rendered":"<p>MIT 10 INTELLIGENTEN KOCHFUNKTIONEN WIE HEI\u00dfLUFTFRITTIEREN Mit unserem Element iQ\u2122-System liefert the Smart Oven Air Fryer ein H\u00f6chstma\u00df an Leistung<\/p>\n","protected":false},"featured_media":107340,"template":"","meta":{"_acf_changed":false,"inline_featured_image":false},"product_cat":[6703,15659],"product_tag":[13398,21496,23661,11415,24416,11555,13399],"acf":[],"yoast_head":"<!-- This site is optimized with the Yoast SEO Premium plugin v18.6 (Yoast SEO v19.13) - https:\/\/yoast.com\/wordpress\/plugins\/seo\/ -->\n<title>SAGE The Smart Oven Air Fryer - Erresse Shop<\/title>\n<meta name=\"description\" content=\"MIT 10 INTELLIGENTEN KOCHFUNKTIONEN WIE HEI\u00dfLUFTFRITTIEREN Mit unserem Element iQ\u2122-System liefert the Smart Oven Air Fryer ein H\u00f6chstma\u00df an Leistung und\" \/>\n<meta name=\"robots\" content=\"index, follow, max-snippet:-1, max-image-preview:large, max-video-preview:-1\" \/>\n<link rel=\"canonical\" href=\"https:\/\/www.erresse-shop.it\/de\/shop\/kleine-elektrogeraete\/oefen\/sage-the-smart-oven-air-fryer\/\" \/>\n<meta property=\"og:locale\" content=\"de_DE\" \/>\n<meta property=\"og:type\" content=\"article\" \/>\n<meta property=\"og:title\" content=\"SAGE The Smart Oven Air Fryer\" \/>\n<meta property=\"og:description\" content=\"MIT 10 INTELLIGENTEN KOCHFUNKTIONEN WIE HEI\u00dfLUFTFRITTIEREN Mit unserem Element iQ\u2122-System liefert the Smart Oven Air Fryer ein H\u00f6chstma\u00df an Leistung und\" \/>\n<meta property=\"og:url\" content=\"https:\/\/www.erresse-shop.it\/de\/shop\/kleine-elektrogeraete\/oefen\/sage-the-smart-oven-air-fryer\/\" \/>\n<meta property=\"og:site_name\" content=\"Erresse Shop\" \/>\n<meta property=\"article:modified_time\" content=\"2024-06-11T00:02:53+00:00\" \/>\n<meta property=\"og:image\" content=\"https:\/\/www.erresse-shop.it\/wp-content\/uploads\/2021\/06\/SOV860BSS.jpg\" \/>\n\t<meta property=\"og:image:width\" content=\"992\" \/>\n\t<meta property=\"og:image:height\" content=\"992\" \/>\n\t<meta property=\"og:image:type\" content=\"image\/jpeg\" \/>\n<meta name=\"twitter:card\" content=\"summary_large_image\" \/>\n<script type=\"application\/ld+json\" class=\"yoast-schema-graph\">{\"@context\":\"https:\/\/schema.org\",\"@graph\":[{\"@type\":\"WebPage\",\"@id\":\"https:\/\/www.erresse-shop.it\/de\/shop\/kleine-elektrogeraete\/oefen\/sage-the-smart-oven-air-fryer\/\",\"url\":\"https:\/\/www.erresse-shop.it\/de\/shop\/kleine-elektrogeraete\/oefen\/sage-the-smart-oven-air-fryer\/\",\"name\":\"SAGE The Smart Oven Air Fryer - Erresse Shop\",\"isPartOf\":{\"@id\":\"https:\/\/www.erresse-shop.it\/de\/#website\"},\"datePublished\":\"2021-06-30T12:19:53+00:00\",\"dateModified\":\"2024-06-11T00:02:53+00:00\",\"description\":\"MIT 10 INTELLIGENTEN KOCHFUNKTIONEN WIE HEI\u00dfLUFTFRITTIEREN Mit unserem Element iQ\u2122-System liefert the Smart Oven Air Fryer ein H\u00f6chstma\u00df an Leistung und\",\"breadcrumb\":{\"@id\":\"https:\/\/www.erresse-shop.it\/de\/shop\/kleine-elektrogeraete\/oefen\/sage-the-smart-oven-air-fryer\/#breadcrumb\"},\"inLanguage\":\"de-DE\",\"potentialAction\":[{\"@type\":\"ReadAction\",\"target\":[\"https:\/\/www.erresse-shop.it\/de\/shop\/kleine-elektrogeraete\/oefen\/sage-the-smart-oven-air-fryer\/\"]}]},{\"@type\":\"BreadcrumbList\",\"@id\":\"https:\/\/www.erresse-shop.it\/de\/shop\/kleine-elektrogeraete\/oefen\/sage-the-smart-oven-air-fryer\/#breadcrumb\",\"itemListElement\":[{\"@type\":\"ListItem\",\"position\":1,\"name\":\"Home\",\"item\":\"https:\/\/www.erresse-shop.it\/de\/\"},{\"@type\":\"ListItem\",\"position\":2,\"name\":\"Shop\",\"item\":\"https:\/\/www.erresse-shop.it\/de\/shop\/\"},{\"@type\":\"ListItem\",\"position\":3,\"name\":\"SAGE The Smart Oven Air Fryer\"}]},{\"@type\":\"WebSite\",\"@id\":\"https:\/\/www.erresse-shop.it\/de\/#website\",\"url\":\"https:\/\/www.erresse-shop.it\/de\/\",\"name\":\"Erresse Shop\",\"description\":\"Articoli di qualit\u00e0 per la casa\",\"potentialAction\":[{\"@type\":\"SearchAction\",\"target\":{\"@type\":\"EntryPoint\",\"urlTemplate\":\"https:\/\/www.erresse-shop.it\/de\/?s={search_term_string}\"},\"query-input\":\"required name=search_term_string\"}],\"inLanguage\":\"de-DE\"}]}<\/script>\n<!-- \/ Yoast SEO Premium plugin. -->","yoast_head_json":{"title":"SAGE The Smart Oven Air Fryer - Erresse Shop","description":"MIT 10 INTELLIGENTEN KOCHFUNKTIONEN WIE HEI\u00dfLUFTFRITTIEREN Mit unserem Element iQ\u2122-System liefert the Smart Oven Air Fryer ein H\u00f6chstma\u00df an Leistung und","robots":{"index":"index","follow":"follow","max-snippet":"max-snippet:-1","max-image-preview":"max-image-preview:large","max-video-preview":"max-video-preview:-1"},"canonical":"https:\/\/www.erresse-shop.it\/de\/shop\/kleine-elektrogeraete\/oefen\/sage-the-smart-oven-air-fryer\/","og_locale":"de_DE","og_type":"article","og_title":"SAGE The Smart Oven Air Fryer","og_description":"MIT 10 INTELLIGENTEN KOCHFUNKTIONEN WIE HEI\u00dfLUFTFRITTIEREN Mit unserem Element iQ\u2122-System liefert the Smart Oven Air Fryer ein H\u00f6chstma\u00df an Leistung und","og_url":"https:\/\/www.erresse-shop.it\/de\/shop\/kleine-elektrogeraete\/oefen\/sage-the-smart-oven-air-fryer\/","og_site_name":"Erresse Shop","article_modified_time":"2024-06-11T00:02:53+00:00","og_image":[{"width":992,"height":992,"url":"https:\/\/www.erresse-shop.it\/wp-content\/uploads\/2021\/06\/SOV860BSS.jpg","type":"image\/jpeg"}],"twitter_card":"summary_large_image","schema":{"@context":"https:\/\/schema.org","@graph":[{"@type":"WebPage","@id":"https:\/\/www.erresse-shop.it\/de\/shop\/kleine-elektrogeraete\/oefen\/sage-the-smart-oven-air-fryer\/","url":"https:\/\/www.erresse-shop.it\/de\/shop\/kleine-elektrogeraete\/oefen\/sage-the-smart-oven-air-fryer\/","name":"SAGE The Smart Oven Air Fryer - Erresse Shop","isPartOf":{"@id":"https:\/\/www.erresse-shop.it\/de\/#website"},"datePublished":"2021-06-30T12:19:53+00:00","dateModified":"2024-06-11T00:02:53+00:00","description":"MIT 10 INTELLIGENTEN KOCHFUNKTIONEN WIE HEI\u00dfLUFTFRITTIEREN Mit unserem Element iQ\u2122-System liefert the Smart Oven Air Fryer ein H\u00f6chstma\u00df an Leistung und","breadcrumb":{"@id":"https:\/\/www.erresse-shop.it\/de\/shop\/kleine-elektrogeraete\/oefen\/sage-the-smart-oven-air-fryer\/#breadcrumb"},"inLanguage":"de-DE","potentialAction":[{"@type":"ReadAction","target":["https:\/\/www.erresse-shop.it\/de\/shop\/kleine-elektrogeraete\/oefen\/sage-the-smart-oven-air-fryer\/"]}]},{"@type":"BreadcrumbList","@id":"https:\/\/www.erresse-shop.it\/de\/shop\/kleine-elektrogeraete\/oefen\/sage-the-smart-oven-air-fryer\/#breadcrumb","itemListElement":[{"@type":"ListItem","position":1,"name":"Home","item":"https:\/\/www.erresse-shop.it\/de\/"},{"@type":"ListItem","position":2,"name":"Shop","item":"https:\/\/www.erresse-shop.it\/de\/shop\/"},{"@type":"ListItem","position":3,"name":"SAGE The Smart Oven Air Fryer"}]},{"@type":"WebSite","@id":"https:\/\/www.erresse-shop.it\/de\/#website","url":"https:\/\/www.erresse-shop.it\/de\/","name":"Erresse Shop","description":"Articoli di qualit\u00e0 per la casa","potentialAction":[{"@type":"SearchAction","target":{"@type":"EntryPoint","urlTemplate":"https:\/\/www.erresse-shop.it\/de\/?s={search_term_string}"},"query-input":"required name=search_term_string"}],"inLanguage":"de-DE"}]}},"df_price":359.95,"df_sale_price":359.95,"df_regular_price":429.9,"df_image_link":"https:\/\/www.erresse-shop.it\/wp-content\/uploads\/2021\/06\/SOV860BSS-300x300.jpg","_links":{"self":[{"href":"https:\/\/www.erresse-shop.it\/de\/wp-json\/wp\/v2\/product\/107332"}],"collection":[{"href":"https:\/\/www.erresse-shop.it\/de\/wp-json\/wp\/v2\/product"}],"about":[{"href":"https:\/\/www.erresse-shop.it\/de\/wp-json\/wp\/v2\/types\/product"}],"wp:featuredmedia":[{"embeddable":true,"href":"https:\/\/www.erresse-shop.it\/de\/wp-json\/wp\/v2\/media\/107340"}],"wp:attachment":[{"href":"https:\/\/www.erresse-shop.it\/de\/wp-json\/wp\/v2\/media?parent=107332"}],"wp:term":[{"taxonomy":"product_cat","embeddable":true,"href":"https:\/\/www.erresse-shop.it\/de\/wp-json\/wp\/v2\/product_cat?post=107332"},{"taxonomy":"product_tag","embeddable":true,"href":"https:\/\/www.erresse-shop.it\/de\/wp-json\/wp\/v2\/product_tag?post=107332"}],"curies":[{"name":"wp","href":"https:\/\/api.w.org\/{rel}","templated":true}]}}