{"id":107301,"date":"2021-06-30T10:02:04","date_gmt":"2021-06-30T10:02:05","guid":{"rendered":"https:\/\/www.erresse-shop.it\/?post_type=product&#038;p=107301"},"modified":"2023-11-25T22:09:36","modified_gmt":"2023-11-25T22:09:36","slug":"sage-the-smart-oven-pro","status":"publish","type":"product","link":"https:\/\/www.erresse-shop.it\/de\/shop\/kleine-elektrogeraete\/oefen\/sage-the-smart-oven-pro\/","title":{"rendered":"SAGE The Smart Oven Pro"},"content":{"rendered":"<p><strong>10 CLEVERE KOCHFUNKTIONEN UND INTEGRIERTES OFENLICHT<\/strong><br \/>\nThe Smart Oven\u2122 Pro mit Element iQ\u2122 ist ein unentbehrliches Werkzeug f\u00fcr den Koch, der sich einen Arbeitsplattenofen w\u00fcnscht. Die optimale L\u00f6sung f\u00fcr perfekte Pizza, k\u00f6stliche Kekse, \u00fcberbackenes Toast oder saftigen Braten. Die Konvektion reduziert die Kochzeit um bis zu 30%.<br \/>\nErfahren Sie mehr \u00fcber die Entstehungsgeschichte unserer Smart Oven-Reihe.<\/p>\n<p><strong>INTELLIGENTES ELEMENT IQ\u2122<\/strong><br \/>\nEs gibt Hitze und es gibt intelligente Hitze. Element iQ \u00fcbertr\u00e4gt W\u00e4rme intelligent \u00fcber 5 Quarzelemente f\u00fcr pr\u00e4zise und stabile W\u00e4rme genau dort, wo und wann Sie es w\u00fcnschen. F\u00fcr perfekte Ergebnisse, jedes Mal. Die super schnelle 2400W Vorheizung bringt Ihre Mahlzeiten schneller auf den Tisch.<\/p>\n<p><strong>KONVEKTIONSW\u00c4RME<\/strong><br \/>\nSie sind kein Profi ohne eingebauten Ventilator, der die hei\u00dfe Luft in Ihrem Ofen umw\u00e4lzt. Die Konvektion beschleunigt den Kochvorgang, indem sie hei\u00dfere Luft ansaugt und k\u00e4ltere, weniger dichte Luft absaugt, um noch schneller zu heizen.<\/p>\n<p><strong>LANGSAME KOCHFUNKTION<\/strong><br \/>\nAn manchen Tagen m\u00f6chten Sie sich Zeit nehmen, um komplexe Aromen zu zarten und zu entwickeln. Deshalb haben wir eine langsame Kochfunktion, die f\u00fcr lange Garzeiten bei niedrigen Temperaturen ausgelegt ist. Sie k\u00f6nnen bis zu 10 Stunden lang kochen, bevor die Einstellung automatisch warm bleibt.<\/p>\n<p><strong>10 KOCHFUNKTIONEN<\/strong><br \/>\n10 Kochfunktionen, um Sie zur Perfektion zu f\u00fchren: 6 Scheiben Toasts, Bagel, Backen, Braten, Grillen, Pizza, Kekse, Aufw\u00e4rmen, Slow Cook.<\/p>\n<p><strong>INNENRAUMBELEUCHTUNG<\/strong><br \/>\nDie integrierte Backofenlampe schaltet sich beim \u00d6ffnen der T\u00fcr und am Ende des Garzyklus automatisch ein, damit Sie alles im Blick haben. Automatische Abschaltung oder per Knopfdruck.<\/p>\n<p><strong>LCD BILDSCHIRM<\/strong><br \/>\nMit LCD-Display f\u00fcr einen leichten Zugriff auf alle Funktionen W\u00e4hlen Sie zum Beispiel aus 10 Backfunktionen. Das integrierte Backofenlicht schaltet sich am Ende des Garzyklus automatisch ein oder kann einfach per Knopfdruck geschaltet werden.<\/p>\n<p><strong>PRODUKTSPEZIFIKATION<\/strong><br \/>\n&#8211; Innenma\u00dfe (BxTxH): 32 x 47 x 28 cm<br \/>\n&#8211; Garantie: 2 Jahre Herstellergarantie<br \/>\n&#8211; Materialien: Geb\u00fcrstetes Edelstahl<br \/>\n&#8211; Kapazit\u00e4t: 6 Scheiben Toast, 30cm Pizza, ein ganzes Huhn, 9 Muffins<br \/>\n&#8211; Einstellungen: 10 Voreinstellungen: Toasten, Hefe, Backen, Grillen, Braten, Pizza, Kekse, Warmhalten, Aufw\u00e4rmen and Slow Cook.<\/p>\n","protected":false},"excerpt":{"rendered":"<p>10 CLEVERE KOCHFUNKTIONEN UND INTEGRIERTES OFENLICHT The Smart Oven\u2122 Pro mit Element iQ\u2122 ist ein unentbehrliches Werkzeug f\u00fcr den Koch,<\/p>\n","protected":false},"featured_media":107310,"template":"","meta":{"_acf_changed":false,"inline_featured_image":false},"product_cat":[6703,15659],"product_tag":[23911],"acf":[],"yoast_head":"<!-- This site is optimized with the Yoast SEO Premium plugin v18.6 (Yoast SEO v19.13) - https:\/\/yoast.com\/wordpress\/plugins\/seo\/ -->\n<title>SAGE The Smart Oven Pro - Erresse Shop<\/title>\n<meta name=\"description\" content=\"10 CLEVERE KOCHFUNKTIONEN UND INTEGRIERTES OFENLICHT The Smart Oven\u2122 Pro mit Element iQ\u2122 ist ein unentbehrliches Werkzeug f\u00fcr den Koch, der sich einen\" \/>\n<meta name=\"robots\" content=\"index, follow, max-snippet:-1, max-image-preview:large, max-video-preview:-1\" \/>\n<link rel=\"canonical\" href=\"https:\/\/www.erresse-shop.it\/de\/shop\/kleine-elektrogeraete\/oefen\/sage-the-smart-oven-pro\/\" \/>\n<meta property=\"og:locale\" content=\"de_DE\" \/>\n<meta property=\"og:type\" content=\"article\" \/>\n<meta property=\"og:title\" content=\"SAGE The Smart Oven Pro\" \/>\n<meta property=\"og:description\" content=\"10 CLEVERE KOCHFUNKTIONEN UND INTEGRIERTES OFENLICHT The Smart Oven\u2122 Pro mit Element iQ\u2122 ist ein unentbehrliches Werkzeug f\u00fcr den Koch, der sich einen\" \/>\n<meta property=\"og:url\" content=\"https:\/\/www.erresse-shop.it\/de\/shop\/kleine-elektrogeraete\/oefen\/sage-the-smart-oven-pro\/\" \/>\n<meta property=\"og:site_name\" content=\"Erresse Shop\" \/>\n<meta property=\"article:modified_time\" content=\"2023-11-25T22:09:36+00:00\" \/>\n<meta property=\"og:image\" content=\"https:\/\/www.erresse-shop.it\/wp-content\/uploads\/2021\/06\/SOV820BSS.jpg\" \/>\n\t<meta property=\"og:image:width\" content=\"992\" \/>\n\t<meta property=\"og:image:height\" content=\"992\" \/>\n\t<meta property=\"og:image:type\" content=\"image\/jpeg\" \/>\n<meta name=\"twitter:card\" content=\"summary_large_image\" \/>\n<script type=\"application\/ld+json\" class=\"yoast-schema-graph\">{\"@context\":\"https:\/\/schema.org\",\"@graph\":[{\"@type\":\"WebPage\",\"@id\":\"https:\/\/www.erresse-shop.it\/de\/shop\/kleine-elektrogeraete\/oefen\/sage-the-smart-oven-pro\/\",\"url\":\"https:\/\/www.erresse-shop.it\/de\/shop\/kleine-elektrogeraete\/oefen\/sage-the-smart-oven-pro\/\",\"name\":\"SAGE The Smart Oven Pro - Erresse Shop\",\"isPartOf\":{\"@id\":\"https:\/\/www.erresse-shop.it\/de\/#website\"},\"datePublished\":\"2021-06-30T10:02:05+00:00\",\"dateModified\":\"2023-11-25T22:09:36+00:00\",\"description\":\"10 CLEVERE KOCHFUNKTIONEN UND INTEGRIERTES OFENLICHT The Smart Oven\u2122 Pro mit Element iQ\u2122 ist ein unentbehrliches Werkzeug f\u00fcr den Koch, der sich einen\",\"breadcrumb\":{\"@id\":\"https:\/\/www.erresse-shop.it\/de\/shop\/kleine-elektrogeraete\/oefen\/sage-the-smart-oven-pro\/#breadcrumb\"},\"inLanguage\":\"de-DE\",\"potentialAction\":[{\"@type\":\"ReadAction\",\"target\":[\"https:\/\/www.erresse-shop.it\/de\/shop\/kleine-elektrogeraete\/oefen\/sage-the-smart-oven-pro\/\"]}]},{\"@type\":\"BreadcrumbList\",\"@id\":\"https:\/\/www.erresse-shop.it\/de\/shop\/kleine-elektrogeraete\/oefen\/sage-the-smart-oven-pro\/#breadcrumb\",\"itemListElement\":[{\"@type\":\"ListItem\",\"position\":1,\"name\":\"Home\",\"item\":\"https:\/\/www.erresse-shop.it\/de\/\"},{\"@type\":\"ListItem\",\"position\":2,\"name\":\"Shop\",\"item\":\"https:\/\/www.erresse-shop.it\/de\/shop\/\"},{\"@type\":\"ListItem\",\"position\":3,\"name\":\"SAGE The Smart Oven Pro\"}]},{\"@type\":\"WebSite\",\"@id\":\"https:\/\/www.erresse-shop.it\/de\/#website\",\"url\":\"https:\/\/www.erresse-shop.it\/de\/\",\"name\":\"Erresse Shop\",\"description\":\"Articoli di qualit\u00e0 per la casa\",\"potentialAction\":[{\"@type\":\"SearchAction\",\"target\":{\"@type\":\"EntryPoint\",\"urlTemplate\":\"https:\/\/www.erresse-shop.it\/de\/?s={search_term_string}\"},\"query-input\":\"required name=search_term_string\"}],\"inLanguage\":\"de-DE\"}]}<\/script>\n<!-- \/ Yoast SEO Premium plugin. -->","yoast_head_json":{"title":"SAGE The Smart Oven Pro - Erresse Shop","description":"10 CLEVERE KOCHFUNKTIONEN UND INTEGRIERTES OFENLICHT The Smart Oven\u2122 Pro mit Element iQ\u2122 ist ein unentbehrliches Werkzeug f\u00fcr den Koch, der sich einen","robots":{"index":"index","follow":"follow","max-snippet":"max-snippet:-1","max-image-preview":"max-image-preview:large","max-video-preview":"max-video-preview:-1"},"canonical":"https:\/\/www.erresse-shop.it\/de\/shop\/kleine-elektrogeraete\/oefen\/sage-the-smart-oven-pro\/","og_locale":"de_DE","og_type":"article","og_title":"SAGE The Smart Oven Pro","og_description":"10 CLEVERE KOCHFUNKTIONEN UND INTEGRIERTES OFENLICHT The Smart Oven\u2122 Pro mit Element iQ\u2122 ist ein unentbehrliches Werkzeug f\u00fcr den Koch, der sich einen","og_url":"https:\/\/www.erresse-shop.it\/de\/shop\/kleine-elektrogeraete\/oefen\/sage-the-smart-oven-pro\/","og_site_name":"Erresse Shop","article_modified_time":"2023-11-25T22:09:36+00:00","og_image":[{"width":992,"height":992,"url":"https:\/\/www.erresse-shop.it\/wp-content\/uploads\/2021\/06\/SOV820BSS.jpg","type":"image\/jpeg"}],"twitter_card":"summary_large_image","schema":{"@context":"https:\/\/schema.org","@graph":[{"@type":"WebPage","@id":"https:\/\/www.erresse-shop.it\/de\/shop\/kleine-elektrogeraete\/oefen\/sage-the-smart-oven-pro\/","url":"https:\/\/www.erresse-shop.it\/de\/shop\/kleine-elektrogeraete\/oefen\/sage-the-smart-oven-pro\/","name":"SAGE The Smart Oven Pro - Erresse Shop","isPartOf":{"@id":"https:\/\/www.erresse-shop.it\/de\/#website"},"datePublished":"2021-06-30T10:02:05+00:00","dateModified":"2023-11-25T22:09:36+00:00","description":"10 CLEVERE KOCHFUNKTIONEN UND INTEGRIERTES OFENLICHT The Smart Oven\u2122 Pro mit Element iQ\u2122 ist ein unentbehrliches Werkzeug f\u00fcr den Koch, der sich einen","breadcrumb":{"@id":"https:\/\/www.erresse-shop.it\/de\/shop\/kleine-elektrogeraete\/oefen\/sage-the-smart-oven-pro\/#breadcrumb"},"inLanguage":"de-DE","potentialAction":[{"@type":"ReadAction","target":["https:\/\/www.erresse-shop.it\/de\/shop\/kleine-elektrogeraete\/oefen\/sage-the-smart-oven-pro\/"]}]},{"@type":"BreadcrumbList","@id":"https:\/\/www.erresse-shop.it\/de\/shop\/kleine-elektrogeraete\/oefen\/sage-the-smart-oven-pro\/#breadcrumb","itemListElement":[{"@type":"ListItem","position":1,"name":"Home","item":"https:\/\/www.erresse-shop.it\/de\/"},{"@type":"ListItem","position":2,"name":"Shop","item":"https:\/\/www.erresse-shop.it\/de\/shop\/"},{"@type":"ListItem","position":3,"name":"SAGE The Smart Oven Pro"}]},{"@type":"WebSite","@id":"https:\/\/www.erresse-shop.it\/de\/#website","url":"https:\/\/www.erresse-shop.it\/de\/","name":"Erresse Shop","description":"Articoli di qualit\u00e0 per la casa","potentialAction":[{"@type":"SearchAction","target":{"@type":"EntryPoint","urlTemplate":"https:\/\/www.erresse-shop.it\/de\/?s={search_term_string}"},"query-input":"required name=search_term_string"}],"inLanguage":"de-DE"}]}},"df_price":319.9,"df_sale_price":319.9,"df_regular_price":319.9,"df_image_link":"https:\/\/www.erresse-shop.it\/wp-content\/uploads\/2021\/06\/SOV820BSS-300x300.jpg","_links":{"self":[{"href":"https:\/\/www.erresse-shop.it\/de\/wp-json\/wp\/v2\/product\/107301"}],"collection":[{"href":"https:\/\/www.erresse-shop.it\/de\/wp-json\/wp\/v2\/product"}],"about":[{"href":"https:\/\/www.erresse-shop.it\/de\/wp-json\/wp\/v2\/types\/product"}],"wp:featuredmedia":[{"embeddable":true,"href":"https:\/\/www.erresse-shop.it\/de\/wp-json\/wp\/v2\/media\/107310"}],"wp:attachment":[{"href":"https:\/\/www.erresse-shop.it\/de\/wp-json\/wp\/v2\/media?parent=107301"}],"wp:term":[{"taxonomy":"product_cat","embeddable":true,"href":"https:\/\/www.erresse-shop.it\/de\/wp-json\/wp\/v2\/product_cat?post=107301"},{"taxonomy":"product_tag","embeddable":true,"href":"https:\/\/www.erresse-shop.it\/de\/wp-json\/wp\/v2\/product_tag?post=107301"}],"curies":[{"name":"wp","href":"https:\/\/api.w.org\/{rel}","templated":true}]}}