{"id":107138,"date":"2021-06-29T12:26:18","date_gmt":"2021-06-29T12:26:20","guid":{"rendered":"https:\/\/www.erresse-shop.it\/?post_type=product&#038;p=107138"},"modified":"2023-07-08T00:16:06","modified_gmt":"2023-07-08T00:16:06","slug":"sage-the-crystal-clear","status":"publish","type":"product","link":"https:\/\/www.erresse-shop.it\/de\/shop\/kleine-elektrogeraete\/elektrische-wasserkocher\/sage-the-crystal-clear\/","title":{"rendered":"SAGE The Crystal Clear"},"content":{"rendered":"<p><strong>SCH\u00d6NE GLASKANNE MIT ABFEDERNDEM DECKEL<\/strong><br \/>\nDas Wasser wird bei 2000 Watt schneller zum Kochen gebracht, als Sie durch das temperaturwechselbest\u00e4ndige Glas beobachten k\u00f6nnen. Die gro\u00dfe Kanne und der Soft Top\u00ae Deckel vereinfachen den Prozess.<\/p>\n<p><strong>MODERNE GLASKANNE<\/strong><br \/>\nBeobachten Sie das kochende Wasser durch die kristallklare Glaskanne.<\/p>\n<p><strong>SOFT TOP\u00ae DECKEL<\/strong><br \/>\nDieser Deckel verhindert Spritzer und l\u00e4sst den Dampf entweichen.<\/p>\n<p><strong>AUTOMATISCHES ABSCHALTEN<\/strong><br \/>\nSobald der Siedepunkt erreicht ist, schaltet sich der Wasserkocher automatisch ab.<\/p>\n<p><strong>KABELLOSER KOMFORT<\/strong><br \/>\nDie Grundeinheit ist mit einem integriertem Kabelfach ausgestattet.<\/p>\n<p><strong>PRODUCKTSPEZIFIKATION<\/strong><br \/>\n&#8211; Abmessung (BxTxH): 23.2 x 14.8 x 27.3 cm<br \/>\n&#8211; Garantie: 2 Jahre Produktgarantie (Reparatur, Austausch oder Erstattung liegen im Ermessen von Sage Appliances)<br \/>\n&#8211; Materialien: Glaskanne, Grundeinheit aus geb\u00fcrstetem Edelstahl<br \/>\n&#8211; Kapazit\u00e4t: 1,7 l oder 7 Tassen<br \/>\n&#8211; Einstellungen: An und Aus<\/p>\n","protected":false},"excerpt":{"rendered":"<p>SCH\u00d6NE GLASKANNE MIT ABFEDERNDEM DECKEL Das Wasser wird bei 2000 Watt schneller zum Kochen gebracht, als Sie durch das temperaturwechselbest\u00e4ndige<\/p>\n","protected":false},"featured_media":107186,"template":"","meta":{"_acf_changed":false,"inline_featured_image":false},"product_cat":[6874,6703],"product_tag":[23911,11652,11877],"acf":[],"yoast_head":"<!-- This site is optimized with the Yoast SEO Premium plugin v18.6 (Yoast SEO v19.13) - https:\/\/yoast.com\/wordpress\/plugins\/seo\/ -->\n<title>SAGE The Crystal Clear - Erresse Shop<\/title>\n<meta name=\"description\" content=\"SCH\u00d6NE GLASKANNE MIT ABFEDERNDEM DECKEL Das Wasser wird bei 2000 Watt schneller zum Kochen gebracht, als Sie durch das temperaturwechselbest\u00e4ndige Glas\" \/>\n<meta name=\"robots\" content=\"index, follow, max-snippet:-1, max-image-preview:large, max-video-preview:-1\" \/>\n<link rel=\"canonical\" href=\"https:\/\/www.erresse-shop.it\/de\/shop\/kleine-elektrogeraete\/elektrische-wasserkocher\/sage-the-crystal-clear\/\" \/>\n<meta property=\"og:locale\" content=\"de_DE\" \/>\n<meta property=\"og:type\" content=\"article\" \/>\n<meta property=\"og:title\" content=\"SAGE The Crystal Clear\" \/>\n<meta property=\"og:description\" content=\"SCH\u00d6NE GLASKANNE MIT ABFEDERNDEM DECKEL Das Wasser wird bei 2000 Watt schneller zum Kochen gebracht, als Sie durch das temperaturwechselbest\u00e4ndige Glas\" \/>\n<meta property=\"og:url\" content=\"https:\/\/www.erresse-shop.it\/de\/shop\/kleine-elektrogeraete\/elektrische-wasserkocher\/sage-the-crystal-clear\/\" \/>\n<meta property=\"og:site_name\" content=\"Erresse Shop\" \/>\n<meta property=\"article:modified_time\" content=\"2023-07-08T00:16:06+00:00\" \/>\n<meta property=\"og:image\" content=\"https:\/\/www.erresse-shop.it\/wp-content\/uploads\/2021\/06\/SKE750CLR.jpg\" \/>\n\t<meta property=\"og:image:width\" content=\"992\" \/>\n\t<meta property=\"og:image:height\" content=\"992\" \/>\n\t<meta property=\"og:image:type\" content=\"image\/jpeg\" \/>\n<meta name=\"twitter:card\" content=\"summary_large_image\" \/>\n<script type=\"application\/ld+json\" class=\"yoast-schema-graph\">{\"@context\":\"https:\/\/schema.org\",\"@graph\":[{\"@type\":\"WebPage\",\"@id\":\"https:\/\/www.erresse-shop.it\/de\/shop\/kleine-elektrogeraete\/elektrische-wasserkocher\/sage-the-crystal-clear\/\",\"url\":\"https:\/\/www.erresse-shop.it\/de\/shop\/kleine-elektrogeraete\/elektrische-wasserkocher\/sage-the-crystal-clear\/\",\"name\":\"SAGE The Crystal Clear - Erresse Shop\",\"isPartOf\":{\"@id\":\"https:\/\/www.erresse-shop.it\/de\/#website\"},\"datePublished\":\"2021-06-29T12:26:20+00:00\",\"dateModified\":\"2023-07-08T00:16:06+00:00\",\"description\":\"SCH\u00d6NE GLASKANNE MIT ABFEDERNDEM DECKEL Das Wasser wird bei 2000 Watt schneller zum Kochen gebracht, als Sie durch das temperaturwechselbest\u00e4ndige Glas\",\"breadcrumb\":{\"@id\":\"https:\/\/www.erresse-shop.it\/de\/shop\/kleine-elektrogeraete\/elektrische-wasserkocher\/sage-the-crystal-clear\/#breadcrumb\"},\"inLanguage\":\"de-DE\",\"potentialAction\":[{\"@type\":\"ReadAction\",\"target\":[\"https:\/\/www.erresse-shop.it\/de\/shop\/kleine-elektrogeraete\/elektrische-wasserkocher\/sage-the-crystal-clear\/\"]}]},{\"@type\":\"BreadcrumbList\",\"@id\":\"https:\/\/www.erresse-shop.it\/de\/shop\/kleine-elektrogeraete\/elektrische-wasserkocher\/sage-the-crystal-clear\/#breadcrumb\",\"itemListElement\":[{\"@type\":\"ListItem\",\"position\":1,\"name\":\"Home\",\"item\":\"https:\/\/www.erresse-shop.it\/de\/\"},{\"@type\":\"ListItem\",\"position\":2,\"name\":\"Shop\",\"item\":\"https:\/\/www.erresse-shop.it\/de\/shop\/\"},{\"@type\":\"ListItem\",\"position\":3,\"name\":\"SAGE The Crystal Clear\"}]},{\"@type\":\"WebSite\",\"@id\":\"https:\/\/www.erresse-shop.it\/de\/#website\",\"url\":\"https:\/\/www.erresse-shop.it\/de\/\",\"name\":\"Erresse Shop\",\"description\":\"Articoli di qualit\u00e0 per la casa\",\"potentialAction\":[{\"@type\":\"SearchAction\",\"target\":{\"@type\":\"EntryPoint\",\"urlTemplate\":\"https:\/\/www.erresse-shop.it\/de\/?s={search_term_string}\"},\"query-input\":\"required name=search_term_string\"}],\"inLanguage\":\"de-DE\"}]}<\/script>\n<!-- \/ Yoast SEO Premium plugin. -->","yoast_head_json":{"title":"SAGE The Crystal Clear - Erresse Shop","description":"SCH\u00d6NE GLASKANNE MIT ABFEDERNDEM DECKEL Das Wasser wird bei 2000 Watt schneller zum Kochen gebracht, als Sie durch das temperaturwechselbest\u00e4ndige Glas","robots":{"index":"index","follow":"follow","max-snippet":"max-snippet:-1","max-image-preview":"max-image-preview:large","max-video-preview":"max-video-preview:-1"},"canonical":"https:\/\/www.erresse-shop.it\/de\/shop\/kleine-elektrogeraete\/elektrische-wasserkocher\/sage-the-crystal-clear\/","og_locale":"de_DE","og_type":"article","og_title":"SAGE The Crystal Clear","og_description":"SCH\u00d6NE GLASKANNE MIT ABFEDERNDEM DECKEL Das Wasser wird bei 2000 Watt schneller zum Kochen gebracht, als Sie durch das temperaturwechselbest\u00e4ndige Glas","og_url":"https:\/\/www.erresse-shop.it\/de\/shop\/kleine-elektrogeraete\/elektrische-wasserkocher\/sage-the-crystal-clear\/","og_site_name":"Erresse Shop","article_modified_time":"2023-07-08T00:16:06+00:00","og_image":[{"width":992,"height":992,"url":"https:\/\/www.erresse-shop.it\/wp-content\/uploads\/2021\/06\/SKE750CLR.jpg","type":"image\/jpeg"}],"twitter_card":"summary_large_image","schema":{"@context":"https:\/\/schema.org","@graph":[{"@type":"WebPage","@id":"https:\/\/www.erresse-shop.it\/de\/shop\/kleine-elektrogeraete\/elektrische-wasserkocher\/sage-the-crystal-clear\/","url":"https:\/\/www.erresse-shop.it\/de\/shop\/kleine-elektrogeraete\/elektrische-wasserkocher\/sage-the-crystal-clear\/","name":"SAGE The Crystal Clear - Erresse Shop","isPartOf":{"@id":"https:\/\/www.erresse-shop.it\/de\/#website"},"datePublished":"2021-06-29T12:26:20+00:00","dateModified":"2023-07-08T00:16:06+00:00","description":"SCH\u00d6NE GLASKANNE MIT ABFEDERNDEM DECKEL Das Wasser wird bei 2000 Watt schneller zum Kochen gebracht, als Sie durch das temperaturwechselbest\u00e4ndige Glas","breadcrumb":{"@id":"https:\/\/www.erresse-shop.it\/de\/shop\/kleine-elektrogeraete\/elektrische-wasserkocher\/sage-the-crystal-clear\/#breadcrumb"},"inLanguage":"de-DE","potentialAction":[{"@type":"ReadAction","target":["https:\/\/www.erresse-shop.it\/de\/shop\/kleine-elektrogeraete\/elektrische-wasserkocher\/sage-the-crystal-clear\/"]}]},{"@type":"BreadcrumbList","@id":"https:\/\/www.erresse-shop.it\/de\/shop\/kleine-elektrogeraete\/elektrische-wasserkocher\/sage-the-crystal-clear\/#breadcrumb","itemListElement":[{"@type":"ListItem","position":1,"name":"Home","item":"https:\/\/www.erresse-shop.it\/de\/"},{"@type":"ListItem","position":2,"name":"Shop","item":"https:\/\/www.erresse-shop.it\/de\/shop\/"},{"@type":"ListItem","position":3,"name":"SAGE The Crystal Clear"}]},{"@type":"WebSite","@id":"https:\/\/www.erresse-shop.it\/de\/#website","url":"https:\/\/www.erresse-shop.it\/de\/","name":"Erresse Shop","description":"Articoli di qualit\u00e0 per la casa","potentialAction":[{"@type":"SearchAction","target":{"@type":"EntryPoint","urlTemplate":"https:\/\/www.erresse-shop.it\/de\/?s={search_term_string}"},"query-input":"required name=search_term_string"}],"inLanguage":"de-DE"}]}},"df_price":129.9,"df_sale_price":129.9,"df_regular_price":129.9,"df_image_link":"https:\/\/www.erresse-shop.it\/wp-content\/uploads\/2021\/06\/SKE750CLR-300x300.jpg","_links":{"self":[{"href":"https:\/\/www.erresse-shop.it\/de\/wp-json\/wp\/v2\/product\/107138"}],"collection":[{"href":"https:\/\/www.erresse-shop.it\/de\/wp-json\/wp\/v2\/product"}],"about":[{"href":"https:\/\/www.erresse-shop.it\/de\/wp-json\/wp\/v2\/types\/product"}],"wp:featuredmedia":[{"embeddable":true,"href":"https:\/\/www.erresse-shop.it\/de\/wp-json\/wp\/v2\/media\/107186"}],"wp:attachment":[{"href":"https:\/\/www.erresse-shop.it\/de\/wp-json\/wp\/v2\/media?parent=107138"}],"wp:term":[{"taxonomy":"product_cat","embeddable":true,"href":"https:\/\/www.erresse-shop.it\/de\/wp-json\/wp\/v2\/product_cat?post=107138"},{"taxonomy":"product_tag","embeddable":true,"href":"https:\/\/www.erresse-shop.it\/de\/wp-json\/wp\/v2\/product_tag?post=107138"}],"curies":[{"name":"wp","href":"https:\/\/api.w.org\/{rel}","templated":true}]}}