{"id":106986,"date":"2021-06-29T09:39:35","date_gmt":"2021-06-29T09:39:36","guid":{"rendered":"https:\/\/www.erresse-shop.it\/?post_type=product&#038;p=106986"},"modified":"2025-01-17T15:47:00","modified_gmt":"2025-01-17T15:47:00","slug":"staub-bouillabaisse-28-cm-dunkelblau","status":"publish","type":"product","link":"https:\/\/www.erresse-shop.it\/de\/shop\/toepfe-pfannen\/schmorpfannen\/staub-bouillabaisse-28-cm-dunkelblau\/","title":{"rendered":"STAUB Bouillabaisse 28 cm Dunkelblau"},"content":{"rendered":"<p>Hergestellt in Frankreich. Dank seines hohen Gewichts schlie\u00dft der Deckel die Kasserolle hermetisch ab und h\u00e4lt die Feuchtigkeit zur\u00fcck. Best\u00e4ndig in \u00d6fen bis zu 260\u00b0C. Knauf aus Edelstahl. Der glatte emaillierte Boden ist f\u00fcr alle Kochfelder geeignet. Jedes St\u00fcck ist ein Unikat. Raue Oberfl\u00e4che erzeugt au\u00dfergew\u00f6hnliche Br\u00e4unung. Erfordert keine vorbeugende Behandlung. Sp\u00fclmaschinenfest Abmessungen: 13,7 cm x 11,8 cm x 5 cm<\/p>\n<ul>\n<li>Ideal zum Abdichten und langsamen Garen von Fleisch, Fisch oder Gem\u00fcse<\/li>\n<li>F\u00fcr ein saftiges und zartes Garergebnis dank des Deckels<\/li>\n<li>Die mattschwarze Innenglasur ist ideal f\u00fcr eine besonders knusprige<\/li>\n<li>Anbratung und ist besonders langlebig<\/li>\n<\/ul>\n<p><strong>GR\u00d6SSE<\/strong><br \/>\nNettogewicht: 4,93 kg<br \/>\nInhalt: 4,65 l<br \/>\nProduktl\u00e4nge: 36,00 cm<br \/>\nProduktbreite: 29,00 cm<br \/>\nH\u00f6he des Produkts: 15,50 cm<br \/>\nH\u00f6he ohne Deckel: 13,20 cm<br \/>\nDurchmesser oben: 28,00 cm<br \/>\nDurchmesser unten: 23,70 cm<\/p>\n","protected":false},"excerpt":{"rendered":"<p>Hergestellt in Frankreich. Dank seines hohen Gewichts schlie\u00dft der Deckel die Kasserolle hermetisch ab und h\u00e4lt die Feuchtigkeit zur\u00fcck. Best\u00e4ndig<\/p>\n","protected":false},"featured_media":106994,"template":"","meta":{"_acf_changed":false,"inline_featured_image":false},"product_cat":[6709,14798],"product_tag":[15642,11385,12315,11607],"acf":[],"yoast_head":"<!-- This site is optimized with the Yoast SEO Premium plugin v18.6 (Yoast SEO v19.13) - https:\/\/yoast.com\/wordpress\/plugins\/seo\/ -->\n<title>STAUB Bouillabaisse 28 cm Dunkelblau<\/title>\n<meta name=\"description\" content=\"Entdecken Sie STAUB Bouillabaisse 28 cm Dunkelblau bei ErresseShop. Qualit\u00e4t, Stil und Funktionalit\u00e4t \u2013 jetzt online bestellen!\" \/>\n<meta name=\"robots\" content=\"index, follow, max-snippet:-1, max-image-preview:large, max-video-preview:-1\" \/>\n<link rel=\"canonical\" href=\"https:\/\/www.erresse-shop.it\/de\/shop\/toepfe-pfannen\/schmorpfannen\/staub-bouillabaisse-28-cm-dunkelblau\/\" \/>\n<meta property=\"og:locale\" content=\"de_DE\" \/>\n<meta property=\"og:type\" content=\"article\" \/>\n<meta property=\"og:title\" content=\"STAUB Bouillabaisse 28 cm Dunkelblau\" \/>\n<meta property=\"og:description\" content=\"Entdecken Sie STAUB Bouillabaisse 28 cm Dunkelblau bei ErresseShop. Qualit\u00e4t, Stil und Funktionalit\u00e4t \u2013 jetzt online bestellen!\" \/>\n<meta property=\"og:url\" content=\"https:\/\/www.erresse-shop.it\/de\/shop\/toepfe-pfannen\/schmorpfannen\/staub-bouillabaisse-28-cm-dunkelblau\/\" \/>\n<meta property=\"og:site_name\" content=\"Erresse Shop\" \/>\n<meta property=\"article:modified_time\" content=\"2025-01-17T15:47:00+00:00\" \/>\n<meta property=\"og:image\" content=\"https:\/\/www.erresse-shop.it\/wp-content\/uploads\/2021\/06\/40510-326.jpg\" \/>\n\t<meta property=\"og:image:width\" content=\"1350\" \/>\n\t<meta property=\"og:image:height\" content=\"1350\" \/>\n\t<meta property=\"og:image:type\" content=\"image\/jpeg\" \/>\n<meta name=\"twitter:card\" content=\"summary_large_image\" \/>\n<script type=\"application\/ld+json\" class=\"yoast-schema-graph\">{\"@context\":\"https:\/\/schema.org\",\"@graph\":[{\"@type\":\"WebPage\",\"@id\":\"https:\/\/www.erresse-shop.it\/de\/shop\/toepfe-pfannen\/schmorpfannen\/staub-bouillabaisse-28-cm-dunkelblau\/\",\"url\":\"https:\/\/www.erresse-shop.it\/de\/shop\/toepfe-pfannen\/schmorpfannen\/staub-bouillabaisse-28-cm-dunkelblau\/\",\"name\":\"STAUB Bouillabaisse 28 cm Dunkelblau\",\"isPartOf\":{\"@id\":\"https:\/\/www.erresse-shop.it\/de\/#website\"},\"datePublished\":\"2021-06-29T09:39:36+00:00\",\"dateModified\":\"2025-01-17T15:47:00+00:00\",\"description\":\"Entdecken Sie STAUB Bouillabaisse 28 cm Dunkelblau bei ErresseShop. Qualit\u00e4t, Stil und Funktionalit\u00e4t \u2013 jetzt online bestellen!\",\"breadcrumb\":{\"@id\":\"https:\/\/www.erresse-shop.it\/de\/shop\/toepfe-pfannen\/schmorpfannen\/staub-bouillabaisse-28-cm-dunkelblau\/#breadcrumb\"},\"inLanguage\":\"de-DE\",\"potentialAction\":[{\"@type\":\"ReadAction\",\"target\":[\"https:\/\/www.erresse-shop.it\/de\/shop\/toepfe-pfannen\/schmorpfannen\/staub-bouillabaisse-28-cm-dunkelblau\/\"]}]},{\"@type\":\"BreadcrumbList\",\"@id\":\"https:\/\/www.erresse-shop.it\/de\/shop\/toepfe-pfannen\/schmorpfannen\/staub-bouillabaisse-28-cm-dunkelblau\/#breadcrumb\",\"itemListElement\":[{\"@type\":\"ListItem\",\"position\":1,\"name\":\"Home\",\"item\":\"https:\/\/www.erresse-shop.it\/de\/\"},{\"@type\":\"ListItem\",\"position\":2,\"name\":\"Shop\",\"item\":\"https:\/\/www.erresse-shop.it\/de\/shop\/\"},{\"@type\":\"ListItem\",\"position\":3,\"name\":\"STAUB Bouillabaisse 28 cm Dunkelblau\"}]},{\"@type\":\"WebSite\",\"@id\":\"https:\/\/www.erresse-shop.it\/de\/#website\",\"url\":\"https:\/\/www.erresse-shop.it\/de\/\",\"name\":\"Erresse Shop\",\"description\":\"Articoli di qualit\u00e0 per la casa\",\"potentialAction\":[{\"@type\":\"SearchAction\",\"target\":{\"@type\":\"EntryPoint\",\"urlTemplate\":\"https:\/\/www.erresse-shop.it\/de\/?s={search_term_string}\"},\"query-input\":\"required name=search_term_string\"}],\"inLanguage\":\"de-DE\"}]}<\/script>\n<!-- \/ Yoast SEO Premium plugin. -->","yoast_head_json":{"title":"STAUB Bouillabaisse 28 cm Dunkelblau","description":"Entdecken Sie STAUB Bouillabaisse 28 cm Dunkelblau bei ErresseShop. Qualit\u00e4t, Stil und Funktionalit\u00e4t \u2013 jetzt online bestellen!","robots":{"index":"index","follow":"follow","max-snippet":"max-snippet:-1","max-image-preview":"max-image-preview:large","max-video-preview":"max-video-preview:-1"},"canonical":"https:\/\/www.erresse-shop.it\/de\/shop\/toepfe-pfannen\/schmorpfannen\/staub-bouillabaisse-28-cm-dunkelblau\/","og_locale":"de_DE","og_type":"article","og_title":"STAUB Bouillabaisse 28 cm Dunkelblau","og_description":"Entdecken Sie STAUB Bouillabaisse 28 cm Dunkelblau bei ErresseShop. Qualit\u00e4t, Stil und Funktionalit\u00e4t \u2013 jetzt online bestellen!","og_url":"https:\/\/www.erresse-shop.it\/de\/shop\/toepfe-pfannen\/schmorpfannen\/staub-bouillabaisse-28-cm-dunkelblau\/","og_site_name":"Erresse Shop","article_modified_time":"2025-01-17T15:47:00+00:00","og_image":[{"width":1350,"height":1350,"url":"https:\/\/www.erresse-shop.it\/wp-content\/uploads\/2021\/06\/40510-326.jpg","type":"image\/jpeg"}],"twitter_card":"summary_large_image","schema":{"@context":"https:\/\/schema.org","@graph":[{"@type":"WebPage","@id":"https:\/\/www.erresse-shop.it\/de\/shop\/toepfe-pfannen\/schmorpfannen\/staub-bouillabaisse-28-cm-dunkelblau\/","url":"https:\/\/www.erresse-shop.it\/de\/shop\/toepfe-pfannen\/schmorpfannen\/staub-bouillabaisse-28-cm-dunkelblau\/","name":"STAUB Bouillabaisse 28 cm Dunkelblau","isPartOf":{"@id":"https:\/\/www.erresse-shop.it\/de\/#website"},"datePublished":"2021-06-29T09:39:36+00:00","dateModified":"2025-01-17T15:47:00+00:00","description":"Entdecken Sie STAUB Bouillabaisse 28 cm Dunkelblau bei ErresseShop. Qualit\u00e4t, Stil und Funktionalit\u00e4t \u2013 jetzt online bestellen!","breadcrumb":{"@id":"https:\/\/www.erresse-shop.it\/de\/shop\/toepfe-pfannen\/schmorpfannen\/staub-bouillabaisse-28-cm-dunkelblau\/#breadcrumb"},"inLanguage":"de-DE","potentialAction":[{"@type":"ReadAction","target":["https:\/\/www.erresse-shop.it\/de\/shop\/toepfe-pfannen\/schmorpfannen\/staub-bouillabaisse-28-cm-dunkelblau\/"]}]},{"@type":"BreadcrumbList","@id":"https:\/\/www.erresse-shop.it\/de\/shop\/toepfe-pfannen\/schmorpfannen\/staub-bouillabaisse-28-cm-dunkelblau\/#breadcrumb","itemListElement":[{"@type":"ListItem","position":1,"name":"Home","item":"https:\/\/www.erresse-shop.it\/de\/"},{"@type":"ListItem","position":2,"name":"Shop","item":"https:\/\/www.erresse-shop.it\/de\/shop\/"},{"@type":"ListItem","position":3,"name":"STAUB Bouillabaisse 28 cm Dunkelblau"}]},{"@type":"WebSite","@id":"https:\/\/www.erresse-shop.it\/de\/#website","url":"https:\/\/www.erresse-shop.it\/de\/","name":"Erresse Shop","description":"Articoli di qualit\u00e0 per la casa","potentialAction":[{"@type":"SearchAction","target":{"@type":"EntryPoint","urlTemplate":"https:\/\/www.erresse-shop.it\/de\/?s={search_term_string}"},"query-input":"required name=search_term_string"}],"inLanguage":"de-DE"}]}},"df_price":209,"df_sale_price":209,"df_regular_price":339,"df_image_link":"https:\/\/www.erresse-shop.it\/wp-content\/uploads\/2021\/06\/40510-326-300x300.jpg","_links":{"self":[{"href":"https:\/\/www.erresse-shop.it\/de\/wp-json\/wp\/v2\/product\/106986"}],"collection":[{"href":"https:\/\/www.erresse-shop.it\/de\/wp-json\/wp\/v2\/product"}],"about":[{"href":"https:\/\/www.erresse-shop.it\/de\/wp-json\/wp\/v2\/types\/product"}],"wp:featuredmedia":[{"embeddable":true,"href":"https:\/\/www.erresse-shop.it\/de\/wp-json\/wp\/v2\/media\/106994"}],"wp:attachment":[{"href":"https:\/\/www.erresse-shop.it\/de\/wp-json\/wp\/v2\/media?parent=106986"}],"wp:term":[{"taxonomy":"product_cat","embeddable":true,"href":"https:\/\/www.erresse-shop.it\/de\/wp-json\/wp\/v2\/product_cat?post=106986"},{"taxonomy":"product_tag","embeddable":true,"href":"https:\/\/www.erresse-shop.it\/de\/wp-json\/wp\/v2\/product_tag?post=106986"}],"curies":[{"name":"wp","href":"https:\/\/api.w.org\/{rel}","templated":true}]}}