{"id":106971,"date":"2021-06-29T09:06:51","date_gmt":"2021-06-29T09:06:51","guid":{"rendered":"https:\/\/www.erresse-shop.it\/?post_type=product&#038;p=106971"},"modified":"2025-01-17T15:46:59","modified_gmt":"2025-01-17T15:46:59","slug":"staub-huhnerherd-24-cm-schwarz","status":"publish","type":"product","link":"https:\/\/www.erresse-shop.it\/de\/shop\/toepfe-pfannen\/toepfe-und-backformen\/staub-huhnerherd-24-cm-schwarz\/","title":{"rendered":"STAUB H\u00fchnerherd 24 cm Schwarz"},"content":{"rendered":"<p>Mit der runden Bratpfanne von <strong>Staub<\/strong> k\u00f6nnen Sie knusprige H\u00e4hnchen mit einem &#8220;frisch vom Grill&#8221;-Geschmack zubereiten. Legen Sie das H\u00e4hnchen einfach in den Br\u00e4ter und schieben Sie es in den Ofen, um es von allen Seiten gleichm\u00e4\u00dfig zu garen und eine knusprige Haut zu erhalten. Der Bratentopf von Staub verf\u00fcgt \u00fcber einen w\u00e4rmeleitenden Gusseisenspie\u00df, der daf\u00fcr sorgt, dass das H\u00e4hnchen vollst\u00e4ndig gegart wird. Der Rest der Pfanne ist ebenfalls aus Gusseisen gefertigt und mit mattschwarzer Emaille beschichtet. Die <em>24 cm<\/em> breite Auffangschale f\u00e4ngt \u00fcbersch\u00fcssiges Fett auf und sorgt so f\u00fcr zartes, fettarmes Fleisch. Die gro\u00dfe runde Bratpfanne hilft auch dabei, den Ofen sauber zu halten, so dass Sie an nichts anderes denken m\u00fcssen als an das zubereitete Gericht. Der Bratentopf von Staub kann in jedem Ofen zum Garen von H\u00e4hnchen und Gefl\u00fcgel im Allgemeinen verwendet werden. Das Gewicht dieser Pfanne macht sie extrem stabil, auch beim Garen gro\u00dfer V\u00f6gel. Dank der seitlichen Griffe l\u00e4sst er sich zudem leicht in den Ofen einschieben und herausnehmen. Die Staub Bratpfanne bietet eine gesunde, fettarme Variante zum Garen von Ente, kleinen Truth\u00e4hnen oder Rebhuhn.<\/p>\n<ul>\n<li>F\u00fcr die Zubereitung ganzer H\u00e4hnchen<\/li>\n<li>Ein gew\u00fcrztes oder mariniertes Huhn, Perlhuhn oder eine kleine Ente wird einfach aufrecht gestellt<\/li>\n<li>Beilagen k\u00f6nnen in die Schale gelegt werden<\/li>\n<li>Das emaillierte Gusseisen<\/li>\n<li>Zwei seitliche Ausgie\u00dfer erleichtern das Ablassen von \u00fcbersch\u00fcssigem Fett oder Fl\u00fcssigkeit<\/li>\n<\/ul>\n<p><strong>GR\u00d6SSE<\/strong><br \/>\nNettogewicht: 2,67 kg<br \/>\nInhalt: 1,00 l<br \/>\nProduktl\u00e4nge: 26,20 cm<br \/>\nProduktbreite: 22,20 cm<br \/>\nProdukth\u00f6he: 11,50 cm<br \/>\nOberer Durchmesser: 24,00 cm<\/p>\n","protected":false},"excerpt":{"rendered":"<p>Mit der runden Bratpfanne von Staub k\u00f6nnen Sie knusprige H\u00e4hnchen mit einem &#8220;frisch vom Grill&#8221;-Geschmack zubereiten. Legen Sie das H\u00e4hnchen<\/p>\n","protected":false},"featured_media":106979,"template":"","meta":{"_acf_changed":false,"inline_featured_image":false},"product_cat":[6709,14806],"product_tag":[14572,15637,11385,12315],"acf":[],"yoast_head":"<!-- This site is optimized with the Yoast SEO Premium plugin v18.6 (Yoast SEO v19.13) - https:\/\/yoast.com\/wordpress\/plugins\/seo\/ -->\n<title>STAUB H\u00fchnerherd 24 cm Schwarz<\/title>\n<meta name=\"description\" content=\"Entdecken Sie STAUB H\u00fchnerherd 24 cm Schwarz bei ErresseShop. Qualit\u00e4t, Stil und Funktionalit\u00e4t \u2013 jetzt online bestellen!\" \/>\n<meta name=\"robots\" content=\"index, follow, max-snippet:-1, max-image-preview:large, max-video-preview:-1\" \/>\n<link rel=\"canonical\" href=\"https:\/\/www.erresse-shop.it\/de\/shop\/toepfe-pfannen\/toepfe-und-backformen\/staub-huhnerherd-24-cm-schwarz\/\" \/>\n<meta property=\"og:locale\" content=\"de_DE\" \/>\n<meta property=\"og:type\" content=\"article\" \/>\n<meta property=\"og:title\" content=\"STAUB H\u00fchnerherd 24 cm Schwarz\" \/>\n<meta property=\"og:description\" content=\"Entdecken Sie STAUB H\u00fchnerherd 24 cm Schwarz bei ErresseShop. Qualit\u00e4t, Stil und Funktionalit\u00e4t \u2013 jetzt online bestellen!\" \/>\n<meta property=\"og:url\" content=\"https:\/\/www.erresse-shop.it\/de\/shop\/toepfe-pfannen\/toepfe-und-backformen\/staub-huhnerherd-24-cm-schwarz\/\" \/>\n<meta property=\"og:site_name\" content=\"Erresse Shop\" \/>\n<meta property=\"article:modified_time\" content=\"2025-01-17T15:46:59+00:00\" \/>\n<meta property=\"og:image\" content=\"https:\/\/www.erresse-shop.it\/wp-content\/uploads\/2021\/06\/40509-339.jpg\" \/>\n\t<meta property=\"og:image:width\" content=\"1350\" \/>\n\t<meta property=\"og:image:height\" content=\"1350\" \/>\n\t<meta property=\"og:image:type\" content=\"image\/jpeg\" \/>\n<meta name=\"twitter:card\" content=\"summary_large_image\" \/>\n<script type=\"application\/ld+json\" class=\"yoast-schema-graph\">{\"@context\":\"https:\/\/schema.org\",\"@graph\":[{\"@type\":\"WebPage\",\"@id\":\"https:\/\/www.erresse-shop.it\/de\/shop\/toepfe-pfannen\/toepfe-und-backformen\/staub-huhnerherd-24-cm-schwarz\/\",\"url\":\"https:\/\/www.erresse-shop.it\/de\/shop\/toepfe-pfannen\/toepfe-und-backformen\/staub-huhnerherd-24-cm-schwarz\/\",\"name\":\"STAUB H\u00fchnerherd 24 cm Schwarz\",\"isPartOf\":{\"@id\":\"https:\/\/www.erresse-shop.it\/de\/#website\"},\"datePublished\":\"2021-06-29T09:06:51+00:00\",\"dateModified\":\"2025-01-17T15:46:59+00:00\",\"description\":\"Entdecken Sie STAUB H\u00fchnerherd 24 cm Schwarz bei ErresseShop. Qualit\u00e4t, Stil und Funktionalit\u00e4t \u2013 jetzt online bestellen!\",\"breadcrumb\":{\"@id\":\"https:\/\/www.erresse-shop.it\/de\/shop\/toepfe-pfannen\/toepfe-und-backformen\/staub-huhnerherd-24-cm-schwarz\/#breadcrumb\"},\"inLanguage\":\"de-DE\",\"potentialAction\":[{\"@type\":\"ReadAction\",\"target\":[\"https:\/\/www.erresse-shop.it\/de\/shop\/toepfe-pfannen\/toepfe-und-backformen\/staub-huhnerherd-24-cm-schwarz\/\"]}]},{\"@type\":\"BreadcrumbList\",\"@id\":\"https:\/\/www.erresse-shop.it\/de\/shop\/toepfe-pfannen\/toepfe-und-backformen\/staub-huhnerherd-24-cm-schwarz\/#breadcrumb\",\"itemListElement\":[{\"@type\":\"ListItem\",\"position\":1,\"name\":\"Home\",\"item\":\"https:\/\/www.erresse-shop.it\/de\/\"},{\"@type\":\"ListItem\",\"position\":2,\"name\":\"Shop\",\"item\":\"https:\/\/www.erresse-shop.it\/de\/shop\/\"},{\"@type\":\"ListItem\",\"position\":3,\"name\":\"STAUB H\u00fchnerherd 24 cm Schwarz\"}]},{\"@type\":\"WebSite\",\"@id\":\"https:\/\/www.erresse-shop.it\/de\/#website\",\"url\":\"https:\/\/www.erresse-shop.it\/de\/\",\"name\":\"Erresse Shop\",\"description\":\"Articoli di qualit\u00e0 per la casa\",\"potentialAction\":[{\"@type\":\"SearchAction\",\"target\":{\"@type\":\"EntryPoint\",\"urlTemplate\":\"https:\/\/www.erresse-shop.it\/de\/?s={search_term_string}\"},\"query-input\":\"required name=search_term_string\"}],\"inLanguage\":\"de-DE\"}]}<\/script>\n<!-- \/ Yoast SEO Premium plugin. -->","yoast_head_json":{"title":"STAUB H\u00fchnerherd 24 cm Schwarz","description":"Entdecken Sie STAUB H\u00fchnerherd 24 cm Schwarz bei ErresseShop. Qualit\u00e4t, Stil und Funktionalit\u00e4t \u2013 jetzt online bestellen!","robots":{"index":"index","follow":"follow","max-snippet":"max-snippet:-1","max-image-preview":"max-image-preview:large","max-video-preview":"max-video-preview:-1"},"canonical":"https:\/\/www.erresse-shop.it\/de\/shop\/toepfe-pfannen\/toepfe-und-backformen\/staub-huhnerherd-24-cm-schwarz\/","og_locale":"de_DE","og_type":"article","og_title":"STAUB H\u00fchnerherd 24 cm Schwarz","og_description":"Entdecken Sie STAUB H\u00fchnerherd 24 cm Schwarz bei ErresseShop. Qualit\u00e4t, Stil und Funktionalit\u00e4t \u2013 jetzt online bestellen!","og_url":"https:\/\/www.erresse-shop.it\/de\/shop\/toepfe-pfannen\/toepfe-und-backformen\/staub-huhnerherd-24-cm-schwarz\/","og_site_name":"Erresse Shop","article_modified_time":"2025-01-17T15:46:59+00:00","og_image":[{"width":1350,"height":1350,"url":"https:\/\/www.erresse-shop.it\/wp-content\/uploads\/2021\/06\/40509-339.jpg","type":"image\/jpeg"}],"twitter_card":"summary_large_image","schema":{"@context":"https:\/\/schema.org","@graph":[{"@type":"WebPage","@id":"https:\/\/www.erresse-shop.it\/de\/shop\/toepfe-pfannen\/toepfe-und-backformen\/staub-huhnerherd-24-cm-schwarz\/","url":"https:\/\/www.erresse-shop.it\/de\/shop\/toepfe-pfannen\/toepfe-und-backformen\/staub-huhnerherd-24-cm-schwarz\/","name":"STAUB H\u00fchnerherd 24 cm Schwarz","isPartOf":{"@id":"https:\/\/www.erresse-shop.it\/de\/#website"},"datePublished":"2021-06-29T09:06:51+00:00","dateModified":"2025-01-17T15:46:59+00:00","description":"Entdecken Sie STAUB H\u00fchnerherd 24 cm Schwarz bei ErresseShop. Qualit\u00e4t, Stil und Funktionalit\u00e4t \u2013 jetzt online bestellen!","breadcrumb":{"@id":"https:\/\/www.erresse-shop.it\/de\/shop\/toepfe-pfannen\/toepfe-und-backformen\/staub-huhnerherd-24-cm-schwarz\/#breadcrumb"},"inLanguage":"de-DE","potentialAction":[{"@type":"ReadAction","target":["https:\/\/www.erresse-shop.it\/de\/shop\/toepfe-pfannen\/toepfe-und-backformen\/staub-huhnerherd-24-cm-schwarz\/"]}]},{"@type":"BreadcrumbList","@id":"https:\/\/www.erresse-shop.it\/de\/shop\/toepfe-pfannen\/toepfe-und-backformen\/staub-huhnerherd-24-cm-schwarz\/#breadcrumb","itemListElement":[{"@type":"ListItem","position":1,"name":"Home","item":"https:\/\/www.erresse-shop.it\/de\/"},{"@type":"ListItem","position":2,"name":"Shop","item":"https:\/\/www.erresse-shop.it\/de\/shop\/"},{"@type":"ListItem","position":3,"name":"STAUB H\u00fchnerherd 24 cm Schwarz"}]},{"@type":"WebSite","@id":"https:\/\/www.erresse-shop.it\/de\/#website","url":"https:\/\/www.erresse-shop.it\/de\/","name":"Erresse Shop","description":"Articoli di qualit\u00e0 per la casa","potentialAction":[{"@type":"SearchAction","target":{"@type":"EntryPoint","urlTemplate":"https:\/\/www.erresse-shop.it\/de\/?s={search_term_string}"},"query-input":"required name=search_term_string"}],"inLanguage":"de-DE"}]}},"df_price":79.5,"df_sale_price":79.5,"df_regular_price":159,"df_image_link":"https:\/\/www.erresse-shop.it\/wp-content\/uploads\/2021\/06\/40509-339-300x300.jpg","_links":{"self":[{"href":"https:\/\/www.erresse-shop.it\/de\/wp-json\/wp\/v2\/product\/106971"}],"collection":[{"href":"https:\/\/www.erresse-shop.it\/de\/wp-json\/wp\/v2\/product"}],"about":[{"href":"https:\/\/www.erresse-shop.it\/de\/wp-json\/wp\/v2\/types\/product"}],"wp:featuredmedia":[{"embeddable":true,"href":"https:\/\/www.erresse-shop.it\/de\/wp-json\/wp\/v2\/media\/106979"}],"wp:attachment":[{"href":"https:\/\/www.erresse-shop.it\/de\/wp-json\/wp\/v2\/media?parent=106971"}],"wp:term":[{"taxonomy":"product_cat","embeddable":true,"href":"https:\/\/www.erresse-shop.it\/de\/wp-json\/wp\/v2\/product_cat?post=106971"},{"taxonomy":"product_tag","embeddable":true,"href":"https:\/\/www.erresse-shop.it\/de\/wp-json\/wp\/v2\/product_tag?post=106971"}],"curies":[{"name":"wp","href":"https:\/\/api.w.org\/{rel}","templated":true}]}}