{"id":106935,"date":"2021-06-29T08:40:06","date_gmt":"2021-06-29T08:40:07","guid":{"rendered":"https:\/\/www.erresse-shop.it\/?post_type=product&#038;p=106935"},"modified":"2025-01-17T15:46:58","modified_gmt":"2025-01-17T15:46:58","slug":"staub-cocotte-artischocke-22-cm","status":"publish","type":"product","link":"https:\/\/www.erresse-shop.it\/de\/shop\/toepfe-pfannen\/schalldaempfer-und-kokotten\/staub-cocotte-artischocke-22-cm\/","title":{"rendered":"STAUB Cocotte Artischocke  22 cm"},"content":{"rendered":"<p>Dieses Produkt kann leichte Unvollkommenheiten aufweisen. Diese beeintr\u00e4chtigen jedoch nicht seine Leistung. Dazu k\u00f6nnen Verf\u00e4rbungen, Flecken oder Absplitterungen geh\u00f6ren, die von der Glasur \u00fcberdeckt werden. Mit seinen Wurzeln im kulinarischen Erbe Frankreichs ist Staub eine Marke, die von Profis und Hobbyk\u00f6chen gleicherma\u00dfen f\u00fcr ihre Herstellungsqualit\u00e4t, au\u00dfergew\u00f6hnliche Leistung und zeitlose Sch\u00f6nheit geliebt wird. Die Spezialt\u00f6pfe von <strong>Staub<\/strong> haben einzigartig gestaltete Deckel, die traditionelle T\u00f6pfe in k\u00f6stliche Tafelaufs\u00e4tze verwandeln. Inspiriert von der Tomaten- und der K\u00fcrbiskokotte ist die 2,8-Liter-<em>Artischocken-Kokotte<\/em> ein weiterer Bio-Markt-Favorit, aber diesmal in einer Basilikumfarbe. Jede Staub-Sonderform geht elegant und m\u00fchelos vom Ofen auf den Tisch \u00fcber: Sie k\u00f6nnen mit derselben Pfanne kochen und servieren. Ganz im Sinne der franz\u00f6sischen Familientradition k\u00f6nnen diese Erbst\u00fccke von Generation zu Generation weitergegeben werden.<\/p>\n<ul>\n<li>Kunstvolles und nat\u00fcrliches Design in Form einer Artischocke<\/li>\n<li>Traditionelle Handwerkskunst kombiniert mit h\u00f6chster Qualit\u00e4t<\/li>\n<li>Saftige und aromatische Garergebnisse<\/li>\n<li>Gusseisen: ideal zum Braten, Kochen und Schmoren bei geringem Energieverbrauch<\/li>\n<li>Geeignet f\u00fcr alle Arten von Kochfeldern, einschlie\u00dflich Induktion, kann auch in den Backofen\/Grill gestellt werden<\/li>\n<li>Vom Ofen direkt auf den Tisch<\/li>\n<li>Sp\u00fclmaschinenfest \/ Backofenfest bis zu 500 F<\/li>\n<\/ul>\n<p><strong>DIMENSION<\/strong><br \/>\nNettogewicht: 4,40 kg<br \/>\nInhalt: 3,00 l<br \/>\nProduktl\u00e4nge: 29,00 cm<br \/>\nProduktbreite: 22,00 cm<br \/>\nProdukth\u00f6he: 19,60 cm<br \/>\nOberer Durchmesser: 22,00 cm<\/p>\n","protected":false},"excerpt":{"rendered":"<p>Dieses Produkt kann leichte Unvollkommenheiten aufweisen. Diese beeintr\u00e4chtigen jedoch nicht seine Leistung. Dazu k\u00f6nnen Verf\u00e4rbungen, Flecken oder Absplitterungen geh\u00f6ren, die<\/p>\n","protected":false},"featured_media":106943,"template":"","meta":{"_acf_changed":false,"inline_featured_image":false},"product_cat":[6709,14793],"product_tag":[11387,11381,11385,12315,12205],"acf":[],"yoast_head":"<!-- This site is optimized with the Yoast SEO Premium plugin v18.6 (Yoast SEO v19.13) - https:\/\/yoast.com\/wordpress\/plugins\/seo\/ -->\n<title>STAUB Cocotte Artischocke 22 cm<\/title>\n<meta name=\"description\" content=\"Entdecken Sie STAUB Cocotte Artischocke\u00a0 22 cm bei ErresseShop. Qualit\u00e4t, Stil und Funktionalit\u00e4t \u2013 jetzt online bestellen!\" \/>\n<meta name=\"robots\" content=\"index, follow, max-snippet:-1, max-image-preview:large, max-video-preview:-1\" \/>\n<link rel=\"canonical\" href=\"https:\/\/www.erresse-shop.it\/de\/shop\/toepfe-pfannen\/schalldaempfer-und-kokotten\/staub-cocotte-artischocke-22-cm\/\" \/>\n<meta property=\"og:locale\" content=\"de_DE\" \/>\n<meta property=\"og:type\" content=\"article\" \/>\n<meta property=\"og:title\" content=\"STAUB Cocotte Artischocke 22 cm\" \/>\n<meta property=\"og:description\" content=\"Entdecken Sie STAUB Cocotte Artischocke\u00a0 22 cm bei ErresseShop. Qualit\u00e4t, Stil und Funktionalit\u00e4t \u2013 jetzt online bestellen!\" \/>\n<meta property=\"og:url\" content=\"https:\/\/www.erresse-shop.it\/de\/shop\/toepfe-pfannen\/schalldaempfer-und-kokotten\/staub-cocotte-artischocke-22-cm\/\" \/>\n<meta property=\"og:site_name\" content=\"Erresse Shop\" \/>\n<meta property=\"article:modified_time\" content=\"2025-01-17T15:46:58+00:00\" \/>\n<meta property=\"og:image\" content=\"https:\/\/www.erresse-shop.it\/wp-content\/uploads\/2021\/06\/40501-094.jpg\" \/>\n\t<meta property=\"og:image:width\" content=\"1350\" \/>\n\t<meta property=\"og:image:height\" content=\"1350\" \/>\n\t<meta property=\"og:image:type\" content=\"image\/jpeg\" \/>\n<meta name=\"twitter:card\" content=\"summary_large_image\" \/>\n<script type=\"application\/ld+json\" class=\"yoast-schema-graph\">{\"@context\":\"https:\/\/schema.org\",\"@graph\":[{\"@type\":\"WebPage\",\"@id\":\"https:\/\/www.erresse-shop.it\/de\/shop\/toepfe-pfannen\/schalldaempfer-und-kokotten\/staub-cocotte-artischocke-22-cm\/\",\"url\":\"https:\/\/www.erresse-shop.it\/de\/shop\/toepfe-pfannen\/schalldaempfer-und-kokotten\/staub-cocotte-artischocke-22-cm\/\",\"name\":\"STAUB Cocotte Artischocke 22 cm\",\"isPartOf\":{\"@id\":\"https:\/\/www.erresse-shop.it\/de\/#website\"},\"datePublished\":\"2021-06-29T08:40:07+00:00\",\"dateModified\":\"2025-01-17T15:46:58+00:00\",\"description\":\"Entdecken Sie STAUB Cocotte Artischocke\u00a0 22 cm bei ErresseShop. Qualit\u00e4t, Stil und Funktionalit\u00e4t \u2013 jetzt online bestellen!\",\"breadcrumb\":{\"@id\":\"https:\/\/www.erresse-shop.it\/de\/shop\/toepfe-pfannen\/schalldaempfer-und-kokotten\/staub-cocotte-artischocke-22-cm\/#breadcrumb\"},\"inLanguage\":\"de-DE\",\"potentialAction\":[{\"@type\":\"ReadAction\",\"target\":[\"https:\/\/www.erresse-shop.it\/de\/shop\/toepfe-pfannen\/schalldaempfer-und-kokotten\/staub-cocotte-artischocke-22-cm\/\"]}]},{\"@type\":\"BreadcrumbList\",\"@id\":\"https:\/\/www.erresse-shop.it\/de\/shop\/toepfe-pfannen\/schalldaempfer-und-kokotten\/staub-cocotte-artischocke-22-cm\/#breadcrumb\",\"itemListElement\":[{\"@type\":\"ListItem\",\"position\":1,\"name\":\"Home\",\"item\":\"https:\/\/www.erresse-shop.it\/de\/\"},{\"@type\":\"ListItem\",\"position\":2,\"name\":\"Shop\",\"item\":\"https:\/\/www.erresse-shop.it\/de\/shop\/\"},{\"@type\":\"ListItem\",\"position\":3,\"name\":\"STAUB Cocotte Artischocke 22 cm\"}]},{\"@type\":\"WebSite\",\"@id\":\"https:\/\/www.erresse-shop.it\/de\/#website\",\"url\":\"https:\/\/www.erresse-shop.it\/de\/\",\"name\":\"Erresse Shop\",\"description\":\"Articoli di qualit\u00e0 per la casa\",\"potentialAction\":[{\"@type\":\"SearchAction\",\"target\":{\"@type\":\"EntryPoint\",\"urlTemplate\":\"https:\/\/www.erresse-shop.it\/de\/?s={search_term_string}\"},\"query-input\":\"required name=search_term_string\"}],\"inLanguage\":\"de-DE\"}]}<\/script>\n<!-- \/ Yoast SEO Premium plugin. -->","yoast_head_json":{"title":"STAUB Cocotte Artischocke 22 cm","description":"Entdecken Sie STAUB Cocotte Artischocke\u00a0 22 cm bei ErresseShop. Qualit\u00e4t, Stil und Funktionalit\u00e4t \u2013 jetzt online bestellen!","robots":{"index":"index","follow":"follow","max-snippet":"max-snippet:-1","max-image-preview":"max-image-preview:large","max-video-preview":"max-video-preview:-1"},"canonical":"https:\/\/www.erresse-shop.it\/de\/shop\/toepfe-pfannen\/schalldaempfer-und-kokotten\/staub-cocotte-artischocke-22-cm\/","og_locale":"de_DE","og_type":"article","og_title":"STAUB Cocotte Artischocke 22 cm","og_description":"Entdecken Sie STAUB Cocotte Artischocke\u00a0 22 cm bei ErresseShop. Qualit\u00e4t, Stil und Funktionalit\u00e4t \u2013 jetzt online bestellen!","og_url":"https:\/\/www.erresse-shop.it\/de\/shop\/toepfe-pfannen\/schalldaempfer-und-kokotten\/staub-cocotte-artischocke-22-cm\/","og_site_name":"Erresse Shop","article_modified_time":"2025-01-17T15:46:58+00:00","og_image":[{"width":1350,"height":1350,"url":"https:\/\/www.erresse-shop.it\/wp-content\/uploads\/2021\/06\/40501-094.jpg","type":"image\/jpeg"}],"twitter_card":"summary_large_image","schema":{"@context":"https:\/\/schema.org","@graph":[{"@type":"WebPage","@id":"https:\/\/www.erresse-shop.it\/de\/shop\/toepfe-pfannen\/schalldaempfer-und-kokotten\/staub-cocotte-artischocke-22-cm\/","url":"https:\/\/www.erresse-shop.it\/de\/shop\/toepfe-pfannen\/schalldaempfer-und-kokotten\/staub-cocotte-artischocke-22-cm\/","name":"STAUB Cocotte Artischocke 22 cm","isPartOf":{"@id":"https:\/\/www.erresse-shop.it\/de\/#website"},"datePublished":"2021-06-29T08:40:07+00:00","dateModified":"2025-01-17T15:46:58+00:00","description":"Entdecken Sie STAUB Cocotte Artischocke\u00a0 22 cm bei ErresseShop. Qualit\u00e4t, Stil und Funktionalit\u00e4t \u2013 jetzt online bestellen!","breadcrumb":{"@id":"https:\/\/www.erresse-shop.it\/de\/shop\/toepfe-pfannen\/schalldaempfer-und-kokotten\/staub-cocotte-artischocke-22-cm\/#breadcrumb"},"inLanguage":"de-DE","potentialAction":[{"@type":"ReadAction","target":["https:\/\/www.erresse-shop.it\/de\/shop\/toepfe-pfannen\/schalldaempfer-und-kokotten\/staub-cocotte-artischocke-22-cm\/"]}]},{"@type":"BreadcrumbList","@id":"https:\/\/www.erresse-shop.it\/de\/shop\/toepfe-pfannen\/schalldaempfer-und-kokotten\/staub-cocotte-artischocke-22-cm\/#breadcrumb","itemListElement":[{"@type":"ListItem","position":1,"name":"Home","item":"https:\/\/www.erresse-shop.it\/de\/"},{"@type":"ListItem","position":2,"name":"Shop","item":"https:\/\/www.erresse-shop.it\/de\/shop\/"},{"@type":"ListItem","position":3,"name":"STAUB Cocotte Artischocke 22 cm"}]},{"@type":"WebSite","@id":"https:\/\/www.erresse-shop.it\/de\/#website","url":"https:\/\/www.erresse-shop.it\/de\/","name":"Erresse Shop","description":"Articoli di qualit\u00e0 per la casa","potentialAction":[{"@type":"SearchAction","target":{"@type":"EntryPoint","urlTemplate":"https:\/\/www.erresse-shop.it\/de\/?s={search_term_string}"},"query-input":"required name=search_term_string"}],"inLanguage":"de-DE"}]}},"df_price":144.5,"df_sale_price":144.5,"df_regular_price":289,"df_image_link":"https:\/\/www.erresse-shop.it\/wp-content\/uploads\/2021\/06\/40501-094-300x300.jpg","_links":{"self":[{"href":"https:\/\/www.erresse-shop.it\/de\/wp-json\/wp\/v2\/product\/106935"}],"collection":[{"href":"https:\/\/www.erresse-shop.it\/de\/wp-json\/wp\/v2\/product"}],"about":[{"href":"https:\/\/www.erresse-shop.it\/de\/wp-json\/wp\/v2\/types\/product"}],"wp:featuredmedia":[{"embeddable":true,"href":"https:\/\/www.erresse-shop.it\/de\/wp-json\/wp\/v2\/media\/106943"}],"wp:attachment":[{"href":"https:\/\/www.erresse-shop.it\/de\/wp-json\/wp\/v2\/media?parent=106935"}],"wp:term":[{"taxonomy":"product_cat","embeddable":true,"href":"https:\/\/www.erresse-shop.it\/de\/wp-json\/wp\/v2\/product_cat?post=106935"},{"taxonomy":"product_tag","embeddable":true,"href":"https:\/\/www.erresse-shop.it\/de\/wp-json\/wp\/v2\/product_tag?post=106935"}],"curies":[{"name":"wp","href":"https:\/\/api.w.org\/{rel}","templated":true}]}}