{"id":106930,"date":"2021-06-29T08:12:26","date_gmt":"2021-06-29T08:12:26","guid":{"rendered":"https:\/\/www.erresse-shop.it\/?post_type=product&#038;p=106930"},"modified":"2023-07-08T00:15:59","modified_gmt":"2023-07-08T00:15:59","slug":"sage-the-soft-top-pure","status":"publish","type":"product","link":"https:\/\/www.erresse-shop.it\/de\/shop\/kleine-elektrogeraete\/elektrische-wasserkocher\/sage-the-soft-top-pure\/","title":{"rendered":"SAGE The Soft Top Pure"},"content":{"rendered":"<p><strong>BPA-FREIES SICHTFENSTER &amp; METALLFILTER<\/strong><br \/>\nEin angenehmer Handgriff und ein abgefederter Deckel machen das Teekochen fast so angenehm wie das Teetrinken. Der &#8220;Push&#8221;-Knopf und der Deckel bieten Spritzschutz.<\/p>\n<p><strong>DUALE EASY-VIEW-WASSERFENSTER<\/strong><br \/>\nAus BPA-freiem Material.<\/p>\n<p><strong>ABGEFEDERTER DECKEL<\/strong><br \/>\nBeim Einschenken des hei\u00dfen Wassers k\u00f6nnen schnell Verbrennungen entstehen. Der speziell abgefederte Deckel verschl\u00e4gt Dampf und reduziert Wasserspritzer.<\/p>\n<p><strong>ERGONOMISCHE BEDIENUNG<\/strong><br \/>\nDeckel\u00f6ffnungsknopf und beleuchteter Power-Knopf.<\/p>\n<p><strong>GRO\u00dfES FASSUNSVERM\u00d6GEN<\/strong><br \/>\n1,7 l.<\/p>\n<p><strong>KABELLOSER KOMFORT<\/strong><br \/>\nKabellose Kanne mit 360 Grad drehbahrem Aufsetzer und Kabelaufwicklung.<\/p>\n<p><strong>PRODUKTSPEZIFIKATION<\/strong><br \/>\n&#8211; Abmessung (BxTxH): 22.9 x 21.6 x 24.1 cm<br \/>\n&#8211; Garantie: 2 Jahre Produktgarantie (Reparatur, Austausch oder Erstattung liegen im Ermessen von Sage Appliances)<br \/>\n&#8211; Materialien: Edelstahl<br \/>\n&#8211; Kapazit\u00e4t: 1,7 l<br \/>\n&#8211; Einstellungen: An und Aus (beleuchtet)<\/p>\n","protected":false},"excerpt":{"rendered":"<p>BPA-FREIES SICHTFENSTER &amp; METALLFILTER Ein angenehmer Handgriff und ein abgefederter Deckel machen das Teekochen fast so angenehm wie das Teetrinken.<\/p>\n","protected":false},"featured_media":107008,"template":"","meta":{"_acf_changed":false,"inline_featured_image":false},"product_cat":[6874,6703],"product_tag":[23911,11652,23661,24416,21049,21186,21822],"acf":[],"yoast_head":"<!-- This site is optimized with the Yoast SEO Premium plugin v18.6 (Yoast SEO v19.13) - https:\/\/yoast.com\/wordpress\/plugins\/seo\/ -->\n<title>SAGE The Soft Top Pure - Erresse Shop<\/title>\n<meta name=\"description\" content=\"BPA-FREIES SICHTFENSTER &amp; METALLFILTER Ein angenehmer Handgriff und ein abgefederter Deckel machen das Teekochen fast so angenehm wie das Teetrinken.\" \/>\n<meta name=\"robots\" content=\"index, follow, max-snippet:-1, max-image-preview:large, max-video-preview:-1\" \/>\n<link rel=\"canonical\" href=\"https:\/\/www.erresse-shop.it\/de\/shop\/kleine-elektrogeraete\/elektrische-wasserkocher\/sage-the-soft-top-pure\/\" \/>\n<meta property=\"og:locale\" content=\"de_DE\" \/>\n<meta property=\"og:type\" content=\"article\" \/>\n<meta property=\"og:title\" content=\"SAGE The Soft Top Pure\" \/>\n<meta property=\"og:description\" content=\"BPA-FREIES SICHTFENSTER &amp; METALLFILTER Ein angenehmer Handgriff und ein abgefederter Deckel machen das Teekochen fast so angenehm wie das Teetrinken.\" \/>\n<meta property=\"og:url\" content=\"https:\/\/www.erresse-shop.it\/de\/shop\/kleine-elektrogeraete\/elektrische-wasserkocher\/sage-the-soft-top-pure\/\" \/>\n<meta property=\"og:site_name\" content=\"Erresse Shop\" \/>\n<meta property=\"article:modified_time\" content=\"2023-07-08T00:15:59+00:00\" \/>\n<meta property=\"og:image\" content=\"https:\/\/www.erresse-shop.it\/wp-content\/uploads\/2021\/06\/SKE700BSS.jpg\" \/>\n\t<meta property=\"og:image:width\" content=\"992\" \/>\n\t<meta property=\"og:image:height\" content=\"992\" \/>\n\t<meta property=\"og:image:type\" content=\"image\/jpeg\" \/>\n<meta name=\"twitter:card\" content=\"summary_large_image\" \/>\n<script type=\"application\/ld+json\" class=\"yoast-schema-graph\">{\"@context\":\"https:\/\/schema.org\",\"@graph\":[{\"@type\":\"WebPage\",\"@id\":\"https:\/\/www.erresse-shop.it\/de\/shop\/kleine-elektrogeraete\/elektrische-wasserkocher\/sage-the-soft-top-pure\/\",\"url\":\"https:\/\/www.erresse-shop.it\/de\/shop\/kleine-elektrogeraete\/elektrische-wasserkocher\/sage-the-soft-top-pure\/\",\"name\":\"SAGE The Soft Top Pure - Erresse Shop\",\"isPartOf\":{\"@id\":\"https:\/\/www.erresse-shop.it\/de\/#website\"},\"datePublished\":\"2021-06-29T08:12:26+00:00\",\"dateModified\":\"2023-07-08T00:15:59+00:00\",\"description\":\"BPA-FREIES SICHTFENSTER &amp; METALLFILTER Ein angenehmer Handgriff und ein abgefederter Deckel machen das Teekochen fast so angenehm wie das Teetrinken.\",\"breadcrumb\":{\"@id\":\"https:\/\/www.erresse-shop.it\/de\/shop\/kleine-elektrogeraete\/elektrische-wasserkocher\/sage-the-soft-top-pure\/#breadcrumb\"},\"inLanguage\":\"de-DE\",\"potentialAction\":[{\"@type\":\"ReadAction\",\"target\":[\"https:\/\/www.erresse-shop.it\/de\/shop\/kleine-elektrogeraete\/elektrische-wasserkocher\/sage-the-soft-top-pure\/\"]}]},{\"@type\":\"BreadcrumbList\",\"@id\":\"https:\/\/www.erresse-shop.it\/de\/shop\/kleine-elektrogeraete\/elektrische-wasserkocher\/sage-the-soft-top-pure\/#breadcrumb\",\"itemListElement\":[{\"@type\":\"ListItem\",\"position\":1,\"name\":\"Home\",\"item\":\"https:\/\/www.erresse-shop.it\/de\/\"},{\"@type\":\"ListItem\",\"position\":2,\"name\":\"Shop\",\"item\":\"https:\/\/www.erresse-shop.it\/de\/shop\/\"},{\"@type\":\"ListItem\",\"position\":3,\"name\":\"SAGE The Soft Top Pure\"}]},{\"@type\":\"WebSite\",\"@id\":\"https:\/\/www.erresse-shop.it\/de\/#website\",\"url\":\"https:\/\/www.erresse-shop.it\/de\/\",\"name\":\"Erresse Shop\",\"description\":\"Articoli di qualit\u00e0 per la casa\",\"potentialAction\":[{\"@type\":\"SearchAction\",\"target\":{\"@type\":\"EntryPoint\",\"urlTemplate\":\"https:\/\/www.erresse-shop.it\/de\/?s={search_term_string}\"},\"query-input\":\"required name=search_term_string\"}],\"inLanguage\":\"de-DE\"}]}<\/script>\n<!-- \/ Yoast SEO Premium plugin. -->","yoast_head_json":{"title":"SAGE The Soft Top Pure - Erresse Shop","description":"BPA-FREIES SICHTFENSTER &amp; METALLFILTER Ein angenehmer Handgriff und ein abgefederter Deckel machen das Teekochen fast so angenehm wie das Teetrinken.","robots":{"index":"index","follow":"follow","max-snippet":"max-snippet:-1","max-image-preview":"max-image-preview:large","max-video-preview":"max-video-preview:-1"},"canonical":"https:\/\/www.erresse-shop.it\/de\/shop\/kleine-elektrogeraete\/elektrische-wasserkocher\/sage-the-soft-top-pure\/","og_locale":"de_DE","og_type":"article","og_title":"SAGE The Soft Top Pure","og_description":"BPA-FREIES SICHTFENSTER &amp; METALLFILTER Ein angenehmer Handgriff und ein abgefederter Deckel machen das Teekochen fast so angenehm wie das Teetrinken.","og_url":"https:\/\/www.erresse-shop.it\/de\/shop\/kleine-elektrogeraete\/elektrische-wasserkocher\/sage-the-soft-top-pure\/","og_site_name":"Erresse Shop","article_modified_time":"2023-07-08T00:15:59+00:00","og_image":[{"width":992,"height":992,"url":"https:\/\/www.erresse-shop.it\/wp-content\/uploads\/2021\/06\/SKE700BSS.jpg","type":"image\/jpeg"}],"twitter_card":"summary_large_image","schema":{"@context":"https:\/\/schema.org","@graph":[{"@type":"WebPage","@id":"https:\/\/www.erresse-shop.it\/de\/shop\/kleine-elektrogeraete\/elektrische-wasserkocher\/sage-the-soft-top-pure\/","url":"https:\/\/www.erresse-shop.it\/de\/shop\/kleine-elektrogeraete\/elektrische-wasserkocher\/sage-the-soft-top-pure\/","name":"SAGE The Soft Top Pure - Erresse Shop","isPartOf":{"@id":"https:\/\/www.erresse-shop.it\/de\/#website"},"datePublished":"2021-06-29T08:12:26+00:00","dateModified":"2023-07-08T00:15:59+00:00","description":"BPA-FREIES SICHTFENSTER &amp; METALLFILTER Ein angenehmer Handgriff und ein abgefederter Deckel machen das Teekochen fast so angenehm wie das Teetrinken.","breadcrumb":{"@id":"https:\/\/www.erresse-shop.it\/de\/shop\/kleine-elektrogeraete\/elektrische-wasserkocher\/sage-the-soft-top-pure\/#breadcrumb"},"inLanguage":"de-DE","potentialAction":[{"@type":"ReadAction","target":["https:\/\/www.erresse-shop.it\/de\/shop\/kleine-elektrogeraete\/elektrische-wasserkocher\/sage-the-soft-top-pure\/"]}]},{"@type":"BreadcrumbList","@id":"https:\/\/www.erresse-shop.it\/de\/shop\/kleine-elektrogeraete\/elektrische-wasserkocher\/sage-the-soft-top-pure\/#breadcrumb","itemListElement":[{"@type":"ListItem","position":1,"name":"Home","item":"https:\/\/www.erresse-shop.it\/de\/"},{"@type":"ListItem","position":2,"name":"Shop","item":"https:\/\/www.erresse-shop.it\/de\/shop\/"},{"@type":"ListItem","position":3,"name":"SAGE The Soft Top Pure"}]},{"@type":"WebSite","@id":"https:\/\/www.erresse-shop.it\/de\/#website","url":"https:\/\/www.erresse-shop.it\/de\/","name":"Erresse Shop","description":"Articoli di qualit\u00e0 per la casa","potentialAction":[{"@type":"SearchAction","target":{"@type":"EntryPoint","urlTemplate":"https:\/\/www.erresse-shop.it\/de\/?s={search_term_string}"},"query-input":"required name=search_term_string"}],"inLanguage":"de-DE"}]}},"df_price":89.95,"df_sale_price":89.95,"df_regular_price":109.9,"df_image_link":"https:\/\/www.erresse-shop.it\/wp-content\/uploads\/2021\/06\/SKE700BSS-300x300.jpg","_links":{"self":[{"href":"https:\/\/www.erresse-shop.it\/de\/wp-json\/wp\/v2\/product\/106930"}],"collection":[{"href":"https:\/\/www.erresse-shop.it\/de\/wp-json\/wp\/v2\/product"}],"about":[{"href":"https:\/\/www.erresse-shop.it\/de\/wp-json\/wp\/v2\/types\/product"}],"wp:featuredmedia":[{"embeddable":true,"href":"https:\/\/www.erresse-shop.it\/de\/wp-json\/wp\/v2\/media\/107008"}],"wp:attachment":[{"href":"https:\/\/www.erresse-shop.it\/de\/wp-json\/wp\/v2\/media?parent=106930"}],"wp:term":[{"taxonomy":"product_cat","embeddable":true,"href":"https:\/\/www.erresse-shop.it\/de\/wp-json\/wp\/v2\/product_cat?post=106930"},{"taxonomy":"product_tag","embeddable":true,"href":"https:\/\/www.erresse-shop.it\/de\/wp-json\/wp\/v2\/product_tag?post=106930"}],"curies":[{"name":"wp","href":"https:\/\/api.w.org\/{rel}","templated":true}]}}