{"id":106894,"date":"2021-06-29T07:18:38","date_gmt":"2021-06-29T07:18:48","guid":{"rendered":"https:\/\/www.erresse-shop.it\/?post_type=product&#038;p=106894"},"modified":"2024-03-07T00:41:59","modified_gmt":"2024-03-07T00:41:59","slug":"sage-the-milk-cafe","status":"publish","type":"product","link":"https:\/\/www.erresse-shop.it\/de\/shop\/kleine-elektrogeraete\/milchaufschaumer\/sage-the-milk-cafe\/","title":{"rendered":"SAGE The Milk Caf\u00e9"},"content":{"rendered":"<p><strong>CREMIGE HEI\u00dfGETR\u00c4NKE AUS MILCH<\/strong><br \/>\nLange ist es her, dass hei\u00dfe Milch so gut geschmeckt hat. Einfach die Scheibe f\u00fcr Latte Art Milchschaum w\u00e4hlen, Milch hinzuf\u00fcgen, Temperatur w\u00e4hlen und den Start-Knopf dr\u00fccken.<\/p>\n<p><strong>INDUKTIONSERW\u00c4RMUNG<\/strong><br \/>\nF\u00fcr eine gleichm\u00e4\u00dfige W\u00e4rmeverteilung. Perfekt f\u00fcr die Zubereitung f\u00fcr hei\u00dfe Milchgetr\u00e4nke.<\/p>\n<p><strong>AUTO-AUSSCHALTFUNKTION<\/strong><br \/>\nSobald die Milch ihre ideale Temperatur erreicht hat, schaltet sich das Ger\u00e4t automatisch ab.<\/p>\n<p><strong>SCHNELLE REINIGUNG<\/strong><br \/>\nDie Milchkanne ist sp\u00fclmaschinenfest.<\/p>\n<p><strong>MESSBECHER<\/strong><br \/>\nMessbecher zum Messen oder Hinzuf\u00fcgen von Zutaten.<\/p>\n<p><strong>GRO\u00dfES FASSUNGSVERM\u00d6GEN<\/strong><br \/>\nF\u00fcr 3 Tassen aufgesch\u00e4umte Milch. Leichte Reinigung, sp\u00fclmaschinenfest.<\/p>\n<p><strong>PRODUKTSPEZIFIKATION<\/strong><br \/>\n&#8211; Abmessung (BxTxH): 15.5 x 16.3 x 26.2 cm<br \/>\n&#8211; Garantie: 2 Jahre Produktgarantie (Reparatur, Austausch oder Erstattung liegen im Ermessen von Sage Appliances)<br \/>\n&#8211; Materialien: Edelstahl<br \/>\n&#8211; Kapazit\u00e4t: 3 Tassen<br \/>\n&#8211; Einstellungen: 4 Voreinstellungen<\/p>\n","protected":false},"excerpt":{"rendered":"<p>CREMIGE HEI\u00dfGETR\u00c4NKE AUS MILCH Lange ist es her, dass hei\u00dfe Milch so gut geschmeckt hat. Einfach die Scheibe f\u00fcr Latte<\/p>\n","protected":false},"featured_media":106903,"template":"","meta":{"_acf_changed":false,"inline_featured_image":false},"product_cat":[6703,20619],"product_tag":[23911,11837,23564,20627],"acf":[],"yoast_head":"<!-- This site is optimized with the Yoast SEO Premium plugin v18.6 (Yoast SEO v19.13) - https:\/\/yoast.com\/wordpress\/plugins\/seo\/ -->\n<title>SAGE The Milk Caf\u00e9 - Erresse Shop<\/title>\n<meta name=\"description\" content=\"CREMIGE HEI\u00dfGETR\u00c4NKE AUS MILCH Lange ist es her, dass hei\u00dfe Milch so gut geschmeckt hat. Einfach die Scheibe f\u00fcr Latte Art Milchschaum w\u00e4hlen, Milch\" \/>\n<meta name=\"robots\" content=\"index, follow, max-snippet:-1, max-image-preview:large, max-video-preview:-1\" \/>\n<link rel=\"canonical\" href=\"https:\/\/www.erresse-shop.it\/de\/shop\/kleine-elektrogeraete\/milchaufschaumer\/sage-the-milk-cafe\/\" \/>\n<meta property=\"og:locale\" content=\"de_DE\" \/>\n<meta property=\"og:type\" content=\"article\" \/>\n<meta property=\"og:title\" content=\"SAGE The Milk Caf\u00e9\" \/>\n<meta property=\"og:description\" content=\"CREMIGE HEI\u00dfGETR\u00c4NKE AUS MILCH Lange ist es her, dass hei\u00dfe Milch so gut geschmeckt hat. Einfach die Scheibe f\u00fcr Latte Art Milchschaum w\u00e4hlen, Milch\" \/>\n<meta property=\"og:url\" content=\"https:\/\/www.erresse-shop.it\/de\/shop\/kleine-elektrogeraete\/milchaufschaumer\/sage-the-milk-cafe\/\" \/>\n<meta property=\"og:site_name\" content=\"Erresse Shop\" \/>\n<meta property=\"article:modified_time\" content=\"2024-03-07T00:41:59+00:00\" \/>\n<meta property=\"og:image\" content=\"https:\/\/www.erresse-shop.it\/wp-content\/uploads\/2021\/06\/SMF6000BSS.jpg\" \/>\n\t<meta property=\"og:image:width\" content=\"992\" \/>\n\t<meta property=\"og:image:height\" content=\"992\" \/>\n\t<meta property=\"og:image:type\" content=\"image\/jpeg\" \/>\n<meta name=\"twitter:card\" content=\"summary_large_image\" \/>\n<script type=\"application\/ld+json\" class=\"yoast-schema-graph\">{\"@context\":\"https:\/\/schema.org\",\"@graph\":[{\"@type\":\"WebPage\",\"@id\":\"https:\/\/www.erresse-shop.it\/de\/shop\/kleine-elektrogeraete\/milchaufschaumer\/sage-the-milk-cafe\/\",\"url\":\"https:\/\/www.erresse-shop.it\/de\/shop\/kleine-elektrogeraete\/milchaufschaumer\/sage-the-milk-cafe\/\",\"name\":\"SAGE The Milk Caf\u00e9 - Erresse Shop\",\"isPartOf\":{\"@id\":\"https:\/\/www.erresse-shop.it\/de\/#website\"},\"datePublished\":\"2021-06-29T07:18:48+00:00\",\"dateModified\":\"2024-03-07T00:41:59+00:00\",\"description\":\"CREMIGE HEI\u00dfGETR\u00c4NKE AUS MILCH Lange ist es her, dass hei\u00dfe Milch so gut geschmeckt hat. Einfach die Scheibe f\u00fcr Latte Art Milchschaum w\u00e4hlen, Milch\",\"breadcrumb\":{\"@id\":\"https:\/\/www.erresse-shop.it\/de\/shop\/kleine-elektrogeraete\/milchaufschaumer\/sage-the-milk-cafe\/#breadcrumb\"},\"inLanguage\":\"de-DE\",\"potentialAction\":[{\"@type\":\"ReadAction\",\"target\":[\"https:\/\/www.erresse-shop.it\/de\/shop\/kleine-elektrogeraete\/milchaufschaumer\/sage-the-milk-cafe\/\"]}]},{\"@type\":\"BreadcrumbList\",\"@id\":\"https:\/\/www.erresse-shop.it\/de\/shop\/kleine-elektrogeraete\/milchaufschaumer\/sage-the-milk-cafe\/#breadcrumb\",\"itemListElement\":[{\"@type\":\"ListItem\",\"position\":1,\"name\":\"Home\",\"item\":\"https:\/\/www.erresse-shop.it\/de\/\"},{\"@type\":\"ListItem\",\"position\":2,\"name\":\"Shop\",\"item\":\"https:\/\/www.erresse-shop.it\/de\/shop\/\"},{\"@type\":\"ListItem\",\"position\":3,\"name\":\"SAGE The Milk Caf\u00e9\"}]},{\"@type\":\"WebSite\",\"@id\":\"https:\/\/www.erresse-shop.it\/de\/#website\",\"url\":\"https:\/\/www.erresse-shop.it\/de\/\",\"name\":\"Erresse Shop\",\"description\":\"Articoli di qualit\u00e0 per la casa\",\"potentialAction\":[{\"@type\":\"SearchAction\",\"target\":{\"@type\":\"EntryPoint\",\"urlTemplate\":\"https:\/\/www.erresse-shop.it\/de\/?s={search_term_string}\"},\"query-input\":\"required name=search_term_string\"}],\"inLanguage\":\"de-DE\"}]}<\/script>\n<!-- \/ Yoast SEO Premium plugin. -->","yoast_head_json":{"title":"SAGE The Milk Caf\u00e9 - Erresse Shop","description":"CREMIGE HEI\u00dfGETR\u00c4NKE AUS MILCH Lange ist es her, dass hei\u00dfe Milch so gut geschmeckt hat. Einfach die Scheibe f\u00fcr Latte Art Milchschaum w\u00e4hlen, Milch","robots":{"index":"index","follow":"follow","max-snippet":"max-snippet:-1","max-image-preview":"max-image-preview:large","max-video-preview":"max-video-preview:-1"},"canonical":"https:\/\/www.erresse-shop.it\/de\/shop\/kleine-elektrogeraete\/milchaufschaumer\/sage-the-milk-cafe\/","og_locale":"de_DE","og_type":"article","og_title":"SAGE The Milk Caf\u00e9","og_description":"CREMIGE HEI\u00dfGETR\u00c4NKE AUS MILCH Lange ist es her, dass hei\u00dfe Milch so gut geschmeckt hat. Einfach die Scheibe f\u00fcr Latte Art Milchschaum w\u00e4hlen, Milch","og_url":"https:\/\/www.erresse-shop.it\/de\/shop\/kleine-elektrogeraete\/milchaufschaumer\/sage-the-milk-cafe\/","og_site_name":"Erresse Shop","article_modified_time":"2024-03-07T00:41:59+00:00","og_image":[{"width":992,"height":992,"url":"https:\/\/www.erresse-shop.it\/wp-content\/uploads\/2021\/06\/SMF6000BSS.jpg","type":"image\/jpeg"}],"twitter_card":"summary_large_image","schema":{"@context":"https:\/\/schema.org","@graph":[{"@type":"WebPage","@id":"https:\/\/www.erresse-shop.it\/de\/shop\/kleine-elektrogeraete\/milchaufschaumer\/sage-the-milk-cafe\/","url":"https:\/\/www.erresse-shop.it\/de\/shop\/kleine-elektrogeraete\/milchaufschaumer\/sage-the-milk-cafe\/","name":"SAGE The Milk Caf\u00e9 - Erresse Shop","isPartOf":{"@id":"https:\/\/www.erresse-shop.it\/de\/#website"},"datePublished":"2021-06-29T07:18:48+00:00","dateModified":"2024-03-07T00:41:59+00:00","description":"CREMIGE HEI\u00dfGETR\u00c4NKE AUS MILCH Lange ist es her, dass hei\u00dfe Milch so gut geschmeckt hat. Einfach die Scheibe f\u00fcr Latte Art Milchschaum w\u00e4hlen, Milch","breadcrumb":{"@id":"https:\/\/www.erresse-shop.it\/de\/shop\/kleine-elektrogeraete\/milchaufschaumer\/sage-the-milk-cafe\/#breadcrumb"},"inLanguage":"de-DE","potentialAction":[{"@type":"ReadAction","target":["https:\/\/www.erresse-shop.it\/de\/shop\/kleine-elektrogeraete\/milchaufschaumer\/sage-the-milk-cafe\/"]}]},{"@type":"BreadcrumbList","@id":"https:\/\/www.erresse-shop.it\/de\/shop\/kleine-elektrogeraete\/milchaufschaumer\/sage-the-milk-cafe\/#breadcrumb","itemListElement":[{"@type":"ListItem","position":1,"name":"Home","item":"https:\/\/www.erresse-shop.it\/de\/"},{"@type":"ListItem","position":2,"name":"Shop","item":"https:\/\/www.erresse-shop.it\/de\/shop\/"},{"@type":"ListItem","position":3,"name":"SAGE The Milk Caf\u00e9"}]},{"@type":"WebSite","@id":"https:\/\/www.erresse-shop.it\/de\/#website","url":"https:\/\/www.erresse-shop.it\/de\/","name":"Erresse Shop","description":"Articoli di qualit\u00e0 per la casa","potentialAction":[{"@type":"SearchAction","target":{"@type":"EntryPoint","urlTemplate":"https:\/\/www.erresse-shop.it\/de\/?s={search_term_string}"},"query-input":"required name=search_term_string"}],"inLanguage":"de-DE"}]}},"df_price":169.9,"df_sale_price":169.9,"df_regular_price":169.9,"df_image_link":"https:\/\/www.erresse-shop.it\/wp-content\/uploads\/2021\/06\/SMF6000BSS-300x300.jpg","_links":{"self":[{"href":"https:\/\/www.erresse-shop.it\/de\/wp-json\/wp\/v2\/product\/106894"}],"collection":[{"href":"https:\/\/www.erresse-shop.it\/de\/wp-json\/wp\/v2\/product"}],"about":[{"href":"https:\/\/www.erresse-shop.it\/de\/wp-json\/wp\/v2\/types\/product"}],"wp:featuredmedia":[{"embeddable":true,"href":"https:\/\/www.erresse-shop.it\/de\/wp-json\/wp\/v2\/media\/106903"}],"wp:attachment":[{"href":"https:\/\/www.erresse-shop.it\/de\/wp-json\/wp\/v2\/media?parent=106894"}],"wp:term":[{"taxonomy":"product_cat","embeddable":true,"href":"https:\/\/www.erresse-shop.it\/de\/wp-json\/wp\/v2\/product_cat?post=106894"},{"taxonomy":"product_tag","embeddable":true,"href":"https:\/\/www.erresse-shop.it\/de\/wp-json\/wp\/v2\/product_tag?post=106894"}],"curies":[{"name":"wp","href":"https:\/\/api.w.org\/{rel}","templated":true}]}}