{"id":106599,"date":"2021-06-25T13:48:25","date_gmt":"2021-06-25T13:48:26","guid":{"rendered":"https:\/\/www.erresse-shop.it\/?post_type=product&#038;p=106599"},"modified":"2025-08-06T13:00:08","modified_gmt":"2025-08-06T13:00:08","slug":"magimix-kuchenmaschine-compact-3200xl-weis-2021","status":"publish","type":"product","link":"https:\/\/www.erresse-shop.it\/de\/shop\/kleine-elektrogeraete\/kuechenmaschinen\/magimix-kuchenmaschine-compact-3200xl-weis-2021\/","title":{"rendered":"MAGIMIX K\u00fcchenmaschine Compact 3200XL Wei\u00df 202"},"content":{"rendered":"<p><strong><span style=\"text-decoration: underline;\">Kompatibel mit allen 4200- und 5200-Zubeh\u00f6rteilen<\/span><\/strong><\/p>\n<p><strong>MAGIMIX.<\/strong> <u>ITALIENISCHE GARANTIE<\/u><\/p>\n<p>In Frankreich, im Zentrum von Burgund, einer Region, die f\u00fcr ihre Gastronomie bekannt ist, erfand Magimix vor mehr als vierzig Jahren die K\u00fcchenmaschine.<br \/>\nHeutzutage sind Magimix-Ger\u00e4te die Haushaltsversion von Ger\u00e4ten f\u00fcr Profis. Die gr\u00f6\u00dften Restaurants der Welt nutzen die professionelle Version unserer Produkte.<br \/>\nIm Magimix-Sortiment finden Sie das gesamte Sortiment an kleinen K\u00fcchenger\u00e4ten.<br \/>\nMagimix ist stets an der Spitze der Innovation in der K\u00fcche und freut sich, seine neueste Kollektion f\u00fcr das Vergn\u00fcgen zu pr\u00e4sentieren, wie ein gro\u00dfer Koch zu kochen.<\/p>\n<p><strong>COMPACT 3200XL 2021. <\/strong>Mit seinen 3 Becken erm\u00f6glicht der Compact 3200 XL das Kochen f\u00fcr 4-5 Personen.<\/p>\n<p>3 Tasten f\u00fcr den Zugriff auf alle Funktionen. Der Motor passt sich der Vorbereitung an. Ein Rezeptbuch f\u00fcr jedes Modell.<br \/>\nEine Box, in der Sie Standardzubeh\u00f6r auf kleinem Raum verstauen k\u00f6nnen.<br \/>\nUm den Anforderungen jedes Rezepts gerecht zu werden und dem Benutzer Zeit zu sparen, hat Magimix einen kleinen und einen mittleren Beh\u00e4lter entwickelt.<br \/>\nIm Inneren des gro\u00dfen Beh\u00e4lters positioniert, arbeiten diese 3 Beh\u00e4lter unabh\u00e4ngig voneinander und erm\u00f6glichen die Zubereitung nacheinander.<br \/>\nAlle K\u00fcchenmaschinen werden vollst\u00e4ndig in Frankreich hergestellt. Auf die professionellen Motoren, die wenig Energie verbrauchen und extrem leise sind, gibt es eine Garantie von 30 Jahren.<br \/>\nDas Pr\u00e4zisionszubeh\u00f6r besteht aus Sabatier-Stahl und wird in Frankreich (in Thiers) hergestellt, um einen perfekten Schnitt zu gew\u00e4hrleisten.<br \/>\nGro\u00dfe Sch\u00fcssel\u00a0\u00a0 \u00a02,6 Liter<br \/>\nMittleres Becken\u00a0\u00a0 \u00a0\u00a0\u00a0 \u00a02,2 Liter<br \/>\nMinibecken\u00a0\u00a0 \u00a0\u00a0\u00a0 \u00a01,2 Liter<br \/>\nRezeptbuch\u200b\u00a0\u00a0 \u00a040 Rezepte<br \/>\nSpatel\u200b\u00a0\u00a0 \u00a01<\/p>\n<p><strong>Kapazit\u00e4t:<\/strong><br \/>\nBrioche\u00a0\u00a0 \u00a0500 g<br \/>\nBrotteig\u200b\u00a0\u00a0 \u00a0600 g<br \/>\nM\u00fcrbeteig\u200b\u00a0\u00a0 \u00a01 kg<br \/>\nSamtige Suppe\u00a0\u00a0 \u00a01 Liter<br \/>\nHackfleisch\u200b\u00a0\u00a0 \u00a0750 g<br \/>\nKarotten\u00a0\u00a0 \u00a0800 g<br \/>\nEiwei\u00df\u200b\u00a0\u00a0 \u00a05<\/p>\n<p>Material\u00a0\u00a0 \u00a00 % BPA<br \/>\nMotorleistung 650 W<br \/>\nGarantie\u00a0\u00a0 \u00a03 Jahre<br \/>\nMotorgarantie 30 Jahre<br \/>\nAbmessungen\u00a0\u00a0 \u00a0H395 x B190 x T225 mm<br \/>\nGewicht 9,3 kg<br \/>\nHergestellt in Frankreich<\/p>\n","protected":false},"excerpt":{"rendered":"<p>Kompatibel mit allen 4200- und 5200-Zubeh\u00f6rteilen MAGIMIX. ITALIENISCHE GARANTIE In Frankreich, im Zentrum von Burgund, einer Region, die f\u00fcr ihre<\/p>\n","protected":false},"featured_media":489441,"template":"","meta":{"_acf_changed":false,"inline_featured_image":false},"product_cat":[6703,6721],"product_tag":[15611,23911,15612,12327,12328,23262,12315,12314,13008,25022],"acf":[],"yoast_head":"<!-- This site is optimized with the Yoast SEO Premium plugin v18.6 (Yoast SEO v19.13) - https:\/\/yoast.com\/wordpress\/plugins\/seo\/ -->\n<title>MAGIMIX K\u00fcchenmaschine Compact 3200XL Wei\u00df 202<\/title>\n<meta name=\"description\" content=\"Entdecken Sie MAGIMIX K\u00fcchenmaschine Compact 3200XL Wei\u00df 202 bei ErresseShop. Qualit\u00e4t, Stil und Funktionalit\u00e4t \u2013 jetzt online bestellen!\" \/>\n<meta name=\"robots\" content=\"index, follow, max-snippet:-1, max-image-preview:large, max-video-preview:-1\" \/>\n<link rel=\"canonical\" href=\"https:\/\/www.erresse-shop.it\/de\/shop\/kleine-elektrogeraete\/kuechenmaschinen\/magimix-kuchenmaschine-compact-3200xl-weis-2021\/\" \/>\n<meta property=\"og:locale\" content=\"de_DE\" \/>\n<meta property=\"og:type\" content=\"article\" \/>\n<meta property=\"og:title\" content=\"MAGIMIX K\u00fcchenmaschine Compact 3200XL Wei\u00df 202\" \/>\n<meta property=\"og:description\" content=\"Entdecken Sie MAGIMIX K\u00fcchenmaschine Compact 3200XL Wei\u00df 202 bei ErresseShop. Qualit\u00e4t, Stil und Funktionalit\u00e4t \u2013 jetzt online bestellen!\" \/>\n<meta property=\"og:url\" content=\"https:\/\/www.erresse-shop.it\/de\/shop\/kleine-elektrogeraete\/kuechenmaschinen\/magimix-kuchenmaschine-compact-3200xl-weis-2021\/\" \/>\n<meta property=\"og:site_name\" content=\"Erresse Shop\" \/>\n<meta property=\"article:modified_time\" content=\"2025-08-06T13:00:08+00:00\" \/>\n<meta property=\"og:image\" content=\"https:\/\/www.erresse-shop.it\/wp-content\/uploads\/2021\/06\/MAGIMIX-Robot-da-cucina-Compact-3200XL-Bianco-2021.png\" \/>\n\t<meta property=\"og:image:width\" content=\"800\" \/>\n\t<meta property=\"og:image:height\" content=\"800\" \/>\n\t<meta property=\"og:image:type\" content=\"image\/png\" \/>\n<meta name=\"twitter:card\" content=\"summary_large_image\" \/>\n<script type=\"application\/ld+json\" class=\"yoast-schema-graph\">{\"@context\":\"https:\/\/schema.org\",\"@graph\":[{\"@type\":\"WebPage\",\"@id\":\"https:\/\/www.erresse-shop.it\/de\/shop\/kleine-elektrogeraete\/kuechenmaschinen\/magimix-kuchenmaschine-compact-3200xl-weis-2021\/\",\"url\":\"https:\/\/www.erresse-shop.it\/de\/shop\/kleine-elektrogeraete\/kuechenmaschinen\/magimix-kuchenmaschine-compact-3200xl-weis-2021\/\",\"name\":\"MAGIMIX K\u00fcchenmaschine Compact 3200XL Wei\u00df 202\",\"isPartOf\":{\"@id\":\"https:\/\/www.erresse-shop.it\/de\/#website\"},\"datePublished\":\"2021-06-25T13:48:26+00:00\",\"dateModified\":\"2025-08-06T13:00:08+00:00\",\"description\":\"Entdecken Sie MAGIMIX K\u00fcchenmaschine Compact 3200XL Wei\u00df 202 bei ErresseShop. Qualit\u00e4t, Stil und Funktionalit\u00e4t \u2013 jetzt online bestellen!\",\"breadcrumb\":{\"@id\":\"https:\/\/www.erresse-shop.it\/de\/shop\/kleine-elektrogeraete\/kuechenmaschinen\/magimix-kuchenmaschine-compact-3200xl-weis-2021\/#breadcrumb\"},\"inLanguage\":\"de-DE\",\"potentialAction\":[{\"@type\":\"ReadAction\",\"target\":[\"https:\/\/www.erresse-shop.it\/de\/shop\/kleine-elektrogeraete\/kuechenmaschinen\/magimix-kuchenmaschine-compact-3200xl-weis-2021\/\"]}]},{\"@type\":\"BreadcrumbList\",\"@id\":\"https:\/\/www.erresse-shop.it\/de\/shop\/kleine-elektrogeraete\/kuechenmaschinen\/magimix-kuchenmaschine-compact-3200xl-weis-2021\/#breadcrumb\",\"itemListElement\":[{\"@type\":\"ListItem\",\"position\":1,\"name\":\"Home\",\"item\":\"https:\/\/www.erresse-shop.it\/de\/\"},{\"@type\":\"ListItem\",\"position\":2,\"name\":\"Shop\",\"item\":\"https:\/\/www.erresse-shop.it\/de\/shop\/\"},{\"@type\":\"ListItem\",\"position\":3,\"name\":\"MAGIMIX K\u00fcchenmaschine Compact 3200XL Wei\u00df 202\"}]},{\"@type\":\"WebSite\",\"@id\":\"https:\/\/www.erresse-shop.it\/de\/#website\",\"url\":\"https:\/\/www.erresse-shop.it\/de\/\",\"name\":\"Erresse Shop\",\"description\":\"Articoli di qualit\u00e0 per la casa\",\"potentialAction\":[{\"@type\":\"SearchAction\",\"target\":{\"@type\":\"EntryPoint\",\"urlTemplate\":\"https:\/\/www.erresse-shop.it\/de\/?s={search_term_string}\"},\"query-input\":\"required name=search_term_string\"}],\"inLanguage\":\"de-DE\"}]}<\/script>\n<!-- \/ Yoast SEO Premium plugin. -->","yoast_head_json":{"title":"MAGIMIX K\u00fcchenmaschine Compact 3200XL Wei\u00df 202","description":"Entdecken Sie MAGIMIX K\u00fcchenmaschine Compact 3200XL Wei\u00df 202 bei ErresseShop. Qualit\u00e4t, Stil und Funktionalit\u00e4t \u2013 jetzt online bestellen!","robots":{"index":"index","follow":"follow","max-snippet":"max-snippet:-1","max-image-preview":"max-image-preview:large","max-video-preview":"max-video-preview:-1"},"canonical":"https:\/\/www.erresse-shop.it\/de\/shop\/kleine-elektrogeraete\/kuechenmaschinen\/magimix-kuchenmaschine-compact-3200xl-weis-2021\/","og_locale":"de_DE","og_type":"article","og_title":"MAGIMIX K\u00fcchenmaschine Compact 3200XL Wei\u00df 202","og_description":"Entdecken Sie MAGIMIX K\u00fcchenmaschine Compact 3200XL Wei\u00df 202 bei ErresseShop. Qualit\u00e4t, Stil und Funktionalit\u00e4t \u2013 jetzt online bestellen!","og_url":"https:\/\/www.erresse-shop.it\/de\/shop\/kleine-elektrogeraete\/kuechenmaschinen\/magimix-kuchenmaschine-compact-3200xl-weis-2021\/","og_site_name":"Erresse Shop","article_modified_time":"2025-08-06T13:00:08+00:00","og_image":[{"width":800,"height":800,"url":"https:\/\/www.erresse-shop.it\/wp-content\/uploads\/2021\/06\/MAGIMIX-Robot-da-cucina-Compact-3200XL-Bianco-2021.png","type":"image\/png"}],"twitter_card":"summary_large_image","schema":{"@context":"https:\/\/schema.org","@graph":[{"@type":"WebPage","@id":"https:\/\/www.erresse-shop.it\/de\/shop\/kleine-elektrogeraete\/kuechenmaschinen\/magimix-kuchenmaschine-compact-3200xl-weis-2021\/","url":"https:\/\/www.erresse-shop.it\/de\/shop\/kleine-elektrogeraete\/kuechenmaschinen\/magimix-kuchenmaschine-compact-3200xl-weis-2021\/","name":"MAGIMIX K\u00fcchenmaschine Compact 3200XL Wei\u00df 202","isPartOf":{"@id":"https:\/\/www.erresse-shop.it\/de\/#website"},"datePublished":"2021-06-25T13:48:26+00:00","dateModified":"2025-08-06T13:00:08+00:00","description":"Entdecken Sie MAGIMIX K\u00fcchenmaschine Compact 3200XL Wei\u00df 202 bei ErresseShop. Qualit\u00e4t, Stil und Funktionalit\u00e4t \u2013 jetzt online bestellen!","breadcrumb":{"@id":"https:\/\/www.erresse-shop.it\/de\/shop\/kleine-elektrogeraete\/kuechenmaschinen\/magimix-kuchenmaschine-compact-3200xl-weis-2021\/#breadcrumb"},"inLanguage":"de-DE","potentialAction":[{"@type":"ReadAction","target":["https:\/\/www.erresse-shop.it\/de\/shop\/kleine-elektrogeraete\/kuechenmaschinen\/magimix-kuchenmaschine-compact-3200xl-weis-2021\/"]}]},{"@type":"BreadcrumbList","@id":"https:\/\/www.erresse-shop.it\/de\/shop\/kleine-elektrogeraete\/kuechenmaschinen\/magimix-kuchenmaschine-compact-3200xl-weis-2021\/#breadcrumb","itemListElement":[{"@type":"ListItem","position":1,"name":"Home","item":"https:\/\/www.erresse-shop.it\/de\/"},{"@type":"ListItem","position":2,"name":"Shop","item":"https:\/\/www.erresse-shop.it\/de\/shop\/"},{"@type":"ListItem","position":3,"name":"MAGIMIX K\u00fcchenmaschine Compact 3200XL Wei\u00df 202"}]},{"@type":"WebSite","@id":"https:\/\/www.erresse-shop.it\/de\/#website","url":"https:\/\/www.erresse-shop.it\/de\/","name":"Erresse Shop","description":"Articoli di qualit\u00e0 per la casa","potentialAction":[{"@type":"SearchAction","target":{"@type":"EntryPoint","urlTemplate":"https:\/\/www.erresse-shop.it\/de\/?s={search_term_string}"},"query-input":"required name=search_term_string"}],"inLanguage":"de-DE"}]}},"df_price":247,"df_sale_price":247,"df_regular_price":380,"df_image_link":"https:\/\/www.erresse-shop.it\/wp-content\/uploads\/2021\/06\/MAGIMIX-Robot-da-cucina-Compact-3200XL-Bianco-2021-300x300.jpg","_links":{"self":[{"href":"https:\/\/www.erresse-shop.it\/de\/wp-json\/wp\/v2\/product\/106599"}],"collection":[{"href":"https:\/\/www.erresse-shop.it\/de\/wp-json\/wp\/v2\/product"}],"about":[{"href":"https:\/\/www.erresse-shop.it\/de\/wp-json\/wp\/v2\/types\/product"}],"wp:featuredmedia":[{"embeddable":true,"href":"https:\/\/www.erresse-shop.it\/de\/wp-json\/wp\/v2\/media\/489441"}],"wp:attachment":[{"href":"https:\/\/www.erresse-shop.it\/de\/wp-json\/wp\/v2\/media?parent=106599"}],"wp:term":[{"taxonomy":"product_cat","embeddable":true,"href":"https:\/\/www.erresse-shop.it\/de\/wp-json\/wp\/v2\/product_cat?post=106599"},{"taxonomy":"product_tag","embeddable":true,"href":"https:\/\/www.erresse-shop.it\/de\/wp-json\/wp\/v2\/product_tag?post=106599"}],"curies":[{"name":"wp","href":"https:\/\/api.w.org\/{rel}","templated":true}]}}