{"id":106446,"date":"2021-06-25T06:54:14","date_gmt":"2021-06-25T06:54:15","guid":{"rendered":"https:\/\/www.erresse-shop.it\/?post_type=product&#038;p=106446"},"modified":"2025-01-16T11:02:54","modified_gmt":"2025-01-16T11:02:54","slug":"carlo-moretti-murano-kristallglas-bora-61","status":"publish","type":"product","link":"https:\/\/www.erresse-shop.it\/de\/shop\/tisch\/trinkglaeser\/carlo-moretti-murano-kristallglas-bora-61\/","title":{"rendered":"CARLO MORETTI Murano Kristallglas Bora"},"content":{"rendered":"<p>Gl\u00e4ser mit unregelm\u00e4\u00dfigem, ovalem Querschnitt und einer schiefen Form.<br \/>\nDie Gl\u00e4ser sind aus Murano-Kristall, mundgeblasen und fein handgearbeitet. Sie sind in verschiedenen Farben erh\u00e4ltlich, die hei\u00df aufgetragenen worden sind: Festons, Tupfen, B\u00e4nder, Ringe und farbige Spiralen, Gold- und Silberbl\u00e4tter, transparente Farben und Paste. Jedes Glas wird signiert und datiert.<\/p>\n<p>Die Bora-Gl\u00e4ser werden ausschlie\u00dflich aus transparentem Murano-Kristall hergestellt und unregelm\u00e4\u00dfig so bearbeitet, dass eine schiefe Ebene entsteht, die den Effekt der Bora, des typischen Windes der nordostitalienischen Regionen, wiedergibt. Alle Gl\u00e4ser sind handgefertigt, mundgeblasen und mit hei\u00df aufgetragenen dekorativen Motiven aus B\u00e4ndern, Murrine, Punkten und Ringen veredelt.<\/p>\n<p>Murano-Glas und -Kristall: rein italienische Wertelemente, die in den wertvollen Kollektionen der Firma Carlo Moretti, die auf den kleinen Inseln von Murano ans\u00e4ssig ist, ihren maximalen Ausdruck finden. Das Prestige dieser Firma aus Murano ist auf die gro\u00dfe Meisterschaft in der Verwendung von Glas und Kristall zur\u00fcckzuf\u00fchren, wobei letzteres durch den Zusatz von Blei in der Mischung eine gr\u00f6\u00dfere Widerstandsf\u00e4higkeit aufweist.<\/p>\n<p><strong>Muranoglas vollst\u00e4ndig von Hand bearbeitet und bemalt.<\/strong><br \/>\n<strong>Bestellen Sie weitere Carlo Moretti Gl\u00e4ser, um eine einzigartige Sammlung zu haben.<\/strong><br \/>\n<span style=\"text-decoration: underline;\"><strong>Menge: 1 Glas<\/strong><\/span><\/p>\n","protected":false},"excerpt":{"rendered":"<p>Gl\u00e4ser mit unregelm\u00e4\u00dfigem, ovalem Querschnitt und einer schiefen Form. Die Gl\u00e4ser sind aus Murano-Kristall, mundgeblasen und fein handgearbeitet. Sie sind<\/p>\n","protected":false},"featured_media":105802,"template":"","meta":{"_acf_changed":false,"inline_featured_image":false},"product_cat":[6787,6811],"product_tag":[25038,23911,24398,11718,14591,25022],"acf":[],"yoast_head":"<!-- This site is optimized with the Yoast SEO Premium plugin v18.6 (Yoast SEO v19.13) - https:\/\/yoast.com\/wordpress\/plugins\/seo\/ -->\n<title>CARLO MORETTI Murano Kristallglas Bora<\/title>\n<meta name=\"description\" content=\"Entdecken Sie CARLO MORETTI Murano Kristallglas Bora bei ErresseShop. Qualit\u00e4t, Stil und Funktionalit\u00e4t \u2013 jetzt online bestellen!\" \/>\n<meta name=\"robots\" content=\"index, follow, max-snippet:-1, max-image-preview:large, max-video-preview:-1\" \/>\n<link rel=\"canonical\" href=\"https:\/\/www.erresse-shop.it\/de\/shop\/tisch\/trinkglaeser\/carlo-moretti-murano-kristallglas-bora-61\/\" \/>\n<meta property=\"og:locale\" content=\"de_DE\" \/>\n<meta property=\"og:type\" content=\"article\" \/>\n<meta property=\"og:title\" content=\"CARLO MORETTI Murano Kristallglas Bora\" \/>\n<meta property=\"og:description\" content=\"Entdecken Sie CARLO MORETTI Murano Kristallglas Bora bei ErresseShop. Qualit\u00e4t, Stil und Funktionalit\u00e4t \u2013 jetzt online bestellen!\" \/>\n<meta property=\"og:url\" content=\"https:\/\/www.erresse-shop.it\/de\/shop\/tisch\/trinkglaeser\/carlo-moretti-murano-kristallglas-bora-61\/\" \/>\n<meta property=\"og:site_name\" content=\"Erresse Shop\" \/>\n<meta property=\"article:modified_time\" content=\"2025-01-16T11:02:54+00:00\" \/>\n<meta property=\"og:image\" content=\"https:\/\/www.erresse-shop.it\/wp-content\/uploads\/2021\/06\/14.997.5.jpg\" \/>\n\t<meta property=\"og:image:width\" content=\"2000\" \/>\n\t<meta property=\"og:image:height\" content=\"2000\" \/>\n\t<meta property=\"og:image:type\" content=\"image\/jpeg\" \/>\n<meta name=\"twitter:card\" content=\"summary_large_image\" \/>\n<script type=\"application\/ld+json\" class=\"yoast-schema-graph\">{\"@context\":\"https:\/\/schema.org\",\"@graph\":[{\"@type\":\"WebPage\",\"@id\":\"https:\/\/www.erresse-shop.it\/de\/shop\/tisch\/trinkglaeser\/carlo-moretti-murano-kristallglas-bora-61\/\",\"url\":\"https:\/\/www.erresse-shop.it\/de\/shop\/tisch\/trinkglaeser\/carlo-moretti-murano-kristallglas-bora-61\/\",\"name\":\"CARLO MORETTI Murano Kristallglas Bora\",\"isPartOf\":{\"@id\":\"https:\/\/www.erresse-shop.it\/de\/#website\"},\"datePublished\":\"2021-06-25T06:54:15+00:00\",\"dateModified\":\"2025-01-16T11:02:54+00:00\",\"description\":\"Entdecken Sie CARLO MORETTI Murano Kristallglas Bora bei ErresseShop. Qualit\u00e4t, Stil und Funktionalit\u00e4t \u2013 jetzt online bestellen!\",\"breadcrumb\":{\"@id\":\"https:\/\/www.erresse-shop.it\/de\/shop\/tisch\/trinkglaeser\/carlo-moretti-murano-kristallglas-bora-61\/#breadcrumb\"},\"inLanguage\":\"de-DE\",\"potentialAction\":[{\"@type\":\"ReadAction\",\"target\":[\"https:\/\/www.erresse-shop.it\/de\/shop\/tisch\/trinkglaeser\/carlo-moretti-murano-kristallglas-bora-61\/\"]}]},{\"@type\":\"BreadcrumbList\",\"@id\":\"https:\/\/www.erresse-shop.it\/de\/shop\/tisch\/trinkglaeser\/carlo-moretti-murano-kristallglas-bora-61\/#breadcrumb\",\"itemListElement\":[{\"@type\":\"ListItem\",\"position\":1,\"name\":\"Home\",\"item\":\"https:\/\/www.erresse-shop.it\/de\/\"},{\"@type\":\"ListItem\",\"position\":2,\"name\":\"Shop\",\"item\":\"https:\/\/www.erresse-shop.it\/de\/shop\/\"},{\"@type\":\"ListItem\",\"position\":3,\"name\":\"CARLO MORETTI Murano Kristallglas Bora\"}]},{\"@type\":\"WebSite\",\"@id\":\"https:\/\/www.erresse-shop.it\/de\/#website\",\"url\":\"https:\/\/www.erresse-shop.it\/de\/\",\"name\":\"Erresse Shop\",\"description\":\"Articoli di qualit\u00e0 per la casa\",\"potentialAction\":[{\"@type\":\"SearchAction\",\"target\":{\"@type\":\"EntryPoint\",\"urlTemplate\":\"https:\/\/www.erresse-shop.it\/de\/?s={search_term_string}\"},\"query-input\":\"required name=search_term_string\"}],\"inLanguage\":\"de-DE\"}]}<\/script>\n<!-- \/ Yoast SEO Premium plugin. -->","yoast_head_json":{"title":"CARLO MORETTI Murano Kristallglas Bora","description":"Entdecken Sie CARLO MORETTI Murano Kristallglas Bora bei ErresseShop. Qualit\u00e4t, Stil und Funktionalit\u00e4t \u2013 jetzt online bestellen!","robots":{"index":"index","follow":"follow","max-snippet":"max-snippet:-1","max-image-preview":"max-image-preview:large","max-video-preview":"max-video-preview:-1"},"canonical":"https:\/\/www.erresse-shop.it\/de\/shop\/tisch\/trinkglaeser\/carlo-moretti-murano-kristallglas-bora-61\/","og_locale":"de_DE","og_type":"article","og_title":"CARLO MORETTI Murano Kristallglas Bora","og_description":"Entdecken Sie CARLO MORETTI Murano Kristallglas Bora bei ErresseShop. Qualit\u00e4t, Stil und Funktionalit\u00e4t \u2013 jetzt online bestellen!","og_url":"https:\/\/www.erresse-shop.it\/de\/shop\/tisch\/trinkglaeser\/carlo-moretti-murano-kristallglas-bora-61\/","og_site_name":"Erresse Shop","article_modified_time":"2025-01-16T11:02:54+00:00","og_image":[{"width":2000,"height":2000,"url":"https:\/\/www.erresse-shop.it\/wp-content\/uploads\/2021\/06\/14.997.5.jpg","type":"image\/jpeg"}],"twitter_card":"summary_large_image","schema":{"@context":"https:\/\/schema.org","@graph":[{"@type":"WebPage","@id":"https:\/\/www.erresse-shop.it\/de\/shop\/tisch\/trinkglaeser\/carlo-moretti-murano-kristallglas-bora-61\/","url":"https:\/\/www.erresse-shop.it\/de\/shop\/tisch\/trinkglaeser\/carlo-moretti-murano-kristallglas-bora-61\/","name":"CARLO MORETTI Murano Kristallglas Bora","isPartOf":{"@id":"https:\/\/www.erresse-shop.it\/de\/#website"},"datePublished":"2021-06-25T06:54:15+00:00","dateModified":"2025-01-16T11:02:54+00:00","description":"Entdecken Sie CARLO MORETTI Murano Kristallglas Bora bei ErresseShop. Qualit\u00e4t, Stil und Funktionalit\u00e4t \u2013 jetzt online bestellen!","breadcrumb":{"@id":"https:\/\/www.erresse-shop.it\/de\/shop\/tisch\/trinkglaeser\/carlo-moretti-murano-kristallglas-bora-61\/#breadcrumb"},"inLanguage":"de-DE","potentialAction":[{"@type":"ReadAction","target":["https:\/\/www.erresse-shop.it\/de\/shop\/tisch\/trinkglaeser\/carlo-moretti-murano-kristallglas-bora-61\/"]}]},{"@type":"BreadcrumbList","@id":"https:\/\/www.erresse-shop.it\/de\/shop\/tisch\/trinkglaeser\/carlo-moretti-murano-kristallglas-bora-61\/#breadcrumb","itemListElement":[{"@type":"ListItem","position":1,"name":"Home","item":"https:\/\/www.erresse-shop.it\/de\/"},{"@type":"ListItem","position":2,"name":"Shop","item":"https:\/\/www.erresse-shop.it\/de\/shop\/"},{"@type":"ListItem","position":3,"name":"CARLO MORETTI Murano Kristallglas Bora"}]},{"@type":"WebSite","@id":"https:\/\/www.erresse-shop.it\/de\/#website","url":"https:\/\/www.erresse-shop.it\/de\/","name":"Erresse Shop","description":"Articoli di qualit\u00e0 per la casa","potentialAction":[{"@type":"SearchAction","target":{"@type":"EntryPoint","urlTemplate":"https:\/\/www.erresse-shop.it\/de\/?s={search_term_string}"},"query-input":"required name=search_term_string"}],"inLanguage":"de-DE"}]}},"df_price":70.95,"df_sale_price":70.95,"df_regular_price":129,"df_image_link":"https:\/\/www.erresse-shop.it\/wp-content\/uploads\/2021\/06\/14.997.5-300x300.jpg","_links":{"self":[{"href":"https:\/\/www.erresse-shop.it\/de\/wp-json\/wp\/v2\/product\/106446"}],"collection":[{"href":"https:\/\/www.erresse-shop.it\/de\/wp-json\/wp\/v2\/product"}],"about":[{"href":"https:\/\/www.erresse-shop.it\/de\/wp-json\/wp\/v2\/types\/product"}],"wp:featuredmedia":[{"embeddable":true,"href":"https:\/\/www.erresse-shop.it\/de\/wp-json\/wp\/v2\/media\/105802"}],"wp:attachment":[{"href":"https:\/\/www.erresse-shop.it\/de\/wp-json\/wp\/v2\/media?parent=106446"}],"wp:term":[{"taxonomy":"product_cat","embeddable":true,"href":"https:\/\/www.erresse-shop.it\/de\/wp-json\/wp\/v2\/product_cat?post=106446"},{"taxonomy":"product_tag","embeddable":true,"href":"https:\/\/www.erresse-shop.it\/de\/wp-json\/wp\/v2\/product_tag?post=106446"}],"curies":[{"name":"wp","href":"https:\/\/api.w.org\/{rel}","templated":true}]}}