{"id":106273,"date":"2021-06-24T07:56:52","date_gmt":"2021-06-24T07:56:52","guid":{"rendered":"https:\/\/www.erresse-shop.it\/?post_type=product&#038;p=106273"},"modified":"2024-08-02T07:04:52","modified_gmt":"2024-08-02T07:04:52","slug":"seletti-wonder-lampe","status":"publish","type":"product","link":"https:\/\/www.erresse-shop.it\/de\/shop\/einrichtung-haus\/lampen\/seletti-wonder-lampe\/","title":{"rendered":"SELETTI Wonder Lampe"},"content":{"rendered":"<p>Die Leiter ist f\u00fcr jeden da, der den Willen und den Mut hat, sie zu erklimmen. Sie d\u00fcrfen es nicht jedem erz\u00e4hlen, es ist noch ein Geheimnis!<\/p>\n<p><strong>Designer:<\/strong> Marcantonio<br \/>\n<strong>Kabell\u00e4nge:<\/strong> 2,5 m | 2,2 ft<br \/>\n<strong>Material:<\/strong> Metall &amp; Kunstharz<\/p>\n<p>Nur f\u00fcr den Innenbereich Led-Birne enthalten E14 &#8211; 3W &#8211; 5V DC 180 Lumen 2200K<\/p>\n<p><strong>UE-Version:<\/strong> Eingang 230V &#8211; 50Hz<br \/>\n<strong>Au\u00dferhalb Europas nicht verk\u00e4uflich<\/strong><\/p>\n","protected":false},"excerpt":{"rendered":"<p>Die Leiter ist f\u00fcr jeden da, der den Willen und den Mut hat, sie zu erklimmen. Sie d\u00fcrfen es nicht<\/p>\n","protected":false},"featured_media":106280,"template":"","meta":{"_acf_changed":false,"inline_featured_image":false},"product_cat":[6817,6862],"product_tag":[15603,11949,25022,12181,15604],"acf":[],"yoast_head":"<!-- This site is optimized with the Yoast SEO Premium plugin v18.6 (Yoast SEO v19.13) - https:\/\/yoast.com\/wordpress\/plugins\/seo\/ -->\n<title>SELETTI Wonder Lampe - Erresse Shop<\/title>\n<meta name=\"description\" content=\"Die Leiter ist f\u00fcr jeden da, der den Willen und den Mut hat, sie zu erklimmen. Sie d\u00fcrfen es nicht jedem erz\u00e4hlen, es ist noch ein Geheimnis! Designer:\" \/>\n<meta name=\"robots\" content=\"index, follow, max-snippet:-1, max-image-preview:large, max-video-preview:-1\" \/>\n<link rel=\"canonical\" href=\"https:\/\/www.erresse-shop.it\/de\/shop\/einrichtung-haus\/lampen\/seletti-wonder-lampe\/\" \/>\n<meta property=\"og:locale\" content=\"de_DE\" \/>\n<meta property=\"og:type\" content=\"article\" \/>\n<meta property=\"og:title\" content=\"SELETTI Wonder Lampe\" \/>\n<meta property=\"og:description\" content=\"Die Leiter ist f\u00fcr jeden da, der den Willen und den Mut hat, sie zu erklimmen. Sie d\u00fcrfen es nicht jedem erz\u00e4hlen, es ist noch ein Geheimnis! Designer:\" \/>\n<meta property=\"og:url\" content=\"https:\/\/www.erresse-shop.it\/de\/shop\/einrichtung-haus\/lampen\/seletti-wonder-lampe\/\" \/>\n<meta property=\"og:site_name\" content=\"Erresse Shop\" \/>\n<meta property=\"article:modified_time\" content=\"2024-08-02T07:04:52+00:00\" \/>\n<meta property=\"og:image\" content=\"https:\/\/www.erresse-shop.it\/wp-content\/uploads\/2021\/06\/14803.jpg\" \/>\n\t<meta property=\"og:image:width\" content=\"900\" \/>\n\t<meta property=\"og:image:height\" content=\"1200\" \/>\n\t<meta property=\"og:image:type\" content=\"image\/jpeg\" \/>\n<meta name=\"twitter:card\" content=\"summary_large_image\" \/>\n<script type=\"application\/ld+json\" class=\"yoast-schema-graph\">{\"@context\":\"https:\/\/schema.org\",\"@graph\":[{\"@type\":\"WebPage\",\"@id\":\"https:\/\/www.erresse-shop.it\/de\/shop\/einrichtung-haus\/lampen\/seletti-wonder-lampe\/\",\"url\":\"https:\/\/www.erresse-shop.it\/de\/shop\/einrichtung-haus\/lampen\/seletti-wonder-lampe\/\",\"name\":\"SELETTI Wonder Lampe - Erresse Shop\",\"isPartOf\":{\"@id\":\"https:\/\/www.erresse-shop.it\/de\/#website\"},\"datePublished\":\"2021-06-24T07:56:52+00:00\",\"dateModified\":\"2024-08-02T07:04:52+00:00\",\"description\":\"Die Leiter ist f\u00fcr jeden da, der den Willen und den Mut hat, sie zu erklimmen. Sie d\u00fcrfen es nicht jedem erz\u00e4hlen, es ist noch ein Geheimnis! Designer:\",\"breadcrumb\":{\"@id\":\"https:\/\/www.erresse-shop.it\/de\/shop\/einrichtung-haus\/lampen\/seletti-wonder-lampe\/#breadcrumb\"},\"inLanguage\":\"de-DE\",\"potentialAction\":[{\"@type\":\"ReadAction\",\"target\":[\"https:\/\/www.erresse-shop.it\/de\/shop\/einrichtung-haus\/lampen\/seletti-wonder-lampe\/\"]}]},{\"@type\":\"BreadcrumbList\",\"@id\":\"https:\/\/www.erresse-shop.it\/de\/shop\/einrichtung-haus\/lampen\/seletti-wonder-lampe\/#breadcrumb\",\"itemListElement\":[{\"@type\":\"ListItem\",\"position\":1,\"name\":\"Home\",\"item\":\"https:\/\/www.erresse-shop.it\/de\/\"},{\"@type\":\"ListItem\",\"position\":2,\"name\":\"Shop\",\"item\":\"https:\/\/www.erresse-shop.it\/de\/shop\/\"},{\"@type\":\"ListItem\",\"position\":3,\"name\":\"SELETTI Wonder Lampe\"}]},{\"@type\":\"WebSite\",\"@id\":\"https:\/\/www.erresse-shop.it\/de\/#website\",\"url\":\"https:\/\/www.erresse-shop.it\/de\/\",\"name\":\"Erresse Shop\",\"description\":\"Articoli di qualit\u00e0 per la casa\",\"potentialAction\":[{\"@type\":\"SearchAction\",\"target\":{\"@type\":\"EntryPoint\",\"urlTemplate\":\"https:\/\/www.erresse-shop.it\/de\/?s={search_term_string}\"},\"query-input\":\"required name=search_term_string\"}],\"inLanguage\":\"de-DE\"}]}<\/script>\n<!-- \/ Yoast SEO Premium plugin. -->","yoast_head_json":{"title":"SELETTI Wonder Lampe - Erresse Shop","description":"Die Leiter ist f\u00fcr jeden da, der den Willen und den Mut hat, sie zu erklimmen. Sie d\u00fcrfen es nicht jedem erz\u00e4hlen, es ist noch ein Geheimnis! Designer:","robots":{"index":"index","follow":"follow","max-snippet":"max-snippet:-1","max-image-preview":"max-image-preview:large","max-video-preview":"max-video-preview:-1"},"canonical":"https:\/\/www.erresse-shop.it\/de\/shop\/einrichtung-haus\/lampen\/seletti-wonder-lampe\/","og_locale":"de_DE","og_type":"article","og_title":"SELETTI Wonder Lampe","og_description":"Die Leiter ist f\u00fcr jeden da, der den Willen und den Mut hat, sie zu erklimmen. Sie d\u00fcrfen es nicht jedem erz\u00e4hlen, es ist noch ein Geheimnis! Designer:","og_url":"https:\/\/www.erresse-shop.it\/de\/shop\/einrichtung-haus\/lampen\/seletti-wonder-lampe\/","og_site_name":"Erresse Shop","article_modified_time":"2024-08-02T07:04:52+00:00","og_image":[{"width":900,"height":1200,"url":"https:\/\/www.erresse-shop.it\/wp-content\/uploads\/2021\/06\/14803.jpg","type":"image\/jpeg"}],"twitter_card":"summary_large_image","schema":{"@context":"https:\/\/schema.org","@graph":[{"@type":"WebPage","@id":"https:\/\/www.erresse-shop.it\/de\/shop\/einrichtung-haus\/lampen\/seletti-wonder-lampe\/","url":"https:\/\/www.erresse-shop.it\/de\/shop\/einrichtung-haus\/lampen\/seletti-wonder-lampe\/","name":"SELETTI Wonder Lampe - Erresse Shop","isPartOf":{"@id":"https:\/\/www.erresse-shop.it\/de\/#website"},"datePublished":"2021-06-24T07:56:52+00:00","dateModified":"2024-08-02T07:04:52+00:00","description":"Die Leiter ist f\u00fcr jeden da, der den Willen und den Mut hat, sie zu erklimmen. Sie d\u00fcrfen es nicht jedem erz\u00e4hlen, es ist noch ein Geheimnis! Designer:","breadcrumb":{"@id":"https:\/\/www.erresse-shop.it\/de\/shop\/einrichtung-haus\/lampen\/seletti-wonder-lampe\/#breadcrumb"},"inLanguage":"de-DE","potentialAction":[{"@type":"ReadAction","target":["https:\/\/www.erresse-shop.it\/de\/shop\/einrichtung-haus\/lampen\/seletti-wonder-lampe\/"]}]},{"@type":"BreadcrumbList","@id":"https:\/\/www.erresse-shop.it\/de\/shop\/einrichtung-haus\/lampen\/seletti-wonder-lampe\/#breadcrumb","itemListElement":[{"@type":"ListItem","position":1,"name":"Home","item":"https:\/\/www.erresse-shop.it\/de\/"},{"@type":"ListItem","position":2,"name":"Shop","item":"https:\/\/www.erresse-shop.it\/de\/shop\/"},{"@type":"ListItem","position":3,"name":"SELETTI Wonder Lampe"}]},{"@type":"WebSite","@id":"https:\/\/www.erresse-shop.it\/de\/#website","url":"https:\/\/www.erresse-shop.it\/de\/","name":"Erresse Shop","description":"Articoli di qualit\u00e0 per la casa","potentialAction":[{"@type":"SearchAction","target":{"@type":"EntryPoint","urlTemplate":"https:\/\/www.erresse-shop.it\/de\/?s={search_term_string}"},"query-input":"required name=search_term_string"}],"inLanguage":"de-DE"}]}},"df_price":122.4,"df_sale_price":122.4,"df_regular_price":272,"df_image_link":"https:\/\/www.erresse-shop.it\/wp-content\/uploads\/2021\/06\/14803-225x300.jpg","_links":{"self":[{"href":"https:\/\/www.erresse-shop.it\/de\/wp-json\/wp\/v2\/product\/106273"}],"collection":[{"href":"https:\/\/www.erresse-shop.it\/de\/wp-json\/wp\/v2\/product"}],"about":[{"href":"https:\/\/www.erresse-shop.it\/de\/wp-json\/wp\/v2\/types\/product"}],"wp:featuredmedia":[{"embeddable":true,"href":"https:\/\/www.erresse-shop.it\/de\/wp-json\/wp\/v2\/media\/106280"}],"wp:attachment":[{"href":"https:\/\/www.erresse-shop.it\/de\/wp-json\/wp\/v2\/media?parent=106273"}],"wp:term":[{"taxonomy":"product_cat","embeddable":true,"href":"https:\/\/www.erresse-shop.it\/de\/wp-json\/wp\/v2\/product_cat?post=106273"},{"taxonomy":"product_tag","embeddable":true,"href":"https:\/\/www.erresse-shop.it\/de\/wp-json\/wp\/v2\/product_tag?post=106273"}],"curies":[{"name":"wp","href":"https:\/\/api.w.org\/{rel}","templated":true}]}}