{"id":105542,"date":"2021-06-21T12:44:28","date_gmt":"2021-06-21T12:44:29","guid":{"rendered":"https:\/\/www.erresse-shop.it\/?post_type=product&#038;p=105542"},"modified":"2025-04-08T02:00:07","modified_gmt":"2025-04-08T02:00:07","slug":"sage-the-bambino-plus","status":"publish","type":"product","link":"https:\/\/www.erresse-shop.it\/de\/shop\/kleine-elektrogeraete\/kaffeemaschinen-espresso\/handbuecher\/sage-the-bambino-plus\/","title":{"rendered":"SAGE The Bambino Plus"},"content":{"rendered":"<p><strong>ECHTER ESPRESSO MIT AUTOMATISCHER MILCHAUFSCH\u00c4UMUNG. DER SCHNELLERE WEG F\u00dcR PROFESSIONELLE ERGEBNISSE ZU HAUSE<br \/>\n<\/strong>Wie professionelle Maschinen kann die Bambino Plus Kaffeespezialit\u00e4ten der \u201eThird Wave\u201c produzieren. Dank der 4-Schl\u00fcssel-Formel. 54 mm Siebtr\u00e4gerfilter mit 18 Gramm Kaffee f\u00fcr vollen Geschmack und eine leistungsstarke freih\u00e4ndige Dampfd\u00fcse zur Zubereitung von Mikro-Milchschaum, wie er f\u00fcr Latte Art unerl\u00e4sslich ist, gew\u00e4hrleisten Barista-Qualit\u00e4t. Mit einem eigenen ThermoJet-Heizsystem ist die Maschine in 3 Sekunden startbereit.<\/p>\n<p><strong>AUTOMATISCHE MILCHAUFSCH\u00c4UMUNG<\/strong><br \/>\nMit der automatischen Dampfd\u00fcse k\u00f6nnen Sie das Aufsch\u00e4umen und die Temperatur der Milch individuell einstellen, um einen Mikroblasenschaum wie an der Bar zu erhalten, der das Aroma des Kaffees verst\u00e4rkt und f\u00fcr die Latte Art unerl\u00e4sslich ist.<\/p>\n<p><strong>SCHNELLERE HEIZUNG<\/strong><br \/>\nMit dem innovativen ThermoJet\u00ae-Heizsystem erreichen Sie die ideale Absaugtemperatur in nur 3 Sekunden. Kein Warten mehr, um eine tolle Tasse Kaffee zu genie\u00dfen.<\/p>\n<p><strong>18 GRAMM KAFFEE F\u00dcR EIN VOLLMUNDIGES AROMA<\/strong><br \/>\nDie richtige Menge an Kaffeepulver ist die Basis f\u00fcr einen ausgewogenen Espresso. Der 54-mm-Filterhalter mit seinem Fassungsverm\u00f6gen von 18 Gramm ist der Schl\u00fcssel zu einem schmackhaften und ausgewogenen Kaffee der dritten Generation.<\/p>\n<p><strong>AUTOMATISCHES WASCHEN<\/strong><br \/>\nDa das Heizsystem nach der Dampfausgabe automatisch gesp\u00fclt wird, wird der Espresso immer mit der richtigen Temperatur ausgegeben.<\/p>\n<p><strong>Garantie:<\/strong> 2 Jahre f\u00fcr Reparatur, Ersatz oder R\u00fcckerstattung (nach alleinigem Ermessen von Sage Appliances).<br \/>\n<strong>Konstruktionsmaterialien:<\/strong> Edelstahl<br \/>\n<strong>Fassungsverm\u00f6gen Wassertank:<\/strong> 1,9 l<br \/>\n<strong>Einstellungen Bedienfeld:<\/strong> 1 TASTE, 2 TASTE und STEAM-Tasten<br \/>\n<strong>Einstellbare Temperatur und Milchaufsch\u00e4umstufe<\/strong><\/p>\n<p><strong>Inklusive Zubeh\u00f6r:<\/strong><\/p>\n<ul>\n<li>54 mm Filterhalter<\/li>\n<li>54 mm Dr\u00fccker<\/li>\n<li>Das Razor\u2122 Pr\u00e4zisions-Dosierwerkzeug<\/li>\n<li>Claro Swiss Wasserfilter<\/li>\n<li>480-ml-Edelstahl-Milchk\u00e4nnchen<\/li>\n<li>1 und 2 Tassen Doppelwandfilter<\/li>\n<li>Reinigungszubeh\u00f6r<\/li>\n<li>Reinigungsscheibe<\/li>\n<\/ul>\n<p><strong>Einige Demonstrationsvideos:<\/strong><\/p>\n<div class=\"su-youtube su-u-responsive-media-yes\"><iframe loading=\"lazy\" width=\"500\" height=\"200\" src=\"https:\/\/www.youtube.com\/embed\/RNgXOg-Gr2E?\" frameborder=\"0\" allowfullscreen allow=\"autoplay; encrypted-media; picture-in-picture\" title=\"\"><\/iframe><\/div>\n<p><a href=\"https:\/\/www.youtube.com\/watch?v=wATqZLsyqq0\" target=\"_blank\" rel=\"noopener\">https:\/\/www.youtube.com\/watch?v=wATqZLsyqq0<\/a><br \/>\n<a href=\"https:\/\/www.youtube.com\/watch?v=RNgXOg-Gr2E\" target=\"_blank\" rel=\"noopener\">https:\/\/www.youtube.com\/watch?v=RNgXOg-Gr2E<br \/>\nhttps:\/\/www.youtube.com\/watch?v=CmNGoS-B8gg<\/a><\/p>\n<p><span style=\"text-decoration: underline;\"><strong>Nicht zum Verkauf au\u00dferhalb Europas<\/strong><\/span><\/p>\n","protected":false},"excerpt":{"rendered":"<p>ECHTER ESPRESSO MIT AUTOMATISCHER MILCHAUFSCH\u00c4UMUNG. DER SCHNELLERE WEG F\u00dcR PROFESSIONELLE ERGEBNISSE ZU HAUSE Wie professionelle Maschinen kann die Bambino Plus<\/p>\n","protected":false},"featured_media":105562,"template":"","meta":{"_acf_changed":false,"inline_featured_image":false},"product_cat":[6733,6703,25366],"product_tag":[23564,13966,11718,23582],"acf":[],"yoast_head":"<!-- This site is optimized with the Yoast SEO Premium plugin v18.6 (Yoast SEO v19.13) - https:\/\/yoast.com\/wordpress\/plugins\/seo\/ -->\n<title>SAGE The Bambino Plus - Erresse Shop<\/title>\n<meta name=\"description\" content=\"ECHTER ESPRESSO MIT AUTOMATISCHER MILCHAUFSCH\u00c4UMUNG. DER SCHNELLERE WEG F\u00dcR PROFESSIONELLE ERGEBNISSE ZU HAUSE Wie professionelle Maschinen kann die\" \/>\n<meta name=\"robots\" content=\"index, follow, max-snippet:-1, max-image-preview:large, max-video-preview:-1\" \/>\n<link rel=\"canonical\" href=\"https:\/\/www.erresse-shop.it\/de\/shop\/kleine-elektrogeraete\/kaffeemaschinen-espresso\/handbuecher\/sage-the-bambino-plus\/\" \/>\n<meta property=\"og:locale\" content=\"de_DE\" \/>\n<meta property=\"og:type\" content=\"article\" \/>\n<meta property=\"og:title\" content=\"SAGE The Bambino Plus\" \/>\n<meta property=\"og:description\" content=\"ECHTER ESPRESSO MIT AUTOMATISCHER MILCHAUFSCH\u00c4UMUNG. DER SCHNELLERE WEG F\u00dcR PROFESSIONELLE ERGEBNISSE ZU HAUSE Wie professionelle Maschinen kann die\" \/>\n<meta property=\"og:url\" content=\"https:\/\/www.erresse-shop.it\/de\/shop\/kleine-elektrogeraete\/kaffeemaschinen-espresso\/handbuecher\/sage-the-bambino-plus\/\" \/>\n<meta property=\"og:site_name\" content=\"Erresse Shop\" \/>\n<meta property=\"article:modified_time\" content=\"2025-04-08T02:00:07+00:00\" \/>\n<meta property=\"og:image\" content=\"https:\/\/www.erresse-shop.it\/wp-content\/uploads\/2021\/06\/SAGE-The-Bambino-Plus.jpg\" \/>\n\t<meta property=\"og:image:width\" content=\"992\" \/>\n\t<meta property=\"og:image:height\" content=\"992\" \/>\n\t<meta property=\"og:image:type\" content=\"image\/jpeg\" \/>\n<meta name=\"twitter:card\" content=\"summary_large_image\" \/>\n<script type=\"application\/ld+json\" class=\"yoast-schema-graph\">{\"@context\":\"https:\/\/schema.org\",\"@graph\":[{\"@type\":\"WebPage\",\"@id\":\"https:\/\/www.erresse-shop.it\/de\/shop\/kleine-elektrogeraete\/kaffeemaschinen-espresso\/handbuecher\/sage-the-bambino-plus\/\",\"url\":\"https:\/\/www.erresse-shop.it\/de\/shop\/kleine-elektrogeraete\/kaffeemaschinen-espresso\/handbuecher\/sage-the-bambino-plus\/\",\"name\":\"SAGE The Bambino Plus - Erresse Shop\",\"isPartOf\":{\"@id\":\"https:\/\/www.erresse-shop.it\/de\/#website\"},\"datePublished\":\"2021-06-21T12:44:29+00:00\",\"dateModified\":\"2025-04-08T02:00:07+00:00\",\"description\":\"ECHTER ESPRESSO MIT AUTOMATISCHER MILCHAUFSCH\u00c4UMUNG. DER SCHNELLERE WEG F\u00dcR PROFESSIONELLE ERGEBNISSE ZU HAUSE Wie professionelle Maschinen kann die\",\"breadcrumb\":{\"@id\":\"https:\/\/www.erresse-shop.it\/de\/shop\/kleine-elektrogeraete\/kaffeemaschinen-espresso\/handbuecher\/sage-the-bambino-plus\/#breadcrumb\"},\"inLanguage\":\"de-DE\",\"potentialAction\":[{\"@type\":\"ReadAction\",\"target\":[\"https:\/\/www.erresse-shop.it\/de\/shop\/kleine-elektrogeraete\/kaffeemaschinen-espresso\/handbuecher\/sage-the-bambino-plus\/\"]}]},{\"@type\":\"BreadcrumbList\",\"@id\":\"https:\/\/www.erresse-shop.it\/de\/shop\/kleine-elektrogeraete\/kaffeemaschinen-espresso\/handbuecher\/sage-the-bambino-plus\/#breadcrumb\",\"itemListElement\":[{\"@type\":\"ListItem\",\"position\":1,\"name\":\"Home\",\"item\":\"https:\/\/www.erresse-shop.it\/de\/\"},{\"@type\":\"ListItem\",\"position\":2,\"name\":\"Shop\",\"item\":\"https:\/\/www.erresse-shop.it\/de\/shop\/\"},{\"@type\":\"ListItem\",\"position\":3,\"name\":\"SAGE The Bambino Plus\"}]},{\"@type\":\"WebSite\",\"@id\":\"https:\/\/www.erresse-shop.it\/de\/#website\",\"url\":\"https:\/\/www.erresse-shop.it\/de\/\",\"name\":\"Erresse Shop\",\"description\":\"Articoli di qualit\u00e0 per la casa\",\"potentialAction\":[{\"@type\":\"SearchAction\",\"target\":{\"@type\":\"EntryPoint\",\"urlTemplate\":\"https:\/\/www.erresse-shop.it\/de\/?s={search_term_string}\"},\"query-input\":\"required name=search_term_string\"}],\"inLanguage\":\"de-DE\"}]}<\/script>\n<!-- \/ Yoast SEO Premium plugin. -->","yoast_head_json":{"title":"SAGE The Bambino Plus - Erresse Shop","description":"ECHTER ESPRESSO MIT AUTOMATISCHER MILCHAUFSCH\u00c4UMUNG. DER SCHNELLERE WEG F\u00dcR PROFESSIONELLE ERGEBNISSE ZU HAUSE Wie professionelle Maschinen kann die","robots":{"index":"index","follow":"follow","max-snippet":"max-snippet:-1","max-image-preview":"max-image-preview:large","max-video-preview":"max-video-preview:-1"},"canonical":"https:\/\/www.erresse-shop.it\/de\/shop\/kleine-elektrogeraete\/kaffeemaschinen-espresso\/handbuecher\/sage-the-bambino-plus\/","og_locale":"de_DE","og_type":"article","og_title":"SAGE The Bambino Plus","og_description":"ECHTER ESPRESSO MIT AUTOMATISCHER MILCHAUFSCH\u00c4UMUNG. DER SCHNELLERE WEG F\u00dcR PROFESSIONELLE ERGEBNISSE ZU HAUSE Wie professionelle Maschinen kann die","og_url":"https:\/\/www.erresse-shop.it\/de\/shop\/kleine-elektrogeraete\/kaffeemaschinen-espresso\/handbuecher\/sage-the-bambino-plus\/","og_site_name":"Erresse Shop","article_modified_time":"2025-04-08T02:00:07+00:00","og_image":[{"width":992,"height":992,"url":"https:\/\/www.erresse-shop.it\/wp-content\/uploads\/2021\/06\/SAGE-The-Bambino-Plus.jpg","type":"image\/jpeg"}],"twitter_card":"summary_large_image","schema":{"@context":"https:\/\/schema.org","@graph":[{"@type":"WebPage","@id":"https:\/\/www.erresse-shop.it\/de\/shop\/kleine-elektrogeraete\/kaffeemaschinen-espresso\/handbuecher\/sage-the-bambino-plus\/","url":"https:\/\/www.erresse-shop.it\/de\/shop\/kleine-elektrogeraete\/kaffeemaschinen-espresso\/handbuecher\/sage-the-bambino-plus\/","name":"SAGE The Bambino Plus - Erresse Shop","isPartOf":{"@id":"https:\/\/www.erresse-shop.it\/de\/#website"},"datePublished":"2021-06-21T12:44:29+00:00","dateModified":"2025-04-08T02:00:07+00:00","description":"ECHTER ESPRESSO MIT AUTOMATISCHER MILCHAUFSCH\u00c4UMUNG. DER SCHNELLERE WEG F\u00dcR PROFESSIONELLE ERGEBNISSE ZU HAUSE Wie professionelle Maschinen kann die","breadcrumb":{"@id":"https:\/\/www.erresse-shop.it\/de\/shop\/kleine-elektrogeraete\/kaffeemaschinen-espresso\/handbuecher\/sage-the-bambino-plus\/#breadcrumb"},"inLanguage":"de-DE","potentialAction":[{"@type":"ReadAction","target":["https:\/\/www.erresse-shop.it\/de\/shop\/kleine-elektrogeraete\/kaffeemaschinen-espresso\/handbuecher\/sage-the-bambino-plus\/"]}]},{"@type":"BreadcrumbList","@id":"https:\/\/www.erresse-shop.it\/de\/shop\/kleine-elektrogeraete\/kaffeemaschinen-espresso\/handbuecher\/sage-the-bambino-plus\/#breadcrumb","itemListElement":[{"@type":"ListItem","position":1,"name":"Home","item":"https:\/\/www.erresse-shop.it\/de\/"},{"@type":"ListItem","position":2,"name":"Shop","item":"https:\/\/www.erresse-shop.it\/de\/shop\/"},{"@type":"ListItem","position":3,"name":"SAGE The Bambino Plus"}]},{"@type":"WebSite","@id":"https:\/\/www.erresse-shop.it\/de\/#website","url":"https:\/\/www.erresse-shop.it\/de\/","name":"Erresse Shop","description":"Articoli di qualit\u00e0 per la casa","potentialAction":[{"@type":"SearchAction","target":{"@type":"EntryPoint","urlTemplate":"https:\/\/www.erresse-shop.it\/de\/?s={search_term_string}"},"query-input":"required name=search_term_string"}],"inLanguage":"de-DE"}]}},"df_price":429.95,"df_sale_price":429.95,"df_regular_price":529.9,"df_image_link":"https:\/\/www.erresse-shop.it\/wp-content\/uploads\/2021\/06\/SAGE-The-Bambino-Plus-300x300.jpg","_links":{"self":[{"href":"https:\/\/www.erresse-shop.it\/de\/wp-json\/wp\/v2\/product\/105542"}],"collection":[{"href":"https:\/\/www.erresse-shop.it\/de\/wp-json\/wp\/v2\/product"}],"about":[{"href":"https:\/\/www.erresse-shop.it\/de\/wp-json\/wp\/v2\/types\/product"}],"wp:featuredmedia":[{"embeddable":true,"href":"https:\/\/www.erresse-shop.it\/de\/wp-json\/wp\/v2\/media\/105562"}],"wp:attachment":[{"href":"https:\/\/www.erresse-shop.it\/de\/wp-json\/wp\/v2\/media?parent=105542"}],"wp:term":[{"taxonomy":"product_cat","embeddable":true,"href":"https:\/\/www.erresse-shop.it\/de\/wp-json\/wp\/v2\/product_cat?post=105542"},{"taxonomy":"product_tag","embeddable":true,"href":"https:\/\/www.erresse-shop.it\/de\/wp-json\/wp\/v2\/product_tag?post=105542"}],"curies":[{"name":"wp","href":"https:\/\/api.w.org\/{rel}","templated":true}]}}