{"id":104125,"date":"2021-06-09T14:44:42","date_gmt":"2021-06-09T14:44:43","guid":{"rendered":"https:\/\/www.erresse-shop.it\/?post_type=product&#038;p=104125"},"modified":"2025-06-13T10:08:21","modified_gmt":"2025-06-13T10:08:21","slug":"les-jardins-de-la-comtesse-picknickkorb-4-personen-royal","status":"publish","type":"product","link":"https:\/\/www.erresse-shop.it\/de\/shop\/tisch\/picknickkoerbe\/les-jardins-de-la-comtesse-picknickkorb-4-personen-royal\/","title":{"rendered":"LES JARDINS DE LA COMTESSE Picknickkorb 4 Personen Royal"},"content":{"rendered":"<p>Der Picknickkorb <strong>&#8220;Royal&#8221;<\/strong> ist der kompletteste unserer Picknickk\u00f6rbe f\u00fcr eine 4&#8230; Dieser Picknickkorb aus Weide ist innen mit einem beigen Stoff ausgekleidet und hat zwei braune Kunstlederriemen zum Verschlie\u00dfen.<br \/>\nEr hat einen Griff und einen verstellbaren Schultergurt, um ihn leicht tragen zu k\u00f6nnen.<\/p>\n<ul>\n<li>1 gro\u00dfes, herausnehmbares Isotherm-Fach zur Aufbewahrung von Gegenst\u00e4nden, die k\u00fchl oder alkalisch sind.<\/li>\n<li>4 wei\u00dfe Keramikteller mit dem Wappen von Les Jardins de la Comtesse, Durchmesser 20 cm.<\/li>\n<li>4 Gl\u00e4ser en verto (14 cl)<\/li>\n<li>Ein komplettes Set von 12 Besteckteilen aus Edelstahl mit Griffen aus Holzimitat.<\/li>\n<li>4 Aluminium-Kaffeetassen (25 cl).<\/li>\n<li>1 Kaffee-Thermoskanne (75 cl).<\/li>\n<li>1 Schneidebrett mit Messer f\u00fcr Aufschnitt, K\u00e4se&#8230;<\/li>\n<li>1 Salzstreuer, 1 Pfefferstreuer.<\/li>\n<li>1 Korkenzieher, Dosen\u00f6ffner.<\/li>\n<li>1 Ring zur Befestigung einer Flasche<\/li>\n<li>4 Baumwollservietten (30 x 30 cm)<\/li>\n<li>1 kleine Tasche zur Aufbewahrung von schmutzigem Geschirr<\/li>\n<li>Seine Teller, Gl\u00e4ser, Bestecke und Accessoires sind sp\u00fclmaschinenfest.<\/li>\n<\/ul>\n<p>Abmessungen : 56 x 37 x 26 cm<br \/>\nGewicht : 6,3 kg<\/p>\n","protected":false},"excerpt":{"rendered":"<p>Der Picknickkorb &#8220;Royal&#8221; ist der kompletteste unserer Picknickk\u00f6rbe f\u00fcr eine 4&#8230; Dieser Picknickkorb aus Weide ist innen mit einem beigen<\/p>\n","protected":false},"featured_media":104133,"template":"","meta":{"_acf_changed":false,"inline_featured_image":false},"product_cat":[6787,15508],"product_tag":[25038,13379,24398,24604,13487,15501,25022],"acf":[],"yoast_head":"<!-- This site is optimized with the Yoast SEO Premium plugin v18.6 (Yoast SEO v19.13) - https:\/\/yoast.com\/wordpress\/plugins\/seo\/ -->\n<title>LES JARDINS DE LA COMTESSE Picknickkorb 4 Personen Royal<\/title>\n<meta name=\"description\" content=\"Entdecken Sie LES JARDINS DE LA COMTESSE Picknickkorb 4 Personen Royal bei ErresseShop. Qualit\u00e4t, Stil und Funktionalit\u00e4t \u2013 jetzt online bestellen!\" \/>\n<meta name=\"robots\" content=\"index, follow, max-snippet:-1, max-image-preview:large, max-video-preview:-1\" \/>\n<link rel=\"canonical\" href=\"https:\/\/www.erresse-shop.it\/de\/shop\/tisch\/picknickkoerbe\/les-jardins-de-la-comtesse-picknickkorb-4-personen-royal\/\" \/>\n<meta property=\"og:locale\" content=\"de_DE\" \/>\n<meta property=\"og:type\" content=\"article\" \/>\n<meta property=\"og:title\" content=\"LES JARDINS DE LA COMTESSE Picknickkorb 4 Personen Royal\" \/>\n<meta property=\"og:description\" content=\"Entdecken Sie LES JARDINS DE LA COMTESSE Picknickkorb 4 Personen Royal bei ErresseShop. Qualit\u00e4t, Stil und Funktionalit\u00e4t \u2013 jetzt online bestellen!\" \/>\n<meta property=\"og:url\" content=\"https:\/\/www.erresse-shop.it\/de\/shop\/tisch\/picknickkoerbe\/les-jardins-de-la-comtesse-picknickkorb-4-personen-royal\/\" \/>\n<meta property=\"og:site_name\" content=\"Erresse Shop\" \/>\n<meta property=\"article:modified_time\" content=\"2025-06-13T10:08:21+00:00\" \/>\n<meta property=\"og:image\" content=\"https:\/\/www.erresse-shop.it\/wp-content\/uploads\/2021\/06\/LES-JARDINS-DE-LA-COMTESSE-Cestino-Picnic-Royal.jpg\" \/>\n\t<meta property=\"og:image:width\" content=\"1500\" \/>\n\t<meta property=\"og:image:height\" content=\"1456\" \/>\n\t<meta property=\"og:image:type\" content=\"image\/jpeg\" \/>\n<meta name=\"twitter:card\" content=\"summary_large_image\" \/>\n<script type=\"application\/ld+json\" class=\"yoast-schema-graph\">{\"@context\":\"https:\/\/schema.org\",\"@graph\":[{\"@type\":\"WebPage\",\"@id\":\"https:\/\/www.erresse-shop.it\/de\/shop\/tisch\/picknickkoerbe\/les-jardins-de-la-comtesse-picknickkorb-4-personen-royal\/\",\"url\":\"https:\/\/www.erresse-shop.it\/de\/shop\/tisch\/picknickkoerbe\/les-jardins-de-la-comtesse-picknickkorb-4-personen-royal\/\",\"name\":\"LES JARDINS DE LA COMTESSE Picknickkorb 4 Personen Royal\",\"isPartOf\":{\"@id\":\"https:\/\/www.erresse-shop.it\/de\/#website\"},\"datePublished\":\"2021-06-09T14:44:43+00:00\",\"dateModified\":\"2025-06-13T10:08:21+00:00\",\"description\":\"Entdecken Sie LES JARDINS DE LA COMTESSE Picknickkorb 4 Personen Royal bei ErresseShop. Qualit\u00e4t, Stil und Funktionalit\u00e4t \u2013 jetzt online bestellen!\",\"breadcrumb\":{\"@id\":\"https:\/\/www.erresse-shop.it\/de\/shop\/tisch\/picknickkoerbe\/les-jardins-de-la-comtesse-picknickkorb-4-personen-royal\/#breadcrumb\"},\"inLanguage\":\"de-DE\",\"potentialAction\":[{\"@type\":\"ReadAction\",\"target\":[\"https:\/\/www.erresse-shop.it\/de\/shop\/tisch\/picknickkoerbe\/les-jardins-de-la-comtesse-picknickkorb-4-personen-royal\/\"]}]},{\"@type\":\"BreadcrumbList\",\"@id\":\"https:\/\/www.erresse-shop.it\/de\/shop\/tisch\/picknickkoerbe\/les-jardins-de-la-comtesse-picknickkorb-4-personen-royal\/#breadcrumb\",\"itemListElement\":[{\"@type\":\"ListItem\",\"position\":1,\"name\":\"Home\",\"item\":\"https:\/\/www.erresse-shop.it\/de\/\"},{\"@type\":\"ListItem\",\"position\":2,\"name\":\"Shop\",\"item\":\"https:\/\/www.erresse-shop.it\/de\/shop\/\"},{\"@type\":\"ListItem\",\"position\":3,\"name\":\"LES JARDINS DE LA COMTESSE Picknickkorb 4 Personen Royal\"}]},{\"@type\":\"WebSite\",\"@id\":\"https:\/\/www.erresse-shop.it\/de\/#website\",\"url\":\"https:\/\/www.erresse-shop.it\/de\/\",\"name\":\"Erresse Shop\",\"description\":\"Articoli di qualit\u00e0 per la casa\",\"potentialAction\":[{\"@type\":\"SearchAction\",\"target\":{\"@type\":\"EntryPoint\",\"urlTemplate\":\"https:\/\/www.erresse-shop.it\/de\/?s={search_term_string}\"},\"query-input\":\"required name=search_term_string\"}],\"inLanguage\":\"de-DE\"}]}<\/script>\n<!-- \/ Yoast SEO Premium plugin. -->","yoast_head_json":{"title":"LES JARDINS DE LA COMTESSE Picknickkorb 4 Personen Royal","description":"Entdecken Sie LES JARDINS DE LA COMTESSE Picknickkorb 4 Personen Royal bei ErresseShop. Qualit\u00e4t, Stil und Funktionalit\u00e4t \u2013 jetzt online bestellen!","robots":{"index":"index","follow":"follow","max-snippet":"max-snippet:-1","max-image-preview":"max-image-preview:large","max-video-preview":"max-video-preview:-1"},"canonical":"https:\/\/www.erresse-shop.it\/de\/shop\/tisch\/picknickkoerbe\/les-jardins-de-la-comtesse-picknickkorb-4-personen-royal\/","og_locale":"de_DE","og_type":"article","og_title":"LES JARDINS DE LA COMTESSE Picknickkorb 4 Personen Royal","og_description":"Entdecken Sie LES JARDINS DE LA COMTESSE Picknickkorb 4 Personen Royal bei ErresseShop. Qualit\u00e4t, Stil und Funktionalit\u00e4t \u2013 jetzt online bestellen!","og_url":"https:\/\/www.erresse-shop.it\/de\/shop\/tisch\/picknickkoerbe\/les-jardins-de-la-comtesse-picknickkorb-4-personen-royal\/","og_site_name":"Erresse Shop","article_modified_time":"2025-06-13T10:08:21+00:00","og_image":[{"width":1500,"height":1456,"url":"https:\/\/www.erresse-shop.it\/wp-content\/uploads\/2021\/06\/LES-JARDINS-DE-LA-COMTESSE-Cestino-Picnic-Royal.jpg","type":"image\/jpeg"}],"twitter_card":"summary_large_image","schema":{"@context":"https:\/\/schema.org","@graph":[{"@type":"WebPage","@id":"https:\/\/www.erresse-shop.it\/de\/shop\/tisch\/picknickkoerbe\/les-jardins-de-la-comtesse-picknickkorb-4-personen-royal\/","url":"https:\/\/www.erresse-shop.it\/de\/shop\/tisch\/picknickkoerbe\/les-jardins-de-la-comtesse-picknickkorb-4-personen-royal\/","name":"LES JARDINS DE LA COMTESSE Picknickkorb 4 Personen Royal","isPartOf":{"@id":"https:\/\/www.erresse-shop.it\/de\/#website"},"datePublished":"2021-06-09T14:44:43+00:00","dateModified":"2025-06-13T10:08:21+00:00","description":"Entdecken Sie LES JARDINS DE LA COMTESSE Picknickkorb 4 Personen Royal bei ErresseShop. Qualit\u00e4t, Stil und Funktionalit\u00e4t \u2013 jetzt online bestellen!","breadcrumb":{"@id":"https:\/\/www.erresse-shop.it\/de\/shop\/tisch\/picknickkoerbe\/les-jardins-de-la-comtesse-picknickkorb-4-personen-royal\/#breadcrumb"},"inLanguage":"de-DE","potentialAction":[{"@type":"ReadAction","target":["https:\/\/www.erresse-shop.it\/de\/shop\/tisch\/picknickkoerbe\/les-jardins-de-la-comtesse-picknickkorb-4-personen-royal\/"]}]},{"@type":"BreadcrumbList","@id":"https:\/\/www.erresse-shop.it\/de\/shop\/tisch\/picknickkoerbe\/les-jardins-de-la-comtesse-picknickkorb-4-personen-royal\/#breadcrumb","itemListElement":[{"@type":"ListItem","position":1,"name":"Home","item":"https:\/\/www.erresse-shop.it\/de\/"},{"@type":"ListItem","position":2,"name":"Shop","item":"https:\/\/www.erresse-shop.it\/de\/shop\/"},{"@type":"ListItem","position":3,"name":"LES JARDINS DE LA COMTESSE Picknickkorb 4 Personen Royal"}]},{"@type":"WebSite","@id":"https:\/\/www.erresse-shop.it\/de\/#website","url":"https:\/\/www.erresse-shop.it\/de\/","name":"Erresse Shop","description":"Articoli di qualit\u00e0 per la casa","potentialAction":[{"@type":"SearchAction","target":{"@type":"EntryPoint","urlTemplate":"https:\/\/www.erresse-shop.it\/de\/?s={search_term_string}"},"query-input":"required name=search_term_string"}],"inLanguage":"de-DE"}]}},"df_price":107.19500000000001,"df_sale_price":107.19500000000001,"df_regular_price":194.9,"df_image_link":"https:\/\/www.erresse-shop.it\/wp-content\/uploads\/2021\/06\/LES-JARDINS-DE-LA-COMTESSE-Cestino-Picnic-Royal-300x291.jpg","_links":{"self":[{"href":"https:\/\/www.erresse-shop.it\/de\/wp-json\/wp\/v2\/product\/104125"}],"collection":[{"href":"https:\/\/www.erresse-shop.it\/de\/wp-json\/wp\/v2\/product"}],"about":[{"href":"https:\/\/www.erresse-shop.it\/de\/wp-json\/wp\/v2\/types\/product"}],"wp:featuredmedia":[{"embeddable":true,"href":"https:\/\/www.erresse-shop.it\/de\/wp-json\/wp\/v2\/media\/104133"}],"wp:attachment":[{"href":"https:\/\/www.erresse-shop.it\/de\/wp-json\/wp\/v2\/media?parent=104125"}],"wp:term":[{"taxonomy":"product_cat","embeddable":true,"href":"https:\/\/www.erresse-shop.it\/de\/wp-json\/wp\/v2\/product_cat?post=104125"},{"taxonomy":"product_tag","embeddable":true,"href":"https:\/\/www.erresse-shop.it\/de\/wp-json\/wp\/v2\/product_tag?post=104125"}],"curies":[{"name":"wp","href":"https:\/\/api.w.org\/{rel}","templated":true}]}}