{"id":103981,"date":"2021-06-09T10:20:15","date_gmt":"2021-06-09T10:20:15","guid":{"rendered":"https:\/\/www.erresse-shop.it\/?post_type=product&#038;p=103981"},"modified":"2023-07-31T00:06:58","modified_gmt":"2023-07-31T00:06:58","slug":"seletti-colossus-couchtisch-aus-fiberglas","status":"publish","type":"product","link":"https:\/\/www.erresse-shop.it\/de\/shop\/einrichtung-haus\/dekoartikel\/seletti-colossus-couchtisch-aus-fiberglas\/","title":{"rendered":"SELETTI &#8220;Colossus&#8221; Couchtisch aus Fiberglas"},"content":{"rendered":"<p>Neue Antic! Studio Job bringt zwei freie Elektronen, Job Smeets und Nynke Tynagel, zusammen, die f\u00fcr ihre rebellische und nonkonformistische Art bekannt sind, ein besonderes Universum zu schaffen. Mit Colossus haben sie die Antike entstaubt, indem sie antike Statuen auf ironische Art und Weise wieder aufleben lassen. Dieser Couchtisch aus Fiberglas ist wie ein antiker Marmor, der in St\u00fccken zu uns herabgekommen ist. Das Fiberglas imitiert wei\u00dfen Marmor perfekt. Von zeitloser Weisheit zeugend, besticht dieses erhabene Fragment durch seine Anmut und sein Geheimnis. Die Designer von Studio Job eignen sich Fragmente der klassischen Antike an und vermitteln sie mit der Gegenwart. Sie entf\u00fchren das kulturelle Erbe der Antike mit Provokation und Verspieltheit. Diese M\u00f6bel-Skulptur, an der Grenze zwischen Kunst und Design, schafft ein traumhaftes und extravagantes Universum, das gleichzeitig provokant, am\u00fcsant und absurd ist. Colossus wird in unseren Innenr\u00e4umen sowohl zur Dekoration als auch als Beistelltisch eingesetzt.<\/p>\n<p><strong>Details:<\/strong><\/p>\n<p>Variationen : Wei\u00df<br \/>\nMarke : Seletti<br \/>\nDesigner : Studio Job<br \/>\nFarbe : Wei\u00df<br \/>\nMaterial : Fiberglas<br \/>\nAbmessungen : \u00d8 22 cm x H 49,5 cm &#8211; Sockel (fu\u00dff\u00f6rmig) : L 51 x B 22 cm<br \/>\nGewicht : 5 kg<br \/>\nLand der Herstellung : China<\/p>\n","protected":false},"excerpt":{"rendered":"<p>Neue Antic! Studio Job bringt zwei freie Elektronen, Job Smeets und Nynke Tynagel, zusammen, die f\u00fcr ihre rebellische und nonkonformistische<\/p>\n","protected":false},"featured_media":103988,"template":"","meta":{"_acf_changed":false,"inline_featured_image":false},"product_cat":[6817,14442],"product_tag":[15521,15523,15522,25022,12267,11847],"acf":[],"yoast_head":"<!-- This site is optimized with the Yoast SEO Premium plugin v18.6 (Yoast SEO v19.13) - https:\/\/yoast.com\/wordpress\/plugins\/seo\/ -->\n<title>SELETTI &quot;Colossus&quot; Couchtisch aus Fiberglas - Erresse Shop<\/title>\n<meta name=\"description\" content=\"Neue Antic! Studio Job bringt zwei freie Elektronen, Job Smeets und Nynke Tynagel, zusammen, die f\u00fcr ihre rebellische und nonkonformistische Art bekannt\" \/>\n<meta name=\"robots\" content=\"index, follow, max-snippet:-1, max-image-preview:large, max-video-preview:-1\" \/>\n<link rel=\"canonical\" href=\"https:\/\/www.erresse-shop.it\/de\/shop\/einrichtung-haus\/dekoartikel\/seletti-colossus-couchtisch-aus-fiberglas\/\" \/>\n<meta property=\"og:locale\" content=\"de_DE\" \/>\n<meta property=\"og:type\" content=\"article\" \/>\n<meta property=\"og:title\" content=\"SELETTI &quot;Colossus&quot; Couchtisch aus Fiberglas\" \/>\n<meta property=\"og:description\" content=\"Neue Antic! Studio Job bringt zwei freie Elektronen, Job Smeets und Nynke Tynagel, zusammen, die f\u00fcr ihre rebellische und nonkonformistische Art bekannt\" \/>\n<meta property=\"og:url\" content=\"https:\/\/www.erresse-shop.it\/de\/shop\/einrichtung-haus\/dekoartikel\/seletti-colossus-couchtisch-aus-fiberglas\/\" \/>\n<meta property=\"og:site_name\" content=\"Erresse Shop\" \/>\n<meta property=\"article:modified_time\" content=\"2023-07-31T00:06:58+00:00\" \/>\n<meta property=\"og:image\" content=\"https:\/\/www.erresse-shop.it\/wp-content\/uploads\/2021\/06\/18610.jpg\" \/>\n\t<meta property=\"og:image:width\" content=\"2308\" \/>\n\t<meta property=\"og:image:height\" content=\"2308\" \/>\n\t<meta property=\"og:image:type\" content=\"image\/jpeg\" \/>\n<meta name=\"twitter:card\" content=\"summary_large_image\" \/>\n<script type=\"application\/ld+json\" class=\"yoast-schema-graph\">{\"@context\":\"https:\/\/schema.org\",\"@graph\":[{\"@type\":\"WebPage\",\"@id\":\"https:\/\/www.erresse-shop.it\/de\/shop\/einrichtung-haus\/dekoartikel\/seletti-colossus-couchtisch-aus-fiberglas\/\",\"url\":\"https:\/\/www.erresse-shop.it\/de\/shop\/einrichtung-haus\/dekoartikel\/seletti-colossus-couchtisch-aus-fiberglas\/\",\"name\":\"SELETTI \\\"Colossus\\\" Couchtisch aus Fiberglas - Erresse Shop\",\"isPartOf\":{\"@id\":\"https:\/\/www.erresse-shop.it\/de\/#website\"},\"datePublished\":\"2021-06-09T10:20:15+00:00\",\"dateModified\":\"2023-07-31T00:06:58+00:00\",\"description\":\"Neue Antic! Studio Job bringt zwei freie Elektronen, Job Smeets und Nynke Tynagel, zusammen, die f\u00fcr ihre rebellische und nonkonformistische Art bekannt\",\"breadcrumb\":{\"@id\":\"https:\/\/www.erresse-shop.it\/de\/shop\/einrichtung-haus\/dekoartikel\/seletti-colossus-couchtisch-aus-fiberglas\/#breadcrumb\"},\"inLanguage\":\"de-DE\",\"potentialAction\":[{\"@type\":\"ReadAction\",\"target\":[\"https:\/\/www.erresse-shop.it\/de\/shop\/einrichtung-haus\/dekoartikel\/seletti-colossus-couchtisch-aus-fiberglas\/\"]}]},{\"@type\":\"BreadcrumbList\",\"@id\":\"https:\/\/www.erresse-shop.it\/de\/shop\/einrichtung-haus\/dekoartikel\/seletti-colossus-couchtisch-aus-fiberglas\/#breadcrumb\",\"itemListElement\":[{\"@type\":\"ListItem\",\"position\":1,\"name\":\"Home\",\"item\":\"https:\/\/www.erresse-shop.it\/de\/\"},{\"@type\":\"ListItem\",\"position\":2,\"name\":\"Shop\",\"item\":\"https:\/\/www.erresse-shop.it\/de\/shop\/\"},{\"@type\":\"ListItem\",\"position\":3,\"name\":\"SELETTI &#8220;Colossus&#8221; Couchtisch aus Fiberglas\"}]},{\"@type\":\"WebSite\",\"@id\":\"https:\/\/www.erresse-shop.it\/de\/#website\",\"url\":\"https:\/\/www.erresse-shop.it\/de\/\",\"name\":\"Erresse Shop\",\"description\":\"Articoli di qualit\u00e0 per la casa\",\"potentialAction\":[{\"@type\":\"SearchAction\",\"target\":{\"@type\":\"EntryPoint\",\"urlTemplate\":\"https:\/\/www.erresse-shop.it\/de\/?s={search_term_string}\"},\"query-input\":\"required name=search_term_string\"}],\"inLanguage\":\"de-DE\"}]}<\/script>\n<!-- \/ Yoast SEO Premium plugin. -->","yoast_head_json":{"title":"SELETTI \"Colossus\" Couchtisch aus Fiberglas - Erresse Shop","description":"Neue Antic! Studio Job bringt zwei freie Elektronen, Job Smeets und Nynke Tynagel, zusammen, die f\u00fcr ihre rebellische und nonkonformistische Art bekannt","robots":{"index":"index","follow":"follow","max-snippet":"max-snippet:-1","max-image-preview":"max-image-preview:large","max-video-preview":"max-video-preview:-1"},"canonical":"https:\/\/www.erresse-shop.it\/de\/shop\/einrichtung-haus\/dekoartikel\/seletti-colossus-couchtisch-aus-fiberglas\/","og_locale":"de_DE","og_type":"article","og_title":"SELETTI \"Colossus\" Couchtisch aus Fiberglas","og_description":"Neue Antic! Studio Job bringt zwei freie Elektronen, Job Smeets und Nynke Tynagel, zusammen, die f\u00fcr ihre rebellische und nonkonformistische Art bekannt","og_url":"https:\/\/www.erresse-shop.it\/de\/shop\/einrichtung-haus\/dekoartikel\/seletti-colossus-couchtisch-aus-fiberglas\/","og_site_name":"Erresse Shop","article_modified_time":"2023-07-31T00:06:58+00:00","og_image":[{"width":2308,"height":2308,"url":"https:\/\/www.erresse-shop.it\/wp-content\/uploads\/2021\/06\/18610.jpg","type":"image\/jpeg"}],"twitter_card":"summary_large_image","schema":{"@context":"https:\/\/schema.org","@graph":[{"@type":"WebPage","@id":"https:\/\/www.erresse-shop.it\/de\/shop\/einrichtung-haus\/dekoartikel\/seletti-colossus-couchtisch-aus-fiberglas\/","url":"https:\/\/www.erresse-shop.it\/de\/shop\/einrichtung-haus\/dekoartikel\/seletti-colossus-couchtisch-aus-fiberglas\/","name":"SELETTI \"Colossus\" Couchtisch aus Fiberglas - Erresse Shop","isPartOf":{"@id":"https:\/\/www.erresse-shop.it\/de\/#website"},"datePublished":"2021-06-09T10:20:15+00:00","dateModified":"2023-07-31T00:06:58+00:00","description":"Neue Antic! Studio Job bringt zwei freie Elektronen, Job Smeets und Nynke Tynagel, zusammen, die f\u00fcr ihre rebellische und nonkonformistische Art bekannt","breadcrumb":{"@id":"https:\/\/www.erresse-shop.it\/de\/shop\/einrichtung-haus\/dekoartikel\/seletti-colossus-couchtisch-aus-fiberglas\/#breadcrumb"},"inLanguage":"de-DE","potentialAction":[{"@type":"ReadAction","target":["https:\/\/www.erresse-shop.it\/de\/shop\/einrichtung-haus\/dekoartikel\/seletti-colossus-couchtisch-aus-fiberglas\/"]}]},{"@type":"BreadcrumbList","@id":"https:\/\/www.erresse-shop.it\/de\/shop\/einrichtung-haus\/dekoartikel\/seletti-colossus-couchtisch-aus-fiberglas\/#breadcrumb","itemListElement":[{"@type":"ListItem","position":1,"name":"Home","item":"https:\/\/www.erresse-shop.it\/de\/"},{"@type":"ListItem","position":2,"name":"Shop","item":"https:\/\/www.erresse-shop.it\/de\/shop\/"},{"@type":"ListItem","position":3,"name":"SELETTI &#8220;Colossus&#8221; Couchtisch aus Fiberglas"}]},{"@type":"WebSite","@id":"https:\/\/www.erresse-shop.it\/de\/#website","url":"https:\/\/www.erresse-shop.it\/de\/","name":"Erresse Shop","description":"Articoli di qualit\u00e0 per la casa","potentialAction":[{"@type":"SearchAction","target":{"@type":"EntryPoint","urlTemplate":"https:\/\/www.erresse-shop.it\/de\/?s={search_term_string}"},"query-input":"required name=search_term_string"}],"inLanguage":"de-DE"}]}},"df_price":107.10000000000001,"df_sale_price":107.10000000000001,"df_regular_price":238,"df_image_link":"https:\/\/www.erresse-shop.it\/wp-content\/uploads\/2021\/06\/18610-300x300.jpg","_links":{"self":[{"href":"https:\/\/www.erresse-shop.it\/de\/wp-json\/wp\/v2\/product\/103981"}],"collection":[{"href":"https:\/\/www.erresse-shop.it\/de\/wp-json\/wp\/v2\/product"}],"about":[{"href":"https:\/\/www.erresse-shop.it\/de\/wp-json\/wp\/v2\/types\/product"}],"wp:featuredmedia":[{"embeddable":true,"href":"https:\/\/www.erresse-shop.it\/de\/wp-json\/wp\/v2\/media\/103988"}],"wp:attachment":[{"href":"https:\/\/www.erresse-shop.it\/de\/wp-json\/wp\/v2\/media?parent=103981"}],"wp:term":[{"taxonomy":"product_cat","embeddable":true,"href":"https:\/\/www.erresse-shop.it\/de\/wp-json\/wp\/v2\/product_cat?post=103981"},{"taxonomy":"product_tag","embeddable":true,"href":"https:\/\/www.erresse-shop.it\/de\/wp-json\/wp\/v2\/product_tag?post=103981"}],"curies":[{"name":"wp","href":"https:\/\/api.w.org\/{rel}","templated":true}]}}