{"id":10270,"date":"2012-05-30T17:00:57","date_gmt":"2012-05-30T17:00:57","guid":{"rendered":"https:\/\/www.erresse-shop.it\/?post_type=product&#038;p=10270"},"modified":"2025-01-17T15:46:23","modified_gmt":"2025-01-17T15:46:23","slug":"staub-cocotte-oval-31-cm-schwarz","status":"publish","type":"product","link":"https:\/\/www.erresse-shop.it\/de\/shop\/toepfe-pfannen\/schalldaempfer-und-kokotten\/staub-cocotte-oval-31-cm-schwarz\/","title":{"rendered":"STAUB Cocotte Oval 31 cm Schwarz"},"content":{"rendered":"<p>Liebhaber der franz\u00f6sischen K\u00fcche kommen mit einer Cocotte von Staub ebenso auf ihre Kosten wie alle, die gerne saftige Braten und \u00fcberbackene Gerichte zubereiten. Der Schmortopf aus Frankreich wurde einst f\u00fcr das Kochen von H\u00fchnchen eingesetzt, hat jedoch l\u00e4ngst auch die moderne K\u00fcche erobert. Anf\u00e4nger und Hobbyk\u00f6che probieren sich mit ihr in der Zubereitung von Gratins, Ragouts und Souffl\u00e9s. Die einfache Handhabung, die robuste Emaillierung und hervorragende W\u00e4rmespeicherung \u00fcberzeugen auch Profik\u00f6che. Mit der Deckelkonstruktion von Staub, die das Kondenswasser gleichm\u00e4\u00dfig \u00fcber dem Gargut verteilt, bleibt Fleisch zart und Gem\u00fcse aromatisch. Die Cocotte ist oval und schwarz und mit einer Breite von 31 cm und einer H\u00f6he von knapp 17 cm genau richtig, um leckere Braten darin zuzubereiten. Das Fassungsverm\u00f6gen von 5,5 l reicht aus, um die Familie am Sonntag mit einem gro\u00dfen, saftigen St\u00fcck Fleisch zu verw\u00f6hnen. Dank des Gusseisens k\u00f6nnen Sie die Cocotte auch auf den Esstisch stellen, die Speisen bleiben darin lange warm. Scharfes Anbraten und schonendes Garen sind in dem Schmortopf gleicherma\u00dfen m\u00f6glich. So ersparen Sie sich das Umf\u00fcllen. Die Cocotte ist f\u00fcr alle Herdarten geeignet, zum Garen k\u00f6nnen Sie sie auch in den Backofen stellen. Die stetige und gleichm\u00e4\u00dfige Abgabe der Hitze von unten und von den Seiten l\u00e4sst die Speisen wunderbar durchziehen. So werden auch einfache Gerichte mit der Cocotte von Staub besonders aromatisch und lecker.<\/p>\n<p>&#8211; Ideal zum Anbraten und langsamen Garen von Braten und Gefl\u00fcgel am St\u00fcck<br \/>\n&#8211; Saftiges und zartes Kochergebnis durch die spezielle Tropfenstruktur im Deckel<br \/>\n&#8211; Die schwarzmatte Innenemaillierung eignet sich zum besonders krossen Anbraten und ist besonders strapazierf\u00e4hig<br \/>\n&#8211; F\u00fcr alle Herdarten inkl. Induktion geeignet, auch im Backofen\/Grill einsetzbar<\/p>\n<p>Eigenschaften<br \/>\n&#8211; Hitzebest\u00e4ndigkeit: 240,00 \u00baC<br \/>\n&#8211; K\u00e4ltebest\u00e4ndigkeit: -20,00 \u00baC<br \/>\n&#8211; Material: Gusseisen<br \/>\n&#8211; Deckel vorhanden: Ja<br \/>\n&#8211; Induktion: Ja<br \/>\n&#8211; Backofen geeignet: Ja<br \/>\n&#8211; Gefrierschrank geeignet: Ja<br \/>\n&#8211; Herdplatten geeignet: Ja<br \/>\n&#8211; sp\u00fclmaschinengeeignet: Ja<\/p>\n<p>Abmessungen<br \/>\n&#8211; Gewicht netto: 5,98 kg<br \/>\n&#8211; Volumen: 5,50 l<br \/>\n&#8211; Produktl\u00e4nge: 37,50 cm<br \/>\n&#8211; Produktbreite: 31,00 cm<br \/>\n&#8211; Produkth\u00f6he: 16,70 cm<br \/>\n&#8211; Produkth\u00f6he ohne Deckel: 11,80 cm<br \/>\n&#8211; Oberer Durchmesser: 31,00 cm<br \/>\n&#8211; Oberer Durchmesser 2: 2,50 cm<br \/>\n&#8211; Bodendurchmesser: 25,00 cm<br \/>\n&#8211; Griffl\u00e4nge: 3,00 cm<\/p>\n","protected":false},"excerpt":{"rendered":"<p>Liebhaber der franz\u00f6sischen K\u00fcche kommen mit einer Cocotte von Staub ebenso auf ihre Kosten wie alle, die gerne saftige Braten<\/p>\n","protected":false},"featured_media":10271,"template":"","meta":{"_acf_changed":false,"inline_featured_image":false},"product_cat":[6709,14793],"product_tag":[25088,11387,11381,11385,12315,25022,12205],"acf":[],"yoast_head":"<!-- This site is optimized with the Yoast SEO Premium plugin v18.6 (Yoast SEO v19.13) - https:\/\/yoast.com\/wordpress\/plugins\/seo\/ -->\n<title>STAUB Cocotte Oval 31 cm Schwarz<\/title>\n<meta name=\"description\" content=\"Entdecken Sie STAUB Cocotte Oval 31 cm Schwarz bei ErresseShop. Qualit\u00e4t, Stil und Funktionalit\u00e4t \u2013 jetzt online bestellen!\" \/>\n<meta name=\"robots\" content=\"index, follow, max-snippet:-1, max-image-preview:large, max-video-preview:-1\" \/>\n<link rel=\"canonical\" href=\"https:\/\/www.erresse-shop.it\/de\/shop\/toepfe-pfannen\/schalldaempfer-und-kokotten\/staub-cocotte-oval-31-cm-schwarz\/\" \/>\n<meta property=\"og:locale\" content=\"de_DE\" \/>\n<meta property=\"og:type\" content=\"article\" \/>\n<meta property=\"og:title\" content=\"STAUB Cocotte Oval 31 cm Schwarz\" \/>\n<meta property=\"og:description\" content=\"Entdecken Sie STAUB Cocotte Oval 31 cm Schwarz bei ErresseShop. Qualit\u00e4t, Stil und Funktionalit\u00e4t \u2013 jetzt online bestellen!\" \/>\n<meta property=\"og:url\" content=\"https:\/\/www.erresse-shop.it\/de\/shop\/toepfe-pfannen\/schalldaempfer-und-kokotten\/staub-cocotte-oval-31-cm-schwarz\/\" \/>\n<meta property=\"og:site_name\" content=\"Erresse Shop\" \/>\n<meta property=\"article:modified_time\" content=\"2025-01-17T15:46:23+00:00\" \/>\n<meta property=\"og:image\" content=\"https:\/\/www.erresse-shop.it\/wp-content\/uploads\/2015\/01\/products-31cmnera-2.jpg\" \/>\n\t<meta property=\"og:image:width\" content=\"533\" \/>\n\t<meta property=\"og:image:height\" content=\"329\" \/>\n\t<meta property=\"og:image:type\" content=\"image\/jpeg\" \/>\n<meta name=\"twitter:card\" content=\"summary_large_image\" \/>\n<script type=\"application\/ld+json\" class=\"yoast-schema-graph\">{\"@context\":\"https:\/\/schema.org\",\"@graph\":[{\"@type\":\"WebPage\",\"@id\":\"https:\/\/www.erresse-shop.it\/de\/shop\/toepfe-pfannen\/schalldaempfer-und-kokotten\/staub-cocotte-oval-31-cm-schwarz\/\",\"url\":\"https:\/\/www.erresse-shop.it\/de\/shop\/toepfe-pfannen\/schalldaempfer-und-kokotten\/staub-cocotte-oval-31-cm-schwarz\/\",\"name\":\"STAUB Cocotte Oval 31 cm Schwarz\",\"isPartOf\":{\"@id\":\"https:\/\/www.erresse-shop.it\/de\/#website\"},\"datePublished\":\"2012-05-30T17:00:57+00:00\",\"dateModified\":\"2025-01-17T15:46:23+00:00\",\"description\":\"Entdecken Sie STAUB Cocotte Oval 31 cm Schwarz bei ErresseShop. Qualit\u00e4t, Stil und Funktionalit\u00e4t \u2013 jetzt online bestellen!\",\"breadcrumb\":{\"@id\":\"https:\/\/www.erresse-shop.it\/de\/shop\/toepfe-pfannen\/schalldaempfer-und-kokotten\/staub-cocotte-oval-31-cm-schwarz\/#breadcrumb\"},\"inLanguage\":\"de-DE\",\"potentialAction\":[{\"@type\":\"ReadAction\",\"target\":[\"https:\/\/www.erresse-shop.it\/de\/shop\/toepfe-pfannen\/schalldaempfer-und-kokotten\/staub-cocotte-oval-31-cm-schwarz\/\"]}]},{\"@type\":\"BreadcrumbList\",\"@id\":\"https:\/\/www.erresse-shop.it\/de\/shop\/toepfe-pfannen\/schalldaempfer-und-kokotten\/staub-cocotte-oval-31-cm-schwarz\/#breadcrumb\",\"itemListElement\":[{\"@type\":\"ListItem\",\"position\":1,\"name\":\"Home\",\"item\":\"https:\/\/www.erresse-shop.it\/de\/\"},{\"@type\":\"ListItem\",\"position\":2,\"name\":\"Shop\",\"item\":\"https:\/\/www.erresse-shop.it\/de\/shop\/\"},{\"@type\":\"ListItem\",\"position\":3,\"name\":\"STAUB Cocotte Oval 31 cm Schwarz\"}]},{\"@type\":\"WebSite\",\"@id\":\"https:\/\/www.erresse-shop.it\/de\/#website\",\"url\":\"https:\/\/www.erresse-shop.it\/de\/\",\"name\":\"Erresse Shop\",\"description\":\"Articoli di qualit\u00e0 per la casa\",\"potentialAction\":[{\"@type\":\"SearchAction\",\"target\":{\"@type\":\"EntryPoint\",\"urlTemplate\":\"https:\/\/www.erresse-shop.it\/de\/?s={search_term_string}\"},\"query-input\":\"required name=search_term_string\"}],\"inLanguage\":\"de-DE\"}]}<\/script>\n<!-- \/ Yoast SEO Premium plugin. -->","yoast_head_json":{"title":"STAUB Cocotte Oval 31 cm Schwarz","description":"Entdecken Sie STAUB Cocotte Oval 31 cm Schwarz bei ErresseShop. Qualit\u00e4t, Stil und Funktionalit\u00e4t \u2013 jetzt online bestellen!","robots":{"index":"index","follow":"follow","max-snippet":"max-snippet:-1","max-image-preview":"max-image-preview:large","max-video-preview":"max-video-preview:-1"},"canonical":"https:\/\/www.erresse-shop.it\/de\/shop\/toepfe-pfannen\/schalldaempfer-und-kokotten\/staub-cocotte-oval-31-cm-schwarz\/","og_locale":"de_DE","og_type":"article","og_title":"STAUB Cocotte Oval 31 cm Schwarz","og_description":"Entdecken Sie STAUB Cocotte Oval 31 cm Schwarz bei ErresseShop. Qualit\u00e4t, Stil und Funktionalit\u00e4t \u2013 jetzt online bestellen!","og_url":"https:\/\/www.erresse-shop.it\/de\/shop\/toepfe-pfannen\/schalldaempfer-und-kokotten\/staub-cocotte-oval-31-cm-schwarz\/","og_site_name":"Erresse Shop","article_modified_time":"2025-01-17T15:46:23+00:00","og_image":[{"width":"533","height":"329","url":"https:\/\/www.erresse-shop.it\/wp-content\/uploads\/2015\/01\/products-31cmnera-2.jpg","type":"image\/jpeg"}],"twitter_card":"summary_large_image","schema":{"@context":"https:\/\/schema.org","@graph":[{"@type":"WebPage","@id":"https:\/\/www.erresse-shop.it\/de\/shop\/toepfe-pfannen\/schalldaempfer-und-kokotten\/staub-cocotte-oval-31-cm-schwarz\/","url":"https:\/\/www.erresse-shop.it\/de\/shop\/toepfe-pfannen\/schalldaempfer-und-kokotten\/staub-cocotte-oval-31-cm-schwarz\/","name":"STAUB Cocotte Oval 31 cm Schwarz","isPartOf":{"@id":"https:\/\/www.erresse-shop.it\/de\/#website"},"datePublished":"2012-05-30T17:00:57+00:00","dateModified":"2025-01-17T15:46:23+00:00","description":"Entdecken Sie STAUB Cocotte Oval 31 cm Schwarz bei ErresseShop. Qualit\u00e4t, Stil und Funktionalit\u00e4t \u2013 jetzt online bestellen!","breadcrumb":{"@id":"https:\/\/www.erresse-shop.it\/de\/shop\/toepfe-pfannen\/schalldaempfer-und-kokotten\/staub-cocotte-oval-31-cm-schwarz\/#breadcrumb"},"inLanguage":"de-DE","potentialAction":[{"@type":"ReadAction","target":["https:\/\/www.erresse-shop.it\/de\/shop\/toepfe-pfannen\/schalldaempfer-und-kokotten\/staub-cocotte-oval-31-cm-schwarz\/"]}]},{"@type":"BreadcrumbList","@id":"https:\/\/www.erresse-shop.it\/de\/shop\/toepfe-pfannen\/schalldaempfer-und-kokotten\/staub-cocotte-oval-31-cm-schwarz\/#breadcrumb","itemListElement":[{"@type":"ListItem","position":1,"name":"Home","item":"https:\/\/www.erresse-shop.it\/de\/"},{"@type":"ListItem","position":2,"name":"Shop","item":"https:\/\/www.erresse-shop.it\/de\/shop\/"},{"@type":"ListItem","position":3,"name":"STAUB Cocotte Oval 31 cm Schwarz"}]},{"@type":"WebSite","@id":"https:\/\/www.erresse-shop.it\/de\/#website","url":"https:\/\/www.erresse-shop.it\/de\/","name":"Erresse Shop","description":"Articoli di qualit\u00e0 per la casa","potentialAction":[{"@type":"SearchAction","target":{"@type":"EntryPoint","urlTemplate":"https:\/\/www.erresse-shop.it\/de\/?s={search_term_string}"},"query-input":"required name=search_term_string"}],"inLanguage":"de-DE"}]}},"df_price":169.5,"df_sale_price":169.5,"df_regular_price":339,"df_image_link":"https:\/\/www.erresse-shop.it\/wp-content\/uploads\/2015\/01\/products-31cmnera-2.jpg","_links":{"self":[{"href":"https:\/\/www.erresse-shop.it\/de\/wp-json\/wp\/v2\/product\/10270"}],"collection":[{"href":"https:\/\/www.erresse-shop.it\/de\/wp-json\/wp\/v2\/product"}],"about":[{"href":"https:\/\/www.erresse-shop.it\/de\/wp-json\/wp\/v2\/types\/product"}],"wp:featuredmedia":[{"embeddable":true,"href":"https:\/\/www.erresse-shop.it\/de\/wp-json\/wp\/v2\/media\/10271"}],"wp:attachment":[{"href":"https:\/\/www.erresse-shop.it\/de\/wp-json\/wp\/v2\/media?parent=10270"}],"wp:term":[{"taxonomy":"product_cat","embeddable":true,"href":"https:\/\/www.erresse-shop.it\/de\/wp-json\/wp\/v2\/product_cat?post=10270"},{"taxonomy":"product_tag","embeddable":true,"href":"https:\/\/www.erresse-shop.it\/de\/wp-json\/wp\/v2\/product_tag?post=10270"}],"curies":[{"name":"wp","href":"https:\/\/api.w.org\/{rel}","templated":true}]}}