{"id":10250,"date":"2012-05-30T16:51:51","date_gmt":"2012-05-30T16:51:51","guid":{"rendered":"https:\/\/www.erresse-shop.it\/?post_type=product&#038;p=10250"},"modified":"2025-01-17T15:46:21","modified_gmt":"2025-01-17T15:46:21","slug":"staub-cocotte-rund-24-cm-schwarz","status":"publish","type":"product","link":"https:\/\/www.erresse-shop.it\/de\/shop\/toepfe-pfannen\/schalldaempfer-und-kokotten\/staub-cocotte-rund-24-cm-schwarz\/","title":{"rendered":"STAUB Cocotte Rund 24 cm Schwarz"},"content":{"rendered":"<p>Die Cocotte von STAUB im klassischen Schwarz vereint traditionelle Handwerkskunst mit moderner Funktionalit\u00e4t f\u00fcr einen einmaligen Genuss. Gef\u00fcllte Paprikaschoten, klassische Kohlrouladen, mediterranes Ratatouille, s\u00fc\u00dfe Desserts sowie frisches Brot und mehr \u2013 in diesem praktischen Gusseisentopf k\u00f6nnen die verschiedensten Gerichte zubereitet werden. Da das besondere Material nur wenig Fett zum Braten bedarf und der Schmortopf zugleich eine einzigartige Struktur aufweist, k\u00f6nnen die k\u00f6stlichen Speisen kalorienarm gekocht werden und \u00fcberzeugen mit ihren vollen Aromen und N\u00e4hrstoffen. Durch die mattschwarze Emaille wird der Geschmack der Gerichte intensiviert, w\u00e4hrend das Gusseisen f\u00fcr eine optimale Hitzeverteilung sorgt. Sowohl Profi- als auch Hobbyk\u00f6che finden in dem energiesparenden Iron Cast Topf einen langlebigen Helfer.<\/p>\n<p>&#8211; Bei bis zu bis 250\u00b0C hitzebest\u00e4ndiger Deckelknauf aus Messing<br \/>\n&#8211; Geeignet f\u00fcr Induktions-, Gas-, Elektro- \/ Stahlplattenherd, Glaskeramikkochfeld, Backofen<br \/>\n&#8211; Volumen: 3,8 L, Gewicht: 4,6 kg<br \/>\n&#8211; Ma\u00dfe mit Deckel und Griffen (LxH): 30 x 15,3 cm, Durchmesser: 24 cm, Boden: 19,2 cm<\/p>\n<p>Eigenschaften<br \/>\n&#8211; Hitzebest\u00e4ndigkeit: 240,00 \u00baC<br \/>\n&#8211; K\u00e4ltebest\u00e4ndigkeit: -20,00 \u00baC<br \/>\n&#8211; Material: Gusseisen<br \/>\n&#8211; Deckel vorhanden: Ja<br \/>\n&#8211; Induktion: Ja<br \/>\n&#8211; Backofen geeignet: Ja<br \/>\n&#8211; Gefrierschrank geeignet: Ja<br \/>\n&#8211; Herdplatten geeignet: Ja<br \/>\n&#8211; sp\u00fclmaschinengeeignet: Ja<\/p>\n<p>Abmessungen<br \/>\n&#8211; Gewicht netto: 4,60 kg<br \/>\n&#8211; Volumen: 3,80 l<br \/>\n&#8211; Produktl\u00e4nge: 30,30 cm<br \/>\n&#8211; Produktbreite: 24,00 cm<br \/>\n&#8211; Produkth\u00f6he: 15,30 cm<br \/>\n&#8211; Produkth\u00f6he ohne Deckel: 10,50 cm<br \/>\n&#8211; Oberer Durchmesser: 24,00 cm<br \/>\n&#8211; Bodendurchmesser: 19,20 cm<br \/>\n&#8211; Griffl\u00e4nge: 3,00 cm<\/p>\n","protected":false},"excerpt":{"rendered":"<p>Die Cocotte von STAUB im klassischen Schwarz vereint traditionelle Handwerkskunst mit moderner Funktionalit\u00e4t f\u00fcr einen einmaligen Genuss. Gef\u00fcllte Paprikaschoten, klassische<\/p>\n","protected":false},"featured_media":469293,"template":"","meta":{"_acf_changed":false,"inline_featured_image":false},"product_cat":[6709,14793],"product_tag":[25088,11387,11381,11385,12315,25022,12205],"acf":[],"yoast_head":"<!-- This site is optimized with the Yoast SEO Premium plugin v18.6 (Yoast SEO v19.13) - https:\/\/yoast.com\/wordpress\/plugins\/seo\/ -->\n<title>STAUB Cocotte Rund 24 cm Schwarz<\/title>\n<meta name=\"description\" content=\"Entdecken Sie STAUB Cocotte Rund 24 cm Schwarz bei ErresseShop. Qualit\u00e4t, Stil und Funktionalit\u00e4t \u2013 jetzt online bestellen!\" \/>\n<meta name=\"robots\" content=\"index, follow, max-snippet:-1, max-image-preview:large, max-video-preview:-1\" \/>\n<link rel=\"canonical\" href=\"https:\/\/www.erresse-shop.it\/de\/shop\/toepfe-pfannen\/schalldaempfer-und-kokotten\/staub-cocotte-rund-24-cm-schwarz\/\" \/>\n<meta property=\"og:locale\" content=\"de_DE\" \/>\n<meta property=\"og:type\" content=\"article\" \/>\n<meta property=\"og:title\" content=\"STAUB Cocotte Rund 24 cm Schwarz\" \/>\n<meta property=\"og:description\" content=\"Entdecken Sie STAUB Cocotte Rund 24 cm Schwarz bei ErresseShop. Qualit\u00e4t, Stil und Funktionalit\u00e4t \u2013 jetzt online bestellen!\" \/>\n<meta property=\"og:url\" content=\"https:\/\/www.erresse-shop.it\/de\/shop\/toepfe-pfannen\/schalldaempfer-und-kokotten\/staub-cocotte-rund-24-cm-schwarz\/\" \/>\n<meta property=\"og:site_name\" content=\"Erresse Shop\" \/>\n<meta property=\"article:modified_time\" content=\"2025-01-17T15:46:21+00:00\" \/>\n<meta property=\"og:image\" content=\"https:\/\/www.erresse-shop.it\/wp-content\/uploads\/2012\/05\/staub-cocotte-24-nera.webp\" \/>\n\t<meta property=\"og:image:width\" content=\"620\" \/>\n\t<meta property=\"og:image:height\" content=\"620\" \/>\n\t<meta property=\"og:image:type\" content=\"image\/webp\" \/>\n<meta name=\"twitter:card\" content=\"summary_large_image\" \/>\n<script type=\"application\/ld+json\" class=\"yoast-schema-graph\">{\"@context\":\"https:\/\/schema.org\",\"@graph\":[{\"@type\":\"WebPage\",\"@id\":\"https:\/\/www.erresse-shop.it\/de\/shop\/toepfe-pfannen\/schalldaempfer-und-kokotten\/staub-cocotte-rund-24-cm-schwarz\/\",\"url\":\"https:\/\/www.erresse-shop.it\/de\/shop\/toepfe-pfannen\/schalldaempfer-und-kokotten\/staub-cocotte-rund-24-cm-schwarz\/\",\"name\":\"STAUB Cocotte Rund 24 cm Schwarz\",\"isPartOf\":{\"@id\":\"https:\/\/www.erresse-shop.it\/de\/#website\"},\"datePublished\":\"2012-05-30T16:51:51+00:00\",\"dateModified\":\"2025-01-17T15:46:21+00:00\",\"description\":\"Entdecken Sie STAUB Cocotte Rund 24 cm Schwarz bei ErresseShop. Qualit\u00e4t, Stil und Funktionalit\u00e4t \u2013 jetzt online bestellen!\",\"breadcrumb\":{\"@id\":\"https:\/\/www.erresse-shop.it\/de\/shop\/toepfe-pfannen\/schalldaempfer-und-kokotten\/staub-cocotte-rund-24-cm-schwarz\/#breadcrumb\"},\"inLanguage\":\"de-DE\",\"potentialAction\":[{\"@type\":\"ReadAction\",\"target\":[\"https:\/\/www.erresse-shop.it\/de\/shop\/toepfe-pfannen\/schalldaempfer-und-kokotten\/staub-cocotte-rund-24-cm-schwarz\/\"]}]},{\"@type\":\"BreadcrumbList\",\"@id\":\"https:\/\/www.erresse-shop.it\/de\/shop\/toepfe-pfannen\/schalldaempfer-und-kokotten\/staub-cocotte-rund-24-cm-schwarz\/#breadcrumb\",\"itemListElement\":[{\"@type\":\"ListItem\",\"position\":1,\"name\":\"Home\",\"item\":\"https:\/\/www.erresse-shop.it\/de\/\"},{\"@type\":\"ListItem\",\"position\":2,\"name\":\"Shop\",\"item\":\"https:\/\/www.erresse-shop.it\/de\/shop\/\"},{\"@type\":\"ListItem\",\"position\":3,\"name\":\"STAUB Cocotte Rund 24 cm Schwarz\"}]},{\"@type\":\"WebSite\",\"@id\":\"https:\/\/www.erresse-shop.it\/de\/#website\",\"url\":\"https:\/\/www.erresse-shop.it\/de\/\",\"name\":\"Erresse Shop\",\"description\":\"Articoli di qualit\u00e0 per la casa\",\"potentialAction\":[{\"@type\":\"SearchAction\",\"target\":{\"@type\":\"EntryPoint\",\"urlTemplate\":\"https:\/\/www.erresse-shop.it\/de\/?s={search_term_string}\"},\"query-input\":\"required name=search_term_string\"}],\"inLanguage\":\"de-DE\"}]}<\/script>\n<!-- \/ Yoast SEO Premium plugin. -->","yoast_head_json":{"title":"STAUB Cocotte Rund 24 cm Schwarz","description":"Entdecken Sie STAUB Cocotte Rund 24 cm Schwarz bei ErresseShop. Qualit\u00e4t, Stil und Funktionalit\u00e4t \u2013 jetzt online bestellen!","robots":{"index":"index","follow":"follow","max-snippet":"max-snippet:-1","max-image-preview":"max-image-preview:large","max-video-preview":"max-video-preview:-1"},"canonical":"https:\/\/www.erresse-shop.it\/de\/shop\/toepfe-pfannen\/schalldaempfer-und-kokotten\/staub-cocotte-rund-24-cm-schwarz\/","og_locale":"de_DE","og_type":"article","og_title":"STAUB Cocotte Rund 24 cm Schwarz","og_description":"Entdecken Sie STAUB Cocotte Rund 24 cm Schwarz bei ErresseShop. Qualit\u00e4t, Stil und Funktionalit\u00e4t \u2013 jetzt online bestellen!","og_url":"https:\/\/www.erresse-shop.it\/de\/shop\/toepfe-pfannen\/schalldaempfer-und-kokotten\/staub-cocotte-rund-24-cm-schwarz\/","og_site_name":"Erresse Shop","article_modified_time":"2025-01-17T15:46:21+00:00","og_image":[{"width":620,"height":620,"url":"https:\/\/www.erresse-shop.it\/wp-content\/uploads\/2012\/05\/staub-cocotte-24-nera.webp","type":"image\/webp"}],"twitter_card":"summary_large_image","schema":{"@context":"https:\/\/schema.org","@graph":[{"@type":"WebPage","@id":"https:\/\/www.erresse-shop.it\/de\/shop\/toepfe-pfannen\/schalldaempfer-und-kokotten\/staub-cocotte-rund-24-cm-schwarz\/","url":"https:\/\/www.erresse-shop.it\/de\/shop\/toepfe-pfannen\/schalldaempfer-und-kokotten\/staub-cocotte-rund-24-cm-schwarz\/","name":"STAUB Cocotte Rund 24 cm Schwarz","isPartOf":{"@id":"https:\/\/www.erresse-shop.it\/de\/#website"},"datePublished":"2012-05-30T16:51:51+00:00","dateModified":"2025-01-17T15:46:21+00:00","description":"Entdecken Sie STAUB Cocotte Rund 24 cm Schwarz bei ErresseShop. Qualit\u00e4t, Stil und Funktionalit\u00e4t \u2013 jetzt online bestellen!","breadcrumb":{"@id":"https:\/\/www.erresse-shop.it\/de\/shop\/toepfe-pfannen\/schalldaempfer-und-kokotten\/staub-cocotte-rund-24-cm-schwarz\/#breadcrumb"},"inLanguage":"de-DE","potentialAction":[{"@type":"ReadAction","target":["https:\/\/www.erresse-shop.it\/de\/shop\/toepfe-pfannen\/schalldaempfer-und-kokotten\/staub-cocotte-rund-24-cm-schwarz\/"]}]},{"@type":"BreadcrumbList","@id":"https:\/\/www.erresse-shop.it\/de\/shop\/toepfe-pfannen\/schalldaempfer-und-kokotten\/staub-cocotte-rund-24-cm-schwarz\/#breadcrumb","itemListElement":[{"@type":"ListItem","position":1,"name":"Home","item":"https:\/\/www.erresse-shop.it\/de\/"},{"@type":"ListItem","position":2,"name":"Shop","item":"https:\/\/www.erresse-shop.it\/de\/shop\/"},{"@type":"ListItem","position":3,"name":"STAUB Cocotte Rund 24 cm Schwarz"}]},{"@type":"WebSite","@id":"https:\/\/www.erresse-shop.it\/de\/#website","url":"https:\/\/www.erresse-shop.it\/de\/","name":"Erresse Shop","description":"Articoli di qualit\u00e0 per la casa","potentialAction":[{"@type":"SearchAction","target":{"@type":"EntryPoint","urlTemplate":"https:\/\/www.erresse-shop.it\/de\/?s={search_term_string}"},"query-input":"required name=search_term_string"}],"inLanguage":"de-DE"}]}},"df_price":172.95,"df_sale_price":172.95,"df_regular_price":279,"df_image_link":"https:\/\/www.erresse-shop.it\/wp-content\/uploads\/2012\/05\/Staub-24-Nera-300x300.jpg","_links":{"self":[{"href":"https:\/\/www.erresse-shop.it\/de\/wp-json\/wp\/v2\/product\/10250"}],"collection":[{"href":"https:\/\/www.erresse-shop.it\/de\/wp-json\/wp\/v2\/product"}],"about":[{"href":"https:\/\/www.erresse-shop.it\/de\/wp-json\/wp\/v2\/types\/product"}],"wp:featuredmedia":[{"embeddable":true,"href":"https:\/\/www.erresse-shop.it\/de\/wp-json\/wp\/v2\/media\/469293"}],"wp:attachment":[{"href":"https:\/\/www.erresse-shop.it\/de\/wp-json\/wp\/v2\/media?parent=10250"}],"wp:term":[{"taxonomy":"product_cat","embeddable":true,"href":"https:\/\/www.erresse-shop.it\/de\/wp-json\/wp\/v2\/product_cat?post=10250"},{"taxonomy":"product_tag","embeddable":true,"href":"https:\/\/www.erresse-shop.it\/de\/wp-json\/wp\/v2\/product_tag?post=10250"}],"curies":[{"name":"wp","href":"https:\/\/api.w.org\/{rel}","templated":true}]}}