{"id":100884,"date":"2021-05-18T13:24:49","date_gmt":"2021-05-18T13:24:49","guid":{"rendered":"https:\/\/www.erresse-shop.it\/?post_type=product&#038;p=100884"},"modified":"2025-01-17T17:52:20","modified_gmt":"2025-01-17T17:52:20","slug":"taitu-dessertteller-meer-4-stucke","status":"publish","type":"product","link":"https:\/\/www.erresse-shop.it\/de\/shop\/tisch\/teller-geschirr\/taitu-dessertteller-meer-4-stucke\/","title":{"rendered":"TAIT\u00d9 Mare Dessertteller 4 St\u00fccke"},"content":{"rendered":"<p><span style=\"color: #000000;\"><strong>Handgemalt<br \/>\nMaterial:<\/strong> Fine Bone China<\/span><\/p>\n<p><span style=\"color: #000000;\"><strong>Mit MARE sind Sie immer am Meer, wo immer Sie auch sind!<\/strong><\/span><\/p>\n<p><span style=\"color: #000000;\">Noch mehr Lust auf <strong>MARE<\/strong>! F\u00fcr den Sommer 2021 bereichert <strong>TAIT\u00d9<\/strong> die weltweite Bestseller-Kollektion mit 3 neuen Tischaccessoires, inspiriert vom unwiderstehlichen Wunsch, das Meer nach Hause zu holen. Diese Objekte haben eine spektakul\u00e4re visuelle Wirkung und bieten Ihnen die M\u00f6glichkeit zu leben, zu teilen und <strong>MARE<\/strong>, das Meer, dorthin zu bringen, wo immer Sie sind. <strong>MARE<\/strong> wird daher zu einer noch kostbareren Luxus-Kollektion f\u00fcr das Haus in der Stadt und auch am Meer, eine Kollektion, die das ganze Jahr \u00fcber genossen werden kann. Um in einer zauberhaften Unterwasserwelt voller Lebensfreude zu tr\u00e4umen und sich frei zu f\u00fchlen.<\/span><\/p>\n","protected":false},"excerpt":{"rendered":"<p>Handgemalt Material: Fine Bone China Mit MARE sind Sie immer am Meer, wo immer Sie auch sind! Noch mehr Lust<\/p>\n","protected":false},"featured_media":100897,"template":"","meta":{"_acf_changed":false,"inline_featured_image":false},"product_cat":[6793,6787],"product_tag":[23691],"acf":[],"yoast_head":"<!-- This site is optimized with the Yoast SEO Premium plugin v18.6 (Yoast SEO v19.13) - https:\/\/yoast.com\/wordpress\/plugins\/seo\/ -->\n<title>TAIT\u00d9 Mare Dessertteller 4 St\u00fccke<\/title>\n<meta name=\"description\" content=\"Entdecken Sie TAIT\u00d9 Mare Dessertteller 4 St\u00fccke bei ErresseShop. Qualit\u00e4t, Stil und Funktionalit\u00e4t \u2013 jetzt online bestellen!\" \/>\n<meta name=\"robots\" content=\"index, follow, max-snippet:-1, max-image-preview:large, max-video-preview:-1\" \/>\n<link rel=\"canonical\" href=\"https:\/\/www.erresse-shop.it\/de\/shop\/tisch\/teller-geschirr\/taitu-dessertteller-meer-4-stucke\/\" \/>\n<meta property=\"og:locale\" content=\"de_DE\" \/>\n<meta property=\"og:type\" content=\"article\" \/>\n<meta property=\"og:title\" content=\"TAIT\u00d9 Mare Dessertteller 4 St\u00fccke\" \/>\n<meta property=\"og:description\" content=\"Entdecken Sie TAIT\u00d9 Mare Dessertteller 4 St\u00fccke bei ErresseShop. Qualit\u00e4t, Stil und Funktionalit\u00e4t \u2013 jetzt online bestellen!\" \/>\n<meta property=\"og:url\" content=\"https:\/\/www.erresse-shop.it\/de\/shop\/tisch\/teller-geschirr\/taitu-dessertteller-meer-4-stucke\/\" \/>\n<meta property=\"og:site_name\" content=\"Erresse Shop\" \/>\n<meta property=\"article:modified_time\" content=\"2025-01-17T17:52:20+00:00\" \/>\n<meta property=\"og:image\" content=\"https:\/\/www.erresse-shop.it\/wp-content\/uploads\/2021\/05\/TAITU-Mare-Piatto-Dessert-4-Pezzi.jpg\" \/>\n\t<meta property=\"og:image:width\" content=\"1000\" \/>\n\t<meta property=\"og:image:height\" content=\"1000\" \/>\n\t<meta property=\"og:image:type\" content=\"image\/jpeg\" \/>\n<meta name=\"twitter:card\" content=\"summary_large_image\" \/>\n<script type=\"application\/ld+json\" class=\"yoast-schema-graph\">{\"@context\":\"https:\/\/schema.org\",\"@graph\":[{\"@type\":\"WebPage\",\"@id\":\"https:\/\/www.erresse-shop.it\/de\/shop\/tisch\/teller-geschirr\/taitu-dessertteller-meer-4-stucke\/\",\"url\":\"https:\/\/www.erresse-shop.it\/de\/shop\/tisch\/teller-geschirr\/taitu-dessertteller-meer-4-stucke\/\",\"name\":\"TAIT\u00d9 Mare Dessertteller 4 St\u00fccke\",\"isPartOf\":{\"@id\":\"https:\/\/www.erresse-shop.it\/de\/#website\"},\"datePublished\":\"2021-05-18T13:24:49+00:00\",\"dateModified\":\"2025-01-17T17:52:20+00:00\",\"description\":\"Entdecken Sie TAIT\u00d9 Mare Dessertteller 4 St\u00fccke bei ErresseShop. Qualit\u00e4t, Stil und Funktionalit\u00e4t \u2013 jetzt online bestellen!\",\"breadcrumb\":{\"@id\":\"https:\/\/www.erresse-shop.it\/de\/shop\/tisch\/teller-geschirr\/taitu-dessertteller-meer-4-stucke\/#breadcrumb\"},\"inLanguage\":\"de-DE\",\"potentialAction\":[{\"@type\":\"ReadAction\",\"target\":[\"https:\/\/www.erresse-shop.it\/de\/shop\/tisch\/teller-geschirr\/taitu-dessertteller-meer-4-stucke\/\"]}]},{\"@type\":\"BreadcrumbList\",\"@id\":\"https:\/\/www.erresse-shop.it\/de\/shop\/tisch\/teller-geschirr\/taitu-dessertteller-meer-4-stucke\/#breadcrumb\",\"itemListElement\":[{\"@type\":\"ListItem\",\"position\":1,\"name\":\"Home\",\"item\":\"https:\/\/www.erresse-shop.it\/de\/\"},{\"@type\":\"ListItem\",\"position\":2,\"name\":\"Shop\",\"item\":\"https:\/\/www.erresse-shop.it\/de\/shop\/\"},{\"@type\":\"ListItem\",\"position\":3,\"name\":\"TAIT\u00d9 Mare Dessertteller 4 St\u00fccke\"}]},{\"@type\":\"WebSite\",\"@id\":\"https:\/\/www.erresse-shop.it\/de\/#website\",\"url\":\"https:\/\/www.erresse-shop.it\/de\/\",\"name\":\"Erresse Shop\",\"description\":\"Articoli di qualit\u00e0 per la casa\",\"potentialAction\":[{\"@type\":\"SearchAction\",\"target\":{\"@type\":\"EntryPoint\",\"urlTemplate\":\"https:\/\/www.erresse-shop.it\/de\/?s={search_term_string}\"},\"query-input\":\"required name=search_term_string\"}],\"inLanguage\":\"de-DE\"}]}<\/script>\n<!-- \/ Yoast SEO Premium plugin. -->","yoast_head_json":{"title":"TAIT\u00d9 Mare Dessertteller 4 St\u00fccke","description":"Entdecken Sie TAIT\u00d9 Mare Dessertteller 4 St\u00fccke bei ErresseShop. Qualit\u00e4t, Stil und Funktionalit\u00e4t \u2013 jetzt online bestellen!","robots":{"index":"index","follow":"follow","max-snippet":"max-snippet:-1","max-image-preview":"max-image-preview:large","max-video-preview":"max-video-preview:-1"},"canonical":"https:\/\/www.erresse-shop.it\/de\/shop\/tisch\/teller-geschirr\/taitu-dessertteller-meer-4-stucke\/","og_locale":"de_DE","og_type":"article","og_title":"TAIT\u00d9 Mare Dessertteller 4 St\u00fccke","og_description":"Entdecken Sie TAIT\u00d9 Mare Dessertteller 4 St\u00fccke bei ErresseShop. Qualit\u00e4t, Stil und Funktionalit\u00e4t \u2013 jetzt online bestellen!","og_url":"https:\/\/www.erresse-shop.it\/de\/shop\/tisch\/teller-geschirr\/taitu-dessertteller-meer-4-stucke\/","og_site_name":"Erresse Shop","article_modified_time":"2025-01-17T17:52:20+00:00","og_image":[{"width":1000,"height":1000,"url":"https:\/\/www.erresse-shop.it\/wp-content\/uploads\/2021\/05\/TAITU-Mare-Piatto-Dessert-4-Pezzi.jpg","type":"image\/jpeg"}],"twitter_card":"summary_large_image","schema":{"@context":"https:\/\/schema.org","@graph":[{"@type":"WebPage","@id":"https:\/\/www.erresse-shop.it\/de\/shop\/tisch\/teller-geschirr\/taitu-dessertteller-meer-4-stucke\/","url":"https:\/\/www.erresse-shop.it\/de\/shop\/tisch\/teller-geschirr\/taitu-dessertteller-meer-4-stucke\/","name":"TAIT\u00d9 Mare Dessertteller 4 St\u00fccke","isPartOf":{"@id":"https:\/\/www.erresse-shop.it\/de\/#website"},"datePublished":"2021-05-18T13:24:49+00:00","dateModified":"2025-01-17T17:52:20+00:00","description":"Entdecken Sie TAIT\u00d9 Mare Dessertteller 4 St\u00fccke bei ErresseShop. Qualit\u00e4t, Stil und Funktionalit\u00e4t \u2013 jetzt online bestellen!","breadcrumb":{"@id":"https:\/\/www.erresse-shop.it\/de\/shop\/tisch\/teller-geschirr\/taitu-dessertteller-meer-4-stucke\/#breadcrumb"},"inLanguage":"de-DE","potentialAction":[{"@type":"ReadAction","target":["https:\/\/www.erresse-shop.it\/de\/shop\/tisch\/teller-geschirr\/taitu-dessertteller-meer-4-stucke\/"]}]},{"@type":"BreadcrumbList","@id":"https:\/\/www.erresse-shop.it\/de\/shop\/tisch\/teller-geschirr\/taitu-dessertteller-meer-4-stucke\/#breadcrumb","itemListElement":[{"@type":"ListItem","position":1,"name":"Home","item":"https:\/\/www.erresse-shop.it\/de\/"},{"@type":"ListItem","position":2,"name":"Shop","item":"https:\/\/www.erresse-shop.it\/de\/shop\/"},{"@type":"ListItem","position":3,"name":"TAIT\u00d9 Mare Dessertteller 4 St\u00fccke"}]},{"@type":"WebSite","@id":"https:\/\/www.erresse-shop.it\/de\/#website","url":"https:\/\/www.erresse-shop.it\/de\/","name":"Erresse Shop","description":"Articoli di qualit\u00e0 per la casa","potentialAction":[{"@type":"SearchAction","target":{"@type":"EntryPoint","urlTemplate":"https:\/\/www.erresse-shop.it\/de\/?s={search_term_string}"},"query-input":"required name=search_term_string"}],"inLanguage":"de-DE"}]}},"df_price":81.4,"df_sale_price":81.4,"df_regular_price":148,"df_image_link":"https:\/\/www.erresse-shop.it\/wp-content\/uploads\/2021\/05\/TAITU-Mare-Piatto-Dessert-4-Pezzi-300x300.jpg","_links":{"self":[{"href":"https:\/\/www.erresse-shop.it\/de\/wp-json\/wp\/v2\/product\/100884"}],"collection":[{"href":"https:\/\/www.erresse-shop.it\/de\/wp-json\/wp\/v2\/product"}],"about":[{"href":"https:\/\/www.erresse-shop.it\/de\/wp-json\/wp\/v2\/types\/product"}],"wp:featuredmedia":[{"embeddable":true,"href":"https:\/\/www.erresse-shop.it\/de\/wp-json\/wp\/v2\/media\/100897"}],"wp:attachment":[{"href":"https:\/\/www.erresse-shop.it\/de\/wp-json\/wp\/v2\/media?parent=100884"}],"wp:term":[{"taxonomy":"product_cat","embeddable":true,"href":"https:\/\/www.erresse-shop.it\/de\/wp-json\/wp\/v2\/product_cat?post=100884"},{"taxonomy":"product_tag","embeddable":true,"href":"https:\/\/www.erresse-shop.it\/de\/wp-json\/wp\/v2\/product_tag?post=100884"}],"curies":[{"name":"wp","href":"https:\/\/api.w.org\/{rel}","templated":true}]}}