{"id":100207,"date":"2021-05-14T13:12:31","date_gmt":"2021-05-14T13:12:33","guid":{"rendered":"https:\/\/www.erresse-shop.it\/?post_type=product&#038;p=100207"},"modified":"2025-01-22T07:20:04","modified_gmt":"2025-01-22T07:20:04","slug":"zwilling-satz-4-steak-messer-pro","status":"publish","type":"product","link":"https:\/\/www.erresse-shop.it\/de\/shop\/kuche\/messer\/zwilling-satz-4-steak-messer-pro\/","title":{"rendered":"ZWILLING Satz 4 Steak-Messer PRO"},"content":{"rendered":"<p>Die 4 <strong>ZWILLING<\/strong> Steakmesser in diesem Set sind hochwertig und langlebig. Sie eignen sich zum Schneiden eines saftigen, in der Pfanne gebratenen Rindersteaks, eines marinierten Steaks vom Grill oder eines Kalbskoteletts. Sie k\u00f6nnen mit Leichtigkeit leckere Grillsteaks und andere gebratene Speisen schneiden. Das klassische Drei-Nieten-Design verleiht diesen sch\u00f6nen K\u00fcchenartikeln eine auff\u00e4llige Optik. Dank des zweiphasigen V-Schliffs garantieren diese Messer eine hervorragende und unver\u00e4nderte Schneidleistung sowie eine ausgezeichnete Sch\u00e4rfe. Das Material ver\u00e4ndert den Geschmack nicht und ist korrosionsbest\u00e4ndig. Diese schlagfesten Messer sind unglaublich verschlei\u00dffest und robust. Dank der scharfen Klingen dieses Sets haben Sie immer die richtigen Messer zur Hand. Die geschliffene Klinge, die glatte Schnittfl\u00e4che und der hochwertige ABS-Griff verleihen den Messern eine attraktive Optik. SIGMAFORGE Messer werden in einem speziellen Verfahren aus einem einzigen St\u00fcck Stahl geschmiedet, wodurch eine au\u00dfergew\u00f6hnliche Schnitthaltigkeit, Flexibilit\u00e4t und H\u00e4rte erreicht wird. Dank des speziell geformten Griffs sind die Messer leicht zu handhaben und sicher in der Anwendung. Mit diesem ZWILLING\u00ae Pro Set erhalten Sie eine Sammlung erstklassiger Steakmesser, die Sie t\u00e4glich oder zu besonderen Anl\u00e4ssen auf den Tisch bringen k\u00f6nnen.<br \/>\n&#8211; Gebogene Verst\u00e4rkung f\u00f6rdert das Schneiden mit gr\u00f6\u00dferer Pr\u00e4zision, Sicherheit und Komfort<br \/>\n&#8211; Der POM-Griff ist langlebig und widerstandsf\u00e4hig<br \/>\n&#8211; SIGMAFORGE Messer sind aus einem St\u00fcck Special Formula High-Carbon NO STAIN Edelstahl geschmiedet<br \/>\n&#8211; FRIODUR\u00ae kryogenisch geh\u00e4rtete Klinge mit au\u00dfergew\u00f6hnlicher Haltbarkeit und Korrosionsbest\u00e4ndigkeit<br \/>\n&#8211; Pr\u00e4zisionsgeschliffene Klinge und lasergesteuerte Schneide sorgen f\u00fcr einen idealen Schnittwinkel sowie Sch\u00e4rfe und Haltbarkeit<br \/>\n&#8211; Schaft und Griff werden durch 3 Nieten f\u00fcr optimale Stabilit\u00e4t erg\u00e4nzt<br \/>\n&#8211; Sp\u00fclmaschinenfest, Handw\u00e4sche empfohlen<br \/>\n&#8211; Hergestellt in Deutschland<\/p>\n","protected":false},"excerpt":{"rendered":"<p>Die 4 ZWILLING Steakmesser in diesem Set sind hochwertig und langlebig. Sie eignen sich zum Schneiden eines saftigen, in der<\/p>\n","protected":false},"featured_media":100215,"template":"","meta":{"_acf_changed":false,"inline_featured_image":false},"product_cat":[6742,6706,14454],"product_tag":[11395,11397,11529,24604,11405,15404,11861,15405],"acf":[],"yoast_head":"<!-- This site is optimized with the Yoast SEO Premium plugin v18.6 (Yoast SEO v19.13) - https:\/\/yoast.com\/wordpress\/plugins\/seo\/ -->\n<title>ZWILLING Satz 4 Steak-Messer PRO<\/title>\n<meta name=\"description\" content=\"Entdecken Sie ZWILLING Satz 4 Steak-Messer PRO bei ErresseShop. Qualit\u00e4t, Stil und Funktionalit\u00e4t \u2013 jetzt online bestellen!\" \/>\n<meta name=\"robots\" content=\"index, follow, max-snippet:-1, max-image-preview:large, max-video-preview:-1\" \/>\n<link rel=\"canonical\" href=\"https:\/\/www.erresse-shop.it\/de\/shop\/kuche\/messer\/zwilling-satz-4-steak-messer-pro\/\" \/>\n<meta property=\"og:locale\" content=\"de_DE\" \/>\n<meta property=\"og:type\" content=\"article\" \/>\n<meta property=\"og:title\" content=\"ZWILLING Satz 4 Steak-Messer PRO\" \/>\n<meta property=\"og:description\" content=\"Entdecken Sie ZWILLING Satz 4 Steak-Messer PRO bei ErresseShop. Qualit\u00e4t, Stil und Funktionalit\u00e4t \u2013 jetzt online bestellen!\" \/>\n<meta property=\"og:url\" content=\"https:\/\/www.erresse-shop.it\/de\/shop\/kuche\/messer\/zwilling-satz-4-steak-messer-pro\/\" \/>\n<meta property=\"og:site_name\" content=\"Erresse Shop\" \/>\n<meta property=\"article:modified_time\" content=\"2025-01-22T07:20:04+00:00\" \/>\n<meta property=\"og:image\" content=\"https:\/\/www.erresse-shop.it\/wp-content\/uploads\/2021\/05\/38430-002-0_1.jpg\" \/>\n\t<meta property=\"og:image:width\" content=\"1350\" \/>\n\t<meta property=\"og:image:height\" content=\"1350\" \/>\n\t<meta property=\"og:image:type\" content=\"image\/jpeg\" \/>\n<meta name=\"twitter:card\" content=\"summary_large_image\" \/>\n<script type=\"application\/ld+json\" class=\"yoast-schema-graph\">{\"@context\":\"https:\/\/schema.org\",\"@graph\":[{\"@type\":\"WebPage\",\"@id\":\"https:\/\/www.erresse-shop.it\/de\/shop\/kuche\/messer\/zwilling-satz-4-steak-messer-pro\/\",\"url\":\"https:\/\/www.erresse-shop.it\/de\/shop\/kuche\/messer\/zwilling-satz-4-steak-messer-pro\/\",\"name\":\"ZWILLING Satz 4 Steak-Messer PRO\",\"isPartOf\":{\"@id\":\"https:\/\/www.erresse-shop.it\/de\/#website\"},\"datePublished\":\"2021-05-14T13:12:33+00:00\",\"dateModified\":\"2025-01-22T07:20:04+00:00\",\"description\":\"Entdecken Sie ZWILLING Satz 4 Steak-Messer PRO bei ErresseShop. Qualit\u00e4t, Stil und Funktionalit\u00e4t \u2013 jetzt online bestellen!\",\"breadcrumb\":{\"@id\":\"https:\/\/www.erresse-shop.it\/de\/shop\/kuche\/messer\/zwilling-satz-4-steak-messer-pro\/#breadcrumb\"},\"inLanguage\":\"de-DE\",\"potentialAction\":[{\"@type\":\"ReadAction\",\"target\":[\"https:\/\/www.erresse-shop.it\/de\/shop\/kuche\/messer\/zwilling-satz-4-steak-messer-pro\/\"]}]},{\"@type\":\"BreadcrumbList\",\"@id\":\"https:\/\/www.erresse-shop.it\/de\/shop\/kuche\/messer\/zwilling-satz-4-steak-messer-pro\/#breadcrumb\",\"itemListElement\":[{\"@type\":\"ListItem\",\"position\":1,\"name\":\"Home\",\"item\":\"https:\/\/www.erresse-shop.it\/de\/\"},{\"@type\":\"ListItem\",\"position\":2,\"name\":\"Shop\",\"item\":\"https:\/\/www.erresse-shop.it\/de\/shop\/\"},{\"@type\":\"ListItem\",\"position\":3,\"name\":\"ZWILLING Satz 4 Steak-Messer PRO\"}]},{\"@type\":\"WebSite\",\"@id\":\"https:\/\/www.erresse-shop.it\/de\/#website\",\"url\":\"https:\/\/www.erresse-shop.it\/de\/\",\"name\":\"Erresse Shop\",\"description\":\"Articoli di qualit\u00e0 per la casa\",\"potentialAction\":[{\"@type\":\"SearchAction\",\"target\":{\"@type\":\"EntryPoint\",\"urlTemplate\":\"https:\/\/www.erresse-shop.it\/de\/?s={search_term_string}\"},\"query-input\":\"required name=search_term_string\"}],\"inLanguage\":\"de-DE\"}]}<\/script>\n<!-- \/ Yoast SEO Premium plugin. -->","yoast_head_json":{"title":"ZWILLING Satz 4 Steak-Messer PRO","description":"Entdecken Sie ZWILLING Satz 4 Steak-Messer PRO bei ErresseShop. Qualit\u00e4t, Stil und Funktionalit\u00e4t \u2013 jetzt online bestellen!","robots":{"index":"index","follow":"follow","max-snippet":"max-snippet:-1","max-image-preview":"max-image-preview:large","max-video-preview":"max-video-preview:-1"},"canonical":"https:\/\/www.erresse-shop.it\/de\/shop\/kuche\/messer\/zwilling-satz-4-steak-messer-pro\/","og_locale":"de_DE","og_type":"article","og_title":"ZWILLING Satz 4 Steak-Messer PRO","og_description":"Entdecken Sie ZWILLING Satz 4 Steak-Messer PRO bei ErresseShop. Qualit\u00e4t, Stil und Funktionalit\u00e4t \u2013 jetzt online bestellen!","og_url":"https:\/\/www.erresse-shop.it\/de\/shop\/kuche\/messer\/zwilling-satz-4-steak-messer-pro\/","og_site_name":"Erresse Shop","article_modified_time":"2025-01-22T07:20:04+00:00","og_image":[{"width":1350,"height":1350,"url":"https:\/\/www.erresse-shop.it\/wp-content\/uploads\/2021\/05\/38430-002-0_1.jpg","type":"image\/jpeg"}],"twitter_card":"summary_large_image","schema":{"@context":"https:\/\/schema.org","@graph":[{"@type":"WebPage","@id":"https:\/\/www.erresse-shop.it\/de\/shop\/kuche\/messer\/zwilling-satz-4-steak-messer-pro\/","url":"https:\/\/www.erresse-shop.it\/de\/shop\/kuche\/messer\/zwilling-satz-4-steak-messer-pro\/","name":"ZWILLING Satz 4 Steak-Messer PRO","isPartOf":{"@id":"https:\/\/www.erresse-shop.it\/de\/#website"},"datePublished":"2021-05-14T13:12:33+00:00","dateModified":"2025-01-22T07:20:04+00:00","description":"Entdecken Sie ZWILLING Satz 4 Steak-Messer PRO bei ErresseShop. Qualit\u00e4t, Stil und Funktionalit\u00e4t \u2013 jetzt online bestellen!","breadcrumb":{"@id":"https:\/\/www.erresse-shop.it\/de\/shop\/kuche\/messer\/zwilling-satz-4-steak-messer-pro\/#breadcrumb"},"inLanguage":"de-DE","potentialAction":[{"@type":"ReadAction","target":["https:\/\/www.erresse-shop.it\/de\/shop\/kuche\/messer\/zwilling-satz-4-steak-messer-pro\/"]}]},{"@type":"BreadcrumbList","@id":"https:\/\/www.erresse-shop.it\/de\/shop\/kuche\/messer\/zwilling-satz-4-steak-messer-pro\/#breadcrumb","itemListElement":[{"@type":"ListItem","position":1,"name":"Home","item":"https:\/\/www.erresse-shop.it\/de\/"},{"@type":"ListItem","position":2,"name":"Shop","item":"https:\/\/www.erresse-shop.it\/de\/shop\/"},{"@type":"ListItem","position":3,"name":"ZWILLING Satz 4 Steak-Messer PRO"}]},{"@type":"WebSite","@id":"https:\/\/www.erresse-shop.it\/de\/#website","url":"https:\/\/www.erresse-shop.it\/de\/","name":"Erresse Shop","description":"Articoli di qualit\u00e0 per la casa","potentialAction":[{"@type":"SearchAction","target":{"@type":"EntryPoint","urlTemplate":"https:\/\/www.erresse-shop.it\/de\/?s={search_term_string}"},"query-input":"required name=search_term_string"}],"inLanguage":"de-DE"}]}},"df_price":186.75,"df_sale_price":186.75,"df_regular_price":249,"df_image_link":"https:\/\/www.erresse-shop.it\/wp-content\/uploads\/2021\/05\/38430-002-0_1-300x300.jpg","_links":{"self":[{"href":"https:\/\/www.erresse-shop.it\/de\/wp-json\/wp\/v2\/product\/100207"}],"collection":[{"href":"https:\/\/www.erresse-shop.it\/de\/wp-json\/wp\/v2\/product"}],"about":[{"href":"https:\/\/www.erresse-shop.it\/de\/wp-json\/wp\/v2\/types\/product"}],"wp:featuredmedia":[{"embeddable":true,"href":"https:\/\/www.erresse-shop.it\/de\/wp-json\/wp\/v2\/media\/100215"}],"wp:attachment":[{"href":"https:\/\/www.erresse-shop.it\/de\/wp-json\/wp\/v2\/media?parent=100207"}],"wp:term":[{"taxonomy":"product_cat","embeddable":true,"href":"https:\/\/www.erresse-shop.it\/de\/wp-json\/wp\/v2\/product_cat?post=100207"},{"taxonomy":"product_tag","embeddable":true,"href":"https:\/\/www.erresse-shop.it\/de\/wp-json\/wp\/v2\/product_tag?post=100207"}],"curies":[{"name":"wp","href":"https:\/\/api.w.org\/{rel}","templated":true}]}}