{"id":7869,"date":"2019-05-27T20:45:52","date_gmt":"2019-05-27T20:45:52","guid":{"rendered":"https:\/\/www.erresse-shop.it\/zahlungsweise\/"},"modified":"2024-02-28T11:50:25","modified_gmt":"2024-02-28T11:50:25","slug":"zahlungsweise","status":"publish","type":"page","link":"https:\/\/www.erresse-shop.it\/de\/zahlungsweise\/","title":{"rendered":"Zahlungen"},"content":{"rendered":"\t\t<div data-elementor-type=\"wp-page\" data-elementor-id=\"7869\" class=\"elementor elementor-7869 elementor-3879\">\n\t\t\t\t\t\t\t\t\t<section class=\"elementor-section elementor-top-section elementor-element elementor-element-50a7b50b elementor-section-boxed elementor-section-height-default elementor-section-height-default\" data-id=\"50a7b50b\" data-element_type=\"section\">\n\t\t\t\t\t\t<div class=\"elementor-container elementor-column-gap-default\">\n\t\t\t\t\t<div class=\"elementor-column elementor-col-50 elementor-top-column elementor-element elementor-element-6b1634f\" data-id=\"6b1634f\" data-element_type=\"column\">\n\t\t\t<div class=\"elementor-widget-wrap elementor-element-populated\">\n\t\t\t\t\t\t\t\t<div class=\"elementor-element elementor-element-501fa325 elementor-widget elementor-widget-text-editor\" data-id=\"501fa325\" data-element_type=\"widget\" data-widget_type=\"text-editor.default\">\n\t\t\t\t<div class=\"elementor-widget-container\">\n\t\t\t<style>\/*! elementor - v3.12.2 - 23-04-2023 *\/\n.elementor-widget-text-editor.elementor-drop-cap-view-stacked .elementor-drop-cap{background-color:#69727d;color:#fff}.elementor-widget-text-editor.elementor-drop-cap-view-framed .elementor-drop-cap{color:#69727d;border:3px solid;background-color:transparent}.elementor-widget-text-editor:not(.elementor-drop-cap-view-default) .elementor-drop-cap{margin-top:8px}.elementor-widget-text-editor:not(.elementor-drop-cap-view-default) .elementor-drop-cap-letter{width:1em;height:1em}.elementor-widget-text-editor .elementor-drop-cap{float:left;text-align:center;line-height:1;font-size:50px}.elementor-widget-text-editor .elementor-drop-cap-letter{display:inline-block}<\/style>\t\t\t\t<h3>Zahlungsbedingungen und Preise<\/h3>\n<ol>\n<li>Die Preise der Produkte entsprechen den Angaben auf der Website, es sei denn, es handelt sich um einen offensichtlichen Fehler.<\/li>\n<li>Im Falle eines Irrtums wird Erresse-shop den K\u00e4ufer so schnell wie m\u00f6glich benachrichtigen, damit die Bestellung mit dem richtigen Betrag best\u00e4tigt oder storniert werden kann. Erresse ist jedoch nicht verpflichtet, das zu liefern, was zu dem irrt\u00fcmlich angegebenen niedrigeren Preis verkauft wurde. Die R\u00fcckerstattung erfolgt in der in Artikel 5 Punkt 3 dieses Abschnitts der allgemeinen Verkaufsbedingungen vorgesehenen Weise.<\/li>\n<li>Die Preise auf der Website sind in Euro ausgedr\u00fcckt, einschlie\u00dflich der Mehrwertsteuer zum geltenden Satz F\u00fcr die Versandkosten, siehe den entsprechenden Abschnitt der Website. Die Preise k\u00f6nnen jederzeit ge\u00e4ndert werden. \u00c4nderungen wirken sich nicht auf bereits aufgegebene Bestellungen aus, f\u00fcr die bereits eine Auftragsbest\u00e4tigung verschickt wurde.<\/li>\n<li>Sobald Sie die gew\u00fcnschten Produkte ausgew\u00e4hlt haben, werden sie in den Warenkorb gelegt. Folgen Sie einfach den Kaufanweisungen und geben Sie bei jedem Schritt die erforderlichen Informationen ein und \u00fcberpr\u00fcfen Sie diese.<\/li>\n<li>Die Bestelldaten k\u00f6nnen vor der Bezahlung ge\u00e4ndert werden.<br \/>\nDie Zahlung kann erfolgen durch<\/li>\n<\/ol>\n<h3><strong>Bank<\/strong><\/h3>\n<p>BNL (<strong>IBAN IT80A0100520400000000003626<\/strong>&#8211;<strong>SWIFT BIC BNLIITRR<\/strong>; Account: Erresse). In der Grund f\u00fcr die Zahlung haben Sie die &#8220;<strong>ID-Order<\/strong>&#8221; (die Auftragsnummer in der E-Mail berichtete) schreiben. Wenn der Betrag nicht innerhalb von 7 Tagen gutgeschrieben wird die Bestellung automatisch vom System gel\u00f6scht werden.\u00a0Sobald die \u00dcberweisung durchl\u00e4uft wird Ihre Bestellung ausgeliefert werden.<\/p>\n<h3>Kreditkarten<\/h3>\n<p>F\u00fcr die Zahlung per Kreditkarte haben wir uns auf NEXI (Nexi ist Teil der Nexi Group, The European PayTech) verlassen, ein f\u00fchrendes Unternehmen im Bereich der Verwaltung von Online-Transaktionen, das die internationalen Standards f\u00fcr den Datenschutz einh\u00e4lt und die Sicherheitsprotokolle der VISA-, MasterCard- und American Express-Kreise befolgt. Die Nexi Gruppe ist das Ergebnis des Zusammenschlusses von Nexi, Nets und Sia, drei der gr\u00f6\u00dften europ\u00e4ischen Akteure auf dem Zahlungsverkehrsmarkt, und wir sind in mehr als 25 L\u00e4ndern vertreten. Das europ\u00e4ische PayTech-Unternehmen verf\u00fcgt \u00fcber die Gr\u00f6\u00dfe, die F\u00e4higkeiten und die territoriale N\u00e4he, um Privatpersonen, Unternehmen und Finanzinstituten die einfachsten, schnellsten und sichersten Zahlungsl\u00f6sungen zu bieten.<\/p>\n<h3><strong>PayPal<\/strong><\/h3>\n<p>Es ist sicherer, es ist schneller und es ist \u00fcberall. Verwenden Sie <strong>PayPal<\/strong> an Tausende von Web-Seiten zu kaufen, wissen, dass Ihre finanziellen Daten werden nicht weitergegeben. Sie k\u00f6nnen Ihr Bankkonto, Kreditkarte oder EC-Karte mit PayPal registrieren, dann einfach w\u00e4hlen, welche zu jeder Zeit nutzen Sie einen Kauf t\u00e4tigen. Sie k\u00f6nnen weitere Informationen auf der Webseite zu sehen <a href=\"http:\/\/www.paypal.it\/\" target=\"_blank\" rel=\"noopener noreferrer\">www.paypal.it<\/a>.<\/p>\n<p>Der Bestellprozess besteht aus einigen einfachen Schritten. Wenn Sie die Produkte, die Sie kaufen m\u00f6chten ausgew\u00e4hlt und haben Ihren Warenkorb best\u00e4tigt, m\u00fcssen Sie:<\/p>\n<ul>\n<li>Stellen Sie Ihre Daten als &#8220;Gast&#8221; oder &#8220;log in&#8221;;<\/li>\n<li>W\u00e4hlen Sie Ihre Lieferadresse;<\/li>\n<li>Akzeptiere die Allgemeinen Gesch\u00e4ftsbedingungen des Verkaufs durch Ankreuzen des K\u00e4stchens in diesem Sinne in der Gr\u00f6\u00dfenordnung &#8220;Payment Method&#8221; reserviert;<\/li>\n<\/ul>\n<p>Sobald Sie Ihre Zahlungsmethode gew\u00e4hlt haben, m\u00fcssen Sie f\u00fcr Ihre Bestellung, die rechtlich schlie\u00dft den Kaufvertrag mit Erresse gemacht zu bezahlen.<\/p>\n<h3>PayPal zahlt in drei Raten<\/h3>\n<p>Erm\u00f6glicht es dem Kunden, in drei zinslosen Raten zu zahlen, und dem H\u00e4ndler, alles sofort und ohne zus\u00e4tzliche Kosten f\u00fcr beide Seiten einzuziehen.<\/p>\n<h3><strong>Stripe<\/strong><\/h3>\n<p>Stripe vereinfacht und hilft, alle Phasen des Kauf- und Finanzprozesses einer Transaktion reibungsloser und sicherer zu gestalten. Es akzeptiert alle Arten von Kreditkarten. Stripe ist ein f\u00fchrendes Unternehmen f\u00fcr die Verwaltung von Online-Transaktionen, das die internationalen Standards f\u00fcr den Datenschutz einh\u00e4lt und sich an die Sicherheitsprotokolle der <strong>VISA, MasterCard und American Express-Kreise<\/strong> h\u00e4lt.<br \/>\nStripe h\u00e4lt sich an den PCI-Standard, f\u00fcr den es die Zertifizierung Stufe 1 erhalten hat, die derzeit strengste in der Zahlungsbranche.<br \/>\nDank dieser Funktion verwaltet der Online-Shop keine sensiblen Kartendaten, sondern \u00fcbertr\u00e4gt diese ohne Zwischenschritte an den sicheren Stripe-Server (<a href=\"https:\/\/stripe.com\/it\">www.stripe.com<\/a>).<\/p>\n<p>Die folgenden Zahlungssysteme sind auch \u00fcber Stripe aktiv:<\/p>\n<p><strong>SOFORT<\/strong><br \/>\nDies ist eine \u00fcberweisungsbasierte Zahlungsmethode<\/p>\n<p><strong>GiroPay<\/strong><br \/>\nGiroPay ist ein Online-\u00dcberweisungsverfahren, das von mehr als 1500 Banken in Deutschland angeboten wird.<\/p>\n<p><strong>Ideal<\/strong><br \/>\niDEAL ist eine Zahlungsmethode aus den Niederlanden, die es Kunden erm\u00f6glicht, Online-Transaktionen unter Verwendung ihrer Bankleitzahl durchzuf\u00fchren.<\/p>\n<h3>Klarna<\/h3>\n<p>Klarna bietet flexible Zahlungsm\u00f6glichkeiten, bei denen die Kunden selbst entscheiden k\u00f6nnen, wann und wie sie einen Einkauf bezahlen. Bei Klarna werden die Kosten des Kaufs in 3 zinslose Raten aufgeteilt, die alle 30 Tage von der Kreditkarte abgebucht werden.<\/p>\n<h3>Scalapay<\/h3>\n<p>Bietet die M\u00f6glichkeit, in Raten oder einfach sp\u00e4ter zinslos online zu bezahlen.<\/p>\n<h3>Amazon Pay<\/h3>\n<p>Vereinfacht den Kaufprozess durch die Verwendung von Informationen, die in bestehenden Amazon-Konten gespeichert sind.<\/p>\n<h3>Google Pay<\/h3>\n<p>Erm\u00f6glicht es Ihnen, schnell und einfach mit den Anmeldedaten Ihres Google-Kontos zu bezahlen.<\/p>\n\t\t\t\t\t\t<\/div>\n\t\t\t\t<\/div>\n\t\t\t\t\t<\/div>\n\t\t<\/div>\n\t\t\t\t<div class=\"elementor-column elementor-col-50 elementor-top-column elementor-element elementor-element-1b569897\" data-id=\"1b569897\" data-element_type=\"column\">\n\t\t\t<div class=\"elementor-widget-wrap elementor-element-populated\">\n\t\t\t\t\t\t\t\t<div class=\"elementor-element elementor-element-742e8bec elementor-widget elementor-widget-text-editor\" data-id=\"742e8bec\" data-element_type=\"widget\" data-widget_type=\"text-editor.default\">\n\t\t\t\t<div class=\"elementor-widget-container\">\n\t\t\t\t\t\t\t<h3><strong>Rechnungsstellung<\/strong><\/h3><p>F\u00fcr Bestellungen, die bei der Registrierung Angaben zur Rechnungsstellung (MwSt.-Nummer und Rechnungsadresse) enthalten, wird zum Zeitpunkt des Versands eine Rechnung ausgestellt: <span style=\"text-decoration: underline;\"><strong>Die Rechnung wird gleichzeitig mit der Bestellung versandt und liegt dem Paket bei<\/strong><\/span>. Im Falle anderer Anforderungen kann die Rechnung in elektronischer Form (per E-Mail) \u00fcbermittelt werden: <span style=\"text-decoration: underline;\"><strong>ein entsprechender Antrag muss bei der Bestellung gestellt werden<\/strong><\/span>.<\/p><h3>R\u00fcckerstattung der Mehrwertsteuer auf Artikel, die Sie au\u00dferhalb der Europ\u00e4ischen Union zu exportieren<\/h3><p>Wenn Sie eine Bestellung auf <a href=\"https:\/\/www.erresse-shop.it\/de\/\" target=\"_blank\" rel=\"noopener\">www.erresse-shop.it<\/a> gelegt haben &#8211; shop.it, k\u00f6nnen Sie ihren Sitz oder Wohnsitz au\u00dferhalb der Europ\u00e4ischen Union und pers\u00f6nlich bedeuten, exportieren Sie Ihre Produkte au\u00dferhalb der EU, k\u00f6nnen Sie eine Erstattung der Mehrwertsteuer nach Vorlage der entsprechenden Rechnung anfordern (siehe das Verfahren unten).<\/p><p>Um eine R\u00fcckerstattung der Mehrwertsteuer erhalten, muss der Gesamtbetrag der Bestellung mehr als EUR 154,94 (inkl. MwSt.), muss diese f\u00fcr den pers\u00f6nlichen Gebrauch und kauft Einzelteile m\u00fcssen pers\u00f6nlich von Ihnen au\u00dferhalb der EU innerhalb von 3 Monaten transportiert werden, wenn Sie sie empfangen.<\/p><p>Um eine Mehrwertsteuer-R\u00fcckerstattung zu erhalten, m\u00fcssen Sie die folgenden Schritte befolgen:<\/p><ol><li>Fordern Sie eine Rechnung\u00a0<a href=\"mailto:info@erresse-shop.it\">info@erresse-shop.it<\/a> unmittelbar nach Ihrer Bestellung und bevor es ausgeliefert wird, was darauf hinweist:<\/li><li>Ihr Vorname und Nachname, wie in Ihrem Reisepass gezeigt<\/li><li>Das Land, in dem Ihr Pass ausgestellt wurde,<\/li><li>Die Nummer des Reisepasses<\/li><li>Das Ablaufdatum des Reisepasses<\/li><li>Ihre Wohnadresse im Ausland. Der Wohnsitz oder Aufenthalt haben, im Ausland zu sein.<\/li><\/ol><p><strong>HINWEIS:<\/strong> Die Rechnung wird an die mit der Zahlungsmethode, die die Adresse des Wohnsitzes im Ausland entsprechen muss zugeh\u00f6rigen Adresse geleitet.<\/p><ol><li>Denken Sie auch daran, dass der Auftrag nach EU versandt werden.<\/li><li>Erhalt der Rechnung aus Erresse, pr\u00e4sentieren sie (zusammen mit dem gekauften Produkt) der Zollstelle f\u00fcr Sie das Visum, die den Austritt von Ihrem Artikel aus dem EU-Gebiet bescheinigt anzubringen<\/li><li>Innerhalb von vier Monaten, da Sie die Ware erhalten, kehren die Rechnung von der Zollstelle zu Erresse gestempelt per E-Mail im PDF-Format oder in Original an folgende Adresse <a href=\"mailto:info@erresse-shop.it\">info@erresse-shop.it<\/a>:<\/li><\/ol><p><strong>Erresse<\/strong><br \/><strong>Via Fratelli Villa 11<\/strong><br \/><strong>20863 Concorezzo (MB)<\/strong><br \/><strong>ITALIEN<\/strong><\/p><p>Sobald Sie Ihre Rechnung innerhalb der Fristen gestempelt erhalten haben, werden Erresse Durchf\u00fchrung der Erstattung der Mehrwertsteuer auf der gleichen Kreditkarte f\u00fcr die Bestellung verwendet. Wir haben keine Anfragen f\u00fcr MwSt-Erstattungen akzeptieren Fax. Wir erinnern Sie daran, dass Sie sofort eine Rechnung verlangen, nachdem Sie Ihre Bestellung aufgeben, bevor es ausgeliefert wird.<\/p>\t\t\t\t\t\t<\/div>\n\t\t\t\t<\/div>\n\t\t\t\t\t<\/div>\n\t\t<\/div>\n\t\t\t\t\t\t\t<\/div>\n\t\t<\/section>\n\t\t\t\t\t\t\t<\/div>\n\t\t","protected":false},"excerpt":{"rendered":"<p>Zahlungsbedingungen und Preise Die Preise der Produkte entsprechen den Angaben auf der Website, es sei denn, es handelt sich um<\/p>\n","protected":false},"author":1,"featured_media":0,"parent":0,"menu_order":7,"comment_status":"closed","ping_status":"closed","template":"","meta":{"_acf_changed":false,"inline_featured_image":false,"footnotes":""},"acf":[],"yoast_head":"<!-- This site is optimized with the Yoast SEO Premium plugin v18.6 (Yoast SEO v19.13) - https:\/\/yoast.com\/wordpress\/plugins\/seo\/ -->\n<title>Zahlungen - Erresse Shop<\/title>\n<meta name=\"robots\" content=\"index, follow, max-snippet:-1, max-image-preview:large, max-video-preview:-1\" \/>\n<link rel=\"canonical\" href=\"https:\/\/www.erresse-shop.it\/de\/zahlungsweise\/\" \/>\n<meta property=\"og:locale\" content=\"de_DE\" \/>\n<meta property=\"og:type\" content=\"article\" \/>\n<meta property=\"og:title\" content=\"Zahlungen\" \/>\n<meta property=\"og:description\" content=\"Zahlungsbedingungen und Preise Die Preise der Produkte entsprechen den Angaben auf der Website, es sei denn, es handelt sich um\" \/>\n<meta property=\"og:url\" content=\"https:\/\/www.erresse-shop.it\/de\/zahlungsweise\/\" \/>\n<meta property=\"og:site_name\" content=\"Erresse Shop\" \/>\n<meta property=\"article:modified_time\" content=\"2024-02-28T11:50:25+00:00\" \/>\n<meta name=\"twitter:card\" content=\"summary_large_image\" \/>\n<script type=\"application\/ld+json\" class=\"yoast-schema-graph\">{\"@context\":\"https:\/\/schema.org\",\"@graph\":[{\"@type\":\"WebPage\",\"@id\":\"https:\/\/www.erresse-shop.it\/de\/zahlungsweise\/\",\"url\":\"https:\/\/www.erresse-shop.it\/de\/zahlungsweise\/\",\"name\":\"Zahlungen - Erresse Shop\",\"isPartOf\":{\"@id\":\"https:\/\/www.erresse-shop.it\/de\/#website\"},\"datePublished\":\"2019-05-27T20:45:52+00:00\",\"dateModified\":\"2024-02-28T11:50:25+00:00\",\"breadcrumb\":{\"@id\":\"https:\/\/www.erresse-shop.it\/de\/zahlungsweise\/#breadcrumb\"},\"inLanguage\":\"de-DE\",\"potentialAction\":[{\"@type\":\"ReadAction\",\"target\":[\"https:\/\/www.erresse-shop.it\/de\/zahlungsweise\/\"]}]},{\"@type\":\"BreadcrumbList\",\"@id\":\"https:\/\/www.erresse-shop.it\/de\/zahlungsweise\/#breadcrumb\",\"itemListElement\":[{\"@type\":\"ListItem\",\"position\":1,\"name\":\"Home\",\"item\":\"https:\/\/www.erresse-shop.it\/de\/\"},{\"@type\":\"ListItem\",\"position\":2,\"name\":\"Zahlungen\"}]},{\"@type\":\"WebSite\",\"@id\":\"https:\/\/www.erresse-shop.it\/de\/#website\",\"url\":\"https:\/\/www.erresse-shop.it\/de\/\",\"name\":\"Erresse Shop\",\"description\":\"Articoli di qualit\u00e0 per la casa\",\"potentialAction\":[{\"@type\":\"SearchAction\",\"target\":{\"@type\":\"EntryPoint\",\"urlTemplate\":\"https:\/\/www.erresse-shop.it\/de\/?s={search_term_string}\"},\"query-input\":\"required name=search_term_string\"}],\"inLanguage\":\"de-DE\"}]}<\/script>\n<!-- \/ Yoast SEO Premium plugin. -->","yoast_head_json":{"title":"Zahlungen - Erresse Shop","robots":{"index":"index","follow":"follow","max-snippet":"max-snippet:-1","max-image-preview":"max-image-preview:large","max-video-preview":"max-video-preview:-1"},"canonical":"https:\/\/www.erresse-shop.it\/de\/zahlungsweise\/","og_locale":"de_DE","og_type":"article","og_title":"Zahlungen","og_description":"Zahlungsbedingungen und Preise Die Preise der Produkte entsprechen den Angaben auf der Website, es sei denn, es handelt sich um","og_url":"https:\/\/www.erresse-shop.it\/de\/zahlungsweise\/","og_site_name":"Erresse Shop","article_modified_time":"2024-02-28T11:50:25+00:00","twitter_card":"summary_large_image","schema":{"@context":"https:\/\/schema.org","@graph":[{"@type":"WebPage","@id":"https:\/\/www.erresse-shop.it\/de\/zahlungsweise\/","url":"https:\/\/www.erresse-shop.it\/de\/zahlungsweise\/","name":"Zahlungen - Erresse Shop","isPartOf":{"@id":"https:\/\/www.erresse-shop.it\/de\/#website"},"datePublished":"2019-05-27T20:45:52+00:00","dateModified":"2024-02-28T11:50:25+00:00","breadcrumb":{"@id":"https:\/\/www.erresse-shop.it\/de\/zahlungsweise\/#breadcrumb"},"inLanguage":"de-DE","potentialAction":[{"@type":"ReadAction","target":["https:\/\/www.erresse-shop.it\/de\/zahlungsweise\/"]}]},{"@type":"BreadcrumbList","@id":"https:\/\/www.erresse-shop.it\/de\/zahlungsweise\/#breadcrumb","itemListElement":[{"@type":"ListItem","position":1,"name":"Home","item":"https:\/\/www.erresse-shop.it\/de\/"},{"@type":"ListItem","position":2,"name":"Zahlungen"}]},{"@type":"WebSite","@id":"https:\/\/www.erresse-shop.it\/de\/#website","url":"https:\/\/www.erresse-shop.it\/de\/","name":"Erresse Shop","description":"Articoli di qualit\u00e0 per la casa","potentialAction":[{"@type":"SearchAction","target":{"@type":"EntryPoint","urlTemplate":"https:\/\/www.erresse-shop.it\/de\/?s={search_term_string}"},"query-input":"required name=search_term_string"}],"inLanguage":"de-DE"}]}},"_links":{"self":[{"href":"https:\/\/www.erresse-shop.it\/de\/wp-json\/wp\/v2\/pages\/7869"}],"collection":[{"href":"https:\/\/www.erresse-shop.it\/de\/wp-json\/wp\/v2\/pages"}],"about":[{"href":"https:\/\/www.erresse-shop.it\/de\/wp-json\/wp\/v2\/types\/page"}],"author":[{"embeddable":true,"href":"https:\/\/www.erresse-shop.it\/de\/wp-json\/wp\/v2\/users\/1"}],"replies":[{"embeddable":true,"href":"https:\/\/www.erresse-shop.it\/de\/wp-json\/wp\/v2\/comments?post=7869"}],"version-history":[{"count":26,"href":"https:\/\/www.erresse-shop.it\/de\/wp-json\/wp\/v2\/pages\/7869\/revisions"}],"predecessor-version":[{"id":393249,"href":"https:\/\/www.erresse-shop.it\/de\/wp-json\/wp\/v2\/pages\/7869\/revisions\/393249"}],"wp:attachment":[{"href":"https:\/\/www.erresse-shop.it\/de\/wp-json\/wp\/v2\/media?parent=7869"}],"curies":[{"name":"wp","href":"https:\/\/api.w.org\/{rel}","templated":true}]}}