{"id":7742,"date":"2019-05-15T14:00:09","date_gmt":"2019-05-15T14:00:09","guid":{"rendered":"https:\/\/www.erresse-shop.it\/uber-uns\/"},"modified":"2021-04-08T09:31:32","modified_gmt":"2021-04-08T09:31:32","slug":"uber-uns","status":"publish","type":"page","link":"https:\/\/www.erresse-shop.it\/de\/uber-uns\/","title":{"rendered":"\u00dcber uns"},"content":{"rendered":"[vc_row css=&#8221;.vc_custom_1499600383384{margin-bottom: 8vh !important;}&#8221;][vc_column offset=&#8221;vc_col-lg-offset-0 vc_col-lg-12 vc_col-md-offset-0 vc_col-md-12 vc_col-sm-offset-0&#8243; css=&#8221;.vc_custom_1538076999828{padding-top: 0px !important;}&#8221;]\t\t\n\t\t<div id=\"wd-69de5edf9debb\" class=\"title-wrapper wd-wpb set-mb-s reset-last-child  wd-title-color-default wd-underline-colored wd-title-style-default wd-width-100 text-left vc_custom_1536491268234\">\n\t\t\t\n\t\t\t<div class=\"liner-continer\">\n\t\t\t\t<h4 class=\"woodmart-title-container title  wd-font-weight- wd-fontsize-xxxl\" >Unser Online-Shop<\/h4>\n\t\t\t\t\t\t\t<\/div>\n\t\t\t\n\t\t\t\n\t\t\t\n\t\t<\/div>\n\t\t\n\t\t[vc_custom_heading text=&#8221;ERRESSE SHOP &#8211; MONZA ITALY&#8221; font_container=&#8221;tag:p|font_size:20|text_align:left|color:%23777777&#8243; google_fonts=&#8221;font_family:Lato%3A100%2C100italic%2C300%2C300italic%2Cregular%2Citalic%2C700%2C700italic%2C900%2C900italic|font_style:400%20regular%3A400%3Anormal&#8221; css=&#8221;.vc_custom_1536491307840{margin-top: -25px !important;}&#8221; el_class=&#8221;hidden-sm hidden-xs&#8221;][vc_custom_heading text=&#8221;Erresse ist das Gesch\u00e4ft in Monza (Mailand), das geboren wurde, um einzigartige und originelle Objekte f\u00fcr Haushalt und K\u00fcche anzubieten, eine Synthese aus Design und Funktionalit\u00e4t.&#8221; font_container=&#8221;tag:p|font_size:22|text_align:left|color:%238e8e8e&#8221; google_fonts=&#8221;font_family:Lato%3A100%2C100italic%2C300%2C300italic%2Cregular%2Citalic%2C700%2C700italic%2C900%2C900italic|font_style:300%20light%20italic%3A300%3Aitalic&#8221;][vc_row_inner][vc_column_inner width=&#8221;1\/2&#8243; css=&#8221;.vc_custom_1494857398526{padding-top: 0px !important;}&#8221;][vc_column_text css=&#8221;.vc_custom_1536491435971{margin-bottom: 20px !important;}&#8221;]Hier finden Sie unsere Produkte (\u00fcber 2000 Artikel), zum Verkauf on-line mit der gleichen Professionalit\u00e4t und H\u00f6flichkeit, die Sie in unserem Speicher finden k\u00f6nnen angeboten werden.<\/p>\n<p>Folgen Sie uns auf unserem Blog! \u00a0<a href=\"http:\/\/blog.erresse-shop.it\/\" target=\"_blank\" rel=\"noopener noreferrer\">http:\/\/blog.erresse-shop.it\/<\/a><\/p>\n<div class=\"buttons\"><\/div>\n[\/vc_column_text][\/vc_column_inner][vc_column_inner width=&#8221;1\/2&#8243; css=&#8221;.vc_custom_1494857394949{padding-top: 0px !important;}&#8221;][vc_column_text css=&#8221;.vc_custom_1536491517569{margin-bottom: 20px !important;}&#8221;]Erresse, in Mailand (Italien), wurde geschaffen, um einzigartige und individuelle Produkte f\u00fcr Haus und K\u00fcche, das Design, Funktionalit\u00e4t und Sch\u00f6nheit zu schaffen.<\/p>\n<p>Dies ist nicht nur eine Sammlung von Haushaltsgegenst\u00e4nde: Unsere Produkte sind das Ergebnis sorgf\u00e4ltiger Forschung, die Stil, Sch\u00f6nheit, Neuheit und Neugier auf die Materialien, Formen und Trends miteinander zu verbinden sucht.<\/p>\n<p>N\u00fctzlichkeit, Funktionalit\u00e4t, Qualit\u00e4t und Stil: Wir arbeiten ausschlie\u00dflich auf dieser Attribute empfehle Exzellenz Marken:<\/p>\n<p>Staub f\u00fcr Kochgeschirr, KnIndustrie f\u00fcr eine moderne und stilvolle K\u00fcche, Zwilling und Berti f\u00fcr Besteck, Dualit f\u00fcr Elektroger\u00e4te, Illy Kaffee und Brionvega f\u00fcr Design &amp; Elektronik sind nur einige Beispiele.[\/vc_column_text][\/vc_column_inner][\/vc_row_inner][vc_separator color=&#8221;custom&#8221; accent_color=&#8221;rgba(10,10,10,0.12)&#8221; css=&#8221;.vc_custom_1499600318751{margin-bottom: 30px !important;padding-top: 10px !important;}&#8221;][vc_row_inner content_placement=&#8221;middle&#8221; css=&#8221;.vc_custom_1499600064550{padding-top: 0px !important;}&#8221;][vc_column_inner width=&#8221;1\/2&#8243; css=&#8221;.vc_custom_1499599961071{margin-bottom: 20px !important;padding-top: 0px !important;}&#8221;][vc_column_text css=&#8221;.vc_custom_1536491548413{margin-bottom: 0px !important;}&#8221;]Willkommen auf Erresse.[\/vc_column_text][\/vc_column_inner][vc_column_inner width=&#8221;1\/2&#8243; css=&#8221;.vc_custom_1499599970647{margin-bottom: 20px !important;padding-top: 0px !important;}&#8221;]\n\t\t\t<div class=\"wd-social-icons text-right icons-design-bordered icons-size-small color-scheme-dark social-share social-form-circle\">\n\t\t\t\t\t\t\t\t\t<a rel=\"noopener noreferrer nofollow\" href=\"https:\/\/www.facebook.com\/sharer\/sharer.php?u=https:\/\/www.erresse-shop.it\/de\/uber-uns\/\" target=\"_blank\" class=\" wd-social-icon social-facebook\" aria-label=\"Facebook social link\">\n\t\t\t\t\t\t<span class=\"wd-icon\"><\/span>\n\t\t\t\t\t\t\t\t\t\t\t<\/a>\n\t\t\t\t\n\t\t\t\t\n\t\t\t\t\n\t\t\t\t\n\t\t\t\t\n\t\t\t\t\n\t\t\t\t\n\t\t\t\t\n\t\t\t\t\n\t\t\t\t\n\t\t\t\t\n\t\t\t\t\n\t\t\t\t\n\t\t\t\t\n\t\t\t\t\n\t\t\t\t\n\t\t\t\t\t\t\t\t\t<a rel=\"noopener noreferrer nofollow\" href=\"https:\/\/api.whatsapp.com\/send?text=https%3A%2F%2Fwww.erresse-shop.it%2Fde%2Fuber-uns%2F\" target=\"_blank\" class=\"whatsapp-desktop  wd-social-icon social-whatsapp\" aria-label=\"WhatsApp social link\">\n\t\t\t\t\t\t<span class=\"wd-icon\"><\/span>\n\t\t\t\t\t\t\t\t\t\t\t<\/a>\n\t\t\t\t\t\n\t\t\t\t\t<a rel=\"noopener noreferrer nofollow\" href=\"whatsapp:\/\/send?text=https%3A%2F%2Fwww.erresse-shop.it%2Fde%2Fuber-uns%2F\" target=\"_blank\" class=\"whatsapp-mobile  wd-social-icon social-whatsapp\" aria-label=\"WhatsApp social link\">\n\t\t\t\t\t\t<span class=\"wd-icon\"><\/span>\n\t\t\t\t\t\t\t\t\t\t\t<\/a>\n\t\t\t\t\n\t\t\t\t\t\t\t\t\n\t\t\t\t\t\t\t\t\n\t\t\t\t\n\t\t\t\t\t\t\t\t\n\t\t\t\t\n\t\t\t<\/div>\n\n\t\t[\/vc_column_inner][\/vc_row_inner][\/vc_column][\/vc_row]\n","protected":false},"excerpt":{"rendered":"<p>[vc_row css=&#8221;.vc_custom_1499600383384{margin-bottom: 8vh !important;}&#8221;][vc_column offset=&#8221;vc_col-lg-offset-0 vc_col-lg-12 vc_col-md-offset-0 vc_col-md-12 vc_col-sm-offset-0&#8243; css=&#8221;.vc_custom_1538076999828{padding-top: 0px !important;}&#8221;][vc_custom_heading text=&#8221;ERRESSE SHOP &#8211; MONZA ITALY&#8221; font_container=&#8221;tag:p|font_size:20|text_align:left|color:%23777777&#8243; google_fonts=&#8221;font_family:Lato%3A100%2C100italic%2C300%2C300italic%2Cregular%2Citalic%2C700%2C700italic%2C900%2C900italic|font_style:400%20regular%3A400%3Anormal&#8221; css=&#8221;.vc_custom_1536491307840{margin-top:<\/p>\n","protected":false},"author":1,"featured_media":0,"parent":0,"menu_order":7,"comment_status":"closed","ping_status":"closed","template":"","meta":{"_acf_changed":false,"inline_featured_image":false,"footnotes":""},"acf":[],"yoast_head":"<!-- This site is optimized with the Yoast SEO Premium plugin v18.6 (Yoast SEO v19.13) - https:\/\/yoast.com\/wordpress\/plugins\/seo\/ -->\n<title>\u00dcber uns - Erresse Shop<\/title>\n<meta name=\"robots\" content=\"index, follow, max-snippet:-1, max-image-preview:large, max-video-preview:-1\" \/>\n<link rel=\"canonical\" href=\"https:\/\/www.erresse-shop.it\/de\/uber-uns\/\" \/>\n<meta property=\"og:locale\" content=\"de_DE\" \/>\n<meta property=\"og:type\" content=\"article\" \/>\n<meta property=\"og:title\" content=\"\u00dcber uns\" \/>\n<meta property=\"og:description\" content=\"[vc_row css=&#8221;.vc_custom_1499600383384{margin-bottom: 8vh !important;}&#8221;][vc_column offset=&#8221;vc_col-lg-offset-0 vc_col-lg-12 vc_col-md-offset-0 vc_col-md-12 vc_col-sm-offset-0&#8243; css=&#8221;.vc_custom_1538076999828{padding-top: 0px !important;}&#8221;][vc_custom_heading text=&#8221;ERRESSE SHOP &#8211; MONZA ITALY&#8221; font_container=&#8221;tag:p|font_size:20|text_align:left|color:%23777777&#8243; google_fonts=&#8221;font_family:Lato%3A100%2C100italic%2C300%2C300italic%2Cregular%2Citalic%2C700%2C700italic%2C900%2C900italic|font_style:400%20regular%3A400%3Anormal&#8221; css=&#8221;.vc_custom_1536491307840{margin-top:\" \/>\n<meta property=\"og:url\" content=\"https:\/\/www.erresse-shop.it\/de\/uber-uns\/\" \/>\n<meta property=\"og:site_name\" content=\"Erresse Shop\" \/>\n<meta property=\"article:modified_time\" content=\"2021-04-08T09:31:32+00:00\" \/>\n<meta name=\"twitter:card\" content=\"summary_large_image\" \/>\n<script type=\"application\/ld+json\" class=\"yoast-schema-graph\">{\"@context\":\"https:\/\/schema.org\",\"@graph\":[{\"@type\":\"WebPage\",\"@id\":\"https:\/\/www.erresse-shop.it\/de\/uber-uns\/\",\"url\":\"https:\/\/www.erresse-shop.it\/de\/uber-uns\/\",\"name\":\"\u00dcber uns - Erresse Shop\",\"isPartOf\":{\"@id\":\"https:\/\/www.erresse-shop.it\/de\/#website\"},\"datePublished\":\"2019-05-15T14:00:09+00:00\",\"dateModified\":\"2021-04-08T09:31:32+00:00\",\"breadcrumb\":{\"@id\":\"https:\/\/www.erresse-shop.it\/de\/uber-uns\/#breadcrumb\"},\"inLanguage\":\"de-DE\",\"potentialAction\":[{\"@type\":\"ReadAction\",\"target\":[\"https:\/\/www.erresse-shop.it\/de\/uber-uns\/\"]}]},{\"@type\":\"BreadcrumbList\",\"@id\":\"https:\/\/www.erresse-shop.it\/de\/uber-uns\/#breadcrumb\",\"itemListElement\":[{\"@type\":\"ListItem\",\"position\":1,\"name\":\"Home\",\"item\":\"https:\/\/www.erresse-shop.it\/de\/\"},{\"@type\":\"ListItem\",\"position\":2,\"name\":\"\u00dcber uns\"}]},{\"@type\":\"WebSite\",\"@id\":\"https:\/\/www.erresse-shop.it\/de\/#website\",\"url\":\"https:\/\/www.erresse-shop.it\/de\/\",\"name\":\"Erresse Shop\",\"description\":\"Articoli di qualit\u00e0 per la casa\",\"potentialAction\":[{\"@type\":\"SearchAction\",\"target\":{\"@type\":\"EntryPoint\",\"urlTemplate\":\"https:\/\/www.erresse-shop.it\/de\/?s={search_term_string}\"},\"query-input\":\"required name=search_term_string\"}],\"inLanguage\":\"de-DE\"}]}<\/script>\n<!-- \/ Yoast SEO Premium plugin. -->","yoast_head_json":{"title":"\u00dcber uns - Erresse Shop","robots":{"index":"index","follow":"follow","max-snippet":"max-snippet:-1","max-image-preview":"max-image-preview:large","max-video-preview":"max-video-preview:-1"},"canonical":"https:\/\/www.erresse-shop.it\/de\/uber-uns\/","og_locale":"de_DE","og_type":"article","og_title":"\u00dcber uns","og_description":"[vc_row css=&#8221;.vc_custom_1499600383384{margin-bottom: 8vh !important;}&#8221;][vc_column offset=&#8221;vc_col-lg-offset-0 vc_col-lg-12 vc_col-md-offset-0 vc_col-md-12 vc_col-sm-offset-0&#8243; css=&#8221;.vc_custom_1538076999828{padding-top: 0px !important;}&#8221;][vc_custom_heading text=&#8221;ERRESSE SHOP &#8211; MONZA ITALY&#8221; font_container=&#8221;tag:p|font_size:20|text_align:left|color:%23777777&#8243; google_fonts=&#8221;font_family:Lato%3A100%2C100italic%2C300%2C300italic%2Cregular%2Citalic%2C700%2C700italic%2C900%2C900italic|font_style:400%20regular%3A400%3Anormal&#8221; css=&#8221;.vc_custom_1536491307840{margin-top:","og_url":"https:\/\/www.erresse-shop.it\/de\/uber-uns\/","og_site_name":"Erresse Shop","article_modified_time":"2021-04-08T09:31:32+00:00","twitter_card":"summary_large_image","schema":{"@context":"https:\/\/schema.org","@graph":[{"@type":"WebPage","@id":"https:\/\/www.erresse-shop.it\/de\/uber-uns\/","url":"https:\/\/www.erresse-shop.it\/de\/uber-uns\/","name":"\u00dcber uns - Erresse Shop","isPartOf":{"@id":"https:\/\/www.erresse-shop.it\/de\/#website"},"datePublished":"2019-05-15T14:00:09+00:00","dateModified":"2021-04-08T09:31:32+00:00","breadcrumb":{"@id":"https:\/\/www.erresse-shop.it\/de\/uber-uns\/#breadcrumb"},"inLanguage":"de-DE","potentialAction":[{"@type":"ReadAction","target":["https:\/\/www.erresse-shop.it\/de\/uber-uns\/"]}]},{"@type":"BreadcrumbList","@id":"https:\/\/www.erresse-shop.it\/de\/uber-uns\/#breadcrumb","itemListElement":[{"@type":"ListItem","position":1,"name":"Home","item":"https:\/\/www.erresse-shop.it\/de\/"},{"@type":"ListItem","position":2,"name":"\u00dcber uns"}]},{"@type":"WebSite","@id":"https:\/\/www.erresse-shop.it\/de\/#website","url":"https:\/\/www.erresse-shop.it\/de\/","name":"Erresse Shop","description":"Articoli di qualit\u00e0 per la casa","potentialAction":[{"@type":"SearchAction","target":{"@type":"EntryPoint","urlTemplate":"https:\/\/www.erresse-shop.it\/de\/?s={search_term_string}"},"query-input":"required name=search_term_string"}],"inLanguage":"de-DE"}]}},"_links":{"self":[{"href":"https:\/\/www.erresse-shop.it\/de\/wp-json\/wp\/v2\/pages\/7742"}],"collection":[{"href":"https:\/\/www.erresse-shop.it\/de\/wp-json\/wp\/v2\/pages"}],"about":[{"href":"https:\/\/www.erresse-shop.it\/de\/wp-json\/wp\/v2\/types\/page"}],"author":[{"embeddable":true,"href":"https:\/\/www.erresse-shop.it\/de\/wp-json\/wp\/v2\/users\/1"}],"replies":[{"embeddable":true,"href":"https:\/\/www.erresse-shop.it\/de\/wp-json\/wp\/v2\/comments?post=7742"}],"version-history":[{"count":1,"href":"https:\/\/www.erresse-shop.it\/de\/wp-json\/wp\/v2\/pages\/7742\/revisions"}],"predecessor-version":[{"id":7743,"href":"https:\/\/www.erresse-shop.it\/de\/wp-json\/wp\/v2\/pages\/7742\/revisions\/7743"}],"wp:attachment":[{"href":"https:\/\/www.erresse-shop.it\/de\/wp-json\/wp\/v2\/media?parent=7742"}],"curies":[{"name":"wp","href":"https:\/\/api.w.org\/{rel}","templated":true}]}}