{"id":262609,"date":"2023-04-21T21:11:29","date_gmt":"2023-04-21T21:11:29","guid":{"rendered":"https:\/\/www.erresse-shop.it\/cookie-policy\/"},"modified":"2024-02-22T11:03:58","modified_gmt":"2024-02-22T11:03:58","slug":"cookie-policy","status":"publish","type":"page","link":"https:\/\/www.erresse-shop.it\/de\/cookie-policy\/","title":{"rendered":"Cookie Policy"},"content":{"rendered":"\t\t<div data-elementor-type=\"wp-page\" data-elementor-id=\"262609\" class=\"elementor elementor-262609 elementor-75241\">\n\t\t\t\t\t\t\t\t\t<section class=\"elementor-section elementor-top-section elementor-element elementor-element-db13aea elementor-section-boxed elementor-section-height-default elementor-section-height-default\" data-id=\"db13aea\" data-element_type=\"section\">\n\t\t\t\t\t\t<div class=\"elementor-container elementor-column-gap-default\">\n\t\t\t\t\t<div class=\"elementor-column elementor-col-100 elementor-top-column elementor-element elementor-element-6589aa27\" data-id=\"6589aa27\" data-element_type=\"column\">\n\t\t\t<div class=\"elementor-widget-wrap elementor-element-populated\">\n\t\t\t\t\t\t\t\t<div class=\"elementor-element elementor-element-4d4e365 elementor-widget elementor-widget-text-editor\" data-id=\"4d4e365\" data-element_type=\"widget\" data-widget_type=\"text-editor.default\">\n\t\t\t\t<div class=\"elementor-widget-container\">\n\t\t\t<style>\/*! elementor - v3.12.2 - 23-04-2023 *\/\n.elementor-widget-text-editor.elementor-drop-cap-view-stacked .elementor-drop-cap{background-color:#69727d;color:#fff}.elementor-widget-text-editor.elementor-drop-cap-view-framed .elementor-drop-cap{color:#69727d;border:3px solid;background-color:transparent}.elementor-widget-text-editor:not(.elementor-drop-cap-view-default) .elementor-drop-cap{margin-top:8px}.elementor-widget-text-editor:not(.elementor-drop-cap-view-default) .elementor-drop-cap-letter{width:1em;height:1em}.elementor-widget-text-editor .elementor-drop-cap{float:left;text-align:center;line-height:1;font-size:50px}.elementor-widget-text-editor .elementor-drop-cap-letter{display:inline-block}<\/style>\t\t\t\t<h2><strong>Erweiterte Informationen \u00fcber die Verwendung von Cookies.<\/strong><\/h2>\r\n<strong>VORWORT<\/strong>\r\n\r\nDiese Cookie-Richtlinie gilt f\u00fcr die Website (<strong>Website<\/strong>). Das Dokument wurde unter Ber\u00fccksichtigung der Bestimmungen der Europ\u00e4ischen Datenschutzverordnung 679\/2016 (<strong>DSGVO<\/strong>), des Gesetzes \u00fcber den Schutz der Privatsph\u00e4re (Gesetzesverordnung Nr. 196 vom 30. Juni 2003) und der Richtlinien der Datenschutzbeh\u00f6rde (insbesondere der Richtlinien zur Verwendung von Cookies vom 10. Juli 2021).\r\n\r\n<strong>Inhaber der Datenverarbeitung<\/strong>:\u00a0<span style=\"color: #333333; font-size: 16px;\"> Erresse di Stefano Errani<\/span>\t\t\t\t\t\t<\/div>\n\t\t\t\t<\/div>\n\t\t\t\t<div class=\"elementor-element elementor-element-90ca94f lb-cs-settings-link elementor-widget elementor-widget-button\" data-id=\"90ca94f\" data-element_type=\"widget\" data-widget_type=\"button.default\">\n\t\t\t\t<div class=\"elementor-widget-container\">\n\t\t\t\t\t<div class=\"elementor-button-wrapper\">\n\t\t\t<a href=\"#\" class=\"elementor-button-link elementor-button elementor-size-sm\" role=\"button\">\n\t\t\t\t\t\t<span class=\"elementor-button-content-wrapper\">\n\t\t\t\t\t\t<span class=\"elementor-button-text\">Cookie-Einstellungen aktualisieren<\/span>\n\t\t<\/span>\n\t\t\t\t\t<\/a>\n\t\t<\/div>\n\t\t\t\t<\/div>\n\t\t\t\t<\/div>\n\t\t\t\t<div class=\"elementor-element elementor-element-ffd8cd1 elementor-widget elementor-widget-text-editor\" data-id=\"ffd8cd1\" data-element_type=\"widget\" data-widget_type=\"text-editor.default\">\n\t\t\t\t<div class=\"elementor-widget-container\">\n\t\t\t\t\t\t\t<p><strong>ALLGEMEINE INFORMATIONEN<\/strong><\/p>\n<h4><strong>Was sind Cookies und wof\u00fcr werden sie verwendet?<\/strong><\/h4>\n<p>Ein Cookie ist eine Textdatei, die eine vom Nutzer besuchte Website an sein Endger\u00e4t (Computer, mobiles Ger\u00e4t wie Smartphone oder Tablet) sendet, wo sie gespeichert wird, um bei seinem n\u00e4chsten Besuch an diese Website zur\u00fcckzusenden.<\/p>\n<p>Cookies werden voneinander unterschieden:<\/p>\n<ul>\n<li>je nachdem, wer sie installiert und ob es der Betreiber der besuchten Website selbst ist (sog. \u201eErstanbieter-Cookies\u201c) oder einer anderen Partei (sog. \u201eDrittanbieter-Cookies\u201c);<\/li>\n<li>je nach Zweck des jeweiligen Cookies: Einige Cookies erm\u00f6glichen eine bessere Navigation, indem sie bestimmte Benutzereinstellungen, wie z. B. die Sprache, speichern (sog. \u201etechnische Cookies\u201c), andere Cookies erm\u00f6glichen die \u00dcberwachung der Navigation des Nutzers, auch zum Zweck der Zusendung von Werbung und\/oder des Angebots von Diensten, die den Pr\u00e4ferenzen des Nutzers entsprechen (sog. \u201eProfilierungs-Cookies\u201c).<\/li>\n<\/ul>\n<p>Nur bei Profilierungs-Cookies ist die vorherige Zustimmung des Nutzers zu deren Verwendung erforderlich.<\/p>\n<p>Der Inhaber der Datenverarbeitung ist nur f\u00fcr die von ihm auf der Website installierten Erstanbieter-Cookies verantwortlich.<\/p>\n<p>Siehe Abschnitt &#8220;<strong>Technische Cookies von Erstanbietern<\/strong>&#8221; Sie k\u00f6nnen die Arten von technischen Erstanbieter-Cookies einsehen, die von der Website ausgegeben werden.<\/p>\n<p>Die Verwaltung von Profilierungs-Cookies wird unter Abschnitt &#8220;<strong>Profilierungs-Cookies von Dritten<\/strong>&#8220;.<\/p>\n<p>Sie k\u00f6nnen Cookies \u00fcber die Optionen Ihres Browsers aktivieren\/deaktivieren:<\/p>\n<p>&nbsp;<\/p>\n<p><strong>Internet Explorer<\/strong><\/p>\n<p>Zugriff auf das Men\u00fc <strong>Werkzeuge<\/strong>, dann <strong>Optionen<\/strong>dann<strong>Internet<\/strong>.<\/p>\n<p>Zugriff auf das<strong>Privacy<\/strong>, dann <strong>Erweiterte Optionen<\/strong>.<\/p>\n<p>von Abschnitt<strong>Cookie<\/strong>, Ihre Pr\u00e4ferenzen aus.<\/p>\n<p>&nbsp;<\/p>\n<p><strong>Google Chrome<\/strong><\/p>\n<p>Klicken Sie auf das <strong>Chrome Men\u00fc<\/strong>.<\/p>\n<p>W\u00e4hlen Sie <strong>Einstellungen<\/strong>,Klicken Sie auf<strong>Erweitert<\/strong>.<\/p>\n<p>im Abschnitt <strong>Datenschutz und Sicherheit<\/strong>,Klicken Sie<strong>Inhaltseinstellungen<\/strong>.<\/p>\n<p>w\u00e4hlen Sie Ihre bevorzugten Optionen im Feld<strong>Cookie<\/strong>.<\/p>\n<p>&nbsp;<\/p>\n<p><strong>Firefox<\/strong><\/p>\n<p>Klicken Sie auf<strong>Werkzeuge<\/strong>, klicken Sie dann auf das<strong>Optionen<\/strong>.<\/p>\n<p>Klicken Sie auf<strong>Datenschutz und Sicherheit<\/strong>.<\/p>\n<p>Klicken Sie auf<strong>Benutzerdefinierte Einstellungen f\u00fcr den Verlauf verwenden<\/strong>.<\/p>\n<p>W\u00e4hlen Sie Ihre bevorzugten Optionen im Feld<strong>Akzeptiert Cookies und Daten von Websites<\/strong>.<\/p>\n<p>&nbsp;<\/p>\n<p><strong>Safari<\/strong><\/p>\n<p>Klicken Sie auf<strong>Safari<\/strong>, dann klicken Sie auf<strong>Einstellungen<\/strong>.<\/p>\n<p>Klicken Sie auf<strong>Datenschutz und Sicherheit<\/strong>.<\/p>\n<p>Klicken Sie auf<strong>Cookies blockieren<\/strong> und w\u00e4hlen Sie Ihre bevorzugten Optionen.<\/p>\n<p>&nbsp;<\/p>\n<section class=\"cookie-section\"><strong>Erstanbieter- und technische Cookies<\/strong>Die Website nutzt Erstanbieter- und technische Cookies, die f\u00fcr ihr ordnungsgem\u00e4\u00dfes Funktionieren erforderlich sind. Es ist nicht m\u00f6glich, die Freigabe dieser Cookies zu verweigern.<\/p>\n<\/section>\n<p>&nbsp;<\/p>\n<section class=\"cookie-section\">\n<h3><strong>Cookies von Drittanbietern und Cookies zur Erstellung von Werbeprofilen<\/strong><\/h3>\n<p>Diese Website verwendet Cookies zur Erstellung von Werbeprofilen von Drittanbietern, wie in der folgenden Tabelle beschrieben.<\/p>\n<p>&nbsp;<\/p>\n<table>\n<thead>\n<tr>\n<th>Nome<\/th>\n<th>Provider<\/th>\n<th>Descrizione<\/th>\n<th>Durata<\/th>\n<th>Privacy Policy<\/th>\n<th>Modulo del consenso<\/th>\n<th>googleServicesEnabled<\/th>\n<\/tr>\n<\/thead>\n<tbody>\n<tr>\n<td>Google Adwords Remarketing<\/td>\n<td>Google LLC.<\/td>\n<td>Google Adwords Remarketing installiert Cookies, um Werbung mit Remarketing-Aktionen zu untersuchen und zu verbessern, um den Benutzern Nachrichten zu senden, die ihren Interessen entsprechen. Mit Remarketing k\u00f6nnen Sie Personen erreichen, die Ihre Website besucht haben. Fr\u00fchere Besucher oder Nutzer sehen m\u00f6glicherweise Anzeigen, die sich auf diese Website beziehen, wenn sie Websites im Google Display-Netzwerk durchsuchen oder nach Begriffen suchen, die sich auf die auf dieser Website zum Verkauf angebotenen Produkte oder Dienstleistungen beziehen.<\/td>\n<td>11 Tage<\/td>\n<td>https:\/\/policies.google.com\/privacy?hl=it<\/td>\n<td>https:\/\/adssettings.google.com\/authenticated?hl=en<\/td>\n<td>false<\/td>\n<\/tr>\n<tr>\n<td>Facebook Conversion pixel<\/td>\n<td>Meta Platforms, Inc.<\/td>\n<td>Das Facebook-Pixel ist ein statistisches Datenerfassungstool, mit dem Sie die Wirksamkeit von Werbung messen k\u00f6nnen, indem Sie die Aktionen interpretieren, die Personen auf dieser Website ausf\u00fchren.<\/td>\n<td>3 Monate<\/td>\n<td>https:\/\/www.facebook.com\/policy.php<\/td>\n<td>Einverst\u00e4ndniserkl\u00e4rung nicht verf\u00fcgbar. Verwenden Sie Ihre Browsereinstellungen, um Ihre Optionen in Bezug auf dieses Cookie auszu\u00fcben.<\/td>\n<td>false<\/td>\n<\/tr>\n<tr>\n<td>Facebook<\/td>\n<td>Meta Platforms, Inc.<\/td>\n<td>Facebook installa cookie per studiare e migliorare la pubblicit\u00e0, anche con azioni di remarketing, al fine di inviare all&amp;#8217;utente messaggi in linea con i propri interessi.<\/td>\n<td><\/td>\n<td>https:\/\/www.facebook.com\/privacy\/explanation<\/td>\n<td><\/td>\n<td>false<\/td>\n<\/tr>\n<tr>\n<td>Sendinblue<\/td>\n<td>Sendinblue SAS<\/td>\n<td>Cookie, das verwendet wird, um ein Profil Ihrer Interessen zu erstellen und Ihnen relevante Werbung anzuzeigen.<\/td>\n<td>15 Tage<\/td>\n<td>https:\/\/it.sendinblue.com\/legal\/privacypolicy\/<\/td>\n<td>Einverst\u00e4ndniserkl\u00e4rung nicht verf\u00fcgbar. Verwenden Sie Ihre Browsereinstellungen, um Ihre Optionen in Bezug auf dieses Cookie auszu\u00fcben.<\/td>\n<td>false<\/td>\n<\/tr>\n<\/tbody>\n<\/table>\n<p>&nbsp;<\/p>\n<\/section>\n<section class=\"cookie-section\">\n<h3><strong>Cookies von Drittanbietern und statistische Profilerstellung<\/strong><\/h3>\n<p>Diese Website nutzt Cookies von Drittanbietern zur statistischen Profilerstellung, wie in der nachstehenden Tabelle beschrieben.<\/p>\n<p>&nbsp;<\/p>\n<table>\n<thead>\n<tr>\n<th>Nome<\/th>\n<th>Provider<\/th>\n<th>Descrizione<\/th>\n<th>Durata<\/th>\n<th>Privacy Policy<\/th>\n<th>Modulo del consenso<\/th>\n<th>googleServicesEnabled<\/th>\n<\/tr>\n<\/thead>\n<tbody>\n<tr>\n<td>Google Analytics 4<\/td>\n<td>Google LLC.<\/td>\n<td>Erm\u00f6glicht die Bereitstellung der von Google angebotenen Dienste zur statistischen Profilerstellung.<\/td>\n<td>1 Jahr<\/td>\n<td>https:\/\/support.google.com\/analytics\/answer\/12017362?hl=de<\/td>\n<td>Zustimmungsformular nicht verf\u00fcgbar. Browser-Optionen verwenden.<\/td>\n<td>false<\/td>\n<\/tr>\n<tr>\n<td>Facebook<\/td>\n<td>Meta Platforms, Inc.<\/td>\n<td>Registrazione delle preferenze e informazioni sulla navigazione degli utenti<\/td>\n<td><\/td>\n<td>https:\/\/www.facebook.com\/privacy\/explanation<\/td>\n<td><\/td>\n<td>false<\/td>\n<\/tr>\n<tr>\n<td>Facebook &#8211; Mi Piace<\/td>\n<td>Meta Platforms, Inc.<\/td>\n<td>Consente al nostro sito di comprendere quali tipi di persone hanno messo &amp;#8220;Mi piace&amp;#8221; alla nostra Pagina Facebook in modo da fornire contenuti pi\u00f9 pertinenti e sviluppare funzioni interessanti per i nostri clienti e utenti.<\/td>\n<td><\/td>\n<td>https:\/\/www.facebook.com\/privacy\/explanation<\/td>\n<td><\/td>\n<td>false<\/td>\n<\/tr>\n<tr>\n<td>FB Conversion pixel<\/td>\n<td>Meta Platforms, Inc.<\/td>\n<td>Dieses Cookie erm\u00f6glicht die Bereitstellung von Diensten zur statistischen Profilerstellung durch FB Conversion pixel.<\/td>\n<td><\/td>\n<td>https:\/\/www.facebook.com\/privacy\/explanation<\/td>\n<td>Einverst\u00e4ndniserkl\u00e4rung nicht verf\u00fcgbar. Verwenden Sie Ihre Browsereinstellungen, um Ihre Optionen in Bezug auf dieses Cookie auszu\u00fcben.<\/td>\n<td>false<\/td>\n<\/tr>\n<tr>\n<td>Sendinblue<\/td>\n<td>Sendinblue SAS<\/td>\n<td>Dieses Cookie erm\u00f6glicht die Bereitstellung von Diensten zur statistischen Profilerstellung durch Sendinblue.<\/td>\n<td><\/td>\n<td>https:\/\/it.sendinblue.com\/legal\/privacypolicy\/<\/td>\n<td>Einverst\u00e4ndniserkl\u00e4rung nicht verf\u00fcgbar. Verwenden Sie Ihre Browsereinstellungen, um Ihre Optionen in Bezug auf dieses Cookie auszu\u00fcben.<\/td>\n<td>false<\/td>\n<\/tr>\n<tr>\n<td>Google Tag Manager<\/td>\n<td>Google LLC.<\/td>\n<td>Dieses Cookie erm\u00f6glicht die Bereitstellung von Diensten zur statistischen Profilerstellung durch Google Tag Manager.<\/td>\n<td>90 Tage<\/td>\n<td>https:\/\/policies.google.com\/privacy?hl=en<\/td>\n<td>Einverst\u00e4ndniserkl\u00e4rung nicht verf\u00fcgbar. Verwenden Sie Ihre Browsereinstellungen, um Ihre Optionen in Bezug auf dieses Cookie auszu\u00fcben.<\/td>\n<td>false<\/td>\n<\/tr>\n<tr>\n<td>Cloudflare<\/td>\n<td>Cloudflare, Inc.<\/td>\n<td>Analizza il comportamento dell&amp;#8217;utente per finalit\u00e0 statistiche e di analisi.<\/td>\n<td><\/td>\n<td>https:\/\/www.cloudflare.com\/privacypolicy\/?utm_referrer=https:\/\/www.google.it\/<\/td>\n<td><\/td>\n<td>false<\/td>\n<\/tr>\n<tr>\n<td>Lengow<\/td>\n<td>Lengow SAS<\/td>\n<td>Analizza il comportamento dell&amp;#8217;utente per finalit\u00e0 statistiche.<\/td>\n<td><\/td>\n<td>https:\/\/www.lengow.com\/it\/dati-personali-cookies\/<\/td>\n<td><\/td>\n<td>false<\/td>\n<\/tr>\n<tr>\n<td>Youtube<\/td>\n<td>Youtube, Inc.<\/td>\n<td>Dieses Cookie erm\u00f6glicht die Bereitstellung von Diensten zur statistischen Profilerstellung durch Youtube.<\/td>\n<td><\/td>\n<td>https:\/\/policies.google.com\/privacy?hl=it&amp;gl=it<\/td>\n<td>Einverst\u00e4ndniserkl\u00e4rung nicht verf\u00fcgbar. Verwenden Sie Ihre Browsereinstellungen, um Ihre Optionen in Bezug auf dieses Cookie auszu\u00fcben.<\/td>\n<td>false<\/td>\n<\/tr>\n<tr>\n<td>Google Adwords<\/td>\n<td>Google, LLC.<\/td>\n<td>Google installa il cookie per raccogliere informazioni sul numero totale di utenti che hanno cliccato su un annuncio pubblicitario su Google.<\/td>\n<td><\/td>\n<td>https:\/\/policies.google.com\/privacy?hl=it<\/td>\n<td><\/td>\n<td>false<\/td>\n<\/tr>\n<tr>\n<td>WordPress<\/td>\n<td>WordPress<\/td>\n<td>Dieses Cookie erm\u00f6glicht die Bereitstellung von Diensten zur statistischen Profilerstellung durch WordPress.<\/td>\n<td><\/td>\n<td>https:\/\/automattic.com\/privacy\/<\/td>\n<td>Einverst\u00e4ndniserkl\u00e4rung nicht verf\u00fcgbar. Verwenden Sie Ihre Browsereinstellungen, um Ihre Optionen in Bezug auf dieses Cookie auszu\u00fcben.<\/td>\n<td>false<\/td>\n<\/tr>\n<\/tbody>\n<\/table>\n<p>&nbsp;<\/p>\n<\/section>\n<section>\n<h3><strong>Erstanbieter- und Profilerstellungs-Cookies<\/strong><\/h3>\n<p>Cookies, die von der Website zur Erstellung von Werbe- oder statistischen Profilen ausgegeben werden, wie in der Cookie-Richtlinie beschrieben.<\/p>\n<\/section>\n<div>\n<p><strong>Ihre Rechte<\/strong><\/p>\n<p>Gem\u00e4\u00df Art. 13 der DSGVO informiert Sie der Inhaber der Datenverarbeitung, dass Sie das Recht haben:<\/p>\n<ul>\n<li>vom Inhaber der Datenverarbeitung Zugang zu den sie betreffenden personenbezogenen Daten, deren Berichtigung oder L\u00f6schung oder die Einschr\u00e4nkung der Verarbeitung dieser Daten zu verlangen oder der Verarbeitung dieser Daten zu widersprechen sowie das Recht auf Daten\u00fcbertragbarkeit<\/li>\n<li>die Einwilligung jederzeit zu widerrufen, ohne dass dadurch die Rechtm\u00e4\u00dfigkeit der Verarbeitung aufgrund der vor dem Widerruf erteilten Einwilligung ber\u00fchrt wird<\/li>\n<li>sich bei einer Aufsichtsbeh\u00f6rde (z. B. der Datenschutzbeh\u00f6rde) zu beschweren.<\/li>\n<\/ul>\n<p>Die oben genannten Rechte k\u00f6nnen durch einen Antrag an die im Vorwort genannten Kontaktdaten ausge\u00fcbt werden.<\/p>\n<\/div>\n\t\t\t\t\t\t<\/div>\n\t\t\t\t<\/div>\n\t\t\t\t\t<\/div>\n\t\t<\/div>\n\t\t\t\t\t\t\t<\/div>\n\t\t<\/section>\n\t\t\t\t\t\t\t<\/div>\n\t\t","protected":false},"excerpt":{"rendered":"<p>Erweiterte Informationen \u00fcber die Verwendung von Cookies. VORWORT Diese Cookie-Richtlinie gilt f\u00fcr die Website (Website). Das Dokument wurde unter Ber\u00fccksichtigung<\/p>\n","protected":false},"author":1,"featured_media":0,"parent":0,"menu_order":7,"comment_status":"closed","ping_status":"closed","template":"","meta":{"_acf_changed":false,"inline_featured_image":false,"footnotes":""},"acf":[],"yoast_head":"<!-- This site is optimized with the Yoast SEO Premium plugin v18.6 (Yoast SEO v19.13) - https:\/\/yoast.com\/wordpress\/plugins\/seo\/ -->\n<title>Cookie Policy - Erresse Shop<\/title>\n<meta name=\"robots\" content=\"index, follow, max-snippet:-1, max-image-preview:large, max-video-preview:-1\" \/>\n<link rel=\"canonical\" href=\"https:\/\/www.erresse-shop.it\/de\/cookie-policy\/\" \/>\n<meta property=\"og:locale\" content=\"de_DE\" \/>\n<meta property=\"og:type\" content=\"article\" \/>\n<meta property=\"og:title\" content=\"Cookie Policy\" \/>\n<meta property=\"og:description\" content=\"Erweiterte Informationen \u00fcber die Verwendung von Cookies. VORWORT Diese Cookie-Richtlinie gilt f\u00fcr die Website (Website). Das Dokument wurde unter Ber\u00fccksichtigung\" \/>\n<meta property=\"og:url\" content=\"https:\/\/www.erresse-shop.it\/de\/cookie-policy\/\" \/>\n<meta property=\"og:site_name\" content=\"Erresse Shop\" \/>\n<meta property=\"article:modified_time\" content=\"2024-02-22T11:03:58+00:00\" \/>\n<meta name=\"twitter:card\" content=\"summary_large_image\" \/>\n<script type=\"application\/ld+json\" class=\"yoast-schema-graph\">{\"@context\":\"https:\/\/schema.org\",\"@graph\":[{\"@type\":\"WebPage\",\"@id\":\"https:\/\/www.erresse-shop.it\/de\/cookie-policy\/\",\"url\":\"https:\/\/www.erresse-shop.it\/de\/cookie-policy\/\",\"name\":\"Cookie Policy - Erresse Shop\",\"isPartOf\":{\"@id\":\"https:\/\/www.erresse-shop.it\/de\/#website\"},\"datePublished\":\"2023-04-21T21:11:29+00:00\",\"dateModified\":\"2024-02-22T11:03:58+00:00\",\"breadcrumb\":{\"@id\":\"https:\/\/www.erresse-shop.it\/de\/cookie-policy\/#breadcrumb\"},\"inLanguage\":\"de-DE\",\"potentialAction\":[{\"@type\":\"ReadAction\",\"target\":[\"https:\/\/www.erresse-shop.it\/de\/cookie-policy\/\"]}]},{\"@type\":\"BreadcrumbList\",\"@id\":\"https:\/\/www.erresse-shop.it\/de\/cookie-policy\/#breadcrumb\",\"itemListElement\":[{\"@type\":\"ListItem\",\"position\":1,\"name\":\"Home\",\"item\":\"https:\/\/www.erresse-shop.it\/de\/\"},{\"@type\":\"ListItem\",\"position\":2,\"name\":\"Cookie Policy\"}]},{\"@type\":\"WebSite\",\"@id\":\"https:\/\/www.erresse-shop.it\/de\/#website\",\"url\":\"https:\/\/www.erresse-shop.it\/de\/\",\"name\":\"Erresse Shop\",\"description\":\"Articoli di qualit\u00e0 per la casa\",\"potentialAction\":[{\"@type\":\"SearchAction\",\"target\":{\"@type\":\"EntryPoint\",\"urlTemplate\":\"https:\/\/www.erresse-shop.it\/de\/?s={search_term_string}\"},\"query-input\":\"required name=search_term_string\"}],\"inLanguage\":\"de-DE\"}]}<\/script>\n<!-- \/ Yoast SEO Premium plugin. -->","yoast_head_json":{"title":"Cookie Policy - Erresse Shop","robots":{"index":"index","follow":"follow","max-snippet":"max-snippet:-1","max-image-preview":"max-image-preview:large","max-video-preview":"max-video-preview:-1"},"canonical":"https:\/\/www.erresse-shop.it\/de\/cookie-policy\/","og_locale":"de_DE","og_type":"article","og_title":"Cookie Policy","og_description":"Erweiterte Informationen \u00fcber die Verwendung von Cookies. VORWORT Diese Cookie-Richtlinie gilt f\u00fcr die Website (Website). Das Dokument wurde unter Ber\u00fccksichtigung","og_url":"https:\/\/www.erresse-shop.it\/de\/cookie-policy\/","og_site_name":"Erresse Shop","article_modified_time":"2024-02-22T11:03:58+00:00","twitter_card":"summary_large_image","schema":{"@context":"https:\/\/schema.org","@graph":[{"@type":"WebPage","@id":"https:\/\/www.erresse-shop.it\/de\/cookie-policy\/","url":"https:\/\/www.erresse-shop.it\/de\/cookie-policy\/","name":"Cookie Policy - Erresse Shop","isPartOf":{"@id":"https:\/\/www.erresse-shop.it\/de\/#website"},"datePublished":"2023-04-21T21:11:29+00:00","dateModified":"2024-02-22T11:03:58+00:00","breadcrumb":{"@id":"https:\/\/www.erresse-shop.it\/de\/cookie-policy\/#breadcrumb"},"inLanguage":"de-DE","potentialAction":[{"@type":"ReadAction","target":["https:\/\/www.erresse-shop.it\/de\/cookie-policy\/"]}]},{"@type":"BreadcrumbList","@id":"https:\/\/www.erresse-shop.it\/de\/cookie-policy\/#breadcrumb","itemListElement":[{"@type":"ListItem","position":1,"name":"Home","item":"https:\/\/www.erresse-shop.it\/de\/"},{"@type":"ListItem","position":2,"name":"Cookie Policy"}]},{"@type":"WebSite","@id":"https:\/\/www.erresse-shop.it\/de\/#website","url":"https:\/\/www.erresse-shop.it\/de\/","name":"Erresse Shop","description":"Articoli di qualit\u00e0 per la casa","potentialAction":[{"@type":"SearchAction","target":{"@type":"EntryPoint","urlTemplate":"https:\/\/www.erresse-shop.it\/de\/?s={search_term_string}"},"query-input":"required name=search_term_string"}],"inLanguage":"de-DE"}]}},"_links":{"self":[{"href":"https:\/\/www.erresse-shop.it\/de\/wp-json\/wp\/v2\/pages\/262609"}],"collection":[{"href":"https:\/\/www.erresse-shop.it\/de\/wp-json\/wp\/v2\/pages"}],"about":[{"href":"https:\/\/www.erresse-shop.it\/de\/wp-json\/wp\/v2\/types\/page"}],"author":[{"embeddable":true,"href":"https:\/\/www.erresse-shop.it\/de\/wp-json\/wp\/v2\/users\/1"}],"replies":[{"embeddable":true,"href":"https:\/\/www.erresse-shop.it\/de\/wp-json\/wp\/v2\/comments?post=262609"}],"version-history":[{"count":2,"href":"https:\/\/www.erresse-shop.it\/de\/wp-json\/wp\/v2\/pages\/262609\/revisions"}],"predecessor-version":[{"id":392535,"href":"https:\/\/www.erresse-shop.it\/de\/wp-json\/wp\/v2\/pages\/262609\/revisions\/392535"}],"wp:attachment":[{"href":"https:\/\/www.erresse-shop.it\/de\/wp-json\/wp\/v2\/media?parent=262609"}],"curies":[{"name":"wp","href":"https:\/\/api.w.org\/{rel}","templated":true}]}}