{"id":150603,"date":"2022-04-09T18:56:45","date_gmt":"2022-04-09T18:56:45","guid":{"rendered":"https:\/\/www.erresse-shop.it\/versand-lieferung-2\/"},"modified":"2023-09-04T15:01:45","modified_gmt":"2023-09-04T15:01:45","slug":"versand-lieferung-2","status":"publish","type":"page","link":"https:\/\/www.erresse-shop.it\/de\/versand-lieferung-2\/","title":{"rendered":"Versand &#038; Lieferung"},"content":{"rendered":"\t\t<div data-elementor-type=\"wp-page\" data-elementor-id=\"150603\" class=\"elementor elementor-150603 elementor-150593\">\n\t\t\t\t\t\t\t\t\t<section class=\"elementor-section elementor-top-section elementor-element elementor-element-7cd6433 elementor-section-boxed elementor-section-height-default elementor-section-height-default\" data-id=\"7cd6433\" data-element_type=\"section\">\n\t\t\t\t\t\t<div class=\"elementor-container elementor-column-gap-default\">\n\t\t\t\t\t<div class=\"elementor-column elementor-col-50 elementor-top-column elementor-element elementor-element-9ada0cc onlynew\" data-id=\"9ada0cc\" data-element_type=\"column\">\n\t\t\t<div class=\"elementor-widget-wrap elementor-element-populated\">\n\t\t\t\t\t\t\t\t<div class=\"elementor-element elementor-element-78a0691 onlynew elementor-widget elementor-widget-text-editor\" data-id=\"78a0691\" data-element_type=\"widget\" data-widget_type=\"text-editor.default\">\n\t\t\t\t<div class=\"elementor-widget-container\">\n\t\t\t<style>\/*! elementor - v3.12.2 - 23-04-2023 *\/\n.elementor-widget-text-editor.elementor-drop-cap-view-stacked .elementor-drop-cap{background-color:#69727d;color:#fff}.elementor-widget-text-editor.elementor-drop-cap-view-framed .elementor-drop-cap{color:#69727d;border:3px solid;background-color:transparent}.elementor-widget-text-editor:not(.elementor-drop-cap-view-default) .elementor-drop-cap{margin-top:8px}.elementor-widget-text-editor:not(.elementor-drop-cap-view-default) .elementor-drop-cap-letter{width:1em;height:1em}.elementor-widget-text-editor .elementor-drop-cap{float:left;text-align:center;line-height:1;font-size:50px}.elementor-widget-text-editor .elementor-drop-cap-letter{display:inline-block}<\/style>\t\t\t\t<h3 class=\"p1\">Fristen und Kosten<\/h3>\r\n<p class=\"p1\">Bitte beachten Sie: Da wir uns auf nationale\/internationale Kurierdienste verlassen, die sich als zuverl\u00e4ssig erwiesen haben und \u00fcber angemessene Einrichtungen verf\u00fcgen, um kurze Lieferzeiten und R\u00fcckverfolgbarkeit zu gew\u00e4hrleisten, sind die angegebenen Lieferzeiten die von den Kurierdiensten unter normalen Umst\u00e4nden garantierten Zeiten und ber\u00fccksichtigen keine au\u00dfergew\u00f6hnlichen Ereignisse (Wetter, Streiks, Feiertage usw.). Wir bem\u00fchen uns stets, dass Sie Ihre Bestellung so schnell wie m\u00f6glich erhalten, k\u00f6nnen aber keine Garantie f\u00fcr das Lieferdatum \u00fcbernehmen, da dies au\u00dferhalb unserer Kontrolle liegt.<\/p>\r\n<p class=\"p1\">Sie k\u00f6nnen sich Ihre Bestellung an eine beliebige Adresse oder sogar an die Zugangsstelle eines beauftragten Transportunternehmens liefern lassen.<\/p>\r\n<p class=\"p1\">Die Lieferzeiten variieren je nach Art des bestellten Produkts zwischen 1 und 6 Werktagen.<\/p>\r\n<p class=\"p1\">Die auf den Produktseiten der Website angegebenen Lieferzeiten sind trotz st\u00e4ndiger und sorgf\u00e4ltiger \u00dcberpr\u00fcfung nur Richtwerte und k\u00f6nnen insbesondere w\u00e4hrend der Ferien, des Schlussverkaufs, der Spitzenzeiten und je nach Entfernung vom Zielort variieren. F\u00fcr Inseln und abgelegene Orte werden in der Regel einige zus\u00e4tzliche Tage ben\u00f6tigt.<\/p>\r\n<p class=\"p1\">Die Versandkosten variieren je nach Gr\u00f6\u00dfe und Gewicht der Produkte und der Lieferadresse und werden auf der Bestellseite ausdr\u00fccklich angegeben.<span class=\"Apple-converted-space\">\u00a0<\/span><\/p>\r\n<p class=\"p1\">F\u00fcr L\u00e4nder, die nicht ausdr\u00fccklich w\u00e4hrend der Kaufabwicklung erw\u00e4hnt werden, kontaktieren Sie uns bitte unter info@erresse-shop.it, um Details zu den Kosten zu erhalten.<\/p>\r\n<p class=\"p1\">Sobald Sie die Lieferadresse ausgew\u00e4hlt haben, berechnet das System automatisch die Versandkosten.<\/p>\r\n<p class=\"p1\">Italien: kostenlos f\u00fcr Bestellungen \u00fcber 60 Euro. Die Versandkosten betragen 6,10 \u20ac.<span class=\"Apple-converted-space\">\u00a0<\/span><\/p>\r\n<p class=\"p1\">\u00d6sterreich, Belgien, Bulgarien, Kroatien, Estland, D\u00e4nemark, Finnland, Frankreich, Deutschland, Irland, Lettland, Litauen, Luxemburg, Niederlande, Polen, Portugal, Monaco, Tschechische Republik, Rum\u00e4nien, Slowakei, Slowenien, Spanien, Schweden, Ungarn: kostenlos ab einem Bestellwert von 100 \u20ac.<\/p>\r\n<p class=\"p1\">NB: F\u00fcr Sendungen ins Ausland variieren die Kosten je nach Gewicht und werden auf der \u00dcbersichtsseite vor der Zahlung angegeben.<\/p>\r\n<p class=\"p1\">Versandzeiten und Bestellstatus<\/p>\r\n\r\n<h3 class=\"p1\">Extra-EU*.<\/h3>\r\n<p class=\"p1\">*F\u00fcr Kunden aus Nicht-EU-L\u00e4ndern werden die Artikel nach dem Einloggen automatisch ohne Steuern angezeigt (Mehrwertsteuer 22% in Italien).<\/p>\r\n<p class=\"p1\">Bei Sendungen in Nicht-EU-L\u00e4nder sind die Zoll- und Steuerkosten vom Empf\u00e4nger zu tragen.<\/p>\r\n<p class=\"p1\">Achtung: f\u00fcr Sendungen in nicht aufgef\u00fchrte L\u00e4nder senden Sie bitte eine E-Mail-Anfrage an<span class=\"Apple-converted-space\">\u00a0 \u00a0 \u00a0 \u00a0 \u00a0 \u00a0 \u00a0 \u00a0 <\/span><a href=\"mailto:info@erresse-shop.it\"><span class=\"s1\">info@erresse-shop.it<\/span><\/a><\/p>\r\n<p class=\"p1\">Das Versanddatum, das Sie in der E-Mail zur Bestellabwicklung finden, gibt den Tag an, an dem wir Ihre Bestellung dem Kurierdienst zur Lieferung an die von Ihnen angegebene Adresse \u00fcbergeben. Dieses Datum kann sich jedoch aus organisatorischen und logistischen Gr\u00fcnden, die nicht direkt auf Erresse zur\u00fcckzuf\u00fchren sind, \u00e4ndern.<\/p>\r\n<p class=\"p1\">Bestellungen mit schnellerer Lieferung sind solche, die mit Online-Zahlung aufgegeben werden (akzeptierte Kreditkarten: VISA, American Express, MasterCard, Klarna, Scalapay, Paypal, Ideal, Bancontact, Amazon Pay, ApplePay oder Googlepay); die Zahlung per Bank\u00fcberweisung verl\u00e4ngert die Lieferzeit.<\/p>\r\n<p class=\"p1\">Sie werden Schritt f\u00fcr Schritt per E-Mail \u00fcber den Status Ihrer Bestellung informiert und k\u00f6nnen den Versand \u00fcber den Tracking-Code verfolgen, der Ihnen angezeigt wird (www.tnt.it, www.dhl.com, www.fedex.com)<\/p>\r\n<p class=\"p1\">Wenn Sie ein registrierter Nutzer sind, k\u00f6nnen Sie diese Informationen auf der Website jederzeit \u00fcber Ihr Konto abrufen.<\/p>\r\n\r\n<h3 class=\"p1\">Zus\u00e4tzliche Kosten<\/h3>\r\n<p class=\"p1\">Wird die Sendung abgelehnt, nicht abgeholt (aus welchem Grund auch immer) oder ist die angegebene Adresse falsch, gehen alle Kosten f\u00fcr die Lagerung und erneute Zustellung zu Lasten des Kunden.<\/p>\t\t\t\t\t\t<\/div>\n\t\t\t\t<\/div>\n\t\t\t\t\t<\/div>\n\t\t<\/div>\n\t\t\t\t<div class=\"elementor-column elementor-col-50 elementor-top-column elementor-element elementor-element-2a0143a onlynew\" data-id=\"2a0143a\" data-element_type=\"column\">\n\t\t\t<div class=\"elementor-widget-wrap elementor-element-populated\">\n\t\t\t\t\t\t\t\t<div class=\"elementor-element elementor-element-fd8a1b9 onlynew elementor-widget elementor-widget-text-editor\" data-id=\"fd8a1b9\" data-element_type=\"widget\" data-widget_type=\"text-editor.default\">\n\t\t\t\t<div class=\"elementor-widget-container\">\n\t\t\t\t\t\t\t<h3>Nach Eingang Ihres Kaufs<\/h3>\n<p><span style=\"text-decoration: underline;\">Einige Tipps f\u00fcr den Wareneingang<\/span>:<\/p>\n<ul>\n<li>Vergewissern Sie sich, dass die Anzahl der gelieferten Packst\u00fccke mit der auf dem vom Spediteur ausgestellten Transportdokument angegebenen Anzahl \u00fcbereinstimmt;<\/li>\n<li>\u00dcberpr\u00fcfen Sie, ob die Verpackung intakt ist und nicht ver\u00e4ndert wurde, einschlie\u00dflich der Verschlussb\u00e4nder;<\/li>\n<li>Wenn m\u00f6glich, packen Sie das Produkt sofort aus und \u00fcberpr\u00fcfen Sie, ob es keine Sch\u00e4den aufweist;<\/li>\n<li>Bei sichtbaren Manipulationen und\/oder Br\u00fcchen m\u00fcssen Sie die Sendung und\/oder die Lieferung sofort beanstanden, indem Sie auf dem vom Kurier erhaltenen Lieferschein den Vermerk &#8220;ZUR\u00dcCKGEHEN ZUR \u00dcBERPR\u00dcFUNG DER WAREN AUF &#8230;&#8221; (den Grund angeben) vermerken.<\/li>\n<\/ul>\n<p>Danach senden Sie uns bitte umgehend Ihren Bericht per E-Mail an <a href=\"mailto:info@erresse-shop.it\">info@erresse-shop.it<\/a>. Der Bericht muss sp\u00e4testens 7 (sieben) Arbeitstage nach Erhalt der Waren eingehen.<\/p>\n<h3>Kaufbeleg<\/h3>\n<p>Die Waren werden zusammen mit der Packliste (Dokument, in dem die bestellten Artikel zusammengefasst sind) und der Quittung bzw. Rechnung versandt. Diese Dokumente befinden sich in der Verpackung und gelten als Kaufnachweis.<\/p>\n<p><strong>Achtung:<\/strong> Wenn das Paket ohne &#8220;Kaufbeleg&#8221; verschickt werden soll (z.B. als Geschenk), muss dies in den <strong>ANMERKUNGEN der Bestellung angegeben werden<\/strong>. In diesem Fall wird das Kaufdokument dem K\u00e4ufer in elektronischer Form an die bei der Bestellung angegebene E-Mail-Adresse geschickt.<\/p>\n<h3>Verantwortung<\/h3>\n<p>Gem\u00e4\u00df Artikel 1510 des B\u00fcrgerlichen Gesetzbuchs geht das Eigentum an verkauften Waren, die einem Bef\u00f6rderer zur Ablieferung anvertraut wurden, zu dem Zeitpunkt auf den Empf\u00e4nger \u00fcber, zu dem die Ablieferung an den Bef\u00f6rderer erfolgt. Der Frachtf\u00fchrer bef\u00f6rdert also im Interesse und f\u00fcr Rechnung des Empf\u00e4ngers G\u00fcter, die in dessen Eigentum stehen.<\/p>\n\t\t\t\t\t\t<\/div>\n\t\t\t\t<\/div>\n\t\t\t\t\t<\/div>\n\t\t<\/div>\n\t\t\t\t\t\t\t<\/div>\n\t\t<\/section>\n\t\t\t\t\t\t\t<\/div>\n\t\t","protected":false},"excerpt":{"rendered":"<p>Fristen und Kosten Bitte beachten Sie: Da wir uns auf nationale\/internationale Kurierdienste verlassen, die sich als zuverl\u00e4ssig erwiesen haben und<\/p>\n","protected":false},"author":1,"featured_media":0,"parent":0,"menu_order":7,"comment_status":"closed","ping_status":"closed","template":"","meta":{"_acf_changed":false,"inline_featured_image":false,"footnotes":""},"acf":[],"yoast_head":"<!-- This site is optimized with the Yoast SEO Premium plugin v18.6 (Yoast SEO v19.13) - https:\/\/yoast.com\/wordpress\/plugins\/seo\/ -->\n<title>Versand &amp; Lieferung - Erresse Shop<\/title>\n<meta name=\"robots\" content=\"index, follow, max-snippet:-1, max-image-preview:large, max-video-preview:-1\" \/>\n<link rel=\"canonical\" href=\"https:\/\/www.erresse-shop.it\/de\/versand-lieferung-2\/\" \/>\n<meta property=\"og:locale\" content=\"de_DE\" \/>\n<meta property=\"og:type\" content=\"article\" \/>\n<meta property=\"og:title\" content=\"Versand &amp; Lieferung\" \/>\n<meta property=\"og:description\" content=\"Fristen und Kosten Bitte beachten Sie: Da wir uns auf nationale\/internationale Kurierdienste verlassen, die sich als zuverl\u00e4ssig erwiesen haben und\" \/>\n<meta property=\"og:url\" content=\"https:\/\/www.erresse-shop.it\/de\/versand-lieferung-2\/\" \/>\n<meta property=\"og:site_name\" content=\"Erresse Shop\" \/>\n<meta property=\"article:modified_time\" content=\"2023-09-04T15:01:45+00:00\" \/>\n<meta name=\"twitter:card\" content=\"summary_large_image\" \/>\n<script type=\"application\/ld+json\" class=\"yoast-schema-graph\">{\"@context\":\"https:\/\/schema.org\",\"@graph\":[{\"@type\":\"WebPage\",\"@id\":\"https:\/\/www.erresse-shop.it\/de\/versand-lieferung-2\/\",\"url\":\"https:\/\/www.erresse-shop.it\/de\/versand-lieferung-2\/\",\"name\":\"Versand & Lieferung - Erresse Shop\",\"isPartOf\":{\"@id\":\"https:\/\/www.erresse-shop.it\/de\/#website\"},\"datePublished\":\"2022-04-09T18:56:45+00:00\",\"dateModified\":\"2023-09-04T15:01:45+00:00\",\"breadcrumb\":{\"@id\":\"https:\/\/www.erresse-shop.it\/de\/versand-lieferung-2\/#breadcrumb\"},\"inLanguage\":\"de-DE\",\"potentialAction\":[{\"@type\":\"ReadAction\",\"target\":[\"https:\/\/www.erresse-shop.it\/de\/versand-lieferung-2\/\"]}]},{\"@type\":\"BreadcrumbList\",\"@id\":\"https:\/\/www.erresse-shop.it\/de\/versand-lieferung-2\/#breadcrumb\",\"itemListElement\":[{\"@type\":\"ListItem\",\"position\":1,\"name\":\"Home\",\"item\":\"https:\/\/www.erresse-shop.it\/de\/\"},{\"@type\":\"ListItem\",\"position\":2,\"name\":\"Versand &#038; Lieferung\"}]},{\"@type\":\"WebSite\",\"@id\":\"https:\/\/www.erresse-shop.it\/de\/#website\",\"url\":\"https:\/\/www.erresse-shop.it\/de\/\",\"name\":\"Erresse Shop\",\"description\":\"Articoli di qualit\u00e0 per la casa\",\"potentialAction\":[{\"@type\":\"SearchAction\",\"target\":{\"@type\":\"EntryPoint\",\"urlTemplate\":\"https:\/\/www.erresse-shop.it\/de\/?s={search_term_string}\"},\"query-input\":\"required name=search_term_string\"}],\"inLanguage\":\"de-DE\"}]}<\/script>\n<!-- \/ Yoast SEO Premium plugin. -->","yoast_head_json":{"title":"Versand & Lieferung - Erresse Shop","robots":{"index":"index","follow":"follow","max-snippet":"max-snippet:-1","max-image-preview":"max-image-preview:large","max-video-preview":"max-video-preview:-1"},"canonical":"https:\/\/www.erresse-shop.it\/de\/versand-lieferung-2\/","og_locale":"de_DE","og_type":"article","og_title":"Versand & Lieferung","og_description":"Fristen und Kosten Bitte beachten Sie: Da wir uns auf nationale\/internationale Kurierdienste verlassen, die sich als zuverl\u00e4ssig erwiesen haben und","og_url":"https:\/\/www.erresse-shop.it\/de\/versand-lieferung-2\/","og_site_name":"Erresse Shop","article_modified_time":"2023-09-04T15:01:45+00:00","twitter_card":"summary_large_image","schema":{"@context":"https:\/\/schema.org","@graph":[{"@type":"WebPage","@id":"https:\/\/www.erresse-shop.it\/de\/versand-lieferung-2\/","url":"https:\/\/www.erresse-shop.it\/de\/versand-lieferung-2\/","name":"Versand & Lieferung - Erresse Shop","isPartOf":{"@id":"https:\/\/www.erresse-shop.it\/de\/#website"},"datePublished":"2022-04-09T18:56:45+00:00","dateModified":"2023-09-04T15:01:45+00:00","breadcrumb":{"@id":"https:\/\/www.erresse-shop.it\/de\/versand-lieferung-2\/#breadcrumb"},"inLanguage":"de-DE","potentialAction":[{"@type":"ReadAction","target":["https:\/\/www.erresse-shop.it\/de\/versand-lieferung-2\/"]}]},{"@type":"BreadcrumbList","@id":"https:\/\/www.erresse-shop.it\/de\/versand-lieferung-2\/#breadcrumb","itemListElement":[{"@type":"ListItem","position":1,"name":"Home","item":"https:\/\/www.erresse-shop.it\/de\/"},{"@type":"ListItem","position":2,"name":"Versand &#038; Lieferung"}]},{"@type":"WebSite","@id":"https:\/\/www.erresse-shop.it\/de\/#website","url":"https:\/\/www.erresse-shop.it\/de\/","name":"Erresse Shop","description":"Articoli di qualit\u00e0 per la casa","potentialAction":[{"@type":"SearchAction","target":{"@type":"EntryPoint","urlTemplate":"https:\/\/www.erresse-shop.it\/de\/?s={search_term_string}"},"query-input":"required name=search_term_string"}],"inLanguage":"de-DE"}]}},"_links":{"self":[{"href":"https:\/\/www.erresse-shop.it\/de\/wp-json\/wp\/v2\/pages\/150603"}],"collection":[{"href":"https:\/\/www.erresse-shop.it\/de\/wp-json\/wp\/v2\/pages"}],"about":[{"href":"https:\/\/www.erresse-shop.it\/de\/wp-json\/wp\/v2\/types\/page"}],"author":[{"embeddable":true,"href":"https:\/\/www.erresse-shop.it\/de\/wp-json\/wp\/v2\/users\/1"}],"replies":[{"embeddable":true,"href":"https:\/\/www.erresse-shop.it\/de\/wp-json\/wp\/v2\/comments?post=150603"}],"version-history":[{"count":8,"href":"https:\/\/www.erresse-shop.it\/de\/wp-json\/wp\/v2\/pages\/150603\/revisions"}],"predecessor-version":[{"id":307990,"href":"https:\/\/www.erresse-shop.it\/de\/wp-json\/wp\/v2\/pages\/150603\/revisions\/307990"}],"wp:attachment":[{"href":"https:\/\/www.erresse-shop.it\/de\/wp-json\/wp\/v2\/media?parent=150603"}],"curies":[{"name":"wp","href":"https:\/\/api.w.org\/{rel}","templated":true}]}}